{"id":24,"date":"2022-02-03T15:48:03","date_gmt":"2022-02-03T14:48:03","guid":{"rendered":"https:\/\/www.mesvendanges.com\/?page_id=24"},"modified":"2022-08-23T15:18:07","modified_gmt":"2022-08-23T13:18:07","slug":"mes-vendanges","status":"publish","type":"page","link":"https:\/\/www.mesvendanges.com\/en\/","title":{"rendered":"Mes vendanges"},"content":{"rendered":"<h2>Whole days in the vineyards&#8230;<\/h2>\n<p>&#8230; these are the wines of the estates : A.J. ADAM, Markus ALTENBURGER, ANTONIOLO, Domaine ARLAUD, ATHINA, Domaine BARRAUD, Lucien BARROT, Patrick BAUDOUIN, BEAUCASTEL, BEAUSEJOUR-DUFFAU-LAGARROSSE, BELLIVIERE, Domaine BELLUARD, BERNARD-BONIN, Jean-Claude BESSIN, Jean-Yves BIZOT, Henri BONNEAU, Ch\u00e2teau de BONNEZEAUX, Eric BORDELET, G\u00e9rard BOULAY, Agathe BURSIN, Les CAILLOUX, Brasserie CANTILLON, Marie-Th\u00e9r\u00e8se CHAPPAZ, Domaine de la CHEVALERIE, Fran\u00e7ois CHIDAINE, Domaine BRUNO CLAVELIER, CLOS de TRIAS, CLOS DES PAPES, CLOS DES PLANTES, CLOS NAUDIN, COCHE DURY, CRU BARREJATS-DARET, Didier DAGUENEAU, DALAMARAS, Vincent DAUVISSAT, Jean DAVID, Jules DESJOURNEYS, Louis-Claude DESVIGNES, Alessandra DIVELLA, Hermann D\u00d6NNHOFF, No\u00ebl DUPASQUIER, ECONOMOU, Arnaud ENTE, Benoit ENTE, ERMITAGE PIC-ST-LOUP, Bernard FAURIE, Eddie FERAUD, FERME DE LA SANSONNIERE, FORADORI, Michel GAY, GIRAUD, GOISOT, Alain GRAILLOT, Christophe GRANDMOUGIN, La GRANGE DES PERES, HATZIDAKYS, Dominique HAUVETTE, Weingut HEYMANN-LOEWENSTEIN, Domaine JULES DESJOURNEYS, Champagne JACQUESSON, Antoine JOBARD, Marc KREYDENWEISS, Benoit LAHAYE, LARCIS-DUCASSE, LARMANDIER-BERNIER, LECHENEAUT, Richard LEROY, Les PETITS RIENS, LES POETE, Nicolas MAILLET, Dne de MARCOUX, ch\u00e2teau MARSAU, MAS JULLIEN, MASTRIO, MELARIC, MORIC, Eric MORGAT, MUGNERET-GIBOURG, Jacques-Fr\u00e9d\u00e9ric MUGNIER, Thierry NAVARRE, OCCHIPINTI, Domaine OSTERTAG, Domaine PATTES-LOUP, PAVIE-MACQUIN, PERROT-MINOT, Distillerie du PETIT GRAIN, Domaine Gilbert PICQ, Domaine PIERRE ANDRE, Gehrard PITTNAUER, Ch\u00e2teau RAYAS, ROSES DE JEANNE ,Ch\u00e2teau SAINTE-ANNE, domaine SAINT-PREFERT, Uwe SCHIEFER, SCLAVOS, Jacques SELOSSE, SPIEGELAU, TERROIR AL LIMIT, THANISCH-ERBEN, THYMIOPOULOS, TIRE-PE, Ch.Des TOURS, Domaine du TRAPADIS, Laurent TRIBUT, Les Fils de Charles TROSSET, ULYSSE COLLIN, UMATHUM, VEYDER-MALBERG, Le VIEUX DONJON, ZELIGE-CARAVENT and also a thousand surprises and old vintages<\/p>\n<p><a href=\"https:\/\/www.mesvendanges.com\/en\/who-are-we\/\">? what, who ?<\/a><\/p>\n","protected":false},"excerpt":{"rendered":"<p>Whole days in the vineyards&#8230; &#8230; these are the wines of the estates : A.J. ADAM, Markus ALTENBURGER, ANTONIOLO, Domaine ARLAUD, ATHINA, Domaine BARRAUD, Lucien BARROT, Patrick BAUDOUIN, BEAUCASTEL, BEAUSEJOUR-DUFFAU-LAGARROSSE, BELLIVIERE, Domaine BELLUARD, BERNARD-BONIN, Jean-Claude BESSIN, Jean-Yves BIZOT, Henri BONNEAU, Ch\u00e2teau de BONNEZEAUX, Eric BORDELET, G\u00e9rard BOULAY, Agathe BURSIN, Les CAILLOUX, Brasserie CANTILLON, Marie-Th\u00e9r\u00e8se CHAPPAZ, [&hellip;]<\/p>\n","protected":false},"author":1,"featured_media":0,"parent":0,"menu_order":0,"comment_status":"closed","ping_status":"closed","template":"","meta":[],"acf":[],"yoast_head":"<!-- This site is optimized with the Yoast SEO plugin v19.3 - https:\/\/yoast.com\/wordpress\/plugins\/seo\/ -->\n<title>Mes vendanges - Whole days in the vineyards<\/title>\n<meta name=\"description\" content=\"Bottles and wines available online. Whatever the estate, vintage or appellation sought: our catalog is available\" \/>\n<meta name=\"robots\" content=\"index, follow, max-snippet:-1, max-image-preview:large, max-video-preview:-1\" \/>\n<link rel=\"canonical\" href=\"https:\/\/www.mesvendanges.com\/en\/\" \/>\n<meta property=\"og:locale\" content=\"en_US\" \/>\n<meta property=\"og:type\" content=\"article\" \/>\n<meta property=\"og:title\" content=\"Mes vendanges - Whole days in the vineyards\" \/>\n<meta property=\"og:description\" content=\"Bottles and wines available online. Whatever the estate, vintage or appellation sought: our catalog is available\" \/>\n<meta property=\"og:url\" content=\"https:\/\/www.mesvendanges.com\/en\/\" \/>\n<meta property=\"og:site_name\" content=\"Mes Vendanges\" \/>\n<meta property=\"article:modified_time\" content=\"2022-08-23T13:18:07+00:00\" \/>\n<meta name=\"twitter:card\" content=\"summary_large_image\" \/>\n<meta name=\"twitter:label1\" content=\"Est. reading time\" \/>\n\t<meta name=\"twitter:data1\" content=\"2 minutes\" \/>\n<script type=\"application\/ld+json\" class=\"yoast-schema-graph\">{\"@context\":\"https:\/\/schema.org\",\"@graph\":[{\"@type\":\"Organization\",\"@id\":\"https:\/\/www.mesvendanges.com\/en\/#organization\",\"name\":\"Mes Vendanges\",\"url\":\"https:\/\/www.mesvendanges.com\/en\/\",\"sameAs\":[],\"logo\":{\"@type\":\"ImageObject\",\"inLanguage\":\"fr-FR\",\"@id\":\"https:\/\/www.mesvendanges.com\/en\/#\/schema\/logo\/image\/\",\"url\":\"https:\/\/www.mesvendanges.com\/wp-content\/uploads\/2022\/02\/logo-mesvendanges.jpg\",\"contentUrl\":\"https:\/\/www.mesvendanges.com\/wp-content\/uploads\/2022\/02\/logo-mesvendanges.jpg\",\"width\":851,\"height\":260,\"caption\":\"Mes Vendanges\"},\"image\":{\"@id\":\"https:\/\/www.mesvendanges.com\/en\/#\/schema\/logo\/image\/\"}},{\"@type\":\"WebSite\",\"@id\":\"https:\/\/www.mesvendanges.com\/en\/#website\",\"url\":\"https:\/\/www.mesvendanges.com\/en\/\",\"name\":\"Mes Vendanges\",\"description\":\"Des journ\u00e9es enti\u00e8res dans les vignes\",\"publisher\":{\"@id\":\"https:\/\/www.mesvendanges.com\/en\/#organization\"},\"potentialAction\":[{\"@type\":\"SearchAction\",\"target\":{\"@type\":\"EntryPoint\",\"urlTemplate\":\"https:\/\/www.mesvendanges.com\/en\/?s={search_term_string}\"},\"query-input\":\"required name=search_term_string\"}],\"inLanguage\":\"fr-FR\"},{\"@type\":\"WebPage\",\"@id\":\"https:\/\/www.mesvendanges.com\/en\/\",\"url\":\"https:\/\/www.mesvendanges.com\/en\/\",\"name\":\"Mes vendanges - Whole days in the vineyards\",\"isPartOf\":{\"@id\":\"https:\/\/www.mesvendanges.com\/en\/#website\"},\"datePublished\":\"2022-02-03T14:48:03+00:00\",\"dateModified\":\"2022-08-23T13:18:07+00:00\",\"description\":\"Bottles and wines available online. Whatever the estate, vintage or appellation sought: our catalog is available\",\"breadcrumb\":{\"@id\":\"https:\/\/www.mesvendanges.com\/en\/#breadcrumb\"},\"inLanguage\":\"fr-FR\",\"potentialAction\":[{\"@type\":\"ReadAction\",\"target\":[\"https:\/\/www.mesvendanges.com\/en\/\"]}]},{\"@type\":\"BreadcrumbList\",\"@id\":\"https:\/\/www.mesvendanges.com\/en\/#breadcrumb\",\"itemListElement\":[{\"@type\":\"ListItem\",\"position\":1,\"name\":\"Home\",\"item\":\"https:\/\/www.mesvendanges.com\/en\/\"},{\"@type\":\"ListItem\",\"position\":2,\"name\":\"Mes vendanges\"}]}]}<\/script>\n<!-- \/ Yoast SEO plugin. -->","yoast_head_json":{"title":"Mes vendanges - Whole days in the vineyards","description":"Bottles and wines available online. Whatever the estate, vintage or appellation sought: our catalog is available","robots":{"index":"index","follow":"follow","max-snippet":"max-snippet:-1","max-image-preview":"max-image-preview:large","max-video-preview":"max-video-preview:-1"},"canonical":"https:\/\/www.mesvendanges.com\/en\/","og_locale":"en_US","og_type":"article","og_title":"Mes vendanges - Whole days in the vineyards","og_description":"Bottles and wines available online. Whatever the estate, vintage or appellation sought: our catalog is available","og_url":"https:\/\/www.mesvendanges.com\/en\/","og_site_name":"Mes Vendanges","article_modified_time":"2022-08-23T13:18:07+00:00","twitter_card":"summary_large_image","twitter_misc":{"Est. reading time":"2 minutes"},"schema":{"@context":"https:\/\/schema.org","@graph":[{"@type":"Organization","@id":"https:\/\/www.mesvendanges.com\/en\/#organization","name":"Mes Vendanges","url":"https:\/\/www.mesvendanges.com\/en\/","sameAs":[],"logo":{"@type":"ImageObject","inLanguage":"fr-FR","@id":"https:\/\/www.mesvendanges.com\/en\/#\/schema\/logo\/image\/","url":"https:\/\/www.mesvendanges.com\/wp-content\/uploads\/2022\/02\/logo-mesvendanges.jpg","contentUrl":"https:\/\/www.mesvendanges.com\/wp-content\/uploads\/2022\/02\/logo-mesvendanges.jpg","width":851,"height":260,"caption":"Mes Vendanges"},"image":{"@id":"https:\/\/www.mesvendanges.com\/en\/#\/schema\/logo\/image\/"}},{"@type":"WebSite","@id":"https:\/\/www.mesvendanges.com\/en\/#website","url":"https:\/\/www.mesvendanges.com\/en\/","name":"Mes Vendanges","description":"Des journ\u00e9es enti\u00e8res dans les vignes","publisher":{"@id":"https:\/\/www.mesvendanges.com\/en\/#organization"},"potentialAction":[{"@type":"SearchAction","target":{"@type":"EntryPoint","urlTemplate":"https:\/\/www.mesvendanges.com\/en\/?s={search_term_string}"},"query-input":"required name=search_term_string"}],"inLanguage":"fr-FR"},{"@type":"WebPage","@id":"https:\/\/www.mesvendanges.com\/en\/","url":"https:\/\/www.mesvendanges.com\/en\/","name":"Mes vendanges - Whole days in the vineyards","isPartOf":{"@id":"https:\/\/www.mesvendanges.com\/en\/#website"},"datePublished":"2022-02-03T14:48:03+00:00","dateModified":"2022-08-23T13:18:07+00:00","description":"Bottles and wines available online. Whatever the estate, vintage or appellation sought: our catalog is available","breadcrumb":{"@id":"https:\/\/www.mesvendanges.com\/en\/#breadcrumb"},"inLanguage":"fr-FR","potentialAction":[{"@type":"ReadAction","target":["https:\/\/www.mesvendanges.com\/en\/"]}]},{"@type":"BreadcrumbList","@id":"https:\/\/www.mesvendanges.com\/en\/#breadcrumb","itemListElement":[{"@type":"ListItem","position":1,"name":"Home","item":"https:\/\/www.mesvendanges.com\/en\/"},{"@type":"ListItem","position":2,"name":"Mes vendanges"}]}]}},"_links":{"self":[{"href":"https:\/\/www.mesvendanges.com\/en\/wp-json\/wp\/v2\/pages\/24"}],"collection":[{"href":"https:\/\/www.mesvendanges.com\/en\/wp-json\/wp\/v2\/pages"}],"about":[{"href":"https:\/\/www.mesvendanges.com\/en\/wp-json\/wp\/v2\/types\/page"}],"author":[{"embeddable":true,"href":"https:\/\/www.mesvendanges.com\/en\/wp-json\/wp\/v2\/users\/1"}],"replies":[{"embeddable":true,"href":"https:\/\/www.mesvendanges.com\/en\/wp-json\/wp\/v2\/comments?post=24"}],"version-history":[{"count":3,"href":"https:\/\/www.mesvendanges.com\/en\/wp-json\/wp\/v2\/pages\/24\/revisions"}],"predecessor-version":[{"id":7143,"href":"https:\/\/www.mesvendanges.com\/en\/wp-json\/wp\/v2\/pages\/24\/revisions\/7143"}],"wp:attachment":[{"href":"https:\/\/www.mesvendanges.com\/en\/wp-json\/wp\/v2\/media?parent=24"}],"curies":[{"name":"wp","href":"https:\/\/api.w.org\/{rel}","templated":true}]}}