{"id":7139,"date":"2022-02-03T15:48:03","date_gmt":"2022-02-03T14:48:03","guid":{"rendered":"https:\/\/www.mesvendanges.com\/?page_id=7139"},"modified":"2022-06-14T08:37:49","modified_gmt":"2022-06-14T06:37:49","slug":"legal-notice-and-privacy-policy","status":"publish","type":"page","link":"https:\/\/www.mesvendanges.com\/en\/legal-notice-and-privacy-policy\/","title":{"rendered":"Legal Notice and Privacy Policy"},"content":{"rendered":"\r\n<h2>\u00a0<\/h2>\r\n<h2>Legal information<\/h2>\r\n\r\n\r\n\r\n<p>Our website address is : https:\/\/www.mesvendanges.com. Contact : <a href=\"mailto:info@mesvendanges.com\">info@mesvendanges.com<\/a> Company : <strong>4X5 VIN<\/strong> Num\u00e9ro SIREN : <strong>453474512<\/strong> Num\u00e9ro SIRET (si\u00e8ge) : 45347451200036 Num\u00e9ro TVA Intracommunautaire : FR03453474512 Num\u00e9ro RCS : Le Puy B 453 474 512 \u00a0<\/p>\r\n<h2 class=\"p1\"><span class=\"s1\">Credits:<\/span><\/h2>\r\n<p><span class=\"s1\">Production et direction \u00e9ditoriale : St\u00e9phanie &amp; Julien Dubertret<\/span> <span class=\"s1\">Site propuls\u00e9 par\u00a0<\/span><span class=\"s2\">WordPress<\/span> <span class=\"s1\">Design : <a href=\"https:\/\/www.coqpit.fr\/\">https:\/\/www.coqpit.fr\/<\/a><\/span> <span class=\"s1\">D\u00e9veloppements : <a href=\"https:\/\/www.coqpit.fr\/\">https:\/\/www.coqpit.fr\/<\/a><\/span> \u00a0<\/p>\r\n<h2>Hosting<\/h2>\r\n\r\n\r\n\r\n<p>Le site est h\u00e9berg\u00e9 par la soci\u00e9t\u00e9 SCALEWAY. Soci\u00e9t\u00e9 : SCALEWAY Adresse web :\u00a0<a href=\"https:\/\/www.scaleway.com\/\">www.scaleway.com<\/a> Adresse Postale : 8 rue de la Ville l\u2019Ev\u00eaque, 75008 Paris T\u00e9l\u00e9phone : +33 (0)1 84 13 00 00 Contact E-mail :\u00a0<a href=\"https:\/\/contact.scaleway.com\/contactus\/\">https:\/\/contact.scaleway.com\/contactus\/<\/a> \u00a0<\/p>\r\n\r\n\r\n\r\n<h2>Comments<\/h2>\r\n\r\n\r\n\r\n<p>Quand vous laissez un commentaire sur notre site, les donn\u00e9es inscrites dans le formulaire de commentaire, mais aussi votre adresse IP et l\u2019agent utilisateur de votre navigateur sont collect\u00e9s pour nous aider \u00e0 la d\u00e9tection des commentaires ind\u00e9sirables.<\/p>\r\n\r\n\r\n\r\n<p>Une cha\u00eene anonymis\u00e9e cr\u00e9\u00e9e \u00e0 partir de votre adresse e-mail (\u00e9galement appel\u00e9e hash) peut \u00eatre envoy\u00e9e au service Gravatar pour v\u00e9rifier si vous utilisez ce dernier. Les clauses de confidentialit\u00e9 du service Gravatar sont disponibles ici\u00a0: https:\/\/automattic.com\/privacy\/. Apr\u00e8s validation de votre commentaire, votre photo de profil sera visible publiquement \u00e0 cot\u00e9 de votre commentaire. \u00a0<\/p>\r\n\r\n\r\n\r\n<h2>Media<\/h2>\r\n\r\n\r\n\r\n<p>Si vous t\u00e9l\u00e9versez des images sur le site, nous vous conseillons d\u2019\u00e9viter de t\u00e9l\u00e9verser des images contenant des donn\u00e9es EXIF de coordonn\u00e9es GPS. Les personnes visitant votre site peuvent t\u00e9l\u00e9charger et extraire des donn\u00e9es de localisation depuis ces images. \u00a0<\/p>\r\n\r\n\r\n\r\n<h2>Cookies<\/h2>\r\n\r\n\r\n\r\n<p>Si vous d\u00e9posez un commentaire sur notre site, il vous sera propos\u00e9 d\u2019enregistrer votre nom, adresse e-mail et site dans des cookies. C\u2019est uniquement pour votre confort afin de ne pas avoir \u00e0 saisir ces informations si vous d\u00e9posez un autre commentaire plus tard. Ces cookies expirent au bout d\u2019un an.<\/p>\r\n\r\n\r\n\r\n<p>Si vous vous rendez sur la page de connexion, un cookie temporaire sera cr\u00e9\u00e9 afin de d\u00e9terminer si votre navigateur accepte les cookies. Il ne contient pas de donn\u00e9es personnelles et sera supprim\u00e9 automatiquement \u00e0 la fermeture de votre navigateur.<\/p>\r\n\r\n\r\n\r\n<p>Lorsque vous vous connecterez, nous mettrons en place un certain nombre de cookies pour enregistrer vos informations de connexion et vos pr\u00e9f\u00e9rences d\u2019\u00e9cran. La dur\u00e9e de vie d\u2019un cookie de connexion est de deux jours, celle d\u2019un cookie d\u2019option d\u2019\u00e9cran est d\u2019un an. Si vous cochez \u00ab\u00a0Se souvenir de moi\u00a0\u00bb, votre cookie de connexion sera conserv\u00e9 pendant deux semaines. Si vous vous d\u00e9connectez de votre compte, le cookie de connexion sera effac\u00e9.<\/p>\r\n\r\n\r\n\r\n<p>En modifiant ou en publiant une publication, un cookie suppl\u00e9mentaire sera enregistr\u00e9 dans votre navigateur. Ce cookie ne comprend aucune donn\u00e9e personnelle. Il indique simplement l\u2019ID de la publication que vous venez de modifier. Il expire au bout d\u2019un jour. \u00a0<\/p>\r\n\r\n\r\n\r\n<h2>Embedded content from other sites<\/h2>\r\n\r\n\r\n\r\n<p>Les articles de ce site peuvent inclure des contenus int\u00e9gr\u00e9s (par exemple des vid\u00e9os, images, articles\u2026). Le contenu int\u00e9gr\u00e9 depuis d\u2019autres sites se comporte de la m\u00eame mani\u00e8re que si le visiteur se rendait sur cet autre site.<\/p>\r\n\r\n\r\n\r\n<p>Ces sites web pourraient collecter des donn\u00e9es sur vous, utiliser des cookies, embarquer des outils de suivis tiers, suivre vos interactions avec ces contenus embarqu\u00e9s si vous disposez d\u2019un compte connect\u00e9 sur leur site web. \u00a0<\/p>\r\n\r\n\r\n\r\n<h2>Use and transmission of your personal data<\/h2>\r\n\r\n\r\n\r\n<p>Si vous demandez une r\u00e9initialisation de votre mot de passe, votre adresse IP sera incluse dans l\u2019e-mail de r\u00e9initialisation. \u00a0<\/p>\r\n\r\n\r\n\r\n<h2>Storage times for your data<\/h2>\r\n\r\n\r\n\r\n<p>Si vous laissez un commentaire, le commentaire et ses m\u00e9tadonn\u00e9es sont conserv\u00e9s ind\u00e9finiment. Cela permet de reconna\u00eetre et approuver automatiquement les commentaires suivants au lieu de les laisser dans la file de mod\u00e9ration.<\/p>\r\n\r\n\r\n\r\n<p>Pour les comptes qui s\u2019inscrivent sur notre site (le cas \u00e9ch\u00e9ant), nous stockons \u00e9galement les donn\u00e9es personnelles indiqu\u00e9es dans leur profil. Tous les comptes peuvent voir, modifier ou supprimer leurs informations personnelles \u00e0 tout moment (\u00e0 l\u2019exception de leur identifiant). Les gestionnaires du site peuvent aussi voir et modifier ces informations. \u00a0<\/p>\r\n\r\n\r\n\r\n<h2>The rights you have over your data<\/h2>\r\n\r\n\r\n\r\n<p>Si vous avez un compte ou si vous avez laiss\u00e9 des commentaires sur le site, vous pouvez demander \u00e0 recevoir un fichier contenant toutes les donn\u00e9es personnelles que nous poss\u00e9dons \u00e0 votre sujet, incluant celles que vous nous avez fournies. Vous pouvez \u00e9galement demander la suppression des donn\u00e9es personnelles vous concernant. Cela ne prend pas en compte les donn\u00e9es stock\u00e9es \u00e0 des fins administratives, l\u00e9gales ou pour des raisons de s\u00e9curit\u00e9. \u00a0<\/p>\r\n\r\n\r\n\r\n<h2>Transmission of your personal data<\/h2>\r\n\r\n\r\n\r\n<p>Visitor comments may be checked through an automated spam detection service.<\/p>\r\n","protected":false},"excerpt":{"rendered":"<p>\u00a0 Legal information Our website address is : https:\/\/www.mesvendanges.com. Contact : info@mesvendanges.com Company : 4X5 VIN Num\u00e9ro SIREN : 453474512 Num\u00e9ro SIRET (si\u00e8ge) : 45347451200036 Num\u00e9ro TVA Intracommunautaire : FR03453474512 Num\u00e9ro RCS : Le Puy B 453 474 512 \u00a0 Credits: Production et direction \u00e9ditoriale : St\u00e9phanie &amp; Julien Dubertret Site propuls\u00e9 par\u00a0WordPress Design : [&hellip;]<\/p>\n","protected":false},"author":1,"featured_media":0,"parent":0,"menu_order":0,"comment_status":"closed","ping_status":"closed","template":"","meta":[],"acf":[],"yoast_head":"<!-- This site is optimized with the Yoast SEO plugin v19.3 - https:\/\/yoast.com\/wordpress\/plugins\/seo\/ -->\n<title>Legal Notice and Privacy Policy - Mes Vendanges<\/title>\n<meta name=\"robots\" content=\"index, follow, max-snippet:-1, max-image-preview:large, max-video-preview:-1\" \/>\n<link rel=\"canonical\" href=\"https:\/\/www.mesvendanges.com\/en\/legal-notice-and-privacy-policy\/\" \/>\n<meta property=\"og:locale\" content=\"en_US\" \/>\n<meta property=\"og:type\" content=\"article\" \/>\n<meta property=\"og:title\" content=\"Legal Notice and Privacy Policy - Mes Vendanges\" \/>\n<meta property=\"og:description\" content=\"\u00a0 Legal information Our website address is : https:\/\/www.mesvendanges.com. Contact : info@mesvendanges.com Company : 4X5 VIN Num\u00e9ro SIREN : 453474512 Num\u00e9ro SIRET (si\u00e8ge) : 45347451200036 Num\u00e9ro TVA Intracommunautaire : FR03453474512 Num\u00e9ro RCS : Le Puy B 453 474 512 \u00a0 Credits: Production et direction \u00e9ditoriale : St\u00e9phanie &amp; Julien Dubertret Site propuls\u00e9 par\u00a0WordPress Design : [&hellip;]\" \/>\n<meta property=\"og:url\" content=\"https:\/\/www.mesvendanges.com\/en\/legal-notice-and-privacy-policy\/\" \/>\n<meta property=\"og:site_name\" content=\"Mes Vendanges\" \/>\n<meta property=\"article:modified_time\" content=\"2022-06-14T06:37:49+00:00\" \/>\n<meta name=\"twitter:card\" content=\"summary_large_image\" \/>\n<meta name=\"twitter:label1\" content=\"Est. reading time\" \/>\n\t<meta name=\"twitter:data1\" content=\"4 minutes\" \/>\n<script type=\"application\/ld+json\" class=\"yoast-schema-graph\">{\"@context\":\"https:\/\/schema.org\",\"@graph\":[{\"@type\":\"Organization\",\"@id\":\"https:\/\/www.mesvendanges.com\/en\/#organization\",\"name\":\"Mes Vendanges\",\"url\":\"https:\/\/www.mesvendanges.com\/en\/\",\"sameAs\":[],\"logo\":{\"@type\":\"ImageObject\",\"inLanguage\":\"fr-FR\",\"@id\":\"https:\/\/www.mesvendanges.com\/en\/#\/schema\/logo\/image\/\",\"url\":\"https:\/\/www.mesvendanges.com\/wp-content\/uploads\/2022\/02\/logo-mesvendanges.jpg\",\"contentUrl\":\"https:\/\/www.mesvendanges.com\/wp-content\/uploads\/2022\/02\/logo-mesvendanges.jpg\",\"width\":851,\"height\":260,\"caption\":\"Mes Vendanges\"},\"image\":{\"@id\":\"https:\/\/www.mesvendanges.com\/en\/#\/schema\/logo\/image\/\"}},{\"@type\":\"WebSite\",\"@id\":\"https:\/\/www.mesvendanges.com\/en\/#website\",\"url\":\"https:\/\/www.mesvendanges.com\/en\/\",\"name\":\"Mes Vendanges\",\"description\":\"Des journ\u00e9es enti\u00e8res dans les vignes\",\"publisher\":{\"@id\":\"https:\/\/www.mesvendanges.com\/en\/#organization\"},\"potentialAction\":[{\"@type\":\"SearchAction\",\"target\":{\"@type\":\"EntryPoint\",\"urlTemplate\":\"https:\/\/www.mesvendanges.com\/en\/?s={search_term_string}\"},\"query-input\":\"required name=search_term_string\"}],\"inLanguage\":\"fr-FR\"},{\"@type\":\"WebPage\",\"@id\":\"https:\/\/www.mesvendanges.com\/en\/legal-notice-and-privacy-policy\/\",\"url\":\"https:\/\/www.mesvendanges.com\/en\/legal-notice-and-privacy-policy\/\",\"name\":\"Legal Notice and Privacy Policy - Mes Vendanges\",\"isPartOf\":{\"@id\":\"https:\/\/www.mesvendanges.com\/en\/#website\"},\"datePublished\":\"2022-02-03T14:48:03+00:00\",\"dateModified\":\"2022-06-14T06:37:49+00:00\",\"breadcrumb\":{\"@id\":\"https:\/\/www.mesvendanges.com\/en\/legal-notice-and-privacy-policy\/#breadcrumb\"},\"inLanguage\":\"fr-FR\",\"potentialAction\":[{\"@type\":\"ReadAction\",\"target\":[\"https:\/\/www.mesvendanges.com\/en\/legal-notice-and-privacy-policy\/\"]}]},{\"@type\":\"BreadcrumbList\",\"@id\":\"https:\/\/www.mesvendanges.com\/en\/legal-notice-and-privacy-policy\/#breadcrumb\",\"itemListElement\":[{\"@type\":\"ListItem\",\"position\":1,\"name\":\"Home\",\"item\":\"https:\/\/www.mesvendanges.com\/en\/\"},{\"@type\":\"ListItem\",\"position\":2,\"name\":\"Legal Notice and Privacy Policy\"}]}]}<\/script>\n<!-- \/ Yoast SEO plugin. -->","yoast_head_json":{"title":"Legal Notice and Privacy Policy - Mes Vendanges","robots":{"index":"index","follow":"follow","max-snippet":"max-snippet:-1","max-image-preview":"max-image-preview:large","max-video-preview":"max-video-preview:-1"},"canonical":"https:\/\/www.mesvendanges.com\/en\/legal-notice-and-privacy-policy\/","og_locale":"en_US","og_type":"article","og_title":"Legal Notice and Privacy Policy - Mes Vendanges","og_description":"\u00a0 Legal information Our website address is : https:\/\/www.mesvendanges.com. Contact : info@mesvendanges.com Company : 4X5 VIN Num\u00e9ro SIREN : 453474512 Num\u00e9ro SIRET (si\u00e8ge) : 45347451200036 Num\u00e9ro TVA Intracommunautaire : FR03453474512 Num\u00e9ro RCS : Le Puy B 453 474 512 \u00a0 Credits: Production et direction \u00e9ditoriale : St\u00e9phanie &amp; Julien Dubertret Site propuls\u00e9 par\u00a0WordPress Design : [&hellip;]","og_url":"https:\/\/www.mesvendanges.com\/en\/legal-notice-and-privacy-policy\/","og_site_name":"Mes Vendanges","article_modified_time":"2022-06-14T06:37:49+00:00","twitter_card":"summary_large_image","twitter_misc":{"Est. reading time":"4 minutes"},"schema":{"@context":"https:\/\/schema.org","@graph":[{"@type":"Organization","@id":"https:\/\/www.mesvendanges.com\/en\/#organization","name":"Mes Vendanges","url":"https:\/\/www.mesvendanges.com\/en\/","sameAs":[],"logo":{"@type":"ImageObject","inLanguage":"fr-FR","@id":"https:\/\/www.mesvendanges.com\/en\/#\/schema\/logo\/image\/","url":"https:\/\/www.mesvendanges.com\/wp-content\/uploads\/2022\/02\/logo-mesvendanges.jpg","contentUrl":"https:\/\/www.mesvendanges.com\/wp-content\/uploads\/2022\/02\/logo-mesvendanges.jpg","width":851,"height":260,"caption":"Mes Vendanges"},"image":{"@id":"https:\/\/www.mesvendanges.com\/en\/#\/schema\/logo\/image\/"}},{"@type":"WebSite","@id":"https:\/\/www.mesvendanges.com\/en\/#website","url":"https:\/\/www.mesvendanges.com\/en\/","name":"Mes Vendanges","description":"Des journ\u00e9es enti\u00e8res dans les vignes","publisher":{"@id":"https:\/\/www.mesvendanges.com\/en\/#organization"},"potentialAction":[{"@type":"SearchAction","target":{"@type":"EntryPoint","urlTemplate":"https:\/\/www.mesvendanges.com\/en\/?s={search_term_string}"},"query-input":"required name=search_term_string"}],"inLanguage":"fr-FR"},{"@type":"WebPage","@id":"https:\/\/www.mesvendanges.com\/en\/legal-notice-and-privacy-policy\/","url":"https:\/\/www.mesvendanges.com\/en\/legal-notice-and-privacy-policy\/","name":"Legal Notice and Privacy Policy - Mes Vendanges","isPartOf":{"@id":"https:\/\/www.mesvendanges.com\/en\/#website"},"datePublished":"2022-02-03T14:48:03+00:00","dateModified":"2022-06-14T06:37:49+00:00","breadcrumb":{"@id":"https:\/\/www.mesvendanges.com\/en\/legal-notice-and-privacy-policy\/#breadcrumb"},"inLanguage":"fr-FR","potentialAction":[{"@type":"ReadAction","target":["https:\/\/www.mesvendanges.com\/en\/legal-notice-and-privacy-policy\/"]}]},{"@type":"BreadcrumbList","@id":"https:\/\/www.mesvendanges.com\/en\/legal-notice-and-privacy-policy\/#breadcrumb","itemListElement":[{"@type":"ListItem","position":1,"name":"Home","item":"https:\/\/www.mesvendanges.com\/en\/"},{"@type":"ListItem","position":2,"name":"Legal Notice and Privacy Policy"}]}]}},"_links":{"self":[{"href":"https:\/\/www.mesvendanges.com\/en\/wp-json\/wp\/v2\/pages\/7139"}],"collection":[{"href":"https:\/\/www.mesvendanges.com\/en\/wp-json\/wp\/v2\/pages"}],"about":[{"href":"https:\/\/www.mesvendanges.com\/en\/wp-json\/wp\/v2\/types\/page"}],"author":[{"embeddable":true,"href":"https:\/\/www.mesvendanges.com\/en\/wp-json\/wp\/v2\/users\/1"}],"replies":[{"embeddable":true,"href":"https:\/\/www.mesvendanges.com\/en\/wp-json\/wp\/v2\/comments?post=7139"}],"version-history":[{"count":2,"href":"https:\/\/www.mesvendanges.com\/en\/wp-json\/wp\/v2\/pages\/7139\/revisions"}],"predecessor-version":[{"id":7141,"href":"https:\/\/www.mesvendanges.com\/en\/wp-json\/wp\/v2\/pages\/7139\/revisions\/7141"}],"wp:attachment":[{"href":"https:\/\/www.mesvendanges.com\/en\/wp-json\/wp\/v2\/media?parent=7139"}],"curies":[{"name":"wp","href":"https:\/\/api.w.org\/{rel}","templated":true}]}}