{"id":32074,"date":"2022-08-02T11:16:32","date_gmt":"2022-08-02T09:16:32","guid":{"rendered":"https:\/\/www.mesvendanges.com\/shop\/uncategorized\/nuits-saint-georges\/"},"modified":"2023-12-06T01:31:32","modified_gmt":"2023-12-06T00:31:32","slug":"nuits-saint-georges-mugneret-gibourg-dne-2007-75cl","status":"publish","type":"product","link":"https:\/\/www.mesvendanges.com\/en\/shop\/wines\/nuits-saint-georges-mugneret-gibourg-dne-2007-75cl\/","title":{"rendered":"NUITS-SAINT-GEORGES"},"content":{"rendered":"<p>Le Nuits-Saint-Georges du Domaine Mugneret-Gibourg provient du lieu dit &#8220;Combe du bas&#8221;, \u00e0 la limite de Vosne-Roman\u00e9e, en face du &#8220;Clos de R\u00e9as&#8221;,&nbsp;au sol Argilo-calcaire recouvert de limons argileux.&nbsp; Cette&nbsp;parcelle fut achet\u00e9e en 1932 par Andr\u00e9 Mugneret . <BR>Les vignes sont ag\u00e9es de cinquante ans apportant finesse et complexit\u00e9 \u00e0 ce tr\u00e9s beau village.<\/p>\n","protected":false},"excerpt":{"rendered":"<p>Le Nuits-Saint-Georges du Domaine Mugneret-Gibourg provient du lieu dit &#8220;Combe du bas&#8221;, \u00e0 la limite de Vosne-Roman\u00e9e, en face du &#8220;Clos de R\u00e9as&#8221;,&nbsp;au sol Argilo-calcaire recouvert de limons argileux.&nbsp; Cette&nbsp;parcelle fut achet\u00e9e en 1932 par Andr\u00e9 Mugneret . Les vignes sont ag\u00e9es de cinquante ans apportant finesse et complexit\u00e9 \u00e0 ce tr\u00e9s beau village.<\/p>\n","protected":false},"featured_media":0,"template":"","meta":[],"product_cat":[3740],"product_tag":[],"acf":[],"yoast_head":"<!-- This site is optimized with the Yoast SEO plugin v19.3 - https:\/\/yoast.com\/wordpress\/plugins\/seo\/ -->\n<title>NUITS-SAINT-GEORGES - Mes Vendanges<\/title>\n<meta name=\"robots\" content=\"index, follow, max-snippet:-1, max-image-preview:large, max-video-preview:-1\" \/>\n<link rel=\"canonical\" href=\"https:\/\/www.mesvendanges.com\/en\/shop\/wines\/nuits-saint-georges-mugneret-gibourg-dne-2007-75cl\/\" \/>\n<meta property=\"og:locale\" content=\"en_US\" \/>\n<meta property=\"og:type\" content=\"article\" \/>\n<meta property=\"og:title\" content=\"NUITS-SAINT-GEORGES - Mes Vendanges\" \/>\n<meta property=\"og:description\" content=\"Le Nuits-Saint-Georges du Domaine Mugneret-Gibourg provient du lieu dit &#8220;Combe du bas&#8221;, \u00e0 la limite de Vosne-Roman\u00e9e, en face du &#8220;Clos de R\u00e9as&#8221;,&nbsp;au sol Argilo-calcaire recouvert de limons argileux.&nbsp; Cette&nbsp;parcelle fut achet\u00e9e en 1932 par Andr\u00e9 Mugneret . Les vignes sont ag\u00e9es de cinquante ans apportant finesse et complexit\u00e9 \u00e0 ce tr\u00e9s beau village.\" \/>\n<meta property=\"og:url\" content=\"https:\/\/www.mesvendanges.com\/en\/shop\/wines\/nuits-saint-georges-mugneret-gibourg-dne-2007-75cl\/\" \/>\n<meta property=\"og:site_name\" content=\"Mes Vendanges\" \/>\n<meta property=\"article:modified_time\" content=\"2023-12-06T00:31:32+00:00\" \/>\n<meta name=\"twitter:card\" content=\"summary_large_image\" \/>\n<script type=\"application\/ld+json\" class=\"yoast-schema-graph\">{\"@context\":\"https:\/\/schema.org\",\"@graph\":[{\"@type\":\"Organization\",\"@id\":\"https:\/\/www.mesvendanges.com\/en\/#organization\",\"name\":\"Mes Vendanges\",\"url\":\"https:\/\/www.mesvendanges.com\/en\/\",\"sameAs\":[],\"logo\":{\"@type\":\"ImageObject\",\"inLanguage\":\"fr-FR\",\"@id\":\"https:\/\/www.mesvendanges.com\/en\/#\/schema\/logo\/image\/\",\"url\":\"https:\/\/www.mesvendanges.com\/wp-content\/uploads\/2022\/02\/logo-mesvendanges.jpg\",\"contentUrl\":\"https:\/\/www.mesvendanges.com\/wp-content\/uploads\/2022\/02\/logo-mesvendanges.jpg\",\"width\":851,\"height\":260,\"caption\":\"Mes Vendanges\"},\"image\":{\"@id\":\"https:\/\/www.mesvendanges.com\/en\/#\/schema\/logo\/image\/\"}},{\"@type\":\"WebSite\",\"@id\":\"https:\/\/www.mesvendanges.com\/en\/#website\",\"url\":\"https:\/\/www.mesvendanges.com\/en\/\",\"name\":\"Mes Vendanges\",\"description\":\"Des journ\u00e9es enti\u00e8res dans les vignes\",\"publisher\":{\"@id\":\"https:\/\/www.mesvendanges.com\/en\/#organization\"},\"potentialAction\":[{\"@type\":\"SearchAction\",\"target\":{\"@type\":\"EntryPoint\",\"urlTemplate\":\"https:\/\/www.mesvendanges.com\/en\/?s={search_term_string}\"},\"query-input\":\"required name=search_term_string\"}],\"inLanguage\":\"fr-FR\"},{\"@type\":\"WebPage\",\"@id\":\"https:\/\/www.mesvendanges.com\/en\/shop\/wines\/nuits-saint-georges-mugneret-gibourg-dne-2007-75cl\/\",\"url\":\"https:\/\/www.mesvendanges.com\/en\/shop\/wines\/nuits-saint-georges-mugneret-gibourg-dne-2007-75cl\/\",\"name\":\"NUITS-SAINT-GEORGES - Mes Vendanges\",\"isPartOf\":{\"@id\":\"https:\/\/www.mesvendanges.com\/en\/#website\"},\"datePublished\":\"2022-08-02T09:16:32+00:00\",\"dateModified\":\"2023-12-06T00:31:32+00:00\",\"breadcrumb\":{\"@id\":\"https:\/\/www.mesvendanges.com\/en\/shop\/wines\/nuits-saint-georges-mugneret-gibourg-dne-2007-75cl\/#breadcrumb\"},\"inLanguage\":\"fr-FR\",\"potentialAction\":[{\"@type\":\"ReadAction\",\"target\":[\"https:\/\/www.mesvendanges.com\/en\/shop\/wines\/nuits-saint-georges-mugneret-gibourg-dne-2007-75cl\/\"]}]},{\"@type\":\"BreadcrumbList\",\"@id\":\"https:\/\/www.mesvendanges.com\/en\/shop\/wines\/nuits-saint-georges-mugneret-gibourg-dne-2007-75cl\/#breadcrumb\",\"itemListElement\":[{\"@type\":\"ListItem\",\"position\":1,\"name\":\"Home\",\"item\":\"https:\/\/www.mesvendanges.com\/en\/\"},{\"@type\":\"ListItem\",\"position\":2,\"name\":\"Shop\",\"item\":\"https:\/\/www.mesvendanges.com\/en\/shop\/\"},{\"@type\":\"ListItem\",\"position\":3,\"name\":\"NUITS-SAINT-GEORGES\"}]}]}<\/script>\n<!-- \/ Yoast SEO plugin. -->","yoast_head_json":{"title":"NUITS-SAINT-GEORGES - Mes Vendanges","robots":{"index":"index","follow":"follow","max-snippet":"max-snippet:-1","max-image-preview":"max-image-preview:large","max-video-preview":"max-video-preview:-1"},"canonical":"https:\/\/www.mesvendanges.com\/en\/shop\/wines\/nuits-saint-georges-mugneret-gibourg-dne-2007-75cl\/","og_locale":"en_US","og_type":"article","og_title":"NUITS-SAINT-GEORGES - Mes Vendanges","og_description":"Le Nuits-Saint-Georges du Domaine Mugneret-Gibourg provient du lieu dit &#8220;Combe du bas&#8221;, \u00e0 la limite de Vosne-Roman\u00e9e, en face du &#8220;Clos de R\u00e9as&#8221;,&nbsp;au sol Argilo-calcaire recouvert de limons argileux.&nbsp; Cette&nbsp;parcelle fut achet\u00e9e en 1932 par Andr\u00e9 Mugneret . Les vignes sont ag\u00e9es de cinquante ans apportant finesse et complexit\u00e9 \u00e0 ce tr\u00e9s beau village.","og_url":"https:\/\/www.mesvendanges.com\/en\/shop\/wines\/nuits-saint-georges-mugneret-gibourg-dne-2007-75cl\/","og_site_name":"Mes Vendanges","article_modified_time":"2023-12-06T00:31:32+00:00","twitter_card":"summary_large_image","schema":{"@context":"https:\/\/schema.org","@graph":[{"@type":"Organization","@id":"https:\/\/www.mesvendanges.com\/en\/#organization","name":"Mes Vendanges","url":"https:\/\/www.mesvendanges.com\/en\/","sameAs":[],"logo":{"@type":"ImageObject","inLanguage":"fr-FR","@id":"https:\/\/www.mesvendanges.com\/en\/#\/schema\/logo\/image\/","url":"https:\/\/www.mesvendanges.com\/wp-content\/uploads\/2022\/02\/logo-mesvendanges.jpg","contentUrl":"https:\/\/www.mesvendanges.com\/wp-content\/uploads\/2022\/02\/logo-mesvendanges.jpg","width":851,"height":260,"caption":"Mes Vendanges"},"image":{"@id":"https:\/\/www.mesvendanges.com\/en\/#\/schema\/logo\/image\/"}},{"@type":"WebSite","@id":"https:\/\/www.mesvendanges.com\/en\/#website","url":"https:\/\/www.mesvendanges.com\/en\/","name":"Mes Vendanges","description":"Des journ\u00e9es enti\u00e8res dans les vignes","publisher":{"@id":"https:\/\/www.mesvendanges.com\/en\/#organization"},"potentialAction":[{"@type":"SearchAction","target":{"@type":"EntryPoint","urlTemplate":"https:\/\/www.mesvendanges.com\/en\/?s={search_term_string}"},"query-input":"required name=search_term_string"}],"inLanguage":"fr-FR"},{"@type":"WebPage","@id":"https:\/\/www.mesvendanges.com\/en\/shop\/wines\/nuits-saint-georges-mugneret-gibourg-dne-2007-75cl\/","url":"https:\/\/www.mesvendanges.com\/en\/shop\/wines\/nuits-saint-georges-mugneret-gibourg-dne-2007-75cl\/","name":"NUITS-SAINT-GEORGES - Mes Vendanges","isPartOf":{"@id":"https:\/\/www.mesvendanges.com\/en\/#website"},"datePublished":"2022-08-02T09:16:32+00:00","dateModified":"2023-12-06T00:31:32+00:00","breadcrumb":{"@id":"https:\/\/www.mesvendanges.com\/en\/shop\/wines\/nuits-saint-georges-mugneret-gibourg-dne-2007-75cl\/#breadcrumb"},"inLanguage":"fr-FR","potentialAction":[{"@type":"ReadAction","target":["https:\/\/www.mesvendanges.com\/en\/shop\/wines\/nuits-saint-georges-mugneret-gibourg-dne-2007-75cl\/"]}]},{"@type":"BreadcrumbList","@id":"https:\/\/www.mesvendanges.com\/en\/shop\/wines\/nuits-saint-georges-mugneret-gibourg-dne-2007-75cl\/#breadcrumb","itemListElement":[{"@type":"ListItem","position":1,"name":"Home","item":"https:\/\/www.mesvendanges.com\/en\/"},{"@type":"ListItem","position":2,"name":"Shop","item":"https:\/\/www.mesvendanges.com\/en\/shop\/"},{"@type":"ListItem","position":3,"name":"NUITS-SAINT-GEORGES"}]}]}},"_links":{"self":[{"href":"https:\/\/www.mesvendanges.com\/en\/wp-json\/wp\/v2\/product\/32074"}],"collection":[{"href":"https:\/\/www.mesvendanges.com\/en\/wp-json\/wp\/v2\/product"}],"about":[{"href":"https:\/\/www.mesvendanges.com\/en\/wp-json\/wp\/v2\/types\/product"}],"wp:attachment":[{"href":"https:\/\/www.mesvendanges.com\/en\/wp-json\/wp\/v2\/media?parent=32074"}],"wp:term":[{"taxonomy":"product_cat","embeddable":true,"href":"https:\/\/www.mesvendanges.com\/en\/wp-json\/wp\/v2\/product_cat?post=32074"},{"taxonomy":"product_tag","embeddable":true,"href":"https:\/\/www.mesvendanges.com\/en\/wp-json\/wp\/v2\/product_tag?post=32074"}],"curies":[{"name":"wp","href":"https:\/\/api.w.org\/{rel}","templated":true}]}}