{"id":32440,"date":"2022-08-02T11:24:27","date_gmt":"2022-08-02T09:24:27","guid":{"rendered":"https:\/\/www.mesvendanges.com\/shop\/uncategorized\/chateau-jonc-blanc\/"},"modified":"2023-12-05T21:51:00","modified_gmt":"2023-12-05T20:51:00","slug":"chateau-jonc-blanc-jonc-blanc-ch-2005-75cl","status":"publish","type":"product","link":"https:\/\/www.mesvendanges.com\/en\/shop\/wines\/chateau-jonc-blanc-jonc-blanc-ch-2005-75cl\/","title":{"rendered":"CH\u00c2TEAU JONC-BLANC"},"content":{"rendered":"<p>Dernier n\u00e9 du domaine, le Ch\u00e2teau Jonc-Blanc rouge est un assemblage des plus beaux raisins du domaine. Pour le 2005, un \u00e9levage de 40 mois en foudre permet \u00e0 la mati\u00e8re dense des jus, de developper et d&#8217;affiner sa complexit\u00e9. Le r\u00e9sultat est l\u00e0, avec une grande bouteille de garde, un vin d&#8217;un niveau rarement atteint sur l&#8217;appellation !<\/p>\n","protected":false},"excerpt":{"rendered":"<p>Dernier n\u00e9 du domaine, le Ch\u00e2teau Jonc-Blanc rouge est un assemblage des plus beaux raisins du domaine. Pour le 2005, un \u00e9levage de 40 mois en foudre permet \u00e0 la mati\u00e8re dense des jus, de developper et d&#8217;affiner sa complexit\u00e9. Le r\u00e9sultat est l\u00e0, avec une grande bouteille de garde, un vin d&#8217;un niveau rarement [&hellip;]<\/p>\n","protected":false},"featured_media":0,"template":"","meta":[],"product_cat":[3740],"product_tag":[],"acf":[],"yoast_head":"<!-- This site is optimized with the Yoast SEO plugin v19.3 - https:\/\/yoast.com\/wordpress\/plugins\/seo\/ -->\n<title>CH\u00c2TEAU JONC-BLANC - Mes Vendanges<\/title>\n<meta name=\"robots\" content=\"index, follow, max-snippet:-1, max-image-preview:large, max-video-preview:-1\" \/>\n<link rel=\"canonical\" href=\"https:\/\/www.mesvendanges.com\/en\/shop\/wines\/chateau-jonc-blanc-jonc-blanc-ch-2005-75cl\/\" \/>\n<meta property=\"og:locale\" content=\"en_US\" \/>\n<meta property=\"og:type\" content=\"article\" \/>\n<meta property=\"og:title\" content=\"CH\u00c2TEAU JONC-BLANC - Mes Vendanges\" \/>\n<meta property=\"og:description\" content=\"Dernier n\u00e9 du domaine, le Ch\u00e2teau Jonc-Blanc rouge est un assemblage des plus beaux raisins du domaine. Pour le 2005, un \u00e9levage de 40 mois en foudre permet \u00e0 la mati\u00e8re dense des jus, de developper et d&#8217;affiner sa complexit\u00e9. Le r\u00e9sultat est l\u00e0, avec une grande bouteille de garde, un vin d&#8217;un niveau rarement [&hellip;]\" \/>\n<meta property=\"og:url\" content=\"https:\/\/www.mesvendanges.com\/en\/shop\/wines\/chateau-jonc-blanc-jonc-blanc-ch-2005-75cl\/\" \/>\n<meta property=\"og:site_name\" content=\"Mes Vendanges\" \/>\n<meta property=\"article:modified_time\" content=\"2023-12-05T20:51:00+00:00\" \/>\n<meta name=\"twitter:card\" content=\"summary_large_image\" \/>\n<script type=\"application\/ld+json\" class=\"yoast-schema-graph\">{\"@context\":\"https:\/\/schema.org\",\"@graph\":[{\"@type\":\"Organization\",\"@id\":\"https:\/\/www.mesvendanges.com\/en\/#organization\",\"name\":\"Mes Vendanges\",\"url\":\"https:\/\/www.mesvendanges.com\/en\/\",\"sameAs\":[],\"logo\":{\"@type\":\"ImageObject\",\"inLanguage\":\"fr-FR\",\"@id\":\"https:\/\/www.mesvendanges.com\/en\/#\/schema\/logo\/image\/\",\"url\":\"https:\/\/www.mesvendanges.com\/wp-content\/uploads\/2022\/02\/logo-mesvendanges.jpg\",\"contentUrl\":\"https:\/\/www.mesvendanges.com\/wp-content\/uploads\/2022\/02\/logo-mesvendanges.jpg\",\"width\":851,\"height\":260,\"caption\":\"Mes Vendanges\"},\"image\":{\"@id\":\"https:\/\/www.mesvendanges.com\/en\/#\/schema\/logo\/image\/\"}},{\"@type\":\"WebSite\",\"@id\":\"https:\/\/www.mesvendanges.com\/en\/#website\",\"url\":\"https:\/\/www.mesvendanges.com\/en\/\",\"name\":\"Mes Vendanges\",\"description\":\"Des journ\u00e9es enti\u00e8res dans les vignes\",\"publisher\":{\"@id\":\"https:\/\/www.mesvendanges.com\/en\/#organization\"},\"potentialAction\":[{\"@type\":\"SearchAction\",\"target\":{\"@type\":\"EntryPoint\",\"urlTemplate\":\"https:\/\/www.mesvendanges.com\/en\/?s={search_term_string}\"},\"query-input\":\"required name=search_term_string\"}],\"inLanguage\":\"fr-FR\"},{\"@type\":\"WebPage\",\"@id\":\"https:\/\/www.mesvendanges.com\/en\/shop\/wines\/chateau-jonc-blanc-jonc-blanc-ch-2005-75cl\/\",\"url\":\"https:\/\/www.mesvendanges.com\/en\/shop\/wines\/chateau-jonc-blanc-jonc-blanc-ch-2005-75cl\/\",\"name\":\"CH\u00c2TEAU JONC-BLANC - Mes Vendanges\",\"isPartOf\":{\"@id\":\"https:\/\/www.mesvendanges.com\/en\/#website\"},\"datePublished\":\"2022-08-02T09:24:27+00:00\",\"dateModified\":\"2023-12-05T20:51:00+00:00\",\"breadcrumb\":{\"@id\":\"https:\/\/www.mesvendanges.com\/en\/shop\/wines\/chateau-jonc-blanc-jonc-blanc-ch-2005-75cl\/#breadcrumb\"},\"inLanguage\":\"fr-FR\",\"potentialAction\":[{\"@type\":\"ReadAction\",\"target\":[\"https:\/\/www.mesvendanges.com\/en\/shop\/wines\/chateau-jonc-blanc-jonc-blanc-ch-2005-75cl\/\"]}]},{\"@type\":\"BreadcrumbList\",\"@id\":\"https:\/\/www.mesvendanges.com\/en\/shop\/wines\/chateau-jonc-blanc-jonc-blanc-ch-2005-75cl\/#breadcrumb\",\"itemListElement\":[{\"@type\":\"ListItem\",\"position\":1,\"name\":\"Home\",\"item\":\"https:\/\/www.mesvendanges.com\/en\/\"},{\"@type\":\"ListItem\",\"position\":2,\"name\":\"Shop\",\"item\":\"https:\/\/www.mesvendanges.com\/en\/shop\/\"},{\"@type\":\"ListItem\",\"position\":3,\"name\":\"CH\u00c2TEAU JONC-BLANC\"}]}]}<\/script>\n<!-- \/ Yoast SEO plugin. -->","yoast_head_json":{"title":"CH\u00c2TEAU JONC-BLANC - Mes Vendanges","robots":{"index":"index","follow":"follow","max-snippet":"max-snippet:-1","max-image-preview":"max-image-preview:large","max-video-preview":"max-video-preview:-1"},"canonical":"https:\/\/www.mesvendanges.com\/en\/shop\/wines\/chateau-jonc-blanc-jonc-blanc-ch-2005-75cl\/","og_locale":"en_US","og_type":"article","og_title":"CH\u00c2TEAU JONC-BLANC - Mes Vendanges","og_description":"Dernier n\u00e9 du domaine, le Ch\u00e2teau Jonc-Blanc rouge est un assemblage des plus beaux raisins du domaine. Pour le 2005, un \u00e9levage de 40 mois en foudre permet \u00e0 la mati\u00e8re dense des jus, de developper et d&#8217;affiner sa complexit\u00e9. Le r\u00e9sultat est l\u00e0, avec une grande bouteille de garde, un vin d&#8217;un niveau rarement [&hellip;]","og_url":"https:\/\/www.mesvendanges.com\/en\/shop\/wines\/chateau-jonc-blanc-jonc-blanc-ch-2005-75cl\/","og_site_name":"Mes Vendanges","article_modified_time":"2023-12-05T20:51:00+00:00","twitter_card":"summary_large_image","schema":{"@context":"https:\/\/schema.org","@graph":[{"@type":"Organization","@id":"https:\/\/www.mesvendanges.com\/en\/#organization","name":"Mes Vendanges","url":"https:\/\/www.mesvendanges.com\/en\/","sameAs":[],"logo":{"@type":"ImageObject","inLanguage":"fr-FR","@id":"https:\/\/www.mesvendanges.com\/en\/#\/schema\/logo\/image\/","url":"https:\/\/www.mesvendanges.com\/wp-content\/uploads\/2022\/02\/logo-mesvendanges.jpg","contentUrl":"https:\/\/www.mesvendanges.com\/wp-content\/uploads\/2022\/02\/logo-mesvendanges.jpg","width":851,"height":260,"caption":"Mes Vendanges"},"image":{"@id":"https:\/\/www.mesvendanges.com\/en\/#\/schema\/logo\/image\/"}},{"@type":"WebSite","@id":"https:\/\/www.mesvendanges.com\/en\/#website","url":"https:\/\/www.mesvendanges.com\/en\/","name":"Mes Vendanges","description":"Des journ\u00e9es enti\u00e8res dans les vignes","publisher":{"@id":"https:\/\/www.mesvendanges.com\/en\/#organization"},"potentialAction":[{"@type":"SearchAction","target":{"@type":"EntryPoint","urlTemplate":"https:\/\/www.mesvendanges.com\/en\/?s={search_term_string}"},"query-input":"required name=search_term_string"}],"inLanguage":"fr-FR"},{"@type":"WebPage","@id":"https:\/\/www.mesvendanges.com\/en\/shop\/wines\/chateau-jonc-blanc-jonc-blanc-ch-2005-75cl\/","url":"https:\/\/www.mesvendanges.com\/en\/shop\/wines\/chateau-jonc-blanc-jonc-blanc-ch-2005-75cl\/","name":"CH\u00c2TEAU JONC-BLANC - Mes Vendanges","isPartOf":{"@id":"https:\/\/www.mesvendanges.com\/en\/#website"},"datePublished":"2022-08-02T09:24:27+00:00","dateModified":"2023-12-05T20:51:00+00:00","breadcrumb":{"@id":"https:\/\/www.mesvendanges.com\/en\/shop\/wines\/chateau-jonc-blanc-jonc-blanc-ch-2005-75cl\/#breadcrumb"},"inLanguage":"fr-FR","potentialAction":[{"@type":"ReadAction","target":["https:\/\/www.mesvendanges.com\/en\/shop\/wines\/chateau-jonc-blanc-jonc-blanc-ch-2005-75cl\/"]}]},{"@type":"BreadcrumbList","@id":"https:\/\/www.mesvendanges.com\/en\/shop\/wines\/chateau-jonc-blanc-jonc-blanc-ch-2005-75cl\/#breadcrumb","itemListElement":[{"@type":"ListItem","position":1,"name":"Home","item":"https:\/\/www.mesvendanges.com\/en\/"},{"@type":"ListItem","position":2,"name":"Shop","item":"https:\/\/www.mesvendanges.com\/en\/shop\/"},{"@type":"ListItem","position":3,"name":"CH\u00c2TEAU JONC-BLANC"}]}]}},"_links":{"self":[{"href":"https:\/\/www.mesvendanges.com\/en\/wp-json\/wp\/v2\/product\/32440"}],"collection":[{"href":"https:\/\/www.mesvendanges.com\/en\/wp-json\/wp\/v2\/product"}],"about":[{"href":"https:\/\/www.mesvendanges.com\/en\/wp-json\/wp\/v2\/types\/product"}],"wp:attachment":[{"href":"https:\/\/www.mesvendanges.com\/en\/wp-json\/wp\/v2\/media?parent=32440"}],"wp:term":[{"taxonomy":"product_cat","embeddable":true,"href":"https:\/\/www.mesvendanges.com\/en\/wp-json\/wp\/v2\/product_cat?post=32440"},{"taxonomy":"product_tag","embeddable":true,"href":"https:\/\/www.mesvendanges.com\/en\/wp-json\/wp\/v2\/product_tag?post=32440"}],"curies":[{"name":"wp","href":"https:\/\/api.w.org\/{rel}","templated":true}]}}