{"id":32682,"date":"2022-08-02T11:30:07","date_gmt":"2022-08-02T09:30:07","guid":{"rendered":"https:\/\/www.mesvendanges.com\/shop\/uncategorized\/pedro-ximenez-murillo-centenary-selection\/"},"modified":"2023-12-05T23:49:01","modified_gmt":"2023-12-05T22:49:01","slug":"pedro-ximenez-murillo-centenary-selection-lustau-emilio-nm-75cl","status":"publish","type":"product","link":"https:\/\/www.mesvendanges.com\/en\/shop\/wines\/pedro-ximenez-murillo-centenary-selection-lustau-emilio-nm-75cl\/","title":{"rendered":"PEDRO XIMENEZ Murillo Centenary Selection"},"content":{"rendered":"<p><P>Fond\u00e9e en 1896, la maison Lustau d\u00e9cide en 1996 de mettre en bouteille quelques soleras datants de l&#8217;ann\u00e9e de sa fondation. Ces diff\u00e9rentes cuv\u00e9es, en series tr\u00e8s limit\u00e9es seront d\u00e9nom\u00e9es Centenary Selection.&nbsp;Le Pedro Ximenes Murillo en fait partie. Cette Solera aura donc \u00e9t\u00e9 \u00e9lev\u00e9e durant un siecle \u00e0 Murillo ! Tr\u00e8s riche, \u00e0 la couleur sombre, aux parfums envoutants et profonds, avec une longueur ph\u00e9nom\u00e9nale, ce vin d\u00e9licieusement sensuel et velout\u00e9 se mariera \u00e0 merveille avec une grande glace \u00e0 la vanille&nbsp;, ou une belle patisserie alliant croquant et fondant !&nbsp;<\/P><\/p>\n","protected":false},"excerpt":{"rendered":"<p>Fond\u00e9e en 1896, la maison Lustau d\u00e9cide en 1996 de mettre en bouteille quelques soleras datants de l&#8217;ann\u00e9e de sa fondation. Ces diff\u00e9rentes cuv\u00e9es, en series tr\u00e8s limit\u00e9es seront d\u00e9nom\u00e9es Centenary Selection.&nbsp;Le Pedro Ximenes Murillo en fait partie. Cette Solera aura donc \u00e9t\u00e9 \u00e9lev\u00e9e durant un siecle \u00e0 Murillo ! Tr\u00e8s riche, \u00e0 la couleur [&hellip;]<\/p>\n","protected":false},"featured_media":0,"template":"","meta":[],"product_cat":[3740],"product_tag":[],"acf":[],"yoast_head":"<!-- This site is optimized with the Yoast SEO plugin v19.3 - https:\/\/yoast.com\/wordpress\/plugins\/seo\/ -->\n<title>PEDRO XIMENEZ Murillo Centenary Selection - Mes Vendanges<\/title>\n<meta name=\"robots\" content=\"index, follow, max-snippet:-1, max-image-preview:large, max-video-preview:-1\" \/>\n<link rel=\"canonical\" href=\"https:\/\/www.mesvendanges.com\/en\/shop\/wines\/pedro-ximenez-murillo-centenary-selection-lustau-emilio-nm-75cl\/\" \/>\n<meta property=\"og:locale\" content=\"en_US\" \/>\n<meta property=\"og:type\" content=\"article\" \/>\n<meta property=\"og:title\" content=\"PEDRO XIMENEZ Murillo Centenary Selection - Mes Vendanges\" \/>\n<meta property=\"og:description\" content=\"Fond\u00e9e en 1896, la maison Lustau d\u00e9cide en 1996 de mettre en bouteille quelques soleras datants de l&#8217;ann\u00e9e de sa fondation. Ces diff\u00e9rentes cuv\u00e9es, en series tr\u00e8s limit\u00e9es seront d\u00e9nom\u00e9es Centenary Selection.&nbsp;Le Pedro Ximenes Murillo en fait partie. Cette Solera aura donc \u00e9t\u00e9 \u00e9lev\u00e9e durant un siecle \u00e0 Murillo ! Tr\u00e8s riche, \u00e0 la couleur [&hellip;]\" \/>\n<meta property=\"og:url\" content=\"https:\/\/www.mesvendanges.com\/en\/shop\/wines\/pedro-ximenez-murillo-centenary-selection-lustau-emilio-nm-75cl\/\" \/>\n<meta property=\"og:site_name\" content=\"Mes Vendanges\" \/>\n<meta property=\"article:modified_time\" content=\"2023-12-05T22:49:01+00:00\" \/>\n<meta name=\"twitter:card\" content=\"summary_large_image\" \/>\n<meta name=\"twitter:label1\" content=\"Est. reading time\" \/>\n\t<meta name=\"twitter:data1\" content=\"1 minute\" \/>\n<script type=\"application\/ld+json\" class=\"yoast-schema-graph\">{\"@context\":\"https:\/\/schema.org\",\"@graph\":[{\"@type\":\"Organization\",\"@id\":\"https:\/\/www.mesvendanges.com\/en\/#organization\",\"name\":\"Mes Vendanges\",\"url\":\"https:\/\/www.mesvendanges.com\/en\/\",\"sameAs\":[],\"logo\":{\"@type\":\"ImageObject\",\"inLanguage\":\"fr-FR\",\"@id\":\"https:\/\/www.mesvendanges.com\/en\/#\/schema\/logo\/image\/\",\"url\":\"https:\/\/www.mesvendanges.com\/wp-content\/uploads\/2022\/02\/logo-mesvendanges.jpg\",\"contentUrl\":\"https:\/\/www.mesvendanges.com\/wp-content\/uploads\/2022\/02\/logo-mesvendanges.jpg\",\"width\":851,\"height\":260,\"caption\":\"Mes Vendanges\"},\"image\":{\"@id\":\"https:\/\/www.mesvendanges.com\/en\/#\/schema\/logo\/image\/\"}},{\"@type\":\"WebSite\",\"@id\":\"https:\/\/www.mesvendanges.com\/en\/#website\",\"url\":\"https:\/\/www.mesvendanges.com\/en\/\",\"name\":\"Mes Vendanges\",\"description\":\"Des journ\u00e9es enti\u00e8res dans les vignes\",\"publisher\":{\"@id\":\"https:\/\/www.mesvendanges.com\/en\/#organization\"},\"potentialAction\":[{\"@type\":\"SearchAction\",\"target\":{\"@type\":\"EntryPoint\",\"urlTemplate\":\"https:\/\/www.mesvendanges.com\/en\/?s={search_term_string}\"},\"query-input\":\"required name=search_term_string\"}],\"inLanguage\":\"fr-FR\"},{\"@type\":\"WebPage\",\"@id\":\"https:\/\/www.mesvendanges.com\/en\/shop\/wines\/pedro-ximenez-murillo-centenary-selection-lustau-emilio-nm-75cl\/\",\"url\":\"https:\/\/www.mesvendanges.com\/en\/shop\/wines\/pedro-ximenez-murillo-centenary-selection-lustau-emilio-nm-75cl\/\",\"name\":\"PEDRO XIMENEZ Murillo Centenary Selection - Mes Vendanges\",\"isPartOf\":{\"@id\":\"https:\/\/www.mesvendanges.com\/en\/#website\"},\"datePublished\":\"2022-08-02T09:30:07+00:00\",\"dateModified\":\"2023-12-05T22:49:01+00:00\",\"breadcrumb\":{\"@id\":\"https:\/\/www.mesvendanges.com\/en\/shop\/wines\/pedro-ximenez-murillo-centenary-selection-lustau-emilio-nm-75cl\/#breadcrumb\"},\"inLanguage\":\"fr-FR\",\"potentialAction\":[{\"@type\":\"ReadAction\",\"target\":[\"https:\/\/www.mesvendanges.com\/en\/shop\/wines\/pedro-ximenez-murillo-centenary-selection-lustau-emilio-nm-75cl\/\"]}]},{\"@type\":\"BreadcrumbList\",\"@id\":\"https:\/\/www.mesvendanges.com\/en\/shop\/wines\/pedro-ximenez-murillo-centenary-selection-lustau-emilio-nm-75cl\/#breadcrumb\",\"itemListElement\":[{\"@type\":\"ListItem\",\"position\":1,\"name\":\"Home\",\"item\":\"https:\/\/www.mesvendanges.com\/en\/\"},{\"@type\":\"ListItem\",\"position\":2,\"name\":\"Shop\",\"item\":\"https:\/\/www.mesvendanges.com\/en\/shop\/\"},{\"@type\":\"ListItem\",\"position\":3,\"name\":\"PEDRO XIMENEZ Murillo Centenary Selection\"}]}]}<\/script>\n<!-- \/ Yoast SEO plugin. -->","yoast_head_json":{"title":"PEDRO XIMENEZ Murillo Centenary Selection - Mes Vendanges","robots":{"index":"index","follow":"follow","max-snippet":"max-snippet:-1","max-image-preview":"max-image-preview:large","max-video-preview":"max-video-preview:-1"},"canonical":"https:\/\/www.mesvendanges.com\/en\/shop\/wines\/pedro-ximenez-murillo-centenary-selection-lustau-emilio-nm-75cl\/","og_locale":"en_US","og_type":"article","og_title":"PEDRO XIMENEZ Murillo Centenary Selection - Mes Vendanges","og_description":"Fond\u00e9e en 1896, la maison Lustau d\u00e9cide en 1996 de mettre en bouteille quelques soleras datants de l&#8217;ann\u00e9e de sa fondation. Ces diff\u00e9rentes cuv\u00e9es, en series tr\u00e8s limit\u00e9es seront d\u00e9nom\u00e9es Centenary Selection.&nbsp;Le Pedro Ximenes Murillo en fait partie. Cette Solera aura donc \u00e9t\u00e9 \u00e9lev\u00e9e durant un siecle \u00e0 Murillo ! Tr\u00e8s riche, \u00e0 la couleur [&hellip;]","og_url":"https:\/\/www.mesvendanges.com\/en\/shop\/wines\/pedro-ximenez-murillo-centenary-selection-lustau-emilio-nm-75cl\/","og_site_name":"Mes Vendanges","article_modified_time":"2023-12-05T22:49:01+00:00","twitter_card":"summary_large_image","twitter_misc":{"Est. reading time":"1 minute"},"schema":{"@context":"https:\/\/schema.org","@graph":[{"@type":"Organization","@id":"https:\/\/www.mesvendanges.com\/en\/#organization","name":"Mes Vendanges","url":"https:\/\/www.mesvendanges.com\/en\/","sameAs":[],"logo":{"@type":"ImageObject","inLanguage":"fr-FR","@id":"https:\/\/www.mesvendanges.com\/en\/#\/schema\/logo\/image\/","url":"https:\/\/www.mesvendanges.com\/wp-content\/uploads\/2022\/02\/logo-mesvendanges.jpg","contentUrl":"https:\/\/www.mesvendanges.com\/wp-content\/uploads\/2022\/02\/logo-mesvendanges.jpg","width":851,"height":260,"caption":"Mes Vendanges"},"image":{"@id":"https:\/\/www.mesvendanges.com\/en\/#\/schema\/logo\/image\/"}},{"@type":"WebSite","@id":"https:\/\/www.mesvendanges.com\/en\/#website","url":"https:\/\/www.mesvendanges.com\/en\/","name":"Mes Vendanges","description":"Des journ\u00e9es enti\u00e8res dans les vignes","publisher":{"@id":"https:\/\/www.mesvendanges.com\/en\/#organization"},"potentialAction":[{"@type":"SearchAction","target":{"@type":"EntryPoint","urlTemplate":"https:\/\/www.mesvendanges.com\/en\/?s={search_term_string}"},"query-input":"required name=search_term_string"}],"inLanguage":"fr-FR"},{"@type":"WebPage","@id":"https:\/\/www.mesvendanges.com\/en\/shop\/wines\/pedro-ximenez-murillo-centenary-selection-lustau-emilio-nm-75cl\/","url":"https:\/\/www.mesvendanges.com\/en\/shop\/wines\/pedro-ximenez-murillo-centenary-selection-lustau-emilio-nm-75cl\/","name":"PEDRO XIMENEZ Murillo Centenary Selection - Mes Vendanges","isPartOf":{"@id":"https:\/\/www.mesvendanges.com\/en\/#website"},"datePublished":"2022-08-02T09:30:07+00:00","dateModified":"2023-12-05T22:49:01+00:00","breadcrumb":{"@id":"https:\/\/www.mesvendanges.com\/en\/shop\/wines\/pedro-ximenez-murillo-centenary-selection-lustau-emilio-nm-75cl\/#breadcrumb"},"inLanguage":"fr-FR","potentialAction":[{"@type":"ReadAction","target":["https:\/\/www.mesvendanges.com\/en\/shop\/wines\/pedro-ximenez-murillo-centenary-selection-lustau-emilio-nm-75cl\/"]}]},{"@type":"BreadcrumbList","@id":"https:\/\/www.mesvendanges.com\/en\/shop\/wines\/pedro-ximenez-murillo-centenary-selection-lustau-emilio-nm-75cl\/#breadcrumb","itemListElement":[{"@type":"ListItem","position":1,"name":"Home","item":"https:\/\/www.mesvendanges.com\/en\/"},{"@type":"ListItem","position":2,"name":"Shop","item":"https:\/\/www.mesvendanges.com\/en\/shop\/"},{"@type":"ListItem","position":3,"name":"PEDRO XIMENEZ Murillo Centenary Selection"}]}]}},"_links":{"self":[{"href":"https:\/\/www.mesvendanges.com\/en\/wp-json\/wp\/v2\/product\/32682"}],"collection":[{"href":"https:\/\/www.mesvendanges.com\/en\/wp-json\/wp\/v2\/product"}],"about":[{"href":"https:\/\/www.mesvendanges.com\/en\/wp-json\/wp\/v2\/types\/product"}],"wp:attachment":[{"href":"https:\/\/www.mesvendanges.com\/en\/wp-json\/wp\/v2\/media?parent=32682"}],"wp:term":[{"taxonomy":"product_cat","embeddable":true,"href":"https:\/\/www.mesvendanges.com\/en\/wp-json\/wp\/v2\/product_cat?post=32682"},{"taxonomy":"product_tag","embeddable":true,"href":"https:\/\/www.mesvendanges.com\/en\/wp-json\/wp\/v2\/product_tag?post=32682"}],"curies":[{"name":"wp","href":"https:\/\/api.w.org\/{rel}","templated":true}]}}