{"id":33834,"date":"2022-08-02T11:57:41","date_gmt":"2022-08-02T09:57:41","guid":{"rendered":"https:\/\/www.mesvendanges.com\/shop\/uncategorized\/riesling-hofberg-spatlese\/"},"modified":"2024-02-20T10:18:42","modified_gmt":"2024-02-20T09:18:42","slug":"riesling-hofberg-spatlese-adam-a-j-weingut-2009-75cl","status":"publish","type":"product","link":"https:\/\/www.mesvendanges.com\/en\/shop\/wines\/riesling-hofberg-spatlese-adam-a-j-weingut-2009-75cl\/","title":{"rendered":"RIESLING HOFBERG SPATLESE"},"content":{"rendered":"<p>Que dire de ce Sp\u00e4tlese ? S\u00fbrement qu&#8217;il confirme le talent d&#8217;Andreas Adam. D&#8217;une grandre richesse (95gr de sucres r\u00e9siduels) il est pourtant d&#8217;un \u00e9quilibre souverain. Une superbe acidit\u00e9 (10gr) porte le vin, lui donne une vitalit\u00e9 en bouche, un croquant jouissif au fruit. Ce vin est incroyablement digeste et tonnique, avec beaucoup de longueur, et une complexit\u00e9 aromatique en r\u00e9trolfaction qui ne cesse de bouger tout au long de la d\u00e9gustation. Un v\u00e9ritable plaisir<\/p>\n","protected":false},"excerpt":{"rendered":"<p>Que dire de ce Sp\u00e4tlese ? S\u00fbrement qu&#8217;il confirme le talent d&#8217;Andreas Adam. D&#8217;une grandre richesse (95gr de sucres r\u00e9siduels) il est pourtant d&#8217;un \u00e9quilibre souverain. Une superbe acidit\u00e9 (10gr) porte le vin, lui donne une vitalit\u00e9 en bouche, un croquant jouissif au fruit. Ce vin est incroyablement digeste et tonnique, avec beaucoup de longueur, [&hellip;]<\/p>\n","protected":false},"featured_media":61869,"template":"","meta":[],"product_cat":[3740],"product_tag":[],"acf":[],"yoast_head":"<!-- This site is optimized with the Yoast SEO plugin v19.3 - https:\/\/yoast.com\/wordpress\/plugins\/seo\/ -->\n<title>RIESLING HOFBERG SPATLESE - Mes Vendanges<\/title>\n<meta name=\"robots\" content=\"index, follow, max-snippet:-1, max-image-preview:large, max-video-preview:-1\" \/>\n<link rel=\"canonical\" href=\"https:\/\/www.mesvendanges.com\/en\/shop\/wines\/riesling-hofberg-spatlese-adam-a-j-weingut-2009-75cl\/\" \/>\n<meta property=\"og:locale\" content=\"en_US\" \/>\n<meta property=\"og:type\" content=\"article\" \/>\n<meta property=\"og:title\" content=\"RIESLING HOFBERG SPATLESE - Mes Vendanges\" \/>\n<meta property=\"og:description\" content=\"Que dire de ce Sp\u00e4tlese ? S\u00fbrement qu&#8217;il confirme le talent d&#8217;Andreas Adam. D&#8217;une grandre richesse (95gr de sucres r\u00e9siduels) il est pourtant d&#8217;un \u00e9quilibre souverain. Une superbe acidit\u00e9 (10gr) porte le vin, lui donne une vitalit\u00e9 en bouche, un croquant jouissif au fruit. Ce vin est incroyablement digeste et tonnique, avec beaucoup de longueur, [&hellip;]\" \/>\n<meta property=\"og:url\" content=\"https:\/\/www.mesvendanges.com\/en\/shop\/wines\/riesling-hofberg-spatlese-adam-a-j-weingut-2009-75cl\/\" \/>\n<meta property=\"og:site_name\" content=\"Mes Vendanges\" \/>\n<meta property=\"article:modified_time\" content=\"2024-02-20T09:18:42+00:00\" \/>\n<meta property=\"og:image\" content=\"https:\/\/www.mesvendanges.com\/wp-content\/uploads\/2023\/04\/adam-a-j-weingut-riesling-hofberg-spatlese-mosel-saar-ruwer-2009-75cl-demi-sec-png.png\" \/>\n\t<meta property=\"og:image:width\" content=\"322\" \/>\n\t<meta property=\"og:image:height\" content=\"1500\" \/>\n\t<meta property=\"og:image:type\" content=\"image\/png\" \/>\n<meta name=\"twitter:card\" content=\"summary_large_image\" \/>\n<script type=\"application\/ld+json\" class=\"yoast-schema-graph\">{\"@context\":\"https:\/\/schema.org\",\"@graph\":[{\"@type\":\"Organization\",\"@id\":\"https:\/\/www.mesvendanges.com\/en\/#organization\",\"name\":\"Mes Vendanges\",\"url\":\"https:\/\/www.mesvendanges.com\/en\/\",\"sameAs\":[],\"logo\":{\"@type\":\"ImageObject\",\"inLanguage\":\"fr-FR\",\"@id\":\"https:\/\/www.mesvendanges.com\/en\/#\/schema\/logo\/image\/\",\"url\":\"https:\/\/www.mesvendanges.com\/wp-content\/uploads\/2022\/02\/logo-mesvendanges.jpg\",\"contentUrl\":\"https:\/\/www.mesvendanges.com\/wp-content\/uploads\/2022\/02\/logo-mesvendanges.jpg\",\"width\":851,\"height\":260,\"caption\":\"Mes Vendanges\"},\"image\":{\"@id\":\"https:\/\/www.mesvendanges.com\/en\/#\/schema\/logo\/image\/\"}},{\"@type\":\"WebSite\",\"@id\":\"https:\/\/www.mesvendanges.com\/en\/#website\",\"url\":\"https:\/\/www.mesvendanges.com\/en\/\",\"name\":\"Mes Vendanges\",\"description\":\"Des journ\u00e9es enti\u00e8res dans les vignes\",\"publisher\":{\"@id\":\"https:\/\/www.mesvendanges.com\/en\/#organization\"},\"potentialAction\":[{\"@type\":\"SearchAction\",\"target\":{\"@type\":\"EntryPoint\",\"urlTemplate\":\"https:\/\/www.mesvendanges.com\/en\/?s={search_term_string}\"},\"query-input\":\"required name=search_term_string\"}],\"inLanguage\":\"fr-FR\"},{\"@type\":\"ImageObject\",\"inLanguage\":\"fr-FR\",\"@id\":\"https:\/\/www.mesvendanges.com\/en\/shop\/wines\/riesling-hofberg-spatlese-adam-a-j-weingut-2009-75cl\/#primaryimage\",\"url\":\"https:\/\/www.mesvendanges.com\/wp-content\/uploads\/2023\/04\/adam-a-j-weingut-riesling-hofberg-spatlese-mosel-saar-ruwer-2009-75cl-demi-sec-png.png\",\"contentUrl\":\"https:\/\/www.mesvendanges.com\/wp-content\/uploads\/2023\/04\/adam-a-j-weingut-riesling-hofberg-spatlese-mosel-saar-ruwer-2009-75cl-demi-sec-png.png\",\"width\":322,\"height\":1500},{\"@type\":\"WebPage\",\"@id\":\"https:\/\/www.mesvendanges.com\/en\/shop\/wines\/riesling-hofberg-spatlese-adam-a-j-weingut-2009-75cl\/\",\"url\":\"https:\/\/www.mesvendanges.com\/en\/shop\/wines\/riesling-hofberg-spatlese-adam-a-j-weingut-2009-75cl\/\",\"name\":\"RIESLING HOFBERG SPATLESE - Mes Vendanges\",\"isPartOf\":{\"@id\":\"https:\/\/www.mesvendanges.com\/en\/#website\"},\"primaryImageOfPage\":{\"@id\":\"https:\/\/www.mesvendanges.com\/en\/shop\/wines\/riesling-hofberg-spatlese-adam-a-j-weingut-2009-75cl\/#primaryimage\"},\"datePublished\":\"2022-08-02T09:57:41+00:00\",\"dateModified\":\"2024-02-20T09:18:42+00:00\",\"breadcrumb\":{\"@id\":\"https:\/\/www.mesvendanges.com\/en\/shop\/wines\/riesling-hofberg-spatlese-adam-a-j-weingut-2009-75cl\/#breadcrumb\"},\"inLanguage\":\"fr-FR\",\"potentialAction\":[{\"@type\":\"ReadAction\",\"target\":[\"https:\/\/www.mesvendanges.com\/en\/shop\/wines\/riesling-hofberg-spatlese-adam-a-j-weingut-2009-75cl\/\"]}]},{\"@type\":\"BreadcrumbList\",\"@id\":\"https:\/\/www.mesvendanges.com\/en\/shop\/wines\/riesling-hofberg-spatlese-adam-a-j-weingut-2009-75cl\/#breadcrumb\",\"itemListElement\":[{\"@type\":\"ListItem\",\"position\":1,\"name\":\"Home\",\"item\":\"https:\/\/www.mesvendanges.com\/en\/\"},{\"@type\":\"ListItem\",\"position\":2,\"name\":\"Shop\",\"item\":\"https:\/\/www.mesvendanges.com\/en\/shop\/\"},{\"@type\":\"ListItem\",\"position\":3,\"name\":\"RIESLING HOFBERG SPATLESE\"}]}]}<\/script>\n<!-- \/ Yoast SEO plugin. -->","yoast_head_json":{"title":"RIESLING HOFBERG SPATLESE - Mes Vendanges","robots":{"index":"index","follow":"follow","max-snippet":"max-snippet:-1","max-image-preview":"max-image-preview:large","max-video-preview":"max-video-preview:-1"},"canonical":"https:\/\/www.mesvendanges.com\/en\/shop\/wines\/riesling-hofberg-spatlese-adam-a-j-weingut-2009-75cl\/","og_locale":"en_US","og_type":"article","og_title":"RIESLING HOFBERG SPATLESE - Mes Vendanges","og_description":"Que dire de ce Sp\u00e4tlese ? S\u00fbrement qu&#8217;il confirme le talent d&#8217;Andreas Adam. D&#8217;une grandre richesse (95gr de sucres r\u00e9siduels) il est pourtant d&#8217;un \u00e9quilibre souverain. Une superbe acidit\u00e9 (10gr) porte le vin, lui donne une vitalit\u00e9 en bouche, un croquant jouissif au fruit. Ce vin est incroyablement digeste et tonnique, avec beaucoup de longueur, [&hellip;]","og_url":"https:\/\/www.mesvendanges.com\/en\/shop\/wines\/riesling-hofberg-spatlese-adam-a-j-weingut-2009-75cl\/","og_site_name":"Mes Vendanges","article_modified_time":"2024-02-20T09:18:42+00:00","og_image":[{"width":322,"height":1500,"url":"https:\/\/www.mesvendanges.com\/wp-content\/uploads\/2023\/04\/adam-a-j-weingut-riesling-hofberg-spatlese-mosel-saar-ruwer-2009-75cl-demi-sec-png.png","type":"image\/png"}],"twitter_card":"summary_large_image","schema":{"@context":"https:\/\/schema.org","@graph":[{"@type":"Organization","@id":"https:\/\/www.mesvendanges.com\/en\/#organization","name":"Mes Vendanges","url":"https:\/\/www.mesvendanges.com\/en\/","sameAs":[],"logo":{"@type":"ImageObject","inLanguage":"fr-FR","@id":"https:\/\/www.mesvendanges.com\/en\/#\/schema\/logo\/image\/","url":"https:\/\/www.mesvendanges.com\/wp-content\/uploads\/2022\/02\/logo-mesvendanges.jpg","contentUrl":"https:\/\/www.mesvendanges.com\/wp-content\/uploads\/2022\/02\/logo-mesvendanges.jpg","width":851,"height":260,"caption":"Mes Vendanges"},"image":{"@id":"https:\/\/www.mesvendanges.com\/en\/#\/schema\/logo\/image\/"}},{"@type":"WebSite","@id":"https:\/\/www.mesvendanges.com\/en\/#website","url":"https:\/\/www.mesvendanges.com\/en\/","name":"Mes Vendanges","description":"Des journ\u00e9es enti\u00e8res dans les vignes","publisher":{"@id":"https:\/\/www.mesvendanges.com\/en\/#organization"},"potentialAction":[{"@type":"SearchAction","target":{"@type":"EntryPoint","urlTemplate":"https:\/\/www.mesvendanges.com\/en\/?s={search_term_string}"},"query-input":"required name=search_term_string"}],"inLanguage":"fr-FR"},{"@type":"ImageObject","inLanguage":"fr-FR","@id":"https:\/\/www.mesvendanges.com\/en\/shop\/wines\/riesling-hofberg-spatlese-adam-a-j-weingut-2009-75cl\/#primaryimage","url":"https:\/\/www.mesvendanges.com\/wp-content\/uploads\/2023\/04\/adam-a-j-weingut-riesling-hofberg-spatlese-mosel-saar-ruwer-2009-75cl-demi-sec-png.png","contentUrl":"https:\/\/www.mesvendanges.com\/wp-content\/uploads\/2023\/04\/adam-a-j-weingut-riesling-hofberg-spatlese-mosel-saar-ruwer-2009-75cl-demi-sec-png.png","width":322,"height":1500},{"@type":"WebPage","@id":"https:\/\/www.mesvendanges.com\/en\/shop\/wines\/riesling-hofberg-spatlese-adam-a-j-weingut-2009-75cl\/","url":"https:\/\/www.mesvendanges.com\/en\/shop\/wines\/riesling-hofberg-spatlese-adam-a-j-weingut-2009-75cl\/","name":"RIESLING HOFBERG SPATLESE - Mes Vendanges","isPartOf":{"@id":"https:\/\/www.mesvendanges.com\/en\/#website"},"primaryImageOfPage":{"@id":"https:\/\/www.mesvendanges.com\/en\/shop\/wines\/riesling-hofberg-spatlese-adam-a-j-weingut-2009-75cl\/#primaryimage"},"datePublished":"2022-08-02T09:57:41+00:00","dateModified":"2024-02-20T09:18:42+00:00","breadcrumb":{"@id":"https:\/\/www.mesvendanges.com\/en\/shop\/wines\/riesling-hofberg-spatlese-adam-a-j-weingut-2009-75cl\/#breadcrumb"},"inLanguage":"fr-FR","potentialAction":[{"@type":"ReadAction","target":["https:\/\/www.mesvendanges.com\/en\/shop\/wines\/riesling-hofberg-spatlese-adam-a-j-weingut-2009-75cl\/"]}]},{"@type":"BreadcrumbList","@id":"https:\/\/www.mesvendanges.com\/en\/shop\/wines\/riesling-hofberg-spatlese-adam-a-j-weingut-2009-75cl\/#breadcrumb","itemListElement":[{"@type":"ListItem","position":1,"name":"Home","item":"https:\/\/www.mesvendanges.com\/en\/"},{"@type":"ListItem","position":2,"name":"Shop","item":"https:\/\/www.mesvendanges.com\/en\/shop\/"},{"@type":"ListItem","position":3,"name":"RIESLING HOFBERG SPATLESE"}]}]}},"_links":{"self":[{"href":"https:\/\/www.mesvendanges.com\/en\/wp-json\/wp\/v2\/product\/33834"}],"collection":[{"href":"https:\/\/www.mesvendanges.com\/en\/wp-json\/wp\/v2\/product"}],"about":[{"href":"https:\/\/www.mesvendanges.com\/en\/wp-json\/wp\/v2\/types\/product"}],"wp:featuredmedia":[{"embeddable":true,"href":"https:\/\/www.mesvendanges.com\/en\/wp-json\/wp\/v2\/media\/61869"}],"wp:attachment":[{"href":"https:\/\/www.mesvendanges.com\/en\/wp-json\/wp\/v2\/media?parent=33834"}],"wp:term":[{"taxonomy":"product_cat","embeddable":true,"href":"https:\/\/www.mesvendanges.com\/en\/wp-json\/wp\/v2\/product_cat?post=33834"},{"taxonomy":"product_tag","embeddable":true,"href":"https:\/\/www.mesvendanges.com\/en\/wp-json\/wp\/v2\/product_tag?post=33834"}],"curies":[{"name":"wp","href":"https:\/\/api.w.org\/{rel}","templated":true}]}}