{"id":34868,"date":"2022-08-02T12:20:33","date_gmt":"2022-08-02T10:20:33","guid":{"rendered":"https:\/\/www.mesvendanges.com\/shop\/uncategorized\/riesling-uhlen-laubach-erste-lage-reserve-magnum\/"},"modified":"2026-02-25T14:55:07","modified_gmt":"2026-02-25T13:55:07","slug":"riesling-uhlen-laubach-erste-lage-reserve-magnum-heymann-loewenstein-2011-150cl","status":"publish","type":"product","link":"https:\/\/www.mesvendanges.com\/en\/shop\/wines\/riesling-uhlen-laubach-erste-lage-reserve-magnum-heymann-loewenstein-2011-150cl\/","title":{"rendered":"RIESLING UHLEN LAUBACH ERSTE LAGE RESERVE MAGNUM"},"content":{"rendered":"<div>Un nuage de fra\u00eeche, folle fum\u00e9e surgit d&#8217;une profonde mer de velours&#8230; voici la tonalit\u00e9 du vin comme la ressent Reinhard Loewenstein! La mention R\u00e9serve d\u00e9signe un vin issu d&#8217;une trie un peu plus riche donc comportant un peu plus de sucres r\u00e9siduels Le Uhlen donne sa construction droite et pure \u00e0 ce vin issu de vieilles vignes de riesling (50 ans) sur ce tr\u00e8s beau terroir du Uhlen Laubach (2.2 hectare) expos\u00e9 sud\/sud-ouest. Au domaine Heymann-Loewenstein les fermentations se font sur levures indig\u00e8nes et l&#8217;\u00e9levage a lieu en cuves inox puis en foudres.<\/div>\n","protected":false},"excerpt":{"rendered":"<p>Un nuage de fra\u00eeche, folle fum\u00e9e surgit d&#8217;une profonde mer de velours&#8230; voici la tonalit\u00e9 du vin comme la ressent Reinhard Loewenstein! La mention R\u00e9serve d\u00e9signe un vin issu d&#8217;une trie un peu plus riche donc comportant un peu plus de sucres r\u00e9siduels Le Uhlen donne sa construction droite et pure \u00e0 ce vin issu [&hellip;]<\/p>\n","protected":false},"featured_media":87229,"template":"","meta":[],"product_cat":[3740],"product_tag":[],"acf":[],"yoast_head":"<!-- This site is optimized with the Yoast SEO plugin v19.3 - https:\/\/yoast.com\/wordpress\/plugins\/seo\/ -->\n<title>RIESLING UHLEN LAUBACH ERSTE LAGE RESERVE MAGNUM - Mes Vendanges<\/title>\n<meta name=\"robots\" content=\"index, follow, max-snippet:-1, max-image-preview:large, max-video-preview:-1\" \/>\n<link rel=\"canonical\" href=\"https:\/\/www.mesvendanges.com\/en\/shop\/wines\/riesling-uhlen-laubach-erste-lage-reserve-magnum-heymann-loewenstein-2011-150cl\/\" \/>\n<meta property=\"og:locale\" content=\"en_US\" \/>\n<meta property=\"og:type\" content=\"article\" \/>\n<meta property=\"og:title\" content=\"RIESLING UHLEN LAUBACH ERSTE LAGE RESERVE MAGNUM - Mes Vendanges\" \/>\n<meta property=\"og:description\" content=\"Un nuage de fra\u00eeche, folle fum\u00e9e surgit d&#8217;une profonde mer de velours&#8230; voici la tonalit\u00e9 du vin comme la ressent Reinhard Loewenstein! La mention R\u00e9serve d\u00e9signe un vin issu d&#8217;une trie un peu plus riche donc comportant un peu plus de sucres r\u00e9siduels Le Uhlen donne sa construction droite et pure \u00e0 ce vin issu [&hellip;]\" \/>\n<meta property=\"og:url\" content=\"https:\/\/www.mesvendanges.com\/en\/shop\/wines\/riesling-uhlen-laubach-erste-lage-reserve-magnum-heymann-loewenstein-2011-150cl\/\" \/>\n<meta property=\"og:site_name\" content=\"Mes Vendanges\" \/>\n<meta property=\"article:modified_time\" content=\"2026-02-25T13:55:07+00:00\" \/>\n<meta property=\"og:image\" content=\"https:\/\/www.mesvendanges.com\/wp-content\/uploads\/2025\/05\/heymann-lowenstein-riesling-laubach-reserve-2011-magnum-png.png\" \/>\n\t<meta property=\"og:image:width\" content=\"302\" \/>\n\t<meta property=\"og:image:height\" content=\"1500\" \/>\n\t<meta property=\"og:image:type\" content=\"image\/png\" \/>\n<meta name=\"twitter:card\" content=\"summary_large_image\" \/>\n<meta name=\"twitter:label1\" content=\"Est. reading time\" \/>\n\t<meta name=\"twitter:data1\" content=\"1 minute\" \/>\n<script type=\"application\/ld+json\" class=\"yoast-schema-graph\">{\"@context\":\"https:\/\/schema.org\",\"@graph\":[{\"@type\":\"Organization\",\"@id\":\"https:\/\/www.mesvendanges.com\/en\/#organization\",\"name\":\"Mes Vendanges\",\"url\":\"https:\/\/www.mesvendanges.com\/en\/\",\"sameAs\":[],\"logo\":{\"@type\":\"ImageObject\",\"inLanguage\":\"fr-FR\",\"@id\":\"https:\/\/www.mesvendanges.com\/en\/#\/schema\/logo\/image\/\",\"url\":\"https:\/\/www.mesvendanges.com\/wp-content\/uploads\/2022\/02\/logo-mesvendanges.jpg\",\"contentUrl\":\"https:\/\/www.mesvendanges.com\/wp-content\/uploads\/2022\/02\/logo-mesvendanges.jpg\",\"width\":851,\"height\":260,\"caption\":\"Mes Vendanges\"},\"image\":{\"@id\":\"https:\/\/www.mesvendanges.com\/en\/#\/schema\/logo\/image\/\"}},{\"@type\":\"WebSite\",\"@id\":\"https:\/\/www.mesvendanges.com\/en\/#website\",\"url\":\"https:\/\/www.mesvendanges.com\/en\/\",\"name\":\"Mes Vendanges\",\"description\":\"Des journ\u00e9es enti\u00e8res dans les vignes\",\"publisher\":{\"@id\":\"https:\/\/www.mesvendanges.com\/en\/#organization\"},\"potentialAction\":[{\"@type\":\"SearchAction\",\"target\":{\"@type\":\"EntryPoint\",\"urlTemplate\":\"https:\/\/www.mesvendanges.com\/en\/?s={search_term_string}\"},\"query-input\":\"required name=search_term_string\"}],\"inLanguage\":\"fr-FR\"},{\"@type\":\"ImageObject\",\"inLanguage\":\"fr-FR\",\"@id\":\"https:\/\/www.mesvendanges.com\/en\/shop\/wines\/riesling-uhlen-laubach-erste-lage-reserve-magnum-heymann-loewenstein-2011-150cl\/#primaryimage\",\"url\":\"https:\/\/www.mesvendanges.com\/wp-content\/uploads\/2025\/05\/heymann-lowenstein-riesling-laubach-reserve-2011-magnum-png.png\",\"contentUrl\":\"https:\/\/www.mesvendanges.com\/wp-content\/uploads\/2025\/05\/heymann-lowenstein-riesling-laubach-reserve-2011-magnum-png.png\",\"width\":302,\"height\":1500},{\"@type\":\"WebPage\",\"@id\":\"https:\/\/www.mesvendanges.com\/en\/shop\/wines\/riesling-uhlen-laubach-erste-lage-reserve-magnum-heymann-loewenstein-2011-150cl\/\",\"url\":\"https:\/\/www.mesvendanges.com\/en\/shop\/wines\/riesling-uhlen-laubach-erste-lage-reserve-magnum-heymann-loewenstein-2011-150cl\/\",\"name\":\"RIESLING UHLEN LAUBACH ERSTE LAGE RESERVE MAGNUM - Mes Vendanges\",\"isPartOf\":{\"@id\":\"https:\/\/www.mesvendanges.com\/en\/#website\"},\"primaryImageOfPage\":{\"@id\":\"https:\/\/www.mesvendanges.com\/en\/shop\/wines\/riesling-uhlen-laubach-erste-lage-reserve-magnum-heymann-loewenstein-2011-150cl\/#primaryimage\"},\"datePublished\":\"2022-08-02T10:20:33+00:00\",\"dateModified\":\"2026-02-25T13:55:07+00:00\",\"breadcrumb\":{\"@id\":\"https:\/\/www.mesvendanges.com\/en\/shop\/wines\/riesling-uhlen-laubach-erste-lage-reserve-magnum-heymann-loewenstein-2011-150cl\/#breadcrumb\"},\"inLanguage\":\"fr-FR\",\"potentialAction\":[{\"@type\":\"ReadAction\",\"target\":[\"https:\/\/www.mesvendanges.com\/en\/shop\/wines\/riesling-uhlen-laubach-erste-lage-reserve-magnum-heymann-loewenstein-2011-150cl\/\"]}]},{\"@type\":\"BreadcrumbList\",\"@id\":\"https:\/\/www.mesvendanges.com\/en\/shop\/wines\/riesling-uhlen-laubach-erste-lage-reserve-magnum-heymann-loewenstein-2011-150cl\/#breadcrumb\",\"itemListElement\":[{\"@type\":\"ListItem\",\"position\":1,\"name\":\"Home\",\"item\":\"https:\/\/www.mesvendanges.com\/en\/\"},{\"@type\":\"ListItem\",\"position\":2,\"name\":\"Shop\",\"item\":\"https:\/\/www.mesvendanges.com\/en\/shop\/\"},{\"@type\":\"ListItem\",\"position\":3,\"name\":\"RIESLING UHLEN LAUBACH ERSTE LAGE RESERVE MAGNUM\"}]}]}<\/script>\n<!-- \/ Yoast SEO plugin. -->","yoast_head_json":{"title":"RIESLING UHLEN LAUBACH ERSTE LAGE RESERVE MAGNUM - Mes Vendanges","robots":{"index":"index","follow":"follow","max-snippet":"max-snippet:-1","max-image-preview":"max-image-preview:large","max-video-preview":"max-video-preview:-1"},"canonical":"https:\/\/www.mesvendanges.com\/en\/shop\/wines\/riesling-uhlen-laubach-erste-lage-reserve-magnum-heymann-loewenstein-2011-150cl\/","og_locale":"en_US","og_type":"article","og_title":"RIESLING UHLEN LAUBACH ERSTE LAGE RESERVE MAGNUM - Mes Vendanges","og_description":"Un nuage de fra\u00eeche, folle fum\u00e9e surgit d&#8217;une profonde mer de velours&#8230; voici la tonalit\u00e9 du vin comme la ressent Reinhard Loewenstein! La mention R\u00e9serve d\u00e9signe un vin issu d&#8217;une trie un peu plus riche donc comportant un peu plus de sucres r\u00e9siduels Le Uhlen donne sa construction droite et pure \u00e0 ce vin issu [&hellip;]","og_url":"https:\/\/www.mesvendanges.com\/en\/shop\/wines\/riesling-uhlen-laubach-erste-lage-reserve-magnum-heymann-loewenstein-2011-150cl\/","og_site_name":"Mes Vendanges","article_modified_time":"2026-02-25T13:55:07+00:00","og_image":[{"width":302,"height":1500,"url":"https:\/\/www.mesvendanges.com\/wp-content\/uploads\/2025\/05\/heymann-lowenstein-riesling-laubach-reserve-2011-magnum-png.png","type":"image\/png"}],"twitter_card":"summary_large_image","twitter_misc":{"Est. reading time":"1 minute"},"schema":{"@context":"https:\/\/schema.org","@graph":[{"@type":"Organization","@id":"https:\/\/www.mesvendanges.com\/en\/#organization","name":"Mes Vendanges","url":"https:\/\/www.mesvendanges.com\/en\/","sameAs":[],"logo":{"@type":"ImageObject","inLanguage":"fr-FR","@id":"https:\/\/www.mesvendanges.com\/en\/#\/schema\/logo\/image\/","url":"https:\/\/www.mesvendanges.com\/wp-content\/uploads\/2022\/02\/logo-mesvendanges.jpg","contentUrl":"https:\/\/www.mesvendanges.com\/wp-content\/uploads\/2022\/02\/logo-mesvendanges.jpg","width":851,"height":260,"caption":"Mes Vendanges"},"image":{"@id":"https:\/\/www.mesvendanges.com\/en\/#\/schema\/logo\/image\/"}},{"@type":"WebSite","@id":"https:\/\/www.mesvendanges.com\/en\/#website","url":"https:\/\/www.mesvendanges.com\/en\/","name":"Mes Vendanges","description":"Des journ\u00e9es enti\u00e8res dans les vignes","publisher":{"@id":"https:\/\/www.mesvendanges.com\/en\/#organization"},"potentialAction":[{"@type":"SearchAction","target":{"@type":"EntryPoint","urlTemplate":"https:\/\/www.mesvendanges.com\/en\/?s={search_term_string}"},"query-input":"required name=search_term_string"}],"inLanguage":"fr-FR"},{"@type":"ImageObject","inLanguage":"fr-FR","@id":"https:\/\/www.mesvendanges.com\/en\/shop\/wines\/riesling-uhlen-laubach-erste-lage-reserve-magnum-heymann-loewenstein-2011-150cl\/#primaryimage","url":"https:\/\/www.mesvendanges.com\/wp-content\/uploads\/2025\/05\/heymann-lowenstein-riesling-laubach-reserve-2011-magnum-png.png","contentUrl":"https:\/\/www.mesvendanges.com\/wp-content\/uploads\/2025\/05\/heymann-lowenstein-riesling-laubach-reserve-2011-magnum-png.png","width":302,"height":1500},{"@type":"WebPage","@id":"https:\/\/www.mesvendanges.com\/en\/shop\/wines\/riesling-uhlen-laubach-erste-lage-reserve-magnum-heymann-loewenstein-2011-150cl\/","url":"https:\/\/www.mesvendanges.com\/en\/shop\/wines\/riesling-uhlen-laubach-erste-lage-reserve-magnum-heymann-loewenstein-2011-150cl\/","name":"RIESLING UHLEN LAUBACH ERSTE LAGE RESERVE MAGNUM - Mes Vendanges","isPartOf":{"@id":"https:\/\/www.mesvendanges.com\/en\/#website"},"primaryImageOfPage":{"@id":"https:\/\/www.mesvendanges.com\/en\/shop\/wines\/riesling-uhlen-laubach-erste-lage-reserve-magnum-heymann-loewenstein-2011-150cl\/#primaryimage"},"datePublished":"2022-08-02T10:20:33+00:00","dateModified":"2026-02-25T13:55:07+00:00","breadcrumb":{"@id":"https:\/\/www.mesvendanges.com\/en\/shop\/wines\/riesling-uhlen-laubach-erste-lage-reserve-magnum-heymann-loewenstein-2011-150cl\/#breadcrumb"},"inLanguage":"fr-FR","potentialAction":[{"@type":"ReadAction","target":["https:\/\/www.mesvendanges.com\/en\/shop\/wines\/riesling-uhlen-laubach-erste-lage-reserve-magnum-heymann-loewenstein-2011-150cl\/"]}]},{"@type":"BreadcrumbList","@id":"https:\/\/www.mesvendanges.com\/en\/shop\/wines\/riesling-uhlen-laubach-erste-lage-reserve-magnum-heymann-loewenstein-2011-150cl\/#breadcrumb","itemListElement":[{"@type":"ListItem","position":1,"name":"Home","item":"https:\/\/www.mesvendanges.com\/en\/"},{"@type":"ListItem","position":2,"name":"Shop","item":"https:\/\/www.mesvendanges.com\/en\/shop\/"},{"@type":"ListItem","position":3,"name":"RIESLING UHLEN LAUBACH ERSTE LAGE RESERVE MAGNUM"}]}]}},"_links":{"self":[{"href":"https:\/\/www.mesvendanges.com\/en\/wp-json\/wp\/v2\/product\/34868"}],"collection":[{"href":"https:\/\/www.mesvendanges.com\/en\/wp-json\/wp\/v2\/product"}],"about":[{"href":"https:\/\/www.mesvendanges.com\/en\/wp-json\/wp\/v2\/types\/product"}],"wp:featuredmedia":[{"embeddable":true,"href":"https:\/\/www.mesvendanges.com\/en\/wp-json\/wp\/v2\/media\/87229"}],"wp:attachment":[{"href":"https:\/\/www.mesvendanges.com\/en\/wp-json\/wp\/v2\/media?parent=34868"}],"wp:term":[{"taxonomy":"product_cat","embeddable":true,"href":"https:\/\/www.mesvendanges.com\/en\/wp-json\/wp\/v2\/product_cat?post=34868"},{"taxonomy":"product_tag","embeddable":true,"href":"https:\/\/www.mesvendanges.com\/en\/wp-json\/wp\/v2\/product_tag?post=34868"}],"curies":[{"name":"wp","href":"https:\/\/api.w.org\/{rel}","templated":true}]}}