{"id":35450,"date":"2022-08-02T12:35:41","date_gmt":"2022-08-02T10:35:41","guid":{"rendered":"https:\/\/www.mesvendanges.com\/shop\/uncategorized\/bandol-rouge-5\/"},"modified":"2023-12-06T05:06:16","modified_gmt":"2023-12-06T04:06:16","slug":"bandol-rouge-sainte-anne-ch-2010-75-cl","status":"publish","type":"product","link":"https:\/\/www.mesvendanges.com\/en\/shop\/wines\/bandol-rouge-sainte-anne-ch-2010-75-cl\/","title":{"rendered":"BANDOL ROUGE"},"content":{"rendered":"<div>Voici le Bandol comme nous l&#8217;aimons, puissant mais contenu, avec de la fra\u00eecheur, de l&#8217;\u00e9l\u00e9gance, une belle finesse de tanin, un caract\u00e8re sauvage et de le salinit\u00e9 !<\/div>\n<div><\/div>\n<p>Mourv\u00e8dre 60%, grenache 20%, cinsault 20%<br \/>Age moyen des vignes : 46 ans<br \/>Expo sud-est, sur sols argilo-calcaire.<br \/>Rendement 26hl\/ha<br \/>Vignes conduites en agriculture biologique<\/p>\n","protected":false},"excerpt":{"rendered":"<p>Voici le Bandol comme nous l&#8217;aimons, puissant mais contenu, avec de la fra\u00eecheur, de l&#8217;\u00e9l\u00e9gance, une belle finesse de tanin, un caract\u00e8re sauvage et de le salinit\u00e9 ! Mourv\u00e8dre 60%, grenache 20%, cinsault 20%Age moyen des vignes : 46 ansExpo sud-est, sur sols argilo-calcaire.Rendement 26hl\/haVignes conduites en agriculture biologique<\/p>\n","protected":false},"featured_media":0,"template":"","meta":[],"product_cat":[3740],"product_tag":[],"acf":[],"yoast_head":"<!-- This site is optimized with the Yoast SEO plugin v19.3 - https:\/\/yoast.com\/wordpress\/plugins\/seo\/ -->\n<title>BANDOL ROUGE - Mes Vendanges<\/title>\n<meta name=\"robots\" content=\"index, follow, max-snippet:-1, max-image-preview:large, max-video-preview:-1\" \/>\n<link rel=\"canonical\" href=\"https:\/\/www.mesvendanges.com\/en\/shop\/wines\/bandol-rouge-sainte-anne-ch-2010-75-cl\/\" \/>\n<meta property=\"og:locale\" content=\"en_US\" \/>\n<meta property=\"og:type\" content=\"article\" \/>\n<meta property=\"og:title\" content=\"BANDOL ROUGE - Mes Vendanges\" \/>\n<meta property=\"og:description\" content=\"Voici le Bandol comme nous l&#8217;aimons, puissant mais contenu, avec de la fra\u00eecheur, de l&#8217;\u00e9l\u00e9gance, une belle finesse de tanin, un caract\u00e8re sauvage et de le salinit\u00e9 ! Mourv\u00e8dre 60%, grenache 20%, cinsault 20%Age moyen des vignes : 46 ansExpo sud-est, sur sols argilo-calcaire.Rendement 26hl\/haVignes conduites en agriculture biologique\" \/>\n<meta property=\"og:url\" content=\"https:\/\/www.mesvendanges.com\/en\/shop\/wines\/bandol-rouge-sainte-anne-ch-2010-75-cl\/\" \/>\n<meta property=\"og:site_name\" content=\"Mes Vendanges\" \/>\n<meta property=\"article:modified_time\" content=\"2023-12-06T04:06:16+00:00\" \/>\n<meta name=\"twitter:card\" content=\"summary_large_image\" \/>\n<script type=\"application\/ld+json\" class=\"yoast-schema-graph\">{\"@context\":\"https:\/\/schema.org\",\"@graph\":[{\"@type\":\"Organization\",\"@id\":\"https:\/\/www.mesvendanges.com\/en\/#organization\",\"name\":\"Mes Vendanges\",\"url\":\"https:\/\/www.mesvendanges.com\/en\/\",\"sameAs\":[],\"logo\":{\"@type\":\"ImageObject\",\"inLanguage\":\"fr-FR\",\"@id\":\"https:\/\/www.mesvendanges.com\/en\/#\/schema\/logo\/image\/\",\"url\":\"https:\/\/www.mesvendanges.com\/wp-content\/uploads\/2022\/02\/logo-mesvendanges.jpg\",\"contentUrl\":\"https:\/\/www.mesvendanges.com\/wp-content\/uploads\/2022\/02\/logo-mesvendanges.jpg\",\"width\":851,\"height\":260,\"caption\":\"Mes Vendanges\"},\"image\":{\"@id\":\"https:\/\/www.mesvendanges.com\/en\/#\/schema\/logo\/image\/\"}},{\"@type\":\"WebSite\",\"@id\":\"https:\/\/www.mesvendanges.com\/en\/#website\",\"url\":\"https:\/\/www.mesvendanges.com\/en\/\",\"name\":\"Mes Vendanges\",\"description\":\"Des journ\u00e9es enti\u00e8res dans les vignes\",\"publisher\":{\"@id\":\"https:\/\/www.mesvendanges.com\/en\/#organization\"},\"potentialAction\":[{\"@type\":\"SearchAction\",\"target\":{\"@type\":\"EntryPoint\",\"urlTemplate\":\"https:\/\/www.mesvendanges.com\/en\/?s={search_term_string}\"},\"query-input\":\"required name=search_term_string\"}],\"inLanguage\":\"fr-FR\"},{\"@type\":\"WebPage\",\"@id\":\"https:\/\/www.mesvendanges.com\/en\/shop\/wines\/bandol-rouge-sainte-anne-ch-2010-75-cl\/\",\"url\":\"https:\/\/www.mesvendanges.com\/en\/shop\/wines\/bandol-rouge-sainte-anne-ch-2010-75-cl\/\",\"name\":\"BANDOL ROUGE - Mes Vendanges\",\"isPartOf\":{\"@id\":\"https:\/\/www.mesvendanges.com\/en\/#website\"},\"datePublished\":\"2022-08-02T10:35:41+00:00\",\"dateModified\":\"2023-12-06T04:06:16+00:00\",\"breadcrumb\":{\"@id\":\"https:\/\/www.mesvendanges.com\/en\/shop\/wines\/bandol-rouge-sainte-anne-ch-2010-75-cl\/#breadcrumb\"},\"inLanguage\":\"fr-FR\",\"potentialAction\":[{\"@type\":\"ReadAction\",\"target\":[\"https:\/\/www.mesvendanges.com\/en\/shop\/wines\/bandol-rouge-sainte-anne-ch-2010-75-cl\/\"]}]},{\"@type\":\"BreadcrumbList\",\"@id\":\"https:\/\/www.mesvendanges.com\/en\/shop\/wines\/bandol-rouge-sainte-anne-ch-2010-75-cl\/#breadcrumb\",\"itemListElement\":[{\"@type\":\"ListItem\",\"position\":1,\"name\":\"Home\",\"item\":\"https:\/\/www.mesvendanges.com\/en\/\"},{\"@type\":\"ListItem\",\"position\":2,\"name\":\"Shop\",\"item\":\"https:\/\/www.mesvendanges.com\/en\/shop\/\"},{\"@type\":\"ListItem\",\"position\":3,\"name\":\"BANDOL ROUGE\"}]}]}<\/script>\n<!-- \/ Yoast SEO plugin. -->","yoast_head_json":{"title":"BANDOL ROUGE - Mes Vendanges","robots":{"index":"index","follow":"follow","max-snippet":"max-snippet:-1","max-image-preview":"max-image-preview:large","max-video-preview":"max-video-preview:-1"},"canonical":"https:\/\/www.mesvendanges.com\/en\/shop\/wines\/bandol-rouge-sainte-anne-ch-2010-75-cl\/","og_locale":"en_US","og_type":"article","og_title":"BANDOL ROUGE - Mes Vendanges","og_description":"Voici le Bandol comme nous l&#8217;aimons, puissant mais contenu, avec de la fra\u00eecheur, de l&#8217;\u00e9l\u00e9gance, une belle finesse de tanin, un caract\u00e8re sauvage et de le salinit\u00e9 ! Mourv\u00e8dre 60%, grenache 20%, cinsault 20%Age moyen des vignes : 46 ansExpo sud-est, sur sols argilo-calcaire.Rendement 26hl\/haVignes conduites en agriculture biologique","og_url":"https:\/\/www.mesvendanges.com\/en\/shop\/wines\/bandol-rouge-sainte-anne-ch-2010-75-cl\/","og_site_name":"Mes Vendanges","article_modified_time":"2023-12-06T04:06:16+00:00","twitter_card":"summary_large_image","schema":{"@context":"https:\/\/schema.org","@graph":[{"@type":"Organization","@id":"https:\/\/www.mesvendanges.com\/en\/#organization","name":"Mes Vendanges","url":"https:\/\/www.mesvendanges.com\/en\/","sameAs":[],"logo":{"@type":"ImageObject","inLanguage":"fr-FR","@id":"https:\/\/www.mesvendanges.com\/en\/#\/schema\/logo\/image\/","url":"https:\/\/www.mesvendanges.com\/wp-content\/uploads\/2022\/02\/logo-mesvendanges.jpg","contentUrl":"https:\/\/www.mesvendanges.com\/wp-content\/uploads\/2022\/02\/logo-mesvendanges.jpg","width":851,"height":260,"caption":"Mes Vendanges"},"image":{"@id":"https:\/\/www.mesvendanges.com\/en\/#\/schema\/logo\/image\/"}},{"@type":"WebSite","@id":"https:\/\/www.mesvendanges.com\/en\/#website","url":"https:\/\/www.mesvendanges.com\/en\/","name":"Mes Vendanges","description":"Des journ\u00e9es enti\u00e8res dans les vignes","publisher":{"@id":"https:\/\/www.mesvendanges.com\/en\/#organization"},"potentialAction":[{"@type":"SearchAction","target":{"@type":"EntryPoint","urlTemplate":"https:\/\/www.mesvendanges.com\/en\/?s={search_term_string}"},"query-input":"required name=search_term_string"}],"inLanguage":"fr-FR"},{"@type":"WebPage","@id":"https:\/\/www.mesvendanges.com\/en\/shop\/wines\/bandol-rouge-sainte-anne-ch-2010-75-cl\/","url":"https:\/\/www.mesvendanges.com\/en\/shop\/wines\/bandol-rouge-sainte-anne-ch-2010-75-cl\/","name":"BANDOL ROUGE - Mes Vendanges","isPartOf":{"@id":"https:\/\/www.mesvendanges.com\/en\/#website"},"datePublished":"2022-08-02T10:35:41+00:00","dateModified":"2023-12-06T04:06:16+00:00","breadcrumb":{"@id":"https:\/\/www.mesvendanges.com\/en\/shop\/wines\/bandol-rouge-sainte-anne-ch-2010-75-cl\/#breadcrumb"},"inLanguage":"fr-FR","potentialAction":[{"@type":"ReadAction","target":["https:\/\/www.mesvendanges.com\/en\/shop\/wines\/bandol-rouge-sainte-anne-ch-2010-75-cl\/"]}]},{"@type":"BreadcrumbList","@id":"https:\/\/www.mesvendanges.com\/en\/shop\/wines\/bandol-rouge-sainte-anne-ch-2010-75-cl\/#breadcrumb","itemListElement":[{"@type":"ListItem","position":1,"name":"Home","item":"https:\/\/www.mesvendanges.com\/en\/"},{"@type":"ListItem","position":2,"name":"Shop","item":"https:\/\/www.mesvendanges.com\/en\/shop\/"},{"@type":"ListItem","position":3,"name":"BANDOL ROUGE"}]}]}},"_links":{"self":[{"href":"https:\/\/www.mesvendanges.com\/en\/wp-json\/wp\/v2\/product\/35450"}],"collection":[{"href":"https:\/\/www.mesvendanges.com\/en\/wp-json\/wp\/v2\/product"}],"about":[{"href":"https:\/\/www.mesvendanges.com\/en\/wp-json\/wp\/v2\/types\/product"}],"wp:attachment":[{"href":"https:\/\/www.mesvendanges.com\/en\/wp-json\/wp\/v2\/media?parent=35450"}],"wp:term":[{"taxonomy":"product_cat","embeddable":true,"href":"https:\/\/www.mesvendanges.com\/en\/wp-json\/wp\/v2\/product_cat?post=35450"},{"taxonomy":"product_tag","embeddable":true,"href":"https:\/\/www.mesvendanges.com\/en\/wp-json\/wp\/v2\/product_tag?post=35450"}],"curies":[{"name":"wp","href":"https:\/\/api.w.org\/{rel}","templated":true}]}}