{"id":35542,"date":"2022-08-02T12:38:18","date_gmt":"2022-08-02T10:38:18","guid":{"rendered":"https:\/\/www.mesvendanges.com\/shop\/uncategorized\/le-vin-en-rose-2\/"},"modified":"2023-12-05T21:51:37","modified_gmt":"2023-12-05T20:51:37","slug":"le-vin-en-rose-jonc-blanc-ch-2012-75cl","status":"publish","type":"product","link":"https:\/\/www.mesvendanges.com\/en\/shop\/wines\/le-vin-en-rose-jonc-blanc-ch-2012-75cl\/","title":{"rendered":"LE VIN EN ROSE"},"content":{"rendered":"<p>Bergerac ros\u00e9, ros\u00e9 de plaisir et de gastronomie, de couleur rose p\u00e2le, charnu en bouche, ce vin frais, aromatique et long en bouche accompagnera avec bonheur un repas estival. Il est issu essentiellement de pressurage direct de Merlot ferment\u00e9 \u00e0 basse temp\u00e9rature et \u00e9lev\u00e9 sur lies fines. Le Ch\u00e2teau Jonc-Blanc est en agriculture biologique certifi\u00e9e.<\/p>\n","protected":false},"excerpt":{"rendered":"<p>Bergerac ros\u00e9, ros\u00e9 de plaisir et de gastronomie, de couleur rose p\u00e2le, charnu en bouche, ce vin frais, aromatique et long en bouche accompagnera avec bonheur un repas estival. Il est issu essentiellement de pressurage direct de Merlot ferment\u00e9 \u00e0 basse temp\u00e9rature et \u00e9lev\u00e9 sur lies fines. Le Ch\u00e2teau Jonc-Blanc est en agriculture biologique certifi\u00e9e.<\/p>\n","protected":false},"featured_media":0,"template":"","meta":[],"product_cat":[3740],"product_tag":[],"acf":[],"yoast_head":"<!-- This site is optimized with the Yoast SEO plugin v19.3 - https:\/\/yoast.com\/wordpress\/plugins\/seo\/ -->\n<title>LE VIN EN ROSE - Mes Vendanges<\/title>\n<meta name=\"robots\" content=\"index, follow, max-snippet:-1, max-image-preview:large, max-video-preview:-1\" \/>\n<link rel=\"canonical\" href=\"https:\/\/www.mesvendanges.com\/en\/shop\/wines\/le-vin-en-rose-jonc-blanc-ch-2012-75cl\/\" \/>\n<meta property=\"og:locale\" content=\"en_US\" \/>\n<meta property=\"og:type\" content=\"article\" \/>\n<meta property=\"og:title\" content=\"LE VIN EN ROSE - Mes Vendanges\" \/>\n<meta property=\"og:description\" content=\"Bergerac ros\u00e9, ros\u00e9 de plaisir et de gastronomie, de couleur rose p\u00e2le, charnu en bouche, ce vin frais, aromatique et long en bouche accompagnera avec bonheur un repas estival. Il est issu essentiellement de pressurage direct de Merlot ferment\u00e9 \u00e0 basse temp\u00e9rature et \u00e9lev\u00e9 sur lies fines. Le Ch\u00e2teau Jonc-Blanc est en agriculture biologique certifi\u00e9e.\" \/>\n<meta property=\"og:url\" content=\"https:\/\/www.mesvendanges.com\/en\/shop\/wines\/le-vin-en-rose-jonc-blanc-ch-2012-75cl\/\" \/>\n<meta property=\"og:site_name\" content=\"Mes Vendanges\" \/>\n<meta property=\"article:modified_time\" content=\"2023-12-05T20:51:37+00:00\" \/>\n<meta name=\"twitter:card\" content=\"summary_large_image\" \/>\n<script type=\"application\/ld+json\" class=\"yoast-schema-graph\">{\"@context\":\"https:\/\/schema.org\",\"@graph\":[{\"@type\":\"Organization\",\"@id\":\"https:\/\/www.mesvendanges.com\/en\/#organization\",\"name\":\"Mes Vendanges\",\"url\":\"https:\/\/www.mesvendanges.com\/en\/\",\"sameAs\":[],\"logo\":{\"@type\":\"ImageObject\",\"inLanguage\":\"fr-FR\",\"@id\":\"https:\/\/www.mesvendanges.com\/en\/#\/schema\/logo\/image\/\",\"url\":\"https:\/\/www.mesvendanges.com\/wp-content\/uploads\/2022\/02\/logo-mesvendanges.jpg\",\"contentUrl\":\"https:\/\/www.mesvendanges.com\/wp-content\/uploads\/2022\/02\/logo-mesvendanges.jpg\",\"width\":851,\"height\":260,\"caption\":\"Mes Vendanges\"},\"image\":{\"@id\":\"https:\/\/www.mesvendanges.com\/en\/#\/schema\/logo\/image\/\"}},{\"@type\":\"WebSite\",\"@id\":\"https:\/\/www.mesvendanges.com\/en\/#website\",\"url\":\"https:\/\/www.mesvendanges.com\/en\/\",\"name\":\"Mes Vendanges\",\"description\":\"Des journ\u00e9es enti\u00e8res dans les vignes\",\"publisher\":{\"@id\":\"https:\/\/www.mesvendanges.com\/en\/#organization\"},\"potentialAction\":[{\"@type\":\"SearchAction\",\"target\":{\"@type\":\"EntryPoint\",\"urlTemplate\":\"https:\/\/www.mesvendanges.com\/en\/?s={search_term_string}\"},\"query-input\":\"required name=search_term_string\"}],\"inLanguage\":\"fr-FR\"},{\"@type\":\"WebPage\",\"@id\":\"https:\/\/www.mesvendanges.com\/en\/shop\/wines\/le-vin-en-rose-jonc-blanc-ch-2012-75cl\/\",\"url\":\"https:\/\/www.mesvendanges.com\/en\/shop\/wines\/le-vin-en-rose-jonc-blanc-ch-2012-75cl\/\",\"name\":\"LE VIN EN ROSE - Mes Vendanges\",\"isPartOf\":{\"@id\":\"https:\/\/www.mesvendanges.com\/en\/#website\"},\"datePublished\":\"2022-08-02T10:38:18+00:00\",\"dateModified\":\"2023-12-05T20:51:37+00:00\",\"breadcrumb\":{\"@id\":\"https:\/\/www.mesvendanges.com\/en\/shop\/wines\/le-vin-en-rose-jonc-blanc-ch-2012-75cl\/#breadcrumb\"},\"inLanguage\":\"fr-FR\",\"potentialAction\":[{\"@type\":\"ReadAction\",\"target\":[\"https:\/\/www.mesvendanges.com\/en\/shop\/wines\/le-vin-en-rose-jonc-blanc-ch-2012-75cl\/\"]}]},{\"@type\":\"BreadcrumbList\",\"@id\":\"https:\/\/www.mesvendanges.com\/en\/shop\/wines\/le-vin-en-rose-jonc-blanc-ch-2012-75cl\/#breadcrumb\",\"itemListElement\":[{\"@type\":\"ListItem\",\"position\":1,\"name\":\"Home\",\"item\":\"https:\/\/www.mesvendanges.com\/en\/\"},{\"@type\":\"ListItem\",\"position\":2,\"name\":\"Shop\",\"item\":\"https:\/\/www.mesvendanges.com\/en\/shop\/\"},{\"@type\":\"ListItem\",\"position\":3,\"name\":\"LE VIN EN ROSE\"}]}]}<\/script>\n<!-- \/ Yoast SEO plugin. -->","yoast_head_json":{"title":"LE VIN EN ROSE - Mes Vendanges","robots":{"index":"index","follow":"follow","max-snippet":"max-snippet:-1","max-image-preview":"max-image-preview:large","max-video-preview":"max-video-preview:-1"},"canonical":"https:\/\/www.mesvendanges.com\/en\/shop\/wines\/le-vin-en-rose-jonc-blanc-ch-2012-75cl\/","og_locale":"en_US","og_type":"article","og_title":"LE VIN EN ROSE - Mes Vendanges","og_description":"Bergerac ros\u00e9, ros\u00e9 de plaisir et de gastronomie, de couleur rose p\u00e2le, charnu en bouche, ce vin frais, aromatique et long en bouche accompagnera avec bonheur un repas estival. Il est issu essentiellement de pressurage direct de Merlot ferment\u00e9 \u00e0 basse temp\u00e9rature et \u00e9lev\u00e9 sur lies fines. Le Ch\u00e2teau Jonc-Blanc est en agriculture biologique certifi\u00e9e.","og_url":"https:\/\/www.mesvendanges.com\/en\/shop\/wines\/le-vin-en-rose-jonc-blanc-ch-2012-75cl\/","og_site_name":"Mes Vendanges","article_modified_time":"2023-12-05T20:51:37+00:00","twitter_card":"summary_large_image","schema":{"@context":"https:\/\/schema.org","@graph":[{"@type":"Organization","@id":"https:\/\/www.mesvendanges.com\/en\/#organization","name":"Mes Vendanges","url":"https:\/\/www.mesvendanges.com\/en\/","sameAs":[],"logo":{"@type":"ImageObject","inLanguage":"fr-FR","@id":"https:\/\/www.mesvendanges.com\/en\/#\/schema\/logo\/image\/","url":"https:\/\/www.mesvendanges.com\/wp-content\/uploads\/2022\/02\/logo-mesvendanges.jpg","contentUrl":"https:\/\/www.mesvendanges.com\/wp-content\/uploads\/2022\/02\/logo-mesvendanges.jpg","width":851,"height":260,"caption":"Mes Vendanges"},"image":{"@id":"https:\/\/www.mesvendanges.com\/en\/#\/schema\/logo\/image\/"}},{"@type":"WebSite","@id":"https:\/\/www.mesvendanges.com\/en\/#website","url":"https:\/\/www.mesvendanges.com\/en\/","name":"Mes Vendanges","description":"Des journ\u00e9es enti\u00e8res dans les vignes","publisher":{"@id":"https:\/\/www.mesvendanges.com\/en\/#organization"},"potentialAction":[{"@type":"SearchAction","target":{"@type":"EntryPoint","urlTemplate":"https:\/\/www.mesvendanges.com\/en\/?s={search_term_string}"},"query-input":"required name=search_term_string"}],"inLanguage":"fr-FR"},{"@type":"WebPage","@id":"https:\/\/www.mesvendanges.com\/en\/shop\/wines\/le-vin-en-rose-jonc-blanc-ch-2012-75cl\/","url":"https:\/\/www.mesvendanges.com\/en\/shop\/wines\/le-vin-en-rose-jonc-blanc-ch-2012-75cl\/","name":"LE VIN EN ROSE - Mes Vendanges","isPartOf":{"@id":"https:\/\/www.mesvendanges.com\/en\/#website"},"datePublished":"2022-08-02T10:38:18+00:00","dateModified":"2023-12-05T20:51:37+00:00","breadcrumb":{"@id":"https:\/\/www.mesvendanges.com\/en\/shop\/wines\/le-vin-en-rose-jonc-blanc-ch-2012-75cl\/#breadcrumb"},"inLanguage":"fr-FR","potentialAction":[{"@type":"ReadAction","target":["https:\/\/www.mesvendanges.com\/en\/shop\/wines\/le-vin-en-rose-jonc-blanc-ch-2012-75cl\/"]}]},{"@type":"BreadcrumbList","@id":"https:\/\/www.mesvendanges.com\/en\/shop\/wines\/le-vin-en-rose-jonc-blanc-ch-2012-75cl\/#breadcrumb","itemListElement":[{"@type":"ListItem","position":1,"name":"Home","item":"https:\/\/www.mesvendanges.com\/en\/"},{"@type":"ListItem","position":2,"name":"Shop","item":"https:\/\/www.mesvendanges.com\/en\/shop\/"},{"@type":"ListItem","position":3,"name":"LE VIN EN ROSE"}]}]}},"_links":{"self":[{"href":"https:\/\/www.mesvendanges.com\/en\/wp-json\/wp\/v2\/product\/35542"}],"collection":[{"href":"https:\/\/www.mesvendanges.com\/en\/wp-json\/wp\/v2\/product"}],"about":[{"href":"https:\/\/www.mesvendanges.com\/en\/wp-json\/wp\/v2\/types\/product"}],"wp:attachment":[{"href":"https:\/\/www.mesvendanges.com\/en\/wp-json\/wp\/v2\/media?parent=35542"}],"wp:term":[{"taxonomy":"product_cat","embeddable":true,"href":"https:\/\/www.mesvendanges.com\/en\/wp-json\/wp\/v2\/product_cat?post=35542"},{"taxonomy":"product_tag","embeddable":true,"href":"https:\/\/www.mesvendanges.com\/en\/wp-json\/wp\/v2\/product_tag?post=35542"}],"curies":[{"name":"wp","href":"https:\/\/api.w.org\/{rel}","templated":true}]}}