{"id":35600,"date":"2022-08-02T12:39:44","date_gmt":"2022-08-02T10:39:44","guid":{"rendered":"https:\/\/www.mesvendanges.com\/shop\/uncategorized\/la-chapelle-des-bois\/"},"modified":"2026-03-26T10:19:55","modified_gmt":"2026-03-26T09:19:55","slug":"la-chapelle-des-bois-jules-desjourneys-2009-75cl","status":"publish","type":"product","link":"https:\/\/www.mesvendanges.com\/en\/shop\/wines\/la-chapelle-des-bois-jules-desjourneys-2009-75cl\/","title":{"rendered":"LA CHAPELLE DES BOIS"},"content":{"rendered":"<p>commentaire Bettane &amp; Desseauve :<\/p>\n<div><span class=\"bd-vintage-text\" style=\"display: inline-block; width: 638px; padding: 5px; vertical-align: top; text-align: justify; color: rgb(43, 43, 33); font-family: 'Lucida Grande', 'Lucida Sans Unicode', Arial, Helvetica, sans-serif; font-size: 13px;\">Le nez est ferm\u00e9, finement \u00e9pic\u00e9. La bouche est d\u2019une suavit\u00e9 et d\u2019un velout\u00e9 de l\u00e9gende, il est hors cat\u00e9gorie par sa finesse et sa longueur, mais mettra 10 ans \u00e0 se faire, minimum. Combinaison parfaite du fruit, de l\u2019\u00e9l\u00e9gance et de la chair.<\/span><span style=\"color: rgb(43, 43, 33); font-family: 'Lucida Grande', 'Lucida Sans Unicode', Arial, Helvetica, sans-serif; font-size: 13px;\"><\/span><span class=\"bd-vintage-detail\" style=\"display: inline-block; vertical-align: top; padding: 5px; color: rgb(43, 43, 33); font-family: 'Lucida Grande', 'Lucida Sans Unicode', Arial, Helvetica, sans-serif; font-size: 13px;\"><b>Note: 18.0&nbsp;<\/b><br \/>Apog\u00e9e: de 2019 \u00e0 2039<\/span><\/div>\n","protected":false},"excerpt":{"rendered":"<p>commentaire Bettane &amp; Desseauve : Le nez est ferm\u00e9, finement \u00e9pic\u00e9. La bouche est d\u2019une suavit\u00e9 et d\u2019un velout\u00e9 de l\u00e9gende, il est hors cat\u00e9gorie par sa finesse et sa longueur, mais mettra 10 ans \u00e0 se faire, minimum. Combinaison parfaite du fruit, de l\u2019\u00e9l\u00e9gance et de la chair.Note: 18.0&nbsp;Apog\u00e9e: de 2019 \u00e0 2039<\/p>\n","protected":false},"featured_media":0,"template":"","meta":[],"product_cat":[3740],"product_tag":[],"acf":[],"yoast_head":"<!-- This site is optimized with the Yoast SEO plugin v19.3 - https:\/\/yoast.com\/wordpress\/plugins\/seo\/ -->\n<title>LA CHAPELLE DES BOIS - Mes Vendanges<\/title>\n<meta name=\"robots\" content=\"index, follow, max-snippet:-1, max-image-preview:large, max-video-preview:-1\" \/>\n<link rel=\"canonical\" href=\"https:\/\/www.mesvendanges.com\/en\/shop\/wines\/la-chapelle-des-bois-jules-desjourneys-2009-75cl\/\" \/>\n<meta property=\"og:locale\" content=\"en_US\" \/>\n<meta property=\"og:type\" content=\"article\" \/>\n<meta property=\"og:title\" content=\"LA CHAPELLE DES BOIS - Mes Vendanges\" \/>\n<meta property=\"og:description\" content=\"commentaire Bettane &amp; Desseauve : Le nez est ferm\u00e9, finement \u00e9pic\u00e9. La bouche est d\u2019une suavit\u00e9 et d\u2019un velout\u00e9 de l\u00e9gende, il est hors cat\u00e9gorie par sa finesse et sa longueur, mais mettra 10 ans \u00e0 se faire, minimum. Combinaison parfaite du fruit, de l\u2019\u00e9l\u00e9gance et de la chair.Note: 18.0&nbsp;Apog\u00e9e: de 2019 \u00e0 2039\" \/>\n<meta property=\"og:url\" content=\"https:\/\/www.mesvendanges.com\/en\/shop\/wines\/la-chapelle-des-bois-jules-desjourneys-2009-75cl\/\" \/>\n<meta property=\"og:site_name\" content=\"Mes Vendanges\" \/>\n<meta property=\"article:modified_time\" content=\"2026-03-26T09:19:55+00:00\" \/>\n<meta name=\"twitter:card\" content=\"summary_large_image\" \/>\n<script type=\"application\/ld+json\" class=\"yoast-schema-graph\">{\"@context\":\"https:\/\/schema.org\",\"@graph\":[{\"@type\":\"Organization\",\"@id\":\"https:\/\/www.mesvendanges.com\/en\/#organization\",\"name\":\"Mes Vendanges\",\"url\":\"https:\/\/www.mesvendanges.com\/en\/\",\"sameAs\":[],\"logo\":{\"@type\":\"ImageObject\",\"inLanguage\":\"fr-FR\",\"@id\":\"https:\/\/www.mesvendanges.com\/en\/#\/schema\/logo\/image\/\",\"url\":\"https:\/\/www.mesvendanges.com\/wp-content\/uploads\/2022\/02\/logo-mesvendanges.jpg\",\"contentUrl\":\"https:\/\/www.mesvendanges.com\/wp-content\/uploads\/2022\/02\/logo-mesvendanges.jpg\",\"width\":851,\"height\":260,\"caption\":\"Mes Vendanges\"},\"image\":{\"@id\":\"https:\/\/www.mesvendanges.com\/en\/#\/schema\/logo\/image\/\"}},{\"@type\":\"WebSite\",\"@id\":\"https:\/\/www.mesvendanges.com\/en\/#website\",\"url\":\"https:\/\/www.mesvendanges.com\/en\/\",\"name\":\"Mes Vendanges\",\"description\":\"Des journ\u00e9es enti\u00e8res dans les vignes\",\"publisher\":{\"@id\":\"https:\/\/www.mesvendanges.com\/en\/#organization\"},\"potentialAction\":[{\"@type\":\"SearchAction\",\"target\":{\"@type\":\"EntryPoint\",\"urlTemplate\":\"https:\/\/www.mesvendanges.com\/en\/?s={search_term_string}\"},\"query-input\":\"required name=search_term_string\"}],\"inLanguage\":\"fr-FR\"},{\"@type\":\"WebPage\",\"@id\":\"https:\/\/www.mesvendanges.com\/en\/shop\/wines\/la-chapelle-des-bois-jules-desjourneys-2009-75cl\/\",\"url\":\"https:\/\/www.mesvendanges.com\/en\/shop\/wines\/la-chapelle-des-bois-jules-desjourneys-2009-75cl\/\",\"name\":\"LA CHAPELLE DES BOIS - Mes Vendanges\",\"isPartOf\":{\"@id\":\"https:\/\/www.mesvendanges.com\/en\/#website\"},\"datePublished\":\"2022-08-02T10:39:44+00:00\",\"dateModified\":\"2026-03-26T09:19:55+00:00\",\"breadcrumb\":{\"@id\":\"https:\/\/www.mesvendanges.com\/en\/shop\/wines\/la-chapelle-des-bois-jules-desjourneys-2009-75cl\/#breadcrumb\"},\"inLanguage\":\"fr-FR\",\"potentialAction\":[{\"@type\":\"ReadAction\",\"target\":[\"https:\/\/www.mesvendanges.com\/en\/shop\/wines\/la-chapelle-des-bois-jules-desjourneys-2009-75cl\/\"]}]},{\"@type\":\"BreadcrumbList\",\"@id\":\"https:\/\/www.mesvendanges.com\/en\/shop\/wines\/la-chapelle-des-bois-jules-desjourneys-2009-75cl\/#breadcrumb\",\"itemListElement\":[{\"@type\":\"ListItem\",\"position\":1,\"name\":\"Home\",\"item\":\"https:\/\/www.mesvendanges.com\/en\/\"},{\"@type\":\"ListItem\",\"position\":2,\"name\":\"Shop\",\"item\":\"https:\/\/www.mesvendanges.com\/en\/shop\/\"},{\"@type\":\"ListItem\",\"position\":3,\"name\":\"LA CHAPELLE DES BOIS\"}]}]}<\/script>\n<!-- \/ Yoast SEO plugin. -->","yoast_head_json":{"title":"LA CHAPELLE DES BOIS - Mes Vendanges","robots":{"index":"index","follow":"follow","max-snippet":"max-snippet:-1","max-image-preview":"max-image-preview:large","max-video-preview":"max-video-preview:-1"},"canonical":"https:\/\/www.mesvendanges.com\/en\/shop\/wines\/la-chapelle-des-bois-jules-desjourneys-2009-75cl\/","og_locale":"en_US","og_type":"article","og_title":"LA CHAPELLE DES BOIS - Mes Vendanges","og_description":"commentaire Bettane &amp; Desseauve : Le nez est ferm\u00e9, finement \u00e9pic\u00e9. La bouche est d\u2019une suavit\u00e9 et d\u2019un velout\u00e9 de l\u00e9gende, il est hors cat\u00e9gorie par sa finesse et sa longueur, mais mettra 10 ans \u00e0 se faire, minimum. Combinaison parfaite du fruit, de l\u2019\u00e9l\u00e9gance et de la chair.Note: 18.0&nbsp;Apog\u00e9e: de 2019 \u00e0 2039","og_url":"https:\/\/www.mesvendanges.com\/en\/shop\/wines\/la-chapelle-des-bois-jules-desjourneys-2009-75cl\/","og_site_name":"Mes Vendanges","article_modified_time":"2026-03-26T09:19:55+00:00","twitter_card":"summary_large_image","schema":{"@context":"https:\/\/schema.org","@graph":[{"@type":"Organization","@id":"https:\/\/www.mesvendanges.com\/en\/#organization","name":"Mes Vendanges","url":"https:\/\/www.mesvendanges.com\/en\/","sameAs":[],"logo":{"@type":"ImageObject","inLanguage":"fr-FR","@id":"https:\/\/www.mesvendanges.com\/en\/#\/schema\/logo\/image\/","url":"https:\/\/www.mesvendanges.com\/wp-content\/uploads\/2022\/02\/logo-mesvendanges.jpg","contentUrl":"https:\/\/www.mesvendanges.com\/wp-content\/uploads\/2022\/02\/logo-mesvendanges.jpg","width":851,"height":260,"caption":"Mes Vendanges"},"image":{"@id":"https:\/\/www.mesvendanges.com\/en\/#\/schema\/logo\/image\/"}},{"@type":"WebSite","@id":"https:\/\/www.mesvendanges.com\/en\/#website","url":"https:\/\/www.mesvendanges.com\/en\/","name":"Mes Vendanges","description":"Des journ\u00e9es enti\u00e8res dans les vignes","publisher":{"@id":"https:\/\/www.mesvendanges.com\/en\/#organization"},"potentialAction":[{"@type":"SearchAction","target":{"@type":"EntryPoint","urlTemplate":"https:\/\/www.mesvendanges.com\/en\/?s={search_term_string}"},"query-input":"required name=search_term_string"}],"inLanguage":"fr-FR"},{"@type":"WebPage","@id":"https:\/\/www.mesvendanges.com\/en\/shop\/wines\/la-chapelle-des-bois-jules-desjourneys-2009-75cl\/","url":"https:\/\/www.mesvendanges.com\/en\/shop\/wines\/la-chapelle-des-bois-jules-desjourneys-2009-75cl\/","name":"LA CHAPELLE DES BOIS - Mes Vendanges","isPartOf":{"@id":"https:\/\/www.mesvendanges.com\/en\/#website"},"datePublished":"2022-08-02T10:39:44+00:00","dateModified":"2026-03-26T09:19:55+00:00","breadcrumb":{"@id":"https:\/\/www.mesvendanges.com\/en\/shop\/wines\/la-chapelle-des-bois-jules-desjourneys-2009-75cl\/#breadcrumb"},"inLanguage":"fr-FR","potentialAction":[{"@type":"ReadAction","target":["https:\/\/www.mesvendanges.com\/en\/shop\/wines\/la-chapelle-des-bois-jules-desjourneys-2009-75cl\/"]}]},{"@type":"BreadcrumbList","@id":"https:\/\/www.mesvendanges.com\/en\/shop\/wines\/la-chapelle-des-bois-jules-desjourneys-2009-75cl\/#breadcrumb","itemListElement":[{"@type":"ListItem","position":1,"name":"Home","item":"https:\/\/www.mesvendanges.com\/en\/"},{"@type":"ListItem","position":2,"name":"Shop","item":"https:\/\/www.mesvendanges.com\/en\/shop\/"},{"@type":"ListItem","position":3,"name":"LA CHAPELLE DES BOIS"}]}]}},"_links":{"self":[{"href":"https:\/\/www.mesvendanges.com\/en\/wp-json\/wp\/v2\/product\/35600"}],"collection":[{"href":"https:\/\/www.mesvendanges.com\/en\/wp-json\/wp\/v2\/product"}],"about":[{"href":"https:\/\/www.mesvendanges.com\/en\/wp-json\/wp\/v2\/types\/product"}],"wp:attachment":[{"href":"https:\/\/www.mesvendanges.com\/en\/wp-json\/wp\/v2\/media?parent=35600"}],"wp:term":[{"taxonomy":"product_cat","embeddable":true,"href":"https:\/\/www.mesvendanges.com\/en\/wp-json\/wp\/v2\/product_cat?post=35600"},{"taxonomy":"product_tag","embeddable":true,"href":"https:\/\/www.mesvendanges.com\/en\/wp-json\/wp\/v2\/product_tag?post=35600"}],"curies":[{"name":"wp","href":"https:\/\/api.w.org\/{rel}","templated":true}]}}