{"id":35712,"date":"2022-08-02T12:42:27","date_gmt":"2022-08-02T10:42:27","guid":{"rendered":"https:\/\/www.mesvendanges.com\/shop\/uncategorized\/leffraie-6\/"},"modified":"2023-12-05T09:13:21","modified_gmt":"2023-12-05T08:13:21","slug":"leffraie-belliviere-dne-de-2003-75cl","status":"publish","type":"product","link":"https:\/\/www.mesvendanges.com\/en\/shop\/wines\/leffraie-belliviere-dne-de-2003-75cl\/","title":{"rendered":"L&#8217;EFFRAIE"},"content":{"rendered":"<p>Domaine de Bellivi\u00e8re&#8217;s first white wine, it is a lively, expressive wine. The nose, with floral notes of persimmon loquat, whets the appetite. The palate, lively, fresh and sapid calls for the second glass. It is a disheveled wine, but with a precise and controlled writing, a beautiful introduction to Eric Nicolas&#8217; calligraphy. <\nL'Effraie est un assemblage de vignes de chenin moins de cinquante ans en appellation Coteaux du Loir, r\u00e9parties sur trois communes. Le sol est compos\u00e9 d'argiles \u00e0 silex sur tuffeaux, la vigne est conduite en biodynamie. En cave la vinification est conduite de mani\u00e8re naturelle en barrique.<\/p>\n","protected":false},"excerpt":{"rendered":"<p>Domaine de Bellivi\u00e8re&#8217;s first white wine, it is a lively, expressive wine. The nose, with floral notes of persimmon loquat, whets the appetite. The palate, lively, fresh and sapid calls for the second glass. It is a disheveled wine, but with a precise and controlled writing, a beautiful introduction to Eric Nicolas&#8217; calligraphy. < L'Effraie [&hellip;]\n<\/p>\n","protected":false},"featured_media":68234,"template":"","meta":[],"product_cat":[3740],"product_tag":[],"acf":[],"yoast_head":"<!-- This site is optimized with the Yoast SEO plugin v19.3 - https:\/\/yoast.com\/wordpress\/plugins\/seo\/ -->\n<title>L&#039;EFFRAIE - Mes Vendanges<\/title>\n<meta name=\"robots\" content=\"index, follow, max-snippet:-1, max-image-preview:large, max-video-preview:-1\" \/>\n<link rel=\"canonical\" href=\"https:\/\/www.mesvendanges.com\/en\/shop\/wines\/leffraie-belliviere-dne-de-2003-75cl\/\" \/>\n<meta property=\"og:locale\" content=\"en_US\" \/>\n<meta property=\"og:type\" content=\"article\" \/>\n<meta property=\"og:title\" content=\"L&#039;EFFRAIE - Mes Vendanges\" \/>\n<meta property=\"og:description\" content=\"Domaine de Bellivi\u00e8re&#8217;s first white wine, it is a lively, expressive wine. The nose, with floral notes of persimmon loquat, whets the appetite. The palate, lively, fresh and sapid calls for the second glass. It is a disheveled wine, but with a precise and controlled writing, a beautiful introduction to Eric Nicolas&#8217; calligraphy. &lt; L&#039;Effraie [&hellip;]\" \/>\n<meta property=\"og:url\" content=\"https:\/\/www.mesvendanges.com\/en\/shop\/wines\/leffraie-belliviere-dne-de-2003-75cl\/\" \/>\n<meta property=\"og:site_name\" content=\"Mes Vendanges\" \/>\n<meta property=\"article:modified_time\" content=\"2023-12-05T08:13:21+00:00\" \/>\n<meta property=\"og:image\" content=\"https:\/\/www.mesvendanges.com\/wp-content\/uploads\/2023\/12\/domaine-de-belliviere-leffraie-coteaux-du-loir-blanc-2003-png.png\" \/>\n\t<meta property=\"og:image:width\" content=\"600\" \/>\n\t<meta property=\"og:image:height\" content=\"1500\" \/>\n\t<meta property=\"og:image:type\" content=\"image\/png\" \/>\n<meta name=\"twitter:card\" content=\"summary_large_image\" \/>\n<meta name=\"twitter:label1\" content=\"Est. reading time\" \/>\n\t<meta name=\"twitter:data1\" content=\"1 minute\" \/>\n<script type=\"application\/ld+json\" class=\"yoast-schema-graph\">{\"@context\":\"https:\/\/schema.org\",\"@graph\":[{\"@type\":\"Organization\",\"@id\":\"https:\/\/www.mesvendanges.com\/en\/#organization\",\"name\":\"Mes Vendanges\",\"url\":\"https:\/\/www.mesvendanges.com\/en\/\",\"sameAs\":[],\"logo\":{\"@type\":\"ImageObject\",\"inLanguage\":\"fr-FR\",\"@id\":\"https:\/\/www.mesvendanges.com\/en\/#\/schema\/logo\/image\/\",\"url\":\"https:\/\/www.mesvendanges.com\/wp-content\/uploads\/2022\/02\/logo-mesvendanges.jpg\",\"contentUrl\":\"https:\/\/www.mesvendanges.com\/wp-content\/uploads\/2022\/02\/logo-mesvendanges.jpg\",\"width\":851,\"height\":260,\"caption\":\"Mes Vendanges\"},\"image\":{\"@id\":\"https:\/\/www.mesvendanges.com\/en\/#\/schema\/logo\/image\/\"}},{\"@type\":\"WebSite\",\"@id\":\"https:\/\/www.mesvendanges.com\/en\/#website\",\"url\":\"https:\/\/www.mesvendanges.com\/en\/\",\"name\":\"Mes Vendanges\",\"description\":\"Des journ\u00e9es enti\u00e8res dans les vignes\",\"publisher\":{\"@id\":\"https:\/\/www.mesvendanges.com\/en\/#organization\"},\"potentialAction\":[{\"@type\":\"SearchAction\",\"target\":{\"@type\":\"EntryPoint\",\"urlTemplate\":\"https:\/\/www.mesvendanges.com\/en\/?s={search_term_string}\"},\"query-input\":\"required name=search_term_string\"}],\"inLanguage\":\"fr-FR\"},{\"@type\":\"ImageObject\",\"inLanguage\":\"fr-FR\",\"@id\":\"https:\/\/www.mesvendanges.com\/en\/shop\/wines\/leffraie-belliviere-dne-de-2003-75cl\/#primaryimage\",\"url\":\"https:\/\/www.mesvendanges.com\/wp-content\/uploads\/2023\/12\/domaine-de-belliviere-leffraie-coteaux-du-loir-blanc-2003-png.png\",\"contentUrl\":\"https:\/\/www.mesvendanges.com\/wp-content\/uploads\/2023\/12\/domaine-de-belliviere-leffraie-coteaux-du-loir-blanc-2003-png.png\",\"width\":600,\"height\":1500},{\"@type\":\"WebPage\",\"@id\":\"https:\/\/www.mesvendanges.com\/en\/shop\/wines\/leffraie-belliviere-dne-de-2003-75cl\/\",\"url\":\"https:\/\/www.mesvendanges.com\/en\/shop\/wines\/leffraie-belliviere-dne-de-2003-75cl\/\",\"name\":\"L'EFFRAIE - Mes Vendanges\",\"isPartOf\":{\"@id\":\"https:\/\/www.mesvendanges.com\/en\/#website\"},\"primaryImageOfPage\":{\"@id\":\"https:\/\/www.mesvendanges.com\/en\/shop\/wines\/leffraie-belliviere-dne-de-2003-75cl\/#primaryimage\"},\"datePublished\":\"2022-08-02T10:42:27+00:00\",\"dateModified\":\"2023-12-05T08:13:21+00:00\",\"breadcrumb\":{\"@id\":\"https:\/\/www.mesvendanges.com\/en\/shop\/wines\/leffraie-belliviere-dne-de-2003-75cl\/#breadcrumb\"},\"inLanguage\":\"fr-FR\",\"potentialAction\":[{\"@type\":\"ReadAction\",\"target\":[\"https:\/\/www.mesvendanges.com\/en\/shop\/wines\/leffraie-belliviere-dne-de-2003-75cl\/\"]}]},{\"@type\":\"BreadcrumbList\",\"@id\":\"https:\/\/www.mesvendanges.com\/en\/shop\/wines\/leffraie-belliviere-dne-de-2003-75cl\/#breadcrumb\",\"itemListElement\":[{\"@type\":\"ListItem\",\"position\":1,\"name\":\"Home\",\"item\":\"https:\/\/www.mesvendanges.com\/en\/\"},{\"@type\":\"ListItem\",\"position\":2,\"name\":\"Shop\",\"item\":\"https:\/\/www.mesvendanges.com\/en\/shop\/\"},{\"@type\":\"ListItem\",\"position\":3,\"name\":\"L&#8217;EFFRAIE\"}]}]}<\/script>\n<!-- \/ Yoast SEO plugin. -->","yoast_head_json":{"title":"L'EFFRAIE - Mes Vendanges","robots":{"index":"index","follow":"follow","max-snippet":"max-snippet:-1","max-image-preview":"max-image-preview:large","max-video-preview":"max-video-preview:-1"},"canonical":"https:\/\/www.mesvendanges.com\/en\/shop\/wines\/leffraie-belliviere-dne-de-2003-75cl\/","og_locale":"en_US","og_type":"article","og_title":"L'EFFRAIE - Mes Vendanges","og_description":"Domaine de Bellivi\u00e8re&#8217;s first white wine, it is a lively, expressive wine. The nose, with floral notes of persimmon loquat, whets the appetite. The palate, lively, fresh and sapid calls for the second glass. It is a disheveled wine, but with a precise and controlled writing, a beautiful introduction to Eric Nicolas&#8217; calligraphy. < L'Effraie [&hellip;]","og_url":"https:\/\/www.mesvendanges.com\/en\/shop\/wines\/leffraie-belliviere-dne-de-2003-75cl\/","og_site_name":"Mes Vendanges","article_modified_time":"2023-12-05T08:13:21+00:00","og_image":[{"width":600,"height":1500,"url":"https:\/\/www.mesvendanges.com\/wp-content\/uploads\/2023\/12\/domaine-de-belliviere-leffraie-coteaux-du-loir-blanc-2003-png.png","type":"image\/png"}],"twitter_card":"summary_large_image","twitter_misc":{"Est. reading time":"1 minute"},"schema":{"@context":"https:\/\/schema.org","@graph":[{"@type":"Organization","@id":"https:\/\/www.mesvendanges.com\/en\/#organization","name":"Mes Vendanges","url":"https:\/\/www.mesvendanges.com\/en\/","sameAs":[],"logo":{"@type":"ImageObject","inLanguage":"fr-FR","@id":"https:\/\/www.mesvendanges.com\/en\/#\/schema\/logo\/image\/","url":"https:\/\/www.mesvendanges.com\/wp-content\/uploads\/2022\/02\/logo-mesvendanges.jpg","contentUrl":"https:\/\/www.mesvendanges.com\/wp-content\/uploads\/2022\/02\/logo-mesvendanges.jpg","width":851,"height":260,"caption":"Mes Vendanges"},"image":{"@id":"https:\/\/www.mesvendanges.com\/en\/#\/schema\/logo\/image\/"}},{"@type":"WebSite","@id":"https:\/\/www.mesvendanges.com\/en\/#website","url":"https:\/\/www.mesvendanges.com\/en\/","name":"Mes Vendanges","description":"Des journ\u00e9es enti\u00e8res dans les vignes","publisher":{"@id":"https:\/\/www.mesvendanges.com\/en\/#organization"},"potentialAction":[{"@type":"SearchAction","target":{"@type":"EntryPoint","urlTemplate":"https:\/\/www.mesvendanges.com\/en\/?s={search_term_string}"},"query-input":"required name=search_term_string"}],"inLanguage":"fr-FR"},{"@type":"ImageObject","inLanguage":"fr-FR","@id":"https:\/\/www.mesvendanges.com\/en\/shop\/wines\/leffraie-belliviere-dne-de-2003-75cl\/#primaryimage","url":"https:\/\/www.mesvendanges.com\/wp-content\/uploads\/2023\/12\/domaine-de-belliviere-leffraie-coteaux-du-loir-blanc-2003-png.png","contentUrl":"https:\/\/www.mesvendanges.com\/wp-content\/uploads\/2023\/12\/domaine-de-belliviere-leffraie-coteaux-du-loir-blanc-2003-png.png","width":600,"height":1500},{"@type":"WebPage","@id":"https:\/\/www.mesvendanges.com\/en\/shop\/wines\/leffraie-belliviere-dne-de-2003-75cl\/","url":"https:\/\/www.mesvendanges.com\/en\/shop\/wines\/leffraie-belliviere-dne-de-2003-75cl\/","name":"L'EFFRAIE - Mes Vendanges","isPartOf":{"@id":"https:\/\/www.mesvendanges.com\/en\/#website"},"primaryImageOfPage":{"@id":"https:\/\/www.mesvendanges.com\/en\/shop\/wines\/leffraie-belliviere-dne-de-2003-75cl\/#primaryimage"},"datePublished":"2022-08-02T10:42:27+00:00","dateModified":"2023-12-05T08:13:21+00:00","breadcrumb":{"@id":"https:\/\/www.mesvendanges.com\/en\/shop\/wines\/leffraie-belliviere-dne-de-2003-75cl\/#breadcrumb"},"inLanguage":"fr-FR","potentialAction":[{"@type":"ReadAction","target":["https:\/\/www.mesvendanges.com\/en\/shop\/wines\/leffraie-belliviere-dne-de-2003-75cl\/"]}]},{"@type":"BreadcrumbList","@id":"https:\/\/www.mesvendanges.com\/en\/shop\/wines\/leffraie-belliviere-dne-de-2003-75cl\/#breadcrumb","itemListElement":[{"@type":"ListItem","position":1,"name":"Home","item":"https:\/\/www.mesvendanges.com\/en\/"},{"@type":"ListItem","position":2,"name":"Shop","item":"https:\/\/www.mesvendanges.com\/en\/shop\/"},{"@type":"ListItem","position":3,"name":"L&#8217;EFFRAIE"}]}]}},"_links":{"self":[{"href":"https:\/\/www.mesvendanges.com\/en\/wp-json\/wp\/v2\/product\/35712"}],"collection":[{"href":"https:\/\/www.mesvendanges.com\/en\/wp-json\/wp\/v2\/product"}],"about":[{"href":"https:\/\/www.mesvendanges.com\/en\/wp-json\/wp\/v2\/types\/product"}],"wp:featuredmedia":[{"embeddable":true,"href":"https:\/\/www.mesvendanges.com\/en\/wp-json\/wp\/v2\/media\/68234"}],"wp:attachment":[{"href":"https:\/\/www.mesvendanges.com\/en\/wp-json\/wp\/v2\/media?parent=35712"}],"wp:term":[{"taxonomy":"product_cat","embeddable":true,"href":"https:\/\/www.mesvendanges.com\/en\/wp-json\/wp\/v2\/product_cat?post=35712"},{"taxonomy":"product_tag","embeddable":true,"href":"https:\/\/www.mesvendanges.com\/en\/wp-json\/wp\/v2\/product_tag?post=35712"}],"curies":[{"name":"wp","href":"https:\/\/api.w.org\/{rel}","templated":true}]}}