{"id":35766,"date":"2022-08-02T12:43:56","date_gmt":"2022-08-02T10:43:56","guid":{"rendered":"https:\/\/www.mesvendanges.com\/shop\/uncategorized\/blaufrankisch-point\/"},"modified":"2023-12-05T21:54:30","modified_gmt":"2023-12-05T20:54:30","slug":"blaufrankisch-point-kollwentz-2007-75cl","status":"publish","type":"product","link":"https:\/\/www.mesvendanges.com\/en\/shop\/wines\/blaufrankisch-point-kollwentz-2007-75cl\/","title":{"rendered":"BLAUFRANKISCH POINT"},"content":{"rendered":"<p>Cette cuv\u00e9e est issue de vignes de Blaufrankisch, le c\u00e9page par excellence du Burgenland, plant\u00e9es sur les pentes sud de la colline du Leithaberg sur un sol argilo-calcaire, sur le terroir du Ried Point. Les vignes ont \u00e9t\u00e9 plant\u00e9es en 1971 et sont conduites de mani\u00e8re \u00e0 r\u00e9colter des raisins les plus murs possibles et sur de petits rendements. 2007 a donn\u00e9 une tr\u00e8s belle vendange, avec des baies parfaitement \u00e9quilibr\u00e9es. Le vin est \u00e9lev\u00e9 30 mois en barrique avant d&#8217;\u00eatre mis en bouteille sans collage ni filtration.<\/p>\n<div><\/div>\n<div>La cuv\u00e9e Point de Kollwentz pr\u00e9sente toujours un nez tr\u00e8s intense et complexe, m\u00e9lange de fruits noirs, d&#8217;\u00e9pices et de notes ferrugineuses. La bouche est ample, pleine en attaque, avec un fruit \u00e9panoui, des tanins fins. L&#8217;acidit\u00e9 vient tendre le vin en milieu de bouche pour le conduire sur une finale a\u00e9rienne.<\/div>\n<div><\/div>\n<div><\/div>\n<div><strong style=\"margin: 0px; padding: 0px; font-family: Verdana, Verdana, Geneva, sans-serif; font-size: 13px; line-height: 19.200000762939453px; background-color: rgb(249, 239, 214);\">Point 2007<\/strong><br style=\"margin: 0px; padding: 0px; font-family: Verdana, Verdana, Geneva, sans-serif; font-size: 13px; line-height: 19.200000762939453px; background-color: rgb(249, 239, 214);\"><span style=\"font-family: Verdana, Verdana, Geneva, sans-serif; font-size: 13px; line-height: 19.200000762939453px; background-color: rgb(249, 239, 214);\">93 &#8211; 95 Points Falstaff Weinguide 2010<\/span><br style=\"margin: 0px; padding: 0px; font-family: Verdana, Verdana, Geneva, sans-serif; font-size: 13px; line-height: 19.200000762939453px; background-color: rgb(249, 239, 214);\"><span style=\"font-family: Verdana, Verdana, Geneva, sans-serif; font-size: 13px; line-height: 19.200000762939453px; background-color: rgb(249, 239, 214);\">3 stars Vinaria 2009<\/span><\/p>\n<div><\/div>\n<\/div>\n","protected":false},"excerpt":{"rendered":"<p>Cette cuv\u00e9e est issue de vignes de Blaufrankisch, le c\u00e9page par excellence du Burgenland, plant\u00e9es sur les pentes sud de la colline du Leithaberg sur un sol argilo-calcaire, sur le terroir du Ried Point. Les vignes ont \u00e9t\u00e9 plant\u00e9es en 1971 et sont conduites de mani\u00e8re \u00e0 r\u00e9colter des raisins les plus murs possibles et [&hellip;]<\/p>\n","protected":false},"featured_media":0,"template":"","meta":[],"product_cat":[3740],"product_tag":[],"acf":[],"yoast_head":"<!-- This site is optimized with the Yoast SEO plugin v19.3 - https:\/\/yoast.com\/wordpress\/plugins\/seo\/ -->\n<title>BLAUFRANKISCH POINT - Mes Vendanges<\/title>\n<meta name=\"robots\" content=\"index, follow, max-snippet:-1, max-image-preview:large, max-video-preview:-1\" \/>\n<link rel=\"canonical\" href=\"https:\/\/www.mesvendanges.com\/en\/shop\/wines\/blaufrankisch-point-kollwentz-2007-75cl\/\" \/>\n<meta property=\"og:locale\" content=\"en_US\" \/>\n<meta property=\"og:type\" content=\"article\" \/>\n<meta property=\"og:title\" content=\"BLAUFRANKISCH POINT - Mes Vendanges\" \/>\n<meta property=\"og:description\" content=\"Cette cuv\u00e9e est issue de vignes de Blaufrankisch, le c\u00e9page par excellence du Burgenland, plant\u00e9es sur les pentes sud de la colline du Leithaberg sur un sol argilo-calcaire, sur le terroir du Ried Point. Les vignes ont \u00e9t\u00e9 plant\u00e9es en 1971 et sont conduites de mani\u00e8re \u00e0 r\u00e9colter des raisins les plus murs possibles et [&hellip;]\" \/>\n<meta property=\"og:url\" content=\"https:\/\/www.mesvendanges.com\/en\/shop\/wines\/blaufrankisch-point-kollwentz-2007-75cl\/\" \/>\n<meta property=\"og:site_name\" content=\"Mes Vendanges\" \/>\n<meta property=\"article:modified_time\" content=\"2023-12-05T20:54:30+00:00\" \/>\n<meta name=\"twitter:card\" content=\"summary_large_image\" \/>\n<meta name=\"twitter:label1\" content=\"Est. reading time\" \/>\n\t<meta name=\"twitter:data1\" content=\"1 minute\" \/>\n<script type=\"application\/ld+json\" class=\"yoast-schema-graph\">{\"@context\":\"https:\/\/schema.org\",\"@graph\":[{\"@type\":\"Organization\",\"@id\":\"https:\/\/www.mesvendanges.com\/en\/#organization\",\"name\":\"Mes Vendanges\",\"url\":\"https:\/\/www.mesvendanges.com\/en\/\",\"sameAs\":[],\"logo\":{\"@type\":\"ImageObject\",\"inLanguage\":\"fr-FR\",\"@id\":\"https:\/\/www.mesvendanges.com\/en\/#\/schema\/logo\/image\/\",\"url\":\"https:\/\/www.mesvendanges.com\/wp-content\/uploads\/2022\/02\/logo-mesvendanges.jpg\",\"contentUrl\":\"https:\/\/www.mesvendanges.com\/wp-content\/uploads\/2022\/02\/logo-mesvendanges.jpg\",\"width\":851,\"height\":260,\"caption\":\"Mes Vendanges\"},\"image\":{\"@id\":\"https:\/\/www.mesvendanges.com\/en\/#\/schema\/logo\/image\/\"}},{\"@type\":\"WebSite\",\"@id\":\"https:\/\/www.mesvendanges.com\/en\/#website\",\"url\":\"https:\/\/www.mesvendanges.com\/en\/\",\"name\":\"Mes Vendanges\",\"description\":\"Des journ\u00e9es enti\u00e8res dans les vignes\",\"publisher\":{\"@id\":\"https:\/\/www.mesvendanges.com\/en\/#organization\"},\"potentialAction\":[{\"@type\":\"SearchAction\",\"target\":{\"@type\":\"EntryPoint\",\"urlTemplate\":\"https:\/\/www.mesvendanges.com\/en\/?s={search_term_string}\"},\"query-input\":\"required name=search_term_string\"}],\"inLanguage\":\"fr-FR\"},{\"@type\":\"WebPage\",\"@id\":\"https:\/\/www.mesvendanges.com\/en\/shop\/wines\/blaufrankisch-point-kollwentz-2007-75cl\/\",\"url\":\"https:\/\/www.mesvendanges.com\/en\/shop\/wines\/blaufrankisch-point-kollwentz-2007-75cl\/\",\"name\":\"BLAUFRANKISCH POINT - Mes Vendanges\",\"isPartOf\":{\"@id\":\"https:\/\/www.mesvendanges.com\/en\/#website\"},\"datePublished\":\"2022-08-02T10:43:56+00:00\",\"dateModified\":\"2023-12-05T20:54:30+00:00\",\"breadcrumb\":{\"@id\":\"https:\/\/www.mesvendanges.com\/en\/shop\/wines\/blaufrankisch-point-kollwentz-2007-75cl\/#breadcrumb\"},\"inLanguage\":\"fr-FR\",\"potentialAction\":[{\"@type\":\"ReadAction\",\"target\":[\"https:\/\/www.mesvendanges.com\/en\/shop\/wines\/blaufrankisch-point-kollwentz-2007-75cl\/\"]}]},{\"@type\":\"BreadcrumbList\",\"@id\":\"https:\/\/www.mesvendanges.com\/en\/shop\/wines\/blaufrankisch-point-kollwentz-2007-75cl\/#breadcrumb\",\"itemListElement\":[{\"@type\":\"ListItem\",\"position\":1,\"name\":\"Home\",\"item\":\"https:\/\/www.mesvendanges.com\/en\/\"},{\"@type\":\"ListItem\",\"position\":2,\"name\":\"Shop\",\"item\":\"https:\/\/www.mesvendanges.com\/en\/shop\/\"},{\"@type\":\"ListItem\",\"position\":3,\"name\":\"BLAUFRANKISCH POINT\"}]}]}<\/script>\n<!-- \/ Yoast SEO plugin. -->","yoast_head_json":{"title":"BLAUFRANKISCH POINT - Mes Vendanges","robots":{"index":"index","follow":"follow","max-snippet":"max-snippet:-1","max-image-preview":"max-image-preview:large","max-video-preview":"max-video-preview:-1"},"canonical":"https:\/\/www.mesvendanges.com\/en\/shop\/wines\/blaufrankisch-point-kollwentz-2007-75cl\/","og_locale":"en_US","og_type":"article","og_title":"BLAUFRANKISCH POINT - Mes Vendanges","og_description":"Cette cuv\u00e9e est issue de vignes de Blaufrankisch, le c\u00e9page par excellence du Burgenland, plant\u00e9es sur les pentes sud de la colline du Leithaberg sur un sol argilo-calcaire, sur le terroir du Ried Point. Les vignes ont \u00e9t\u00e9 plant\u00e9es en 1971 et sont conduites de mani\u00e8re \u00e0 r\u00e9colter des raisins les plus murs possibles et [&hellip;]","og_url":"https:\/\/www.mesvendanges.com\/en\/shop\/wines\/blaufrankisch-point-kollwentz-2007-75cl\/","og_site_name":"Mes Vendanges","article_modified_time":"2023-12-05T20:54:30+00:00","twitter_card":"summary_large_image","twitter_misc":{"Est. reading time":"1 minute"},"schema":{"@context":"https:\/\/schema.org","@graph":[{"@type":"Organization","@id":"https:\/\/www.mesvendanges.com\/en\/#organization","name":"Mes Vendanges","url":"https:\/\/www.mesvendanges.com\/en\/","sameAs":[],"logo":{"@type":"ImageObject","inLanguage":"fr-FR","@id":"https:\/\/www.mesvendanges.com\/en\/#\/schema\/logo\/image\/","url":"https:\/\/www.mesvendanges.com\/wp-content\/uploads\/2022\/02\/logo-mesvendanges.jpg","contentUrl":"https:\/\/www.mesvendanges.com\/wp-content\/uploads\/2022\/02\/logo-mesvendanges.jpg","width":851,"height":260,"caption":"Mes Vendanges"},"image":{"@id":"https:\/\/www.mesvendanges.com\/en\/#\/schema\/logo\/image\/"}},{"@type":"WebSite","@id":"https:\/\/www.mesvendanges.com\/en\/#website","url":"https:\/\/www.mesvendanges.com\/en\/","name":"Mes Vendanges","description":"Des journ\u00e9es enti\u00e8res dans les vignes","publisher":{"@id":"https:\/\/www.mesvendanges.com\/en\/#organization"},"potentialAction":[{"@type":"SearchAction","target":{"@type":"EntryPoint","urlTemplate":"https:\/\/www.mesvendanges.com\/en\/?s={search_term_string}"},"query-input":"required name=search_term_string"}],"inLanguage":"fr-FR"},{"@type":"WebPage","@id":"https:\/\/www.mesvendanges.com\/en\/shop\/wines\/blaufrankisch-point-kollwentz-2007-75cl\/","url":"https:\/\/www.mesvendanges.com\/en\/shop\/wines\/blaufrankisch-point-kollwentz-2007-75cl\/","name":"BLAUFRANKISCH POINT - Mes Vendanges","isPartOf":{"@id":"https:\/\/www.mesvendanges.com\/en\/#website"},"datePublished":"2022-08-02T10:43:56+00:00","dateModified":"2023-12-05T20:54:30+00:00","breadcrumb":{"@id":"https:\/\/www.mesvendanges.com\/en\/shop\/wines\/blaufrankisch-point-kollwentz-2007-75cl\/#breadcrumb"},"inLanguage":"fr-FR","potentialAction":[{"@type":"ReadAction","target":["https:\/\/www.mesvendanges.com\/en\/shop\/wines\/blaufrankisch-point-kollwentz-2007-75cl\/"]}]},{"@type":"BreadcrumbList","@id":"https:\/\/www.mesvendanges.com\/en\/shop\/wines\/blaufrankisch-point-kollwentz-2007-75cl\/#breadcrumb","itemListElement":[{"@type":"ListItem","position":1,"name":"Home","item":"https:\/\/www.mesvendanges.com\/en\/"},{"@type":"ListItem","position":2,"name":"Shop","item":"https:\/\/www.mesvendanges.com\/en\/shop\/"},{"@type":"ListItem","position":3,"name":"BLAUFRANKISCH POINT"}]}]}},"_links":{"self":[{"href":"https:\/\/www.mesvendanges.com\/en\/wp-json\/wp\/v2\/product\/35766"}],"collection":[{"href":"https:\/\/www.mesvendanges.com\/en\/wp-json\/wp\/v2\/product"}],"about":[{"href":"https:\/\/www.mesvendanges.com\/en\/wp-json\/wp\/v2\/types\/product"}],"wp:attachment":[{"href":"https:\/\/www.mesvendanges.com\/en\/wp-json\/wp\/v2\/media?parent=35766"}],"wp:term":[{"taxonomy":"product_cat","embeddable":true,"href":"https:\/\/www.mesvendanges.com\/en\/wp-json\/wp\/v2\/product_cat?post=35766"},{"taxonomy":"product_tag","embeddable":true,"href":"https:\/\/www.mesvendanges.com\/en\/wp-json\/wp\/v2\/product_tag?post=35766"}],"curies":[{"name":"wp","href":"https:\/\/api.w.org\/{rel}","templated":true}]}}