{"id":35880,"date":"2022-08-02T12:46:59","date_gmt":"2022-08-02T10:46:59","guid":{"rendered":"https:\/\/www.mesvendanges.com\/shop\/uncategorized\/vosne-romanee-8\/"},"modified":"2023-12-06T01:32:58","modified_gmt":"2023-12-06T00:32:58","slug":"vosne-romanee-mugneret-gibourg-dne-2011-75cl","status":"publish","type":"product","link":"https:\/\/www.mesvendanges.com\/en\/shop\/wines\/vosne-romanee-mugneret-gibourg-dne-2011-75cl\/","title":{"rendered":"VOSNE-ROMANEE"},"content":{"rendered":"<p>Le Vosne-Roman\u00e9e du domaine Mugneret-Gibourg provient d&#8217;une part d&#8217;une vigne au nord-est de Vosne-Roman\u00e9e : Les Chalandins et d&#8217;une vigne au sud : Les Croix Blanches, et d&#8217;autre part de vignes attenantes au domaines : Le Pr\u00e9 de la Folie, Les Champs Gourdin et La Colombi\u00e8re (tr\u00e9s reconnaissable par l&#8217;\u00e9olienne \u00e9rig\u00e9e en son milieu pour pr\u00e9venir des gel\u00e9es de printemps). Le sol de ces parcelles est argilo-calcaire. C&#8217;est un vin typique de Vosne, trame serr\u00e9e, min\u00e9rale, un peu aust\u00e8re dans sa jeunesse. Les ar\u00f4mes floraux de violettes viennent accompagn\u00e9es un pinot d\u00e9licat et cisel\u00e9 apr\u00e9s quelques ann\u00e9es de garde. <\/p>\n","protected":false},"excerpt":{"rendered":"<p>Le Vosne-Roman\u00e9e du domaine Mugneret-Gibourg provient d&#8217;une part d&#8217;une vigne au nord-est de Vosne-Roman\u00e9e : Les Chalandins et d&#8217;une vigne au sud : Les Croix Blanches, et d&#8217;autre part de vignes attenantes au domaines : Le Pr\u00e9 de la Folie, Les Champs Gourdin et La Colombi\u00e8re (tr\u00e9s reconnaissable par l&#8217;\u00e9olienne \u00e9rig\u00e9e en son milieu pour [&hellip;]<\/p>\n","protected":false},"featured_media":0,"template":"","meta":[],"product_cat":[3740],"product_tag":[],"acf":[],"yoast_head":"<!-- This site is optimized with the Yoast SEO plugin v19.3 - https:\/\/yoast.com\/wordpress\/plugins\/seo\/ -->\n<title>VOSNE-ROMANEE - Mes Vendanges<\/title>\n<meta name=\"robots\" content=\"index, follow, max-snippet:-1, max-image-preview:large, max-video-preview:-1\" \/>\n<link rel=\"canonical\" href=\"https:\/\/www.mesvendanges.com\/en\/shop\/wines\/vosne-romanee-mugneret-gibourg-dne-2011-75cl\/\" \/>\n<meta property=\"og:locale\" content=\"en_US\" \/>\n<meta property=\"og:type\" content=\"article\" \/>\n<meta property=\"og:title\" content=\"VOSNE-ROMANEE - Mes Vendanges\" \/>\n<meta property=\"og:description\" content=\"Le Vosne-Roman\u00e9e du domaine Mugneret-Gibourg provient d&#8217;une part d&#8217;une vigne au nord-est de Vosne-Roman\u00e9e : Les Chalandins et d&#8217;une vigne au sud : Les Croix Blanches, et d&#8217;autre part de vignes attenantes au domaines : Le Pr\u00e9 de la Folie, Les Champs Gourdin et La Colombi\u00e8re (tr\u00e9s reconnaissable par l&#8217;\u00e9olienne \u00e9rig\u00e9e en son milieu pour [&hellip;]\" \/>\n<meta property=\"og:url\" content=\"https:\/\/www.mesvendanges.com\/en\/shop\/wines\/vosne-romanee-mugneret-gibourg-dne-2011-75cl\/\" \/>\n<meta property=\"og:site_name\" content=\"Mes Vendanges\" \/>\n<meta property=\"article:modified_time\" content=\"2023-12-06T00:32:58+00:00\" \/>\n<meta name=\"twitter:card\" content=\"summary_large_image\" \/>\n<meta name=\"twitter:label1\" content=\"Est. reading time\" \/>\n\t<meta name=\"twitter:data1\" content=\"1 minute\" \/>\n<script type=\"application\/ld+json\" class=\"yoast-schema-graph\">{\"@context\":\"https:\/\/schema.org\",\"@graph\":[{\"@type\":\"Organization\",\"@id\":\"https:\/\/www.mesvendanges.com\/en\/#organization\",\"name\":\"Mes Vendanges\",\"url\":\"https:\/\/www.mesvendanges.com\/en\/\",\"sameAs\":[],\"logo\":{\"@type\":\"ImageObject\",\"inLanguage\":\"fr-FR\",\"@id\":\"https:\/\/www.mesvendanges.com\/en\/#\/schema\/logo\/image\/\",\"url\":\"https:\/\/www.mesvendanges.com\/wp-content\/uploads\/2022\/02\/logo-mesvendanges.jpg\",\"contentUrl\":\"https:\/\/www.mesvendanges.com\/wp-content\/uploads\/2022\/02\/logo-mesvendanges.jpg\",\"width\":851,\"height\":260,\"caption\":\"Mes Vendanges\"},\"image\":{\"@id\":\"https:\/\/www.mesvendanges.com\/en\/#\/schema\/logo\/image\/\"}},{\"@type\":\"WebSite\",\"@id\":\"https:\/\/www.mesvendanges.com\/en\/#website\",\"url\":\"https:\/\/www.mesvendanges.com\/en\/\",\"name\":\"Mes Vendanges\",\"description\":\"Des journ\u00e9es enti\u00e8res dans les vignes\",\"publisher\":{\"@id\":\"https:\/\/www.mesvendanges.com\/en\/#organization\"},\"potentialAction\":[{\"@type\":\"SearchAction\",\"target\":{\"@type\":\"EntryPoint\",\"urlTemplate\":\"https:\/\/www.mesvendanges.com\/en\/?s={search_term_string}\"},\"query-input\":\"required name=search_term_string\"}],\"inLanguage\":\"fr-FR\"},{\"@type\":\"WebPage\",\"@id\":\"https:\/\/www.mesvendanges.com\/en\/shop\/wines\/vosne-romanee-mugneret-gibourg-dne-2011-75cl\/\",\"url\":\"https:\/\/www.mesvendanges.com\/en\/shop\/wines\/vosne-romanee-mugneret-gibourg-dne-2011-75cl\/\",\"name\":\"VOSNE-ROMANEE - Mes Vendanges\",\"isPartOf\":{\"@id\":\"https:\/\/www.mesvendanges.com\/en\/#website\"},\"datePublished\":\"2022-08-02T10:46:59+00:00\",\"dateModified\":\"2023-12-06T00:32:58+00:00\",\"breadcrumb\":{\"@id\":\"https:\/\/www.mesvendanges.com\/en\/shop\/wines\/vosne-romanee-mugneret-gibourg-dne-2011-75cl\/#breadcrumb\"},\"inLanguage\":\"fr-FR\",\"potentialAction\":[{\"@type\":\"ReadAction\",\"target\":[\"https:\/\/www.mesvendanges.com\/en\/shop\/wines\/vosne-romanee-mugneret-gibourg-dne-2011-75cl\/\"]}]},{\"@type\":\"BreadcrumbList\",\"@id\":\"https:\/\/www.mesvendanges.com\/en\/shop\/wines\/vosne-romanee-mugneret-gibourg-dne-2011-75cl\/#breadcrumb\",\"itemListElement\":[{\"@type\":\"ListItem\",\"position\":1,\"name\":\"Home\",\"item\":\"https:\/\/www.mesvendanges.com\/en\/\"},{\"@type\":\"ListItem\",\"position\":2,\"name\":\"Shop\",\"item\":\"https:\/\/www.mesvendanges.com\/en\/shop\/\"},{\"@type\":\"ListItem\",\"position\":3,\"name\":\"VOSNE-ROMANEE\"}]}]}<\/script>\n<!-- \/ Yoast SEO plugin. -->","yoast_head_json":{"title":"VOSNE-ROMANEE - Mes Vendanges","robots":{"index":"index","follow":"follow","max-snippet":"max-snippet:-1","max-image-preview":"max-image-preview:large","max-video-preview":"max-video-preview:-1"},"canonical":"https:\/\/www.mesvendanges.com\/en\/shop\/wines\/vosne-romanee-mugneret-gibourg-dne-2011-75cl\/","og_locale":"en_US","og_type":"article","og_title":"VOSNE-ROMANEE - Mes Vendanges","og_description":"Le Vosne-Roman\u00e9e du domaine Mugneret-Gibourg provient d&#8217;une part d&#8217;une vigne au nord-est de Vosne-Roman\u00e9e : Les Chalandins et d&#8217;une vigne au sud : Les Croix Blanches, et d&#8217;autre part de vignes attenantes au domaines : Le Pr\u00e9 de la Folie, Les Champs Gourdin et La Colombi\u00e8re (tr\u00e9s reconnaissable par l&#8217;\u00e9olienne \u00e9rig\u00e9e en son milieu pour [&hellip;]","og_url":"https:\/\/www.mesvendanges.com\/en\/shop\/wines\/vosne-romanee-mugneret-gibourg-dne-2011-75cl\/","og_site_name":"Mes Vendanges","article_modified_time":"2023-12-06T00:32:58+00:00","twitter_card":"summary_large_image","twitter_misc":{"Est. reading time":"1 minute"},"schema":{"@context":"https:\/\/schema.org","@graph":[{"@type":"Organization","@id":"https:\/\/www.mesvendanges.com\/en\/#organization","name":"Mes Vendanges","url":"https:\/\/www.mesvendanges.com\/en\/","sameAs":[],"logo":{"@type":"ImageObject","inLanguage":"fr-FR","@id":"https:\/\/www.mesvendanges.com\/en\/#\/schema\/logo\/image\/","url":"https:\/\/www.mesvendanges.com\/wp-content\/uploads\/2022\/02\/logo-mesvendanges.jpg","contentUrl":"https:\/\/www.mesvendanges.com\/wp-content\/uploads\/2022\/02\/logo-mesvendanges.jpg","width":851,"height":260,"caption":"Mes Vendanges"},"image":{"@id":"https:\/\/www.mesvendanges.com\/en\/#\/schema\/logo\/image\/"}},{"@type":"WebSite","@id":"https:\/\/www.mesvendanges.com\/en\/#website","url":"https:\/\/www.mesvendanges.com\/en\/","name":"Mes Vendanges","description":"Des journ\u00e9es enti\u00e8res dans les vignes","publisher":{"@id":"https:\/\/www.mesvendanges.com\/en\/#organization"},"potentialAction":[{"@type":"SearchAction","target":{"@type":"EntryPoint","urlTemplate":"https:\/\/www.mesvendanges.com\/en\/?s={search_term_string}"},"query-input":"required name=search_term_string"}],"inLanguage":"fr-FR"},{"@type":"WebPage","@id":"https:\/\/www.mesvendanges.com\/en\/shop\/wines\/vosne-romanee-mugneret-gibourg-dne-2011-75cl\/","url":"https:\/\/www.mesvendanges.com\/en\/shop\/wines\/vosne-romanee-mugneret-gibourg-dne-2011-75cl\/","name":"VOSNE-ROMANEE - Mes Vendanges","isPartOf":{"@id":"https:\/\/www.mesvendanges.com\/en\/#website"},"datePublished":"2022-08-02T10:46:59+00:00","dateModified":"2023-12-06T00:32:58+00:00","breadcrumb":{"@id":"https:\/\/www.mesvendanges.com\/en\/shop\/wines\/vosne-romanee-mugneret-gibourg-dne-2011-75cl\/#breadcrumb"},"inLanguage":"fr-FR","potentialAction":[{"@type":"ReadAction","target":["https:\/\/www.mesvendanges.com\/en\/shop\/wines\/vosne-romanee-mugneret-gibourg-dne-2011-75cl\/"]}]},{"@type":"BreadcrumbList","@id":"https:\/\/www.mesvendanges.com\/en\/shop\/wines\/vosne-romanee-mugneret-gibourg-dne-2011-75cl\/#breadcrumb","itemListElement":[{"@type":"ListItem","position":1,"name":"Home","item":"https:\/\/www.mesvendanges.com\/en\/"},{"@type":"ListItem","position":2,"name":"Shop","item":"https:\/\/www.mesvendanges.com\/en\/shop\/"},{"@type":"ListItem","position":3,"name":"VOSNE-ROMANEE"}]}]}},"_links":{"self":[{"href":"https:\/\/www.mesvendanges.com\/en\/wp-json\/wp\/v2\/product\/35880"}],"collection":[{"href":"https:\/\/www.mesvendanges.com\/en\/wp-json\/wp\/v2\/product"}],"about":[{"href":"https:\/\/www.mesvendanges.com\/en\/wp-json\/wp\/v2\/types\/product"}],"wp:attachment":[{"href":"https:\/\/www.mesvendanges.com\/en\/wp-json\/wp\/v2\/media?parent=35880"}],"wp:term":[{"taxonomy":"product_cat","embeddable":true,"href":"https:\/\/www.mesvendanges.com\/en\/wp-json\/wp\/v2\/product_cat?post=35880"},{"taxonomy":"product_tag","embeddable":true,"href":"https:\/\/www.mesvendanges.com\/en\/wp-json\/wp\/v2\/product_tag?post=35880"}],"curies":[{"name":"wp","href":"https:\/\/api.w.org\/{rel}","templated":true}]}}