{"id":36014,"date":"2022-08-02T12:50:42","date_gmt":"2022-08-02T10:50:42","guid":{"rendered":"https:\/\/www.mesvendanges.com\/shop\/uncategorized\/riesling-oberhauser-brucke-spatlese-2\/"},"modified":"2025-05-01T15:30:42","modified_gmt":"2025-05-01T13:30:42","slug":"riesling-oberhauser-brucke-spatlese-donnhoff-2012-75cl","status":"publish","type":"product","link":"https:\/\/www.mesvendanges.com\/en\/shop\/wines\/riesling-oberhauser-brucke-spatlese-donnhoff-2012-75cl\/","title":{"rendered":"RIESLING OBERHAUSER BRUCKE SPATLESE"},"content":{"rendered":"<p>Le Oberh\u00e4user Br\u00fccke est un monopole du domaine D\u00f6nnhoff. Cette parcelle de 1.1 hectare est reconnue comme cru du fait de son caract\u00e8re unique. C&#8217;est un petit vignoble sis en face du pont Luitpold qui m\u00e8ne \u00e0 Oberh\u00e4user. Les vignes y sont parfaitement prot\u00e9g\u00e9es, ce qui permet une floraison pr\u00e9coce, une longue p\u00e9riode de v\u00e9g\u00e9tation et donc une maturation tardive et lente. La pr\u00e9sence du bras de la rivi\u00e8re conduit tout naturellement les raisins \u00e0 botrytiser et le sol de schistes gris couvert de loess limoneux apporte le n\u00e9cessaire en eau tout au long de la maturation. Le sous-sol est constitu\u00e9 de roches anciennes qui apportent une forte min\u00e9ralit\u00e9 au vin, ainsi que beaucoup de fra\u00eecheur. Gr\u00e2ce \u00e0 ce terroir unique, le domaine produit presque chaque ann\u00e9e de grands liquoreux ainsi que des vins de glace sur cette parcelle. Le Oberh\u00e4user Br\u00fccke Sp\u00e4tlese est \u00e0 la limite entre demi-sec et moelleux. D&#8217;une grande richesse de fruit, il d\u00e9veloppe aussi des notes \u00e9pic\u00e9es, une bouche ample, douce, avec une superbe finale min\u00e9rale. Riesling demi-sec riche 8.5% Vignes de 25-35 ans d&#8217;age Vendanges manuelles &#8211; rendements 45hl\/ha Fermentations et \u00e9levage en cuve inox et foudres en ch\u00eane.<\/p>\n","protected":false},"excerpt":{"rendered":"<p>Le Oberh\u00e4user Br\u00fccke est un monopole du domaine D\u00f6nnhoff. Cette parcelle de 1.1 hectare est reconnue comme cru du fait de son caract\u00e8re unique. C&#8217;est un petit vignoble sis en face du pont Luitpold qui m\u00e8ne \u00e0 Oberh\u00e4user. Les vignes y sont parfaitement prot\u00e9g\u00e9es, ce qui permet une floraison pr\u00e9coce, une longue p\u00e9riode de v\u00e9g\u00e9tation [&hellip;]<\/p>\n","protected":false},"featured_media":87069,"template":"","meta":[],"product_cat":[3740],"product_tag":[],"acf":[],"yoast_head":"<!-- This site is optimized with the Yoast SEO plugin v19.3 - https:\/\/yoast.com\/wordpress\/plugins\/seo\/ -->\n<title>RIESLING OBERHAUSER BRUCKE SPATLESE - Mes Vendanges<\/title>\n<meta name=\"robots\" content=\"index, follow, max-snippet:-1, max-image-preview:large, max-video-preview:-1\" \/>\n<link rel=\"canonical\" href=\"https:\/\/www.mesvendanges.com\/en\/shop\/wines\/riesling-oberhauser-brucke-spatlese-donnhoff-2012-75cl\/\" \/>\n<meta property=\"og:locale\" content=\"en_US\" \/>\n<meta property=\"og:type\" content=\"article\" \/>\n<meta property=\"og:title\" content=\"RIESLING OBERHAUSER BRUCKE SPATLESE - Mes Vendanges\" \/>\n<meta property=\"og:description\" content=\"Le Oberh\u00e4user Br\u00fccke est un monopole du domaine D\u00f6nnhoff. Cette parcelle de 1.1 hectare est reconnue comme cru du fait de son caract\u00e8re unique. C&#8217;est un petit vignoble sis en face du pont Luitpold qui m\u00e8ne \u00e0 Oberh\u00e4user. Les vignes y sont parfaitement prot\u00e9g\u00e9es, ce qui permet une floraison pr\u00e9coce, une longue p\u00e9riode de v\u00e9g\u00e9tation [&hellip;]\" \/>\n<meta property=\"og:url\" content=\"https:\/\/www.mesvendanges.com\/en\/shop\/wines\/riesling-oberhauser-brucke-spatlese-donnhoff-2012-75cl\/\" \/>\n<meta property=\"og:site_name\" content=\"Mes Vendanges\" \/>\n<meta property=\"article:modified_time\" content=\"2025-05-01T13:30:42+00:00\" \/>\n<meta property=\"og:image\" content=\"https:\/\/www.mesvendanges.com\/wp-content\/uploads\/2025\/05\/weingut-donnhoff-oberhauser-brucke-riesling-spatlese-2012-png.png\" \/>\n\t<meta property=\"og:image:width\" content=\"474\" \/>\n\t<meta property=\"og:image:height\" content=\"1500\" \/>\n\t<meta property=\"og:image:type\" content=\"image\/png\" \/>\n<meta name=\"twitter:card\" content=\"summary_large_image\" \/>\n<meta name=\"twitter:label1\" content=\"Est. reading time\" \/>\n\t<meta name=\"twitter:data1\" content=\"1 minute\" \/>\n<script type=\"application\/ld+json\" class=\"yoast-schema-graph\">{\"@context\":\"https:\/\/schema.org\",\"@graph\":[{\"@type\":\"Organization\",\"@id\":\"https:\/\/www.mesvendanges.com\/en\/#organization\",\"name\":\"Mes Vendanges\",\"url\":\"https:\/\/www.mesvendanges.com\/en\/\",\"sameAs\":[],\"logo\":{\"@type\":\"ImageObject\",\"inLanguage\":\"fr-FR\",\"@id\":\"https:\/\/www.mesvendanges.com\/en\/#\/schema\/logo\/image\/\",\"url\":\"https:\/\/www.mesvendanges.com\/wp-content\/uploads\/2022\/02\/logo-mesvendanges.jpg\",\"contentUrl\":\"https:\/\/www.mesvendanges.com\/wp-content\/uploads\/2022\/02\/logo-mesvendanges.jpg\",\"width\":851,\"height\":260,\"caption\":\"Mes Vendanges\"},\"image\":{\"@id\":\"https:\/\/www.mesvendanges.com\/en\/#\/schema\/logo\/image\/\"}},{\"@type\":\"WebSite\",\"@id\":\"https:\/\/www.mesvendanges.com\/en\/#website\",\"url\":\"https:\/\/www.mesvendanges.com\/en\/\",\"name\":\"Mes Vendanges\",\"description\":\"Des journ\u00e9es enti\u00e8res dans les vignes\",\"publisher\":{\"@id\":\"https:\/\/www.mesvendanges.com\/en\/#organization\"},\"potentialAction\":[{\"@type\":\"SearchAction\",\"target\":{\"@type\":\"EntryPoint\",\"urlTemplate\":\"https:\/\/www.mesvendanges.com\/en\/?s={search_term_string}\"},\"query-input\":\"required name=search_term_string\"}],\"inLanguage\":\"fr-FR\"},{\"@type\":\"ImageObject\",\"inLanguage\":\"fr-FR\",\"@id\":\"https:\/\/www.mesvendanges.com\/en\/shop\/wines\/riesling-oberhauser-brucke-spatlese-donnhoff-2012-75cl\/#primaryimage\",\"url\":\"https:\/\/www.mesvendanges.com\/wp-content\/uploads\/2025\/05\/weingut-donnhoff-oberhauser-brucke-riesling-spatlese-2012-png.png\",\"contentUrl\":\"https:\/\/www.mesvendanges.com\/wp-content\/uploads\/2025\/05\/weingut-donnhoff-oberhauser-brucke-riesling-spatlese-2012-png.png\",\"width\":474,\"height\":1500},{\"@type\":\"WebPage\",\"@id\":\"https:\/\/www.mesvendanges.com\/en\/shop\/wines\/riesling-oberhauser-brucke-spatlese-donnhoff-2012-75cl\/\",\"url\":\"https:\/\/www.mesvendanges.com\/en\/shop\/wines\/riesling-oberhauser-brucke-spatlese-donnhoff-2012-75cl\/\",\"name\":\"RIESLING OBERHAUSER BRUCKE SPATLESE - Mes Vendanges\",\"isPartOf\":{\"@id\":\"https:\/\/www.mesvendanges.com\/en\/#website\"},\"primaryImageOfPage\":{\"@id\":\"https:\/\/www.mesvendanges.com\/en\/shop\/wines\/riesling-oberhauser-brucke-spatlese-donnhoff-2012-75cl\/#primaryimage\"},\"datePublished\":\"2022-08-02T10:50:42+00:00\",\"dateModified\":\"2025-05-01T13:30:42+00:00\",\"breadcrumb\":{\"@id\":\"https:\/\/www.mesvendanges.com\/en\/shop\/wines\/riesling-oberhauser-brucke-spatlese-donnhoff-2012-75cl\/#breadcrumb\"},\"inLanguage\":\"fr-FR\",\"potentialAction\":[{\"@type\":\"ReadAction\",\"target\":[\"https:\/\/www.mesvendanges.com\/en\/shop\/wines\/riesling-oberhauser-brucke-spatlese-donnhoff-2012-75cl\/\"]}]},{\"@type\":\"BreadcrumbList\",\"@id\":\"https:\/\/www.mesvendanges.com\/en\/shop\/wines\/riesling-oberhauser-brucke-spatlese-donnhoff-2012-75cl\/#breadcrumb\",\"itemListElement\":[{\"@type\":\"ListItem\",\"position\":1,\"name\":\"Home\",\"item\":\"https:\/\/www.mesvendanges.com\/en\/\"},{\"@type\":\"ListItem\",\"position\":2,\"name\":\"Shop\",\"item\":\"https:\/\/www.mesvendanges.com\/en\/shop\/\"},{\"@type\":\"ListItem\",\"position\":3,\"name\":\"RIESLING OBERHAUSER BRUCKE SPATLESE\"}]}]}<\/script>\n<!-- \/ Yoast SEO plugin. -->","yoast_head_json":{"title":"RIESLING OBERHAUSER BRUCKE SPATLESE - Mes Vendanges","robots":{"index":"index","follow":"follow","max-snippet":"max-snippet:-1","max-image-preview":"max-image-preview:large","max-video-preview":"max-video-preview:-1"},"canonical":"https:\/\/www.mesvendanges.com\/en\/shop\/wines\/riesling-oberhauser-brucke-spatlese-donnhoff-2012-75cl\/","og_locale":"en_US","og_type":"article","og_title":"RIESLING OBERHAUSER BRUCKE SPATLESE - Mes Vendanges","og_description":"Le Oberh\u00e4user Br\u00fccke est un monopole du domaine D\u00f6nnhoff. Cette parcelle de 1.1 hectare est reconnue comme cru du fait de son caract\u00e8re unique. C&#8217;est un petit vignoble sis en face du pont Luitpold qui m\u00e8ne \u00e0 Oberh\u00e4user. Les vignes y sont parfaitement prot\u00e9g\u00e9es, ce qui permet une floraison pr\u00e9coce, une longue p\u00e9riode de v\u00e9g\u00e9tation [&hellip;]","og_url":"https:\/\/www.mesvendanges.com\/en\/shop\/wines\/riesling-oberhauser-brucke-spatlese-donnhoff-2012-75cl\/","og_site_name":"Mes Vendanges","article_modified_time":"2025-05-01T13:30:42+00:00","og_image":[{"width":474,"height":1500,"url":"https:\/\/www.mesvendanges.com\/wp-content\/uploads\/2025\/05\/weingut-donnhoff-oberhauser-brucke-riesling-spatlese-2012-png.png","type":"image\/png"}],"twitter_card":"summary_large_image","twitter_misc":{"Est. reading time":"1 minute"},"schema":{"@context":"https:\/\/schema.org","@graph":[{"@type":"Organization","@id":"https:\/\/www.mesvendanges.com\/en\/#organization","name":"Mes Vendanges","url":"https:\/\/www.mesvendanges.com\/en\/","sameAs":[],"logo":{"@type":"ImageObject","inLanguage":"fr-FR","@id":"https:\/\/www.mesvendanges.com\/en\/#\/schema\/logo\/image\/","url":"https:\/\/www.mesvendanges.com\/wp-content\/uploads\/2022\/02\/logo-mesvendanges.jpg","contentUrl":"https:\/\/www.mesvendanges.com\/wp-content\/uploads\/2022\/02\/logo-mesvendanges.jpg","width":851,"height":260,"caption":"Mes Vendanges"},"image":{"@id":"https:\/\/www.mesvendanges.com\/en\/#\/schema\/logo\/image\/"}},{"@type":"WebSite","@id":"https:\/\/www.mesvendanges.com\/en\/#website","url":"https:\/\/www.mesvendanges.com\/en\/","name":"Mes Vendanges","description":"Des journ\u00e9es enti\u00e8res dans les vignes","publisher":{"@id":"https:\/\/www.mesvendanges.com\/en\/#organization"},"potentialAction":[{"@type":"SearchAction","target":{"@type":"EntryPoint","urlTemplate":"https:\/\/www.mesvendanges.com\/en\/?s={search_term_string}"},"query-input":"required name=search_term_string"}],"inLanguage":"fr-FR"},{"@type":"ImageObject","inLanguage":"fr-FR","@id":"https:\/\/www.mesvendanges.com\/en\/shop\/wines\/riesling-oberhauser-brucke-spatlese-donnhoff-2012-75cl\/#primaryimage","url":"https:\/\/www.mesvendanges.com\/wp-content\/uploads\/2025\/05\/weingut-donnhoff-oberhauser-brucke-riesling-spatlese-2012-png.png","contentUrl":"https:\/\/www.mesvendanges.com\/wp-content\/uploads\/2025\/05\/weingut-donnhoff-oberhauser-brucke-riesling-spatlese-2012-png.png","width":474,"height":1500},{"@type":"WebPage","@id":"https:\/\/www.mesvendanges.com\/en\/shop\/wines\/riesling-oberhauser-brucke-spatlese-donnhoff-2012-75cl\/","url":"https:\/\/www.mesvendanges.com\/en\/shop\/wines\/riesling-oberhauser-brucke-spatlese-donnhoff-2012-75cl\/","name":"RIESLING OBERHAUSER BRUCKE SPATLESE - Mes Vendanges","isPartOf":{"@id":"https:\/\/www.mesvendanges.com\/en\/#website"},"primaryImageOfPage":{"@id":"https:\/\/www.mesvendanges.com\/en\/shop\/wines\/riesling-oberhauser-brucke-spatlese-donnhoff-2012-75cl\/#primaryimage"},"datePublished":"2022-08-02T10:50:42+00:00","dateModified":"2025-05-01T13:30:42+00:00","breadcrumb":{"@id":"https:\/\/www.mesvendanges.com\/en\/shop\/wines\/riesling-oberhauser-brucke-spatlese-donnhoff-2012-75cl\/#breadcrumb"},"inLanguage":"fr-FR","potentialAction":[{"@type":"ReadAction","target":["https:\/\/www.mesvendanges.com\/en\/shop\/wines\/riesling-oberhauser-brucke-spatlese-donnhoff-2012-75cl\/"]}]},{"@type":"BreadcrumbList","@id":"https:\/\/www.mesvendanges.com\/en\/shop\/wines\/riesling-oberhauser-brucke-spatlese-donnhoff-2012-75cl\/#breadcrumb","itemListElement":[{"@type":"ListItem","position":1,"name":"Home","item":"https:\/\/www.mesvendanges.com\/en\/"},{"@type":"ListItem","position":2,"name":"Shop","item":"https:\/\/www.mesvendanges.com\/en\/shop\/"},{"@type":"ListItem","position":3,"name":"RIESLING OBERHAUSER BRUCKE SPATLESE"}]}]}},"_links":{"self":[{"href":"https:\/\/www.mesvendanges.com\/en\/wp-json\/wp\/v2\/product\/36014"}],"collection":[{"href":"https:\/\/www.mesvendanges.com\/en\/wp-json\/wp\/v2\/product"}],"about":[{"href":"https:\/\/www.mesvendanges.com\/en\/wp-json\/wp\/v2\/types\/product"}],"wp:featuredmedia":[{"embeddable":true,"href":"https:\/\/www.mesvendanges.com\/en\/wp-json\/wp\/v2\/media\/87069"}],"wp:attachment":[{"href":"https:\/\/www.mesvendanges.com\/en\/wp-json\/wp\/v2\/media?parent=36014"}],"wp:term":[{"taxonomy":"product_cat","embeddable":true,"href":"https:\/\/www.mesvendanges.com\/en\/wp-json\/wp\/v2\/product_cat?post=36014"},{"taxonomy":"product_tag","embeddable":true,"href":"https:\/\/www.mesvendanges.com\/en\/wp-json\/wp\/v2\/product_tag?post=36014"}],"curies":[{"name":"wp","href":"https:\/\/api.w.org\/{rel}","templated":true}]}}