{"id":36166,"date":"2022-08-02T12:54:38","date_gmt":"2022-08-02T10:54:38","guid":{"rendered":"https:\/\/www.mesvendanges.com\/shop\/uncategorized\/grappa-delle-cinque-terre\/"},"modified":"2023-12-06T04:24:22","modified_gmt":"2023-12-06T03:24:22","slug":"grappa-delle-cinque-terre-possa-azienda-2011-50cl","status":"publish","type":"product","link":"https:\/\/www.mesvendanges.com\/en\/shop\/wines\/grappa-delle-cinque-terre-possa-azienda-2011-50cl\/","title":{"rendered":"GRAPPA DELLE CINQUE TERRE"},"content":{"rendered":"<p>Qu&#8217;est-ce que serait l&#8217;Italie sans la grappa ? Oui c&#8217;est un monde, un univers, on aime ou on aime pas&#8230;Samuel Heydi Bonanini n&#8217;a donc pas failli, et voici la sienne, \u00e0 son image : pleine, fruit\u00e9, douce avec de l&#8217;allonge et du caract\u00e8re. Mais quand on repose le verre on est surpris de cette douceur. Ce n&#8217;est finalement pas si courant&#8230;Ah mais voil\u00e0, le coquin, producteur de vin, de marmelade et de miel de son \u00e9tat n&#8217;a pas r\u00e9sist\u00e9 aux plaisirs de l&#8217;assemblage. Et cette grappa est adoucie d&#8217;un peu de miel maison&#8230;<\/p>\n","protected":false},"excerpt":{"rendered":"<p>Qu&#8217;est-ce que serait l&#8217;Italie sans la grappa ? Oui c&#8217;est un monde, un univers, on aime ou on aime pas&#8230;Samuel Heydi Bonanini n&#8217;a donc pas failli, et voici la sienne, \u00e0 son image : pleine, fruit\u00e9, douce avec de l&#8217;allonge et du caract\u00e8re. Mais quand on repose le verre on est surpris de cette douceur. [&hellip;]<\/p>\n","protected":false},"featured_media":0,"template":"","meta":[],"product_cat":[3740],"product_tag":[],"acf":[],"yoast_head":"<!-- This site is optimized with the Yoast SEO plugin v19.3 - https:\/\/yoast.com\/wordpress\/plugins\/seo\/ -->\n<title>GRAPPA DELLE CINQUE TERRE - Mes Vendanges<\/title>\n<meta name=\"robots\" content=\"index, follow, max-snippet:-1, max-image-preview:large, max-video-preview:-1\" \/>\n<link rel=\"canonical\" href=\"https:\/\/www.mesvendanges.com\/en\/shop\/wines\/grappa-delle-cinque-terre-possa-azienda-2011-50cl\/\" \/>\n<meta property=\"og:locale\" content=\"en_US\" \/>\n<meta property=\"og:type\" content=\"article\" \/>\n<meta property=\"og:title\" content=\"GRAPPA DELLE CINQUE TERRE - Mes Vendanges\" \/>\n<meta property=\"og:description\" content=\"Qu&#8217;est-ce que serait l&#8217;Italie sans la grappa ? Oui c&#8217;est un monde, un univers, on aime ou on aime pas&#8230;Samuel Heydi Bonanini n&#8217;a donc pas failli, et voici la sienne, \u00e0 son image : pleine, fruit\u00e9, douce avec de l&#8217;allonge et du caract\u00e8re. Mais quand on repose le verre on est surpris de cette douceur. [&hellip;]\" \/>\n<meta property=\"og:url\" content=\"https:\/\/www.mesvendanges.com\/en\/shop\/wines\/grappa-delle-cinque-terre-possa-azienda-2011-50cl\/\" \/>\n<meta property=\"og:site_name\" content=\"Mes Vendanges\" \/>\n<meta property=\"article:modified_time\" content=\"2023-12-06T03:24:22+00:00\" \/>\n<meta name=\"twitter:card\" content=\"summary_large_image\" \/>\n<script type=\"application\/ld+json\" class=\"yoast-schema-graph\">{\"@context\":\"https:\/\/schema.org\",\"@graph\":[{\"@type\":\"Organization\",\"@id\":\"https:\/\/www.mesvendanges.com\/en\/#organization\",\"name\":\"Mes Vendanges\",\"url\":\"https:\/\/www.mesvendanges.com\/en\/\",\"sameAs\":[],\"logo\":{\"@type\":\"ImageObject\",\"inLanguage\":\"fr-FR\",\"@id\":\"https:\/\/www.mesvendanges.com\/en\/#\/schema\/logo\/image\/\",\"url\":\"https:\/\/www.mesvendanges.com\/wp-content\/uploads\/2022\/02\/logo-mesvendanges.jpg\",\"contentUrl\":\"https:\/\/www.mesvendanges.com\/wp-content\/uploads\/2022\/02\/logo-mesvendanges.jpg\",\"width\":851,\"height\":260,\"caption\":\"Mes Vendanges\"},\"image\":{\"@id\":\"https:\/\/www.mesvendanges.com\/en\/#\/schema\/logo\/image\/\"}},{\"@type\":\"WebSite\",\"@id\":\"https:\/\/www.mesvendanges.com\/en\/#website\",\"url\":\"https:\/\/www.mesvendanges.com\/en\/\",\"name\":\"Mes Vendanges\",\"description\":\"Des journ\u00e9es enti\u00e8res dans les vignes\",\"publisher\":{\"@id\":\"https:\/\/www.mesvendanges.com\/en\/#organization\"},\"potentialAction\":[{\"@type\":\"SearchAction\",\"target\":{\"@type\":\"EntryPoint\",\"urlTemplate\":\"https:\/\/www.mesvendanges.com\/en\/?s={search_term_string}\"},\"query-input\":\"required name=search_term_string\"}],\"inLanguage\":\"fr-FR\"},{\"@type\":\"WebPage\",\"@id\":\"https:\/\/www.mesvendanges.com\/en\/shop\/wines\/grappa-delle-cinque-terre-possa-azienda-2011-50cl\/\",\"url\":\"https:\/\/www.mesvendanges.com\/en\/shop\/wines\/grappa-delle-cinque-terre-possa-azienda-2011-50cl\/\",\"name\":\"GRAPPA DELLE CINQUE TERRE - Mes Vendanges\",\"isPartOf\":{\"@id\":\"https:\/\/www.mesvendanges.com\/en\/#website\"},\"datePublished\":\"2022-08-02T10:54:38+00:00\",\"dateModified\":\"2023-12-06T03:24:22+00:00\",\"breadcrumb\":{\"@id\":\"https:\/\/www.mesvendanges.com\/en\/shop\/wines\/grappa-delle-cinque-terre-possa-azienda-2011-50cl\/#breadcrumb\"},\"inLanguage\":\"fr-FR\",\"potentialAction\":[{\"@type\":\"ReadAction\",\"target\":[\"https:\/\/www.mesvendanges.com\/en\/shop\/wines\/grappa-delle-cinque-terre-possa-azienda-2011-50cl\/\"]}]},{\"@type\":\"BreadcrumbList\",\"@id\":\"https:\/\/www.mesvendanges.com\/en\/shop\/wines\/grappa-delle-cinque-terre-possa-azienda-2011-50cl\/#breadcrumb\",\"itemListElement\":[{\"@type\":\"ListItem\",\"position\":1,\"name\":\"Home\",\"item\":\"https:\/\/www.mesvendanges.com\/en\/\"},{\"@type\":\"ListItem\",\"position\":2,\"name\":\"Shop\",\"item\":\"https:\/\/www.mesvendanges.com\/en\/shop\/\"},{\"@type\":\"ListItem\",\"position\":3,\"name\":\"GRAPPA DELLE CINQUE TERRE\"}]}]}<\/script>\n<!-- \/ Yoast SEO plugin. -->","yoast_head_json":{"title":"GRAPPA DELLE CINQUE TERRE - Mes Vendanges","robots":{"index":"index","follow":"follow","max-snippet":"max-snippet:-1","max-image-preview":"max-image-preview:large","max-video-preview":"max-video-preview:-1"},"canonical":"https:\/\/www.mesvendanges.com\/en\/shop\/wines\/grappa-delle-cinque-terre-possa-azienda-2011-50cl\/","og_locale":"en_US","og_type":"article","og_title":"GRAPPA DELLE CINQUE TERRE - Mes Vendanges","og_description":"Qu&#8217;est-ce que serait l&#8217;Italie sans la grappa ? Oui c&#8217;est un monde, un univers, on aime ou on aime pas&#8230;Samuel Heydi Bonanini n&#8217;a donc pas failli, et voici la sienne, \u00e0 son image : pleine, fruit\u00e9, douce avec de l&#8217;allonge et du caract\u00e8re. Mais quand on repose le verre on est surpris de cette douceur. [&hellip;]","og_url":"https:\/\/www.mesvendanges.com\/en\/shop\/wines\/grappa-delle-cinque-terre-possa-azienda-2011-50cl\/","og_site_name":"Mes Vendanges","article_modified_time":"2023-12-06T03:24:22+00:00","twitter_card":"summary_large_image","schema":{"@context":"https:\/\/schema.org","@graph":[{"@type":"Organization","@id":"https:\/\/www.mesvendanges.com\/en\/#organization","name":"Mes Vendanges","url":"https:\/\/www.mesvendanges.com\/en\/","sameAs":[],"logo":{"@type":"ImageObject","inLanguage":"fr-FR","@id":"https:\/\/www.mesvendanges.com\/en\/#\/schema\/logo\/image\/","url":"https:\/\/www.mesvendanges.com\/wp-content\/uploads\/2022\/02\/logo-mesvendanges.jpg","contentUrl":"https:\/\/www.mesvendanges.com\/wp-content\/uploads\/2022\/02\/logo-mesvendanges.jpg","width":851,"height":260,"caption":"Mes Vendanges"},"image":{"@id":"https:\/\/www.mesvendanges.com\/en\/#\/schema\/logo\/image\/"}},{"@type":"WebSite","@id":"https:\/\/www.mesvendanges.com\/en\/#website","url":"https:\/\/www.mesvendanges.com\/en\/","name":"Mes Vendanges","description":"Des journ\u00e9es enti\u00e8res dans les vignes","publisher":{"@id":"https:\/\/www.mesvendanges.com\/en\/#organization"},"potentialAction":[{"@type":"SearchAction","target":{"@type":"EntryPoint","urlTemplate":"https:\/\/www.mesvendanges.com\/en\/?s={search_term_string}"},"query-input":"required name=search_term_string"}],"inLanguage":"fr-FR"},{"@type":"WebPage","@id":"https:\/\/www.mesvendanges.com\/en\/shop\/wines\/grappa-delle-cinque-terre-possa-azienda-2011-50cl\/","url":"https:\/\/www.mesvendanges.com\/en\/shop\/wines\/grappa-delle-cinque-terre-possa-azienda-2011-50cl\/","name":"GRAPPA DELLE CINQUE TERRE - Mes Vendanges","isPartOf":{"@id":"https:\/\/www.mesvendanges.com\/en\/#website"},"datePublished":"2022-08-02T10:54:38+00:00","dateModified":"2023-12-06T03:24:22+00:00","breadcrumb":{"@id":"https:\/\/www.mesvendanges.com\/en\/shop\/wines\/grappa-delle-cinque-terre-possa-azienda-2011-50cl\/#breadcrumb"},"inLanguage":"fr-FR","potentialAction":[{"@type":"ReadAction","target":["https:\/\/www.mesvendanges.com\/en\/shop\/wines\/grappa-delle-cinque-terre-possa-azienda-2011-50cl\/"]}]},{"@type":"BreadcrumbList","@id":"https:\/\/www.mesvendanges.com\/en\/shop\/wines\/grappa-delle-cinque-terre-possa-azienda-2011-50cl\/#breadcrumb","itemListElement":[{"@type":"ListItem","position":1,"name":"Home","item":"https:\/\/www.mesvendanges.com\/en\/"},{"@type":"ListItem","position":2,"name":"Shop","item":"https:\/\/www.mesvendanges.com\/en\/shop\/"},{"@type":"ListItem","position":3,"name":"GRAPPA DELLE CINQUE TERRE"}]}]}},"_links":{"self":[{"href":"https:\/\/www.mesvendanges.com\/en\/wp-json\/wp\/v2\/product\/36166"}],"collection":[{"href":"https:\/\/www.mesvendanges.com\/en\/wp-json\/wp\/v2\/product"}],"about":[{"href":"https:\/\/www.mesvendanges.com\/en\/wp-json\/wp\/v2\/types\/product"}],"wp:attachment":[{"href":"https:\/\/www.mesvendanges.com\/en\/wp-json\/wp\/v2\/media?parent=36166"}],"wp:term":[{"taxonomy":"product_cat","embeddable":true,"href":"https:\/\/www.mesvendanges.com\/en\/wp-json\/wp\/v2\/product_cat?post=36166"},{"taxonomy":"product_tag","embeddable":true,"href":"https:\/\/www.mesvendanges.com\/en\/wp-json\/wp\/v2\/product_tag?post=36166"}],"curies":[{"name":"wp","href":"https:\/\/api.w.org\/{rel}","templated":true}]}}