{"id":36220,"date":"2022-08-02T12:56:08","date_gmt":"2022-08-02T10:56:08","guid":{"rendered":"https:\/\/www.mesvendanges.com\/shop\/uncategorized\/dessus-de-la-carriere-en-magnum\/"},"modified":"2023-12-06T03:47:47","modified_gmt":"2023-12-06T02:47:47","slug":"dessus-de-la-carriere-en-magnum-picq-dne-gilbert-2011-150cl","status":"publish","type":"product","link":"https:\/\/www.mesvendanges.com\/en\/shop\/wines\/dessus-de-la-carriere-en-magnum-picq-dne-gilbert-2011-150cl\/","title":{"rendered":"DESSUS DE LA CARRIERE en MAGNUM"},"content":{"rendered":"<p>Voici une petite merveille. Le Dessus de la Carri\u00e8re donne un vin \u00e0 la forte min\u00e9ralit\u00e9, soulign\u00e9e par le style \u00e9pur\u00e9 et tendu de Didier Picq, un GRAND chablis village.<\/p>\n<div><\/div>\n<div>commentaire Bettane &amp; Desseauve :<\/div>\n<div><span class=\"bd-vintage-text\" style=\"display: inline-block; width: 500px; border-right-style: solid; border-right-width: 1px; border-right-color: rgb(227, 186, 226); padding: 5px; vertical-align: top; color: rgb(43, 43, 33); font-family: 'Lucida Grande', 'Lucida Sans Unicode', Arial, Helvetica, sans-serif; font-weight: bold;\">Min\u00e9ral comme toujours, texture serr\u00e9e, encore un peu sur la r\u00e9serve mais de fins amers pars\u00e8ment d\u00e9j\u00e0 la finale.<\/span><span style=\"color: rgb(43, 43, 33); font-family: 'Lucida Grande', 'Lucida Sans Unicode', Arial, Helvetica, sans-serif; font-weight: bold; background-color: rgb(227, 186, 226);\"><\/span><span class=\"bd-vintage-detail\" style=\"display: inline-block; vertical-align: top; padding: 5px; color: rgb(43, 43, 33); font-family: 'Lucida Grande', 'Lucida Sans Unicode', Arial, Helvetica, sans-serif; font-weight: bold;\">Note: 15.0&nbsp;<br \/>Apog\u00e9e: de 2013 \u00e0 2021<\/span><\/div>\n","protected":false},"excerpt":{"rendered":"<p>Voici une petite merveille. Le Dessus de la Carri\u00e8re donne un vin \u00e0 la forte min\u00e9ralit\u00e9, soulign\u00e9e par le style \u00e9pur\u00e9 et tendu de Didier Picq, un GRAND chablis village. commentaire Bettane &amp; Desseauve : Min\u00e9ral comme toujours, texture serr\u00e9e, encore un peu sur la r\u00e9serve mais de fins amers pars\u00e8ment d\u00e9j\u00e0 la finale.Note: 15.0&nbsp;Apog\u00e9e: [&hellip;]<\/p>\n","protected":false},"featured_media":0,"template":"","meta":[],"product_cat":[3740],"product_tag":[],"acf":[],"yoast_head":"<!-- This site is optimized with the Yoast SEO plugin v19.3 - https:\/\/yoast.com\/wordpress\/plugins\/seo\/ -->\n<title>DESSUS DE LA CARRIERE en MAGNUM - Mes Vendanges<\/title>\n<meta name=\"robots\" content=\"index, follow, max-snippet:-1, max-image-preview:large, max-video-preview:-1\" \/>\n<link rel=\"canonical\" href=\"https:\/\/www.mesvendanges.com\/en\/shop\/wines\/dessus-de-la-carriere-en-magnum-picq-dne-gilbert-2011-150cl\/\" \/>\n<meta property=\"og:locale\" content=\"en_US\" \/>\n<meta property=\"og:type\" content=\"article\" \/>\n<meta property=\"og:title\" content=\"DESSUS DE LA CARRIERE en MAGNUM - Mes Vendanges\" \/>\n<meta property=\"og:description\" content=\"Voici une petite merveille. Le Dessus de la Carri\u00e8re donne un vin \u00e0 la forte min\u00e9ralit\u00e9, soulign\u00e9e par le style \u00e9pur\u00e9 et tendu de Didier Picq, un GRAND chablis village. commentaire Bettane &amp; Desseauve : Min\u00e9ral comme toujours, texture serr\u00e9e, encore un peu sur la r\u00e9serve mais de fins amers pars\u00e8ment d\u00e9j\u00e0 la finale.Note: 15.0&nbsp;Apog\u00e9e: [&hellip;]\" \/>\n<meta property=\"og:url\" content=\"https:\/\/www.mesvendanges.com\/en\/shop\/wines\/dessus-de-la-carriere-en-magnum-picq-dne-gilbert-2011-150cl\/\" \/>\n<meta property=\"og:site_name\" content=\"Mes Vendanges\" \/>\n<meta property=\"article:modified_time\" content=\"2023-12-06T02:47:47+00:00\" \/>\n<meta name=\"twitter:card\" content=\"summary_large_image\" \/>\n<script type=\"application\/ld+json\" class=\"yoast-schema-graph\">{\"@context\":\"https:\/\/schema.org\",\"@graph\":[{\"@type\":\"Organization\",\"@id\":\"https:\/\/www.mesvendanges.com\/en\/#organization\",\"name\":\"Mes Vendanges\",\"url\":\"https:\/\/www.mesvendanges.com\/en\/\",\"sameAs\":[],\"logo\":{\"@type\":\"ImageObject\",\"inLanguage\":\"fr-FR\",\"@id\":\"https:\/\/www.mesvendanges.com\/en\/#\/schema\/logo\/image\/\",\"url\":\"https:\/\/www.mesvendanges.com\/wp-content\/uploads\/2022\/02\/logo-mesvendanges.jpg\",\"contentUrl\":\"https:\/\/www.mesvendanges.com\/wp-content\/uploads\/2022\/02\/logo-mesvendanges.jpg\",\"width\":851,\"height\":260,\"caption\":\"Mes Vendanges\"},\"image\":{\"@id\":\"https:\/\/www.mesvendanges.com\/en\/#\/schema\/logo\/image\/\"}},{\"@type\":\"WebSite\",\"@id\":\"https:\/\/www.mesvendanges.com\/en\/#website\",\"url\":\"https:\/\/www.mesvendanges.com\/en\/\",\"name\":\"Mes Vendanges\",\"description\":\"Des journ\u00e9es enti\u00e8res dans les vignes\",\"publisher\":{\"@id\":\"https:\/\/www.mesvendanges.com\/en\/#organization\"},\"potentialAction\":[{\"@type\":\"SearchAction\",\"target\":{\"@type\":\"EntryPoint\",\"urlTemplate\":\"https:\/\/www.mesvendanges.com\/en\/?s={search_term_string}\"},\"query-input\":\"required name=search_term_string\"}],\"inLanguage\":\"fr-FR\"},{\"@type\":\"WebPage\",\"@id\":\"https:\/\/www.mesvendanges.com\/en\/shop\/wines\/dessus-de-la-carriere-en-magnum-picq-dne-gilbert-2011-150cl\/\",\"url\":\"https:\/\/www.mesvendanges.com\/en\/shop\/wines\/dessus-de-la-carriere-en-magnum-picq-dne-gilbert-2011-150cl\/\",\"name\":\"DESSUS DE LA CARRIERE en MAGNUM - Mes Vendanges\",\"isPartOf\":{\"@id\":\"https:\/\/www.mesvendanges.com\/en\/#website\"},\"datePublished\":\"2022-08-02T10:56:08+00:00\",\"dateModified\":\"2023-12-06T02:47:47+00:00\",\"breadcrumb\":{\"@id\":\"https:\/\/www.mesvendanges.com\/en\/shop\/wines\/dessus-de-la-carriere-en-magnum-picq-dne-gilbert-2011-150cl\/#breadcrumb\"},\"inLanguage\":\"fr-FR\",\"potentialAction\":[{\"@type\":\"ReadAction\",\"target\":[\"https:\/\/www.mesvendanges.com\/en\/shop\/wines\/dessus-de-la-carriere-en-magnum-picq-dne-gilbert-2011-150cl\/\"]}]},{\"@type\":\"BreadcrumbList\",\"@id\":\"https:\/\/www.mesvendanges.com\/en\/shop\/wines\/dessus-de-la-carriere-en-magnum-picq-dne-gilbert-2011-150cl\/#breadcrumb\",\"itemListElement\":[{\"@type\":\"ListItem\",\"position\":1,\"name\":\"Home\",\"item\":\"https:\/\/www.mesvendanges.com\/en\/\"},{\"@type\":\"ListItem\",\"position\":2,\"name\":\"Shop\",\"item\":\"https:\/\/www.mesvendanges.com\/en\/shop\/\"},{\"@type\":\"ListItem\",\"position\":3,\"name\":\"DESSUS DE LA CARRIERE en MAGNUM\"}]}]}<\/script>\n<!-- \/ Yoast SEO plugin. -->","yoast_head_json":{"title":"DESSUS DE LA CARRIERE en MAGNUM - Mes Vendanges","robots":{"index":"index","follow":"follow","max-snippet":"max-snippet:-1","max-image-preview":"max-image-preview:large","max-video-preview":"max-video-preview:-1"},"canonical":"https:\/\/www.mesvendanges.com\/en\/shop\/wines\/dessus-de-la-carriere-en-magnum-picq-dne-gilbert-2011-150cl\/","og_locale":"en_US","og_type":"article","og_title":"DESSUS DE LA CARRIERE en MAGNUM - Mes Vendanges","og_description":"Voici une petite merveille. Le Dessus de la Carri\u00e8re donne un vin \u00e0 la forte min\u00e9ralit\u00e9, soulign\u00e9e par le style \u00e9pur\u00e9 et tendu de Didier Picq, un GRAND chablis village. commentaire Bettane &amp; Desseauve : Min\u00e9ral comme toujours, texture serr\u00e9e, encore un peu sur la r\u00e9serve mais de fins amers pars\u00e8ment d\u00e9j\u00e0 la finale.Note: 15.0&nbsp;Apog\u00e9e: [&hellip;]","og_url":"https:\/\/www.mesvendanges.com\/en\/shop\/wines\/dessus-de-la-carriere-en-magnum-picq-dne-gilbert-2011-150cl\/","og_site_name":"Mes Vendanges","article_modified_time":"2023-12-06T02:47:47+00:00","twitter_card":"summary_large_image","schema":{"@context":"https:\/\/schema.org","@graph":[{"@type":"Organization","@id":"https:\/\/www.mesvendanges.com\/en\/#organization","name":"Mes Vendanges","url":"https:\/\/www.mesvendanges.com\/en\/","sameAs":[],"logo":{"@type":"ImageObject","inLanguage":"fr-FR","@id":"https:\/\/www.mesvendanges.com\/en\/#\/schema\/logo\/image\/","url":"https:\/\/www.mesvendanges.com\/wp-content\/uploads\/2022\/02\/logo-mesvendanges.jpg","contentUrl":"https:\/\/www.mesvendanges.com\/wp-content\/uploads\/2022\/02\/logo-mesvendanges.jpg","width":851,"height":260,"caption":"Mes Vendanges"},"image":{"@id":"https:\/\/www.mesvendanges.com\/en\/#\/schema\/logo\/image\/"}},{"@type":"WebSite","@id":"https:\/\/www.mesvendanges.com\/en\/#website","url":"https:\/\/www.mesvendanges.com\/en\/","name":"Mes Vendanges","description":"Des journ\u00e9es enti\u00e8res dans les vignes","publisher":{"@id":"https:\/\/www.mesvendanges.com\/en\/#organization"},"potentialAction":[{"@type":"SearchAction","target":{"@type":"EntryPoint","urlTemplate":"https:\/\/www.mesvendanges.com\/en\/?s={search_term_string}"},"query-input":"required name=search_term_string"}],"inLanguage":"fr-FR"},{"@type":"WebPage","@id":"https:\/\/www.mesvendanges.com\/en\/shop\/wines\/dessus-de-la-carriere-en-magnum-picq-dne-gilbert-2011-150cl\/","url":"https:\/\/www.mesvendanges.com\/en\/shop\/wines\/dessus-de-la-carriere-en-magnum-picq-dne-gilbert-2011-150cl\/","name":"DESSUS DE LA CARRIERE en MAGNUM - Mes Vendanges","isPartOf":{"@id":"https:\/\/www.mesvendanges.com\/en\/#website"},"datePublished":"2022-08-02T10:56:08+00:00","dateModified":"2023-12-06T02:47:47+00:00","breadcrumb":{"@id":"https:\/\/www.mesvendanges.com\/en\/shop\/wines\/dessus-de-la-carriere-en-magnum-picq-dne-gilbert-2011-150cl\/#breadcrumb"},"inLanguage":"fr-FR","potentialAction":[{"@type":"ReadAction","target":["https:\/\/www.mesvendanges.com\/en\/shop\/wines\/dessus-de-la-carriere-en-magnum-picq-dne-gilbert-2011-150cl\/"]}]},{"@type":"BreadcrumbList","@id":"https:\/\/www.mesvendanges.com\/en\/shop\/wines\/dessus-de-la-carriere-en-magnum-picq-dne-gilbert-2011-150cl\/#breadcrumb","itemListElement":[{"@type":"ListItem","position":1,"name":"Home","item":"https:\/\/www.mesvendanges.com\/en\/"},{"@type":"ListItem","position":2,"name":"Shop","item":"https:\/\/www.mesvendanges.com\/en\/shop\/"},{"@type":"ListItem","position":3,"name":"DESSUS DE LA CARRIERE en MAGNUM"}]}]}},"_links":{"self":[{"href":"https:\/\/www.mesvendanges.com\/en\/wp-json\/wp\/v2\/product\/36220"}],"collection":[{"href":"https:\/\/www.mesvendanges.com\/en\/wp-json\/wp\/v2\/product"}],"about":[{"href":"https:\/\/www.mesvendanges.com\/en\/wp-json\/wp\/v2\/types\/product"}],"wp:attachment":[{"href":"https:\/\/www.mesvendanges.com\/en\/wp-json\/wp\/v2\/media?parent=36220"}],"wp:term":[{"taxonomy":"product_cat","embeddable":true,"href":"https:\/\/www.mesvendanges.com\/en\/wp-json\/wp\/v2\/product_cat?post=36220"},{"taxonomy":"product_tag","embeddable":true,"href":"https:\/\/www.mesvendanges.com\/en\/wp-json\/wp\/v2\/product_tag?post=36220"}],"curies":[{"name":"wp","href":"https:\/\/api.w.org\/{rel}","templated":true}]}}