{"id":36320,"date":"2022-08-02T12:58:40","date_gmt":"2022-08-02T10:58:40","guid":{"rendered":"https:\/\/www.mesvendanges.com\/shop\/uncategorized\/pommard-1ercru-les-epenots\/"},"modified":"2023-12-05T19:21:09","modified_gmt":"2023-12-05T18:21:09","slug":"pommard-1ercru-les-epenots-girardin-aleth-2009-75cl","status":"publish","type":"product","link":"https:\/\/www.mesvendanges.com\/en\/shop\/wines\/pommard-1ercru-les-epenots-girardin-aleth-2009-75cl\/","title":{"rendered":"POMMARD 1ERCRU LES EPENOTS"},"content":{"rendered":"<p>Le Pommard 1er cru Les Epenots 2009 du domaine Aleth Girardin provient de parcelles situ\u00e9es sur les Grands et les Petits Epenots, vignes plant\u00e9es en 1906. Avec les repiquages on obtient une moyenne d&#8217;environ 75 ans. Le vin poss\u00e8de un grain de tanin superlatif.<\/p>\n<div><\/div>\n<div>Allen Meadows : 93\/100<\/div>\n<div>Commentaire Bettane &amp; Desseauve :<\/div>\n<div><span class=\"bd-vintage-text\" style=\"display: inline-block; width: 500px; border-right-style: solid; border-right-width: 1px; border-right-color: rgb(227, 186, 226); padding: 5px; vertical-align: top; color: rgb(43, 43, 33); font-family: 'Lucida Grande', 'Lucida Sans Unicode', Arial, Helvetica, sans-serif;\">Belle couleur, magnifique onctuosit\u00e9 et finesse, style classique et ind\u00e9modable, terroir remarquablement d\u00e9fini, du parfait pommard, ce qui n&#8217;est pas si courant&#8230;<\/span><span style=\"color: rgb(43, 43, 33); font-family: 'Lucida Grande', 'Lucida Sans Unicode', Arial, Helvetica, sans-serif; background-color: rgb(227, 186, 226);\"><\/span><span class=\"bd-vintage-detail\" style=\"display: inline-block; vertical-align: top; padding: 5px; color: rgb(43, 43, 33); font-family: 'Lucida Grande', 'Lucida Sans Unicode', Arial, Helvetica, sans-serif;\">Note: 17.0&nbsp;<br \/>Apog\u00e9e: de 2020 \u00e0 2024<\/span><\/p>\n<div><\/div>\n<\/div>\n","protected":false},"excerpt":{"rendered":"<p>Le Pommard 1er cru Les Epenots 2009 du domaine Aleth Girardin provient de parcelles situ\u00e9es sur les Grands et les Petits Epenots, vignes plant\u00e9es en 1906. Avec les repiquages on obtient une moyenne d&#8217;environ 75 ans. Le vin poss\u00e8de un grain de tanin superlatif. Allen Meadows : 93\/100 Commentaire Bettane &amp; Desseauve : Belle couleur, [&hellip;]<\/p>\n","protected":false},"featured_media":0,"template":"","meta":[],"product_cat":[3740],"product_tag":[],"acf":[],"yoast_head":"<!-- This site is optimized with the Yoast SEO plugin v19.3 - https:\/\/yoast.com\/wordpress\/plugins\/seo\/ -->\n<title>POMMARD 1ERCRU LES EPENOTS - Mes Vendanges<\/title>\n<meta name=\"robots\" content=\"index, follow, max-snippet:-1, max-image-preview:large, max-video-preview:-1\" \/>\n<link rel=\"canonical\" href=\"https:\/\/www.mesvendanges.com\/en\/shop\/wines\/pommard-1ercru-les-epenots-girardin-aleth-2009-75cl\/\" \/>\n<meta property=\"og:locale\" content=\"en_US\" \/>\n<meta property=\"og:type\" content=\"article\" \/>\n<meta property=\"og:title\" content=\"POMMARD 1ERCRU LES EPENOTS - Mes Vendanges\" \/>\n<meta property=\"og:description\" content=\"Le Pommard 1er cru Les Epenots 2009 du domaine Aleth Girardin provient de parcelles situ\u00e9es sur les Grands et les Petits Epenots, vignes plant\u00e9es en 1906. Avec les repiquages on obtient une moyenne d&#8217;environ 75 ans. Le vin poss\u00e8de un grain de tanin superlatif. Allen Meadows : 93\/100 Commentaire Bettane &amp; Desseauve : Belle couleur, [&hellip;]\" \/>\n<meta property=\"og:url\" content=\"https:\/\/www.mesvendanges.com\/en\/shop\/wines\/pommard-1ercru-les-epenots-girardin-aleth-2009-75cl\/\" \/>\n<meta property=\"og:site_name\" content=\"Mes Vendanges\" \/>\n<meta property=\"article:modified_time\" content=\"2023-12-05T18:21:09+00:00\" \/>\n<meta name=\"twitter:card\" content=\"summary_large_image\" \/>\n<script type=\"application\/ld+json\" class=\"yoast-schema-graph\">{\"@context\":\"https:\/\/schema.org\",\"@graph\":[{\"@type\":\"Organization\",\"@id\":\"https:\/\/www.mesvendanges.com\/en\/#organization\",\"name\":\"Mes Vendanges\",\"url\":\"https:\/\/www.mesvendanges.com\/en\/\",\"sameAs\":[],\"logo\":{\"@type\":\"ImageObject\",\"inLanguage\":\"fr-FR\",\"@id\":\"https:\/\/www.mesvendanges.com\/en\/#\/schema\/logo\/image\/\",\"url\":\"https:\/\/www.mesvendanges.com\/wp-content\/uploads\/2022\/02\/logo-mesvendanges.jpg\",\"contentUrl\":\"https:\/\/www.mesvendanges.com\/wp-content\/uploads\/2022\/02\/logo-mesvendanges.jpg\",\"width\":851,\"height\":260,\"caption\":\"Mes Vendanges\"},\"image\":{\"@id\":\"https:\/\/www.mesvendanges.com\/en\/#\/schema\/logo\/image\/\"}},{\"@type\":\"WebSite\",\"@id\":\"https:\/\/www.mesvendanges.com\/en\/#website\",\"url\":\"https:\/\/www.mesvendanges.com\/en\/\",\"name\":\"Mes Vendanges\",\"description\":\"Des journ\u00e9es enti\u00e8res dans les vignes\",\"publisher\":{\"@id\":\"https:\/\/www.mesvendanges.com\/en\/#organization\"},\"potentialAction\":[{\"@type\":\"SearchAction\",\"target\":{\"@type\":\"EntryPoint\",\"urlTemplate\":\"https:\/\/www.mesvendanges.com\/en\/?s={search_term_string}\"},\"query-input\":\"required name=search_term_string\"}],\"inLanguage\":\"fr-FR\"},{\"@type\":\"WebPage\",\"@id\":\"https:\/\/www.mesvendanges.com\/en\/shop\/wines\/pommard-1ercru-les-epenots-girardin-aleth-2009-75cl\/\",\"url\":\"https:\/\/www.mesvendanges.com\/en\/shop\/wines\/pommard-1ercru-les-epenots-girardin-aleth-2009-75cl\/\",\"name\":\"POMMARD 1ERCRU LES EPENOTS - Mes Vendanges\",\"isPartOf\":{\"@id\":\"https:\/\/www.mesvendanges.com\/en\/#website\"},\"datePublished\":\"2022-08-02T10:58:40+00:00\",\"dateModified\":\"2023-12-05T18:21:09+00:00\",\"breadcrumb\":{\"@id\":\"https:\/\/www.mesvendanges.com\/en\/shop\/wines\/pommard-1ercru-les-epenots-girardin-aleth-2009-75cl\/#breadcrumb\"},\"inLanguage\":\"fr-FR\",\"potentialAction\":[{\"@type\":\"ReadAction\",\"target\":[\"https:\/\/www.mesvendanges.com\/en\/shop\/wines\/pommard-1ercru-les-epenots-girardin-aleth-2009-75cl\/\"]}]},{\"@type\":\"BreadcrumbList\",\"@id\":\"https:\/\/www.mesvendanges.com\/en\/shop\/wines\/pommard-1ercru-les-epenots-girardin-aleth-2009-75cl\/#breadcrumb\",\"itemListElement\":[{\"@type\":\"ListItem\",\"position\":1,\"name\":\"Home\",\"item\":\"https:\/\/www.mesvendanges.com\/en\/\"},{\"@type\":\"ListItem\",\"position\":2,\"name\":\"Shop\",\"item\":\"https:\/\/www.mesvendanges.com\/en\/shop\/\"},{\"@type\":\"ListItem\",\"position\":3,\"name\":\"POMMARD 1ERCRU LES EPENOTS\"}]}]}<\/script>\n<!-- \/ Yoast SEO plugin. -->","yoast_head_json":{"title":"POMMARD 1ERCRU LES EPENOTS - Mes Vendanges","robots":{"index":"index","follow":"follow","max-snippet":"max-snippet:-1","max-image-preview":"max-image-preview:large","max-video-preview":"max-video-preview:-1"},"canonical":"https:\/\/www.mesvendanges.com\/en\/shop\/wines\/pommard-1ercru-les-epenots-girardin-aleth-2009-75cl\/","og_locale":"en_US","og_type":"article","og_title":"POMMARD 1ERCRU LES EPENOTS - Mes Vendanges","og_description":"Le Pommard 1er cru Les Epenots 2009 du domaine Aleth Girardin provient de parcelles situ\u00e9es sur les Grands et les Petits Epenots, vignes plant\u00e9es en 1906. Avec les repiquages on obtient une moyenne d&#8217;environ 75 ans. Le vin poss\u00e8de un grain de tanin superlatif. Allen Meadows : 93\/100 Commentaire Bettane &amp; Desseauve : Belle couleur, [&hellip;]","og_url":"https:\/\/www.mesvendanges.com\/en\/shop\/wines\/pommard-1ercru-les-epenots-girardin-aleth-2009-75cl\/","og_site_name":"Mes Vendanges","article_modified_time":"2023-12-05T18:21:09+00:00","twitter_card":"summary_large_image","schema":{"@context":"https:\/\/schema.org","@graph":[{"@type":"Organization","@id":"https:\/\/www.mesvendanges.com\/en\/#organization","name":"Mes Vendanges","url":"https:\/\/www.mesvendanges.com\/en\/","sameAs":[],"logo":{"@type":"ImageObject","inLanguage":"fr-FR","@id":"https:\/\/www.mesvendanges.com\/en\/#\/schema\/logo\/image\/","url":"https:\/\/www.mesvendanges.com\/wp-content\/uploads\/2022\/02\/logo-mesvendanges.jpg","contentUrl":"https:\/\/www.mesvendanges.com\/wp-content\/uploads\/2022\/02\/logo-mesvendanges.jpg","width":851,"height":260,"caption":"Mes Vendanges"},"image":{"@id":"https:\/\/www.mesvendanges.com\/en\/#\/schema\/logo\/image\/"}},{"@type":"WebSite","@id":"https:\/\/www.mesvendanges.com\/en\/#website","url":"https:\/\/www.mesvendanges.com\/en\/","name":"Mes Vendanges","description":"Des journ\u00e9es enti\u00e8res dans les vignes","publisher":{"@id":"https:\/\/www.mesvendanges.com\/en\/#organization"},"potentialAction":[{"@type":"SearchAction","target":{"@type":"EntryPoint","urlTemplate":"https:\/\/www.mesvendanges.com\/en\/?s={search_term_string}"},"query-input":"required name=search_term_string"}],"inLanguage":"fr-FR"},{"@type":"WebPage","@id":"https:\/\/www.mesvendanges.com\/en\/shop\/wines\/pommard-1ercru-les-epenots-girardin-aleth-2009-75cl\/","url":"https:\/\/www.mesvendanges.com\/en\/shop\/wines\/pommard-1ercru-les-epenots-girardin-aleth-2009-75cl\/","name":"POMMARD 1ERCRU LES EPENOTS - Mes Vendanges","isPartOf":{"@id":"https:\/\/www.mesvendanges.com\/en\/#website"},"datePublished":"2022-08-02T10:58:40+00:00","dateModified":"2023-12-05T18:21:09+00:00","breadcrumb":{"@id":"https:\/\/www.mesvendanges.com\/en\/shop\/wines\/pommard-1ercru-les-epenots-girardin-aleth-2009-75cl\/#breadcrumb"},"inLanguage":"fr-FR","potentialAction":[{"@type":"ReadAction","target":["https:\/\/www.mesvendanges.com\/en\/shop\/wines\/pommard-1ercru-les-epenots-girardin-aleth-2009-75cl\/"]}]},{"@type":"BreadcrumbList","@id":"https:\/\/www.mesvendanges.com\/en\/shop\/wines\/pommard-1ercru-les-epenots-girardin-aleth-2009-75cl\/#breadcrumb","itemListElement":[{"@type":"ListItem","position":1,"name":"Home","item":"https:\/\/www.mesvendanges.com\/en\/"},{"@type":"ListItem","position":2,"name":"Shop","item":"https:\/\/www.mesvendanges.com\/en\/shop\/"},{"@type":"ListItem","position":3,"name":"POMMARD 1ERCRU LES EPENOTS"}]}]}},"_links":{"self":[{"href":"https:\/\/www.mesvendanges.com\/en\/wp-json\/wp\/v2\/product\/36320"}],"collection":[{"href":"https:\/\/www.mesvendanges.com\/en\/wp-json\/wp\/v2\/product"}],"about":[{"href":"https:\/\/www.mesvendanges.com\/en\/wp-json\/wp\/v2\/types\/product"}],"wp:attachment":[{"href":"https:\/\/www.mesvendanges.com\/en\/wp-json\/wp\/v2\/media?parent=36320"}],"wp:term":[{"taxonomy":"product_cat","embeddable":true,"href":"https:\/\/www.mesvendanges.com\/en\/wp-json\/wp\/v2\/product_cat?post=36320"},{"taxonomy":"product_tag","embeddable":true,"href":"https:\/\/www.mesvendanges.com\/en\/wp-json\/wp\/v2\/product_tag?post=36320"}],"curies":[{"name":"wp","href":"https:\/\/api.w.org\/{rel}","templated":true}]}}