{"id":36512,"date":"2022-08-02T13:03:40","date_gmt":"2022-08-02T11:03:40","guid":{"rendered":"https:\/\/www.mesvendanges.com\/shop\/uncategorized\/les-champs-martin-rouge-3\/"},"modified":"2023-12-05T23:47:20","modified_gmt":"2023-12-05T22:47:20","slug":"les-champs-martin-rouge-lorenzon-dne-2010-75cl","status":"publish","type":"product","link":"https:\/\/www.mesvendanges.com\/en\/shop\/wines\/les-champs-martin-rouge-lorenzon-dne-2010-75cl\/","title":{"rendered":"LES CHAMPS MARTIN ROUGE"},"content":{"rendered":"<p>Les vins de Bruno Lorenzon se distinguent par une grande pr\u00e9cision de l&#8217;\u00e9criture. Beaucoup de finesse et de complexit\u00e9 au nez. Des bouches m\u00fbres mais toujours tr\u00e8s \u00e9quilibr\u00e9es avec une tr\u00e8s belle allonge. Son Mercurey 1er Cru les Champs Martin est remarquable.<\/p>\n<div><\/div>\n<div>Commentaire Bettane &amp; Desseauve :<\/div>\n<div><span class=\"bd-vintage-text\" style=\"display: inline-block; width: 500px; border-right-style: solid; border-right-width: 1px; border-right-color: rgb(227, 186, 226); padding: 5px; vertical-align: top; color: rgb(43, 43, 33); font-family: 'Lucida Grande', 'Lucida Sans Unicode', Arial, Helvetica, sans-serif; font-weight: bold;\">Ce 2010 s&#8217;impose par un \u00e9quilibre souverain, d&#8217;une subtilit\u00e9 rare, complexe, ourl\u00e9 en finale. Le tanin structure le vin tout en restant invisible.<\/span><span style=\"color: rgb(43, 43, 33); font-family: 'Lucida Grande', 'Lucida Sans Unicode', Arial, Helvetica, sans-serif; font-weight: bold; background-color: rgb(227, 186, 226);\"><\/span><span class=\"bd-vintage-detail\" style=\"display: inline-block; vertical-align: top; padding: 5px; color: rgb(43, 43, 33); font-family: 'Lucida Grande', 'Lucida Sans Unicode', Arial, Helvetica, sans-serif; font-weight: bold;\">Note: 16.0&nbsp;<br \/>Apog\u00e9e: de 2012 \u00e0 2020<\/span><\/div>\n","protected":false},"excerpt":{"rendered":"<p>Les vins de Bruno Lorenzon se distinguent par une grande pr\u00e9cision de l&#8217;\u00e9criture. Beaucoup de finesse et de complexit\u00e9 au nez. Des bouches m\u00fbres mais toujours tr\u00e8s \u00e9quilibr\u00e9es avec une tr\u00e8s belle allonge. Son Mercurey 1er Cru les Champs Martin est remarquable. Commentaire Bettane &amp; Desseauve : Ce 2010 s&#8217;impose par un \u00e9quilibre souverain, d&#8217;une [&hellip;]<\/p>\n","protected":false},"featured_media":0,"template":"","meta":[],"product_cat":[3740],"product_tag":[],"acf":[],"yoast_head":"<!-- This site is optimized with the Yoast SEO plugin v19.3 - https:\/\/yoast.com\/wordpress\/plugins\/seo\/ -->\n<title>LES CHAMPS MARTIN ROUGE - Mes Vendanges<\/title>\n<meta name=\"robots\" content=\"index, follow, max-snippet:-1, max-image-preview:large, max-video-preview:-1\" \/>\n<link rel=\"canonical\" href=\"https:\/\/www.mesvendanges.com\/en\/shop\/wines\/les-champs-martin-rouge-lorenzon-dne-2010-75cl\/\" \/>\n<meta property=\"og:locale\" content=\"en_US\" \/>\n<meta property=\"og:type\" content=\"article\" \/>\n<meta property=\"og:title\" content=\"LES CHAMPS MARTIN ROUGE - Mes Vendanges\" \/>\n<meta property=\"og:description\" content=\"Les vins de Bruno Lorenzon se distinguent par une grande pr\u00e9cision de l&#8217;\u00e9criture. Beaucoup de finesse et de complexit\u00e9 au nez. Des bouches m\u00fbres mais toujours tr\u00e8s \u00e9quilibr\u00e9es avec une tr\u00e8s belle allonge. Son Mercurey 1er Cru les Champs Martin est remarquable. Commentaire Bettane &amp; Desseauve : Ce 2010 s&#8217;impose par un \u00e9quilibre souverain, d&#8217;une [&hellip;]\" \/>\n<meta property=\"og:url\" content=\"https:\/\/www.mesvendanges.com\/en\/shop\/wines\/les-champs-martin-rouge-lorenzon-dne-2010-75cl\/\" \/>\n<meta property=\"og:site_name\" content=\"Mes Vendanges\" \/>\n<meta property=\"article:modified_time\" content=\"2023-12-05T22:47:20+00:00\" \/>\n<meta name=\"twitter:card\" content=\"summary_large_image\" \/>\n<script type=\"application\/ld+json\" class=\"yoast-schema-graph\">{\"@context\":\"https:\/\/schema.org\",\"@graph\":[{\"@type\":\"Organization\",\"@id\":\"https:\/\/www.mesvendanges.com\/en\/#organization\",\"name\":\"Mes Vendanges\",\"url\":\"https:\/\/www.mesvendanges.com\/en\/\",\"sameAs\":[],\"logo\":{\"@type\":\"ImageObject\",\"inLanguage\":\"fr-FR\",\"@id\":\"https:\/\/www.mesvendanges.com\/en\/#\/schema\/logo\/image\/\",\"url\":\"https:\/\/www.mesvendanges.com\/wp-content\/uploads\/2022\/02\/logo-mesvendanges.jpg\",\"contentUrl\":\"https:\/\/www.mesvendanges.com\/wp-content\/uploads\/2022\/02\/logo-mesvendanges.jpg\",\"width\":851,\"height\":260,\"caption\":\"Mes Vendanges\"},\"image\":{\"@id\":\"https:\/\/www.mesvendanges.com\/en\/#\/schema\/logo\/image\/\"}},{\"@type\":\"WebSite\",\"@id\":\"https:\/\/www.mesvendanges.com\/en\/#website\",\"url\":\"https:\/\/www.mesvendanges.com\/en\/\",\"name\":\"Mes Vendanges\",\"description\":\"Des journ\u00e9es enti\u00e8res dans les vignes\",\"publisher\":{\"@id\":\"https:\/\/www.mesvendanges.com\/en\/#organization\"},\"potentialAction\":[{\"@type\":\"SearchAction\",\"target\":{\"@type\":\"EntryPoint\",\"urlTemplate\":\"https:\/\/www.mesvendanges.com\/en\/?s={search_term_string}\"},\"query-input\":\"required name=search_term_string\"}],\"inLanguage\":\"fr-FR\"},{\"@type\":\"WebPage\",\"@id\":\"https:\/\/www.mesvendanges.com\/en\/shop\/wines\/les-champs-martin-rouge-lorenzon-dne-2010-75cl\/\",\"url\":\"https:\/\/www.mesvendanges.com\/en\/shop\/wines\/les-champs-martin-rouge-lorenzon-dne-2010-75cl\/\",\"name\":\"LES CHAMPS MARTIN ROUGE - Mes Vendanges\",\"isPartOf\":{\"@id\":\"https:\/\/www.mesvendanges.com\/en\/#website\"},\"datePublished\":\"2022-08-02T11:03:40+00:00\",\"dateModified\":\"2023-12-05T22:47:20+00:00\",\"breadcrumb\":{\"@id\":\"https:\/\/www.mesvendanges.com\/en\/shop\/wines\/les-champs-martin-rouge-lorenzon-dne-2010-75cl\/#breadcrumb\"},\"inLanguage\":\"fr-FR\",\"potentialAction\":[{\"@type\":\"ReadAction\",\"target\":[\"https:\/\/www.mesvendanges.com\/en\/shop\/wines\/les-champs-martin-rouge-lorenzon-dne-2010-75cl\/\"]}]},{\"@type\":\"BreadcrumbList\",\"@id\":\"https:\/\/www.mesvendanges.com\/en\/shop\/wines\/les-champs-martin-rouge-lorenzon-dne-2010-75cl\/#breadcrumb\",\"itemListElement\":[{\"@type\":\"ListItem\",\"position\":1,\"name\":\"Home\",\"item\":\"https:\/\/www.mesvendanges.com\/en\/\"},{\"@type\":\"ListItem\",\"position\":2,\"name\":\"Shop\",\"item\":\"https:\/\/www.mesvendanges.com\/en\/shop\/\"},{\"@type\":\"ListItem\",\"position\":3,\"name\":\"LES CHAMPS MARTIN ROUGE\"}]}]}<\/script>\n<!-- \/ Yoast SEO plugin. -->","yoast_head_json":{"title":"LES CHAMPS MARTIN ROUGE - Mes Vendanges","robots":{"index":"index","follow":"follow","max-snippet":"max-snippet:-1","max-image-preview":"max-image-preview:large","max-video-preview":"max-video-preview:-1"},"canonical":"https:\/\/www.mesvendanges.com\/en\/shop\/wines\/les-champs-martin-rouge-lorenzon-dne-2010-75cl\/","og_locale":"en_US","og_type":"article","og_title":"LES CHAMPS MARTIN ROUGE - Mes Vendanges","og_description":"Les vins de Bruno Lorenzon se distinguent par une grande pr\u00e9cision de l&#8217;\u00e9criture. Beaucoup de finesse et de complexit\u00e9 au nez. Des bouches m\u00fbres mais toujours tr\u00e8s \u00e9quilibr\u00e9es avec une tr\u00e8s belle allonge. Son Mercurey 1er Cru les Champs Martin est remarquable. Commentaire Bettane &amp; Desseauve : Ce 2010 s&#8217;impose par un \u00e9quilibre souverain, d&#8217;une [&hellip;]","og_url":"https:\/\/www.mesvendanges.com\/en\/shop\/wines\/les-champs-martin-rouge-lorenzon-dne-2010-75cl\/","og_site_name":"Mes Vendanges","article_modified_time":"2023-12-05T22:47:20+00:00","twitter_card":"summary_large_image","schema":{"@context":"https:\/\/schema.org","@graph":[{"@type":"Organization","@id":"https:\/\/www.mesvendanges.com\/en\/#organization","name":"Mes Vendanges","url":"https:\/\/www.mesvendanges.com\/en\/","sameAs":[],"logo":{"@type":"ImageObject","inLanguage":"fr-FR","@id":"https:\/\/www.mesvendanges.com\/en\/#\/schema\/logo\/image\/","url":"https:\/\/www.mesvendanges.com\/wp-content\/uploads\/2022\/02\/logo-mesvendanges.jpg","contentUrl":"https:\/\/www.mesvendanges.com\/wp-content\/uploads\/2022\/02\/logo-mesvendanges.jpg","width":851,"height":260,"caption":"Mes Vendanges"},"image":{"@id":"https:\/\/www.mesvendanges.com\/en\/#\/schema\/logo\/image\/"}},{"@type":"WebSite","@id":"https:\/\/www.mesvendanges.com\/en\/#website","url":"https:\/\/www.mesvendanges.com\/en\/","name":"Mes Vendanges","description":"Des journ\u00e9es enti\u00e8res dans les vignes","publisher":{"@id":"https:\/\/www.mesvendanges.com\/en\/#organization"},"potentialAction":[{"@type":"SearchAction","target":{"@type":"EntryPoint","urlTemplate":"https:\/\/www.mesvendanges.com\/en\/?s={search_term_string}"},"query-input":"required name=search_term_string"}],"inLanguage":"fr-FR"},{"@type":"WebPage","@id":"https:\/\/www.mesvendanges.com\/en\/shop\/wines\/les-champs-martin-rouge-lorenzon-dne-2010-75cl\/","url":"https:\/\/www.mesvendanges.com\/en\/shop\/wines\/les-champs-martin-rouge-lorenzon-dne-2010-75cl\/","name":"LES CHAMPS MARTIN ROUGE - Mes Vendanges","isPartOf":{"@id":"https:\/\/www.mesvendanges.com\/en\/#website"},"datePublished":"2022-08-02T11:03:40+00:00","dateModified":"2023-12-05T22:47:20+00:00","breadcrumb":{"@id":"https:\/\/www.mesvendanges.com\/en\/shop\/wines\/les-champs-martin-rouge-lorenzon-dne-2010-75cl\/#breadcrumb"},"inLanguage":"fr-FR","potentialAction":[{"@type":"ReadAction","target":["https:\/\/www.mesvendanges.com\/en\/shop\/wines\/les-champs-martin-rouge-lorenzon-dne-2010-75cl\/"]}]},{"@type":"BreadcrumbList","@id":"https:\/\/www.mesvendanges.com\/en\/shop\/wines\/les-champs-martin-rouge-lorenzon-dne-2010-75cl\/#breadcrumb","itemListElement":[{"@type":"ListItem","position":1,"name":"Home","item":"https:\/\/www.mesvendanges.com\/en\/"},{"@type":"ListItem","position":2,"name":"Shop","item":"https:\/\/www.mesvendanges.com\/en\/shop\/"},{"@type":"ListItem","position":3,"name":"LES CHAMPS MARTIN ROUGE"}]}]}},"_links":{"self":[{"href":"https:\/\/www.mesvendanges.com\/en\/wp-json\/wp\/v2\/product\/36512"}],"collection":[{"href":"https:\/\/www.mesvendanges.com\/en\/wp-json\/wp\/v2\/product"}],"about":[{"href":"https:\/\/www.mesvendanges.com\/en\/wp-json\/wp\/v2\/types\/product"}],"wp:attachment":[{"href":"https:\/\/www.mesvendanges.com\/en\/wp-json\/wp\/v2\/media?parent=36512"}],"wp:term":[{"taxonomy":"product_cat","embeddable":true,"href":"https:\/\/www.mesvendanges.com\/en\/wp-json\/wp\/v2\/product_cat?post=36512"},{"taxonomy":"product_tag","embeddable":true,"href":"https:\/\/www.mesvendanges.com\/en\/wp-json\/wp\/v2\/product_tag?post=36512"}],"curies":[{"name":"wp","href":"https:\/\/api.w.org\/{rel}","templated":true}]}}