{"id":36948,"date":"2022-08-02T13:15:53","date_gmt":"2022-08-02T11:15:53","guid":{"rendered":"https:\/\/www.mesvendanges.com\/shop\/uncategorized\/il-frappato-magnum-2\/"},"modified":"2023-12-06T02:17:31","modified_gmt":"2023-12-06T01:17:31","slug":"il-frappato-magnum-occhipinti-dne-2011-150cl","status":"publish","type":"product","link":"https:\/\/www.mesvendanges.com\/en\/shop\/wines\/il-frappato-magnum-occhipinti-dne-2011-150cl\/","title":{"rendered":"IL FRAPPATO MAGNUM"},"content":{"rendered":"<p>Quel beau vin que ce Frappato. Un vin qui pourrait presque nous venir de bourgogne, tant sa constuction se fait autour du d\u00e9li\u00e9 du fruit, de la finesse des ar\u00f4mes de petits fruits rouges du volume sph\u00e9rique de la bouche. Une petite touche d&#8217;un noble v\u00e9g\u00e9tal (ronce, feuille de tabac,&nbsp;poivres) vient complexifier un ensemble d&#8217;une grande buvabilit\u00e9, au toucher de bouche remarquable et si vivant. Viva Sicilia !<\/p>\n<p>Il Frappato&nbsp;est issu d&#8217;un c\u00e9page local qui porte le m\u00eame nom: le Frappato. Tout le domaine et ses vins sont travaill\u00e9s de mani\u00e8re naturelle dans le respect de la nature et des raisins. <\/p>\n<p>Le domaine produit aussi de d\u00e9licieuses huiles d&#8217;olives et c\u00e2pres, \u00e0 retrouver dans la rubrique &#8220;solides&#8221;.<\/p>\n","protected":false},"excerpt":{"rendered":"<p>Quel beau vin que ce Frappato. Un vin qui pourrait presque nous venir de bourgogne, tant sa constuction se fait autour du d\u00e9li\u00e9 du fruit, de la finesse des ar\u00f4mes de petits fruits rouges du volume sph\u00e9rique de la bouche. Une petite touche d&#8217;un noble v\u00e9g\u00e9tal (ronce, feuille de tabac,&nbsp;poivres) vient complexifier un ensemble d&#8217;une [&hellip;]<\/p>\n","protected":false},"featured_media":0,"template":"","meta":[],"product_cat":[3740],"product_tag":[],"acf":[],"yoast_head":"<!-- This site is optimized with the Yoast SEO plugin v19.3 - https:\/\/yoast.com\/wordpress\/plugins\/seo\/ -->\n<title>IL FRAPPATO MAGNUM - Mes Vendanges<\/title>\n<meta name=\"robots\" content=\"index, follow, max-snippet:-1, max-image-preview:large, max-video-preview:-1\" \/>\n<link rel=\"canonical\" href=\"https:\/\/www.mesvendanges.com\/en\/shop\/wines\/il-frappato-magnum-occhipinti-dne-2011-150cl\/\" \/>\n<meta property=\"og:locale\" content=\"en_US\" \/>\n<meta property=\"og:type\" content=\"article\" \/>\n<meta property=\"og:title\" content=\"IL FRAPPATO MAGNUM - Mes Vendanges\" \/>\n<meta property=\"og:description\" content=\"Quel beau vin que ce Frappato. Un vin qui pourrait presque nous venir de bourgogne, tant sa constuction se fait autour du d\u00e9li\u00e9 du fruit, de la finesse des ar\u00f4mes de petits fruits rouges du volume sph\u00e9rique de la bouche. Une petite touche d&#8217;un noble v\u00e9g\u00e9tal (ronce, feuille de tabac,&nbsp;poivres) vient complexifier un ensemble d&#8217;une [&hellip;]\" \/>\n<meta property=\"og:url\" content=\"https:\/\/www.mesvendanges.com\/en\/shop\/wines\/il-frappato-magnum-occhipinti-dne-2011-150cl\/\" \/>\n<meta property=\"og:site_name\" content=\"Mes Vendanges\" \/>\n<meta property=\"article:modified_time\" content=\"2023-12-06T01:17:31+00:00\" \/>\n<meta name=\"twitter:card\" content=\"summary_large_image\" \/>\n<meta name=\"twitter:label1\" content=\"Est. reading time\" \/>\n\t<meta name=\"twitter:data1\" content=\"1 minute\" \/>\n<script type=\"application\/ld+json\" class=\"yoast-schema-graph\">{\"@context\":\"https:\/\/schema.org\",\"@graph\":[{\"@type\":\"Organization\",\"@id\":\"https:\/\/www.mesvendanges.com\/en\/#organization\",\"name\":\"Mes Vendanges\",\"url\":\"https:\/\/www.mesvendanges.com\/en\/\",\"sameAs\":[],\"logo\":{\"@type\":\"ImageObject\",\"inLanguage\":\"fr-FR\",\"@id\":\"https:\/\/www.mesvendanges.com\/en\/#\/schema\/logo\/image\/\",\"url\":\"https:\/\/www.mesvendanges.com\/wp-content\/uploads\/2022\/02\/logo-mesvendanges.jpg\",\"contentUrl\":\"https:\/\/www.mesvendanges.com\/wp-content\/uploads\/2022\/02\/logo-mesvendanges.jpg\",\"width\":851,\"height\":260,\"caption\":\"Mes Vendanges\"},\"image\":{\"@id\":\"https:\/\/www.mesvendanges.com\/en\/#\/schema\/logo\/image\/\"}},{\"@type\":\"WebSite\",\"@id\":\"https:\/\/www.mesvendanges.com\/en\/#website\",\"url\":\"https:\/\/www.mesvendanges.com\/en\/\",\"name\":\"Mes Vendanges\",\"description\":\"Des journ\u00e9es enti\u00e8res dans les vignes\",\"publisher\":{\"@id\":\"https:\/\/www.mesvendanges.com\/en\/#organization\"},\"potentialAction\":[{\"@type\":\"SearchAction\",\"target\":{\"@type\":\"EntryPoint\",\"urlTemplate\":\"https:\/\/www.mesvendanges.com\/en\/?s={search_term_string}\"},\"query-input\":\"required name=search_term_string\"}],\"inLanguage\":\"fr-FR\"},{\"@type\":\"WebPage\",\"@id\":\"https:\/\/www.mesvendanges.com\/en\/shop\/wines\/il-frappato-magnum-occhipinti-dne-2011-150cl\/\",\"url\":\"https:\/\/www.mesvendanges.com\/en\/shop\/wines\/il-frappato-magnum-occhipinti-dne-2011-150cl\/\",\"name\":\"IL FRAPPATO MAGNUM - Mes Vendanges\",\"isPartOf\":{\"@id\":\"https:\/\/www.mesvendanges.com\/en\/#website\"},\"datePublished\":\"2022-08-02T11:15:53+00:00\",\"dateModified\":\"2023-12-06T01:17:31+00:00\",\"breadcrumb\":{\"@id\":\"https:\/\/www.mesvendanges.com\/en\/shop\/wines\/il-frappato-magnum-occhipinti-dne-2011-150cl\/#breadcrumb\"},\"inLanguage\":\"fr-FR\",\"potentialAction\":[{\"@type\":\"ReadAction\",\"target\":[\"https:\/\/www.mesvendanges.com\/en\/shop\/wines\/il-frappato-magnum-occhipinti-dne-2011-150cl\/\"]}]},{\"@type\":\"BreadcrumbList\",\"@id\":\"https:\/\/www.mesvendanges.com\/en\/shop\/wines\/il-frappato-magnum-occhipinti-dne-2011-150cl\/#breadcrumb\",\"itemListElement\":[{\"@type\":\"ListItem\",\"position\":1,\"name\":\"Home\",\"item\":\"https:\/\/www.mesvendanges.com\/en\/\"},{\"@type\":\"ListItem\",\"position\":2,\"name\":\"Shop\",\"item\":\"https:\/\/www.mesvendanges.com\/en\/shop\/\"},{\"@type\":\"ListItem\",\"position\":3,\"name\":\"IL FRAPPATO MAGNUM\"}]}]}<\/script>\n<!-- \/ Yoast SEO plugin. -->","yoast_head_json":{"title":"IL FRAPPATO MAGNUM - Mes Vendanges","robots":{"index":"index","follow":"follow","max-snippet":"max-snippet:-1","max-image-preview":"max-image-preview:large","max-video-preview":"max-video-preview:-1"},"canonical":"https:\/\/www.mesvendanges.com\/en\/shop\/wines\/il-frappato-magnum-occhipinti-dne-2011-150cl\/","og_locale":"en_US","og_type":"article","og_title":"IL FRAPPATO MAGNUM - Mes Vendanges","og_description":"Quel beau vin que ce Frappato. Un vin qui pourrait presque nous venir de bourgogne, tant sa constuction se fait autour du d\u00e9li\u00e9 du fruit, de la finesse des ar\u00f4mes de petits fruits rouges du volume sph\u00e9rique de la bouche. Une petite touche d&#8217;un noble v\u00e9g\u00e9tal (ronce, feuille de tabac,&nbsp;poivres) vient complexifier un ensemble d&#8217;une [&hellip;]","og_url":"https:\/\/www.mesvendanges.com\/en\/shop\/wines\/il-frappato-magnum-occhipinti-dne-2011-150cl\/","og_site_name":"Mes Vendanges","article_modified_time":"2023-12-06T01:17:31+00:00","twitter_card":"summary_large_image","twitter_misc":{"Est. reading time":"1 minute"},"schema":{"@context":"https:\/\/schema.org","@graph":[{"@type":"Organization","@id":"https:\/\/www.mesvendanges.com\/en\/#organization","name":"Mes Vendanges","url":"https:\/\/www.mesvendanges.com\/en\/","sameAs":[],"logo":{"@type":"ImageObject","inLanguage":"fr-FR","@id":"https:\/\/www.mesvendanges.com\/en\/#\/schema\/logo\/image\/","url":"https:\/\/www.mesvendanges.com\/wp-content\/uploads\/2022\/02\/logo-mesvendanges.jpg","contentUrl":"https:\/\/www.mesvendanges.com\/wp-content\/uploads\/2022\/02\/logo-mesvendanges.jpg","width":851,"height":260,"caption":"Mes Vendanges"},"image":{"@id":"https:\/\/www.mesvendanges.com\/en\/#\/schema\/logo\/image\/"}},{"@type":"WebSite","@id":"https:\/\/www.mesvendanges.com\/en\/#website","url":"https:\/\/www.mesvendanges.com\/en\/","name":"Mes Vendanges","description":"Des journ\u00e9es enti\u00e8res dans les vignes","publisher":{"@id":"https:\/\/www.mesvendanges.com\/en\/#organization"},"potentialAction":[{"@type":"SearchAction","target":{"@type":"EntryPoint","urlTemplate":"https:\/\/www.mesvendanges.com\/en\/?s={search_term_string}"},"query-input":"required name=search_term_string"}],"inLanguage":"fr-FR"},{"@type":"WebPage","@id":"https:\/\/www.mesvendanges.com\/en\/shop\/wines\/il-frappato-magnum-occhipinti-dne-2011-150cl\/","url":"https:\/\/www.mesvendanges.com\/en\/shop\/wines\/il-frappato-magnum-occhipinti-dne-2011-150cl\/","name":"IL FRAPPATO MAGNUM - Mes Vendanges","isPartOf":{"@id":"https:\/\/www.mesvendanges.com\/en\/#website"},"datePublished":"2022-08-02T11:15:53+00:00","dateModified":"2023-12-06T01:17:31+00:00","breadcrumb":{"@id":"https:\/\/www.mesvendanges.com\/en\/shop\/wines\/il-frappato-magnum-occhipinti-dne-2011-150cl\/#breadcrumb"},"inLanguage":"fr-FR","potentialAction":[{"@type":"ReadAction","target":["https:\/\/www.mesvendanges.com\/en\/shop\/wines\/il-frappato-magnum-occhipinti-dne-2011-150cl\/"]}]},{"@type":"BreadcrumbList","@id":"https:\/\/www.mesvendanges.com\/en\/shop\/wines\/il-frappato-magnum-occhipinti-dne-2011-150cl\/#breadcrumb","itemListElement":[{"@type":"ListItem","position":1,"name":"Home","item":"https:\/\/www.mesvendanges.com\/en\/"},{"@type":"ListItem","position":2,"name":"Shop","item":"https:\/\/www.mesvendanges.com\/en\/shop\/"},{"@type":"ListItem","position":3,"name":"IL FRAPPATO MAGNUM"}]}]}},"_links":{"self":[{"href":"https:\/\/www.mesvendanges.com\/en\/wp-json\/wp\/v2\/product\/36948"}],"collection":[{"href":"https:\/\/www.mesvendanges.com\/en\/wp-json\/wp\/v2\/product"}],"about":[{"href":"https:\/\/www.mesvendanges.com\/en\/wp-json\/wp\/v2\/types\/product"}],"wp:attachment":[{"href":"https:\/\/www.mesvendanges.com\/en\/wp-json\/wp\/v2\/media?parent=36948"}],"wp:term":[{"taxonomy":"product_cat","embeddable":true,"href":"https:\/\/www.mesvendanges.com\/en\/wp-json\/wp\/v2\/product_cat?post=36948"},{"taxonomy":"product_tag","embeddable":true,"href":"https:\/\/www.mesvendanges.com\/en\/wp-json\/wp\/v2\/product_tag?post=36948"}],"curies":[{"name":"wp","href":"https:\/\/api.w.org\/{rel}","templated":true}]}}