{"id":37094,"date":"2022-08-02T13:20:06","date_gmt":"2022-08-02T11:20:06","guid":{"rendered":"https:\/\/www.mesvendanges.com\/shop\/uncategorized\/riesling-uhlen-roth-lay-beerenauslese-2\/"},"modified":"2025-05-01T16:07:45","modified_gmt":"2025-05-01T14:07:45","slug":"riesling-uhlen-roth-lay-beerenauslese-heymann-loewenstein-2013-375cl","status":"publish","type":"product","link":"https:\/\/www.mesvendanges.com\/en\/shop\/wines\/riesling-uhlen-roth-lay-beerenauslese-heymann-loewenstein-2013-375cl\/","title":{"rendered":"RIESLING UHLEN ROTH LAY BEERENAUSLESE"},"content":{"rendered":"<div>En 2013 Reinhard L\u00f6wenstein a produit un tout petit peu de Beerenauslese sur ce grand terroir du Roth Lay<\/div>\n<div><\/div>\n<p>Un navire charg\u00e9 d&#8217;or naviguant au travers de mers myst\u00e9rieuses dans son voyage vers Atlantis voici la tonalit\u00e9 du vin comme la ressent Reinhard Loewenstein! Il s&#8217;agit ici d&#8217;un Auslese Goldkapsel donc d&#8217;un moelleux issu d&#8217;une superbe trie. Des trois Uhlen, le Roth Lay est sans doute le plus baroque et large. On retrouve le Ulhlen par la construction droite du vin, le terroir du Roth Lay apportant la pl\u00e9nitude fourmillante. Le Roth Lay est issu de vieilles vignes de riesling (50 ans). Terroir de 2.2 hectares expos\u00e9 plein sud. Au domaine Heymann-Loewenstein les fermentations se font sur levures indig\u00e8nes et l&#8217;\u00e9levage a lieu en cuves inox puis en foudres.<\/p>\n","protected":false},"excerpt":{"rendered":"<p>En 2013 Reinhard L\u00f6wenstein a produit un tout petit peu de Beerenauslese sur ce grand terroir du Roth Lay Un navire charg\u00e9 d&#8217;or naviguant au travers de mers myst\u00e9rieuses dans son voyage vers Atlantis voici la tonalit\u00e9 du vin comme la ressent Reinhard Loewenstein! Il s&#8217;agit ici d&#8217;un Auslese Goldkapsel donc d&#8217;un moelleux issu d&#8217;une [&hellip;]<\/p>\n","protected":false},"featured_media":87255,"template":"","meta":[],"product_cat":[3740],"product_tag":[],"acf":[],"yoast_head":"<!-- This site is optimized with the Yoast SEO plugin v19.3 - https:\/\/yoast.com\/wordpress\/plugins\/seo\/ -->\n<title>RIESLING UHLEN ROTH LAY BEERENAUSLESE - Mes Vendanges<\/title>\n<meta name=\"robots\" content=\"index, follow, max-snippet:-1, max-image-preview:large, max-video-preview:-1\" \/>\n<link rel=\"canonical\" href=\"https:\/\/www.mesvendanges.com\/en\/shop\/wines\/riesling-uhlen-roth-lay-beerenauslese-heymann-loewenstein-2013-375cl\/\" \/>\n<meta property=\"og:locale\" content=\"en_US\" \/>\n<meta property=\"og:type\" content=\"article\" \/>\n<meta property=\"og:title\" content=\"RIESLING UHLEN ROTH LAY BEERENAUSLESE - Mes Vendanges\" \/>\n<meta property=\"og:description\" content=\"En 2013 Reinhard L\u00f6wenstein a produit un tout petit peu de Beerenauslese sur ce grand terroir du Roth Lay Un navire charg\u00e9 d&#8217;or naviguant au travers de mers myst\u00e9rieuses dans son voyage vers Atlantis voici la tonalit\u00e9 du vin comme la ressent Reinhard Loewenstein! Il s&#8217;agit ici d&#8217;un Auslese Goldkapsel donc d&#8217;un moelleux issu d&#8217;une [&hellip;]\" \/>\n<meta property=\"og:url\" content=\"https:\/\/www.mesvendanges.com\/en\/shop\/wines\/riesling-uhlen-roth-lay-beerenauslese-heymann-loewenstein-2013-375cl\/\" \/>\n<meta property=\"og:site_name\" content=\"Mes Vendanges\" \/>\n<meta property=\"article:modified_time\" content=\"2025-05-01T14:07:45+00:00\" \/>\n<meta property=\"og:image\" content=\"https:\/\/www.mesvendanges.com\/wp-content\/uploads\/2025\/05\/heymann-lowenstein-riesling-roth-lay-beerenauslese-2013-37-5cl-png.png\" \/>\n\t<meta property=\"og:image:width\" content=\"400\" \/>\n\t<meta property=\"og:image:height\" content=\"1500\" \/>\n\t<meta property=\"og:image:type\" content=\"image\/png\" \/>\n<meta name=\"twitter:card\" content=\"summary_large_image\" \/>\n<meta name=\"twitter:label1\" content=\"Est. reading time\" \/>\n\t<meta name=\"twitter:data1\" content=\"1 minute\" \/>\n<script type=\"application\/ld+json\" class=\"yoast-schema-graph\">{\"@context\":\"https:\/\/schema.org\",\"@graph\":[{\"@type\":\"Organization\",\"@id\":\"https:\/\/www.mesvendanges.com\/en\/#organization\",\"name\":\"Mes Vendanges\",\"url\":\"https:\/\/www.mesvendanges.com\/en\/\",\"sameAs\":[],\"logo\":{\"@type\":\"ImageObject\",\"inLanguage\":\"fr-FR\",\"@id\":\"https:\/\/www.mesvendanges.com\/en\/#\/schema\/logo\/image\/\",\"url\":\"https:\/\/www.mesvendanges.com\/wp-content\/uploads\/2022\/02\/logo-mesvendanges.jpg\",\"contentUrl\":\"https:\/\/www.mesvendanges.com\/wp-content\/uploads\/2022\/02\/logo-mesvendanges.jpg\",\"width\":851,\"height\":260,\"caption\":\"Mes Vendanges\"},\"image\":{\"@id\":\"https:\/\/www.mesvendanges.com\/en\/#\/schema\/logo\/image\/\"}},{\"@type\":\"WebSite\",\"@id\":\"https:\/\/www.mesvendanges.com\/en\/#website\",\"url\":\"https:\/\/www.mesvendanges.com\/en\/\",\"name\":\"Mes Vendanges\",\"description\":\"Des journ\u00e9es enti\u00e8res dans les vignes\",\"publisher\":{\"@id\":\"https:\/\/www.mesvendanges.com\/en\/#organization\"},\"potentialAction\":[{\"@type\":\"SearchAction\",\"target\":{\"@type\":\"EntryPoint\",\"urlTemplate\":\"https:\/\/www.mesvendanges.com\/en\/?s={search_term_string}\"},\"query-input\":\"required name=search_term_string\"}],\"inLanguage\":\"fr-FR\"},{\"@type\":\"ImageObject\",\"inLanguage\":\"fr-FR\",\"@id\":\"https:\/\/www.mesvendanges.com\/en\/shop\/wines\/riesling-uhlen-roth-lay-beerenauslese-heymann-loewenstein-2013-375cl\/#primaryimage\",\"url\":\"https:\/\/www.mesvendanges.com\/wp-content\/uploads\/2025\/05\/heymann-lowenstein-riesling-roth-lay-beerenauslese-2013-37-5cl-png.png\",\"contentUrl\":\"https:\/\/www.mesvendanges.com\/wp-content\/uploads\/2025\/05\/heymann-lowenstein-riesling-roth-lay-beerenauslese-2013-37-5cl-png.png\",\"width\":400,\"height\":1500},{\"@type\":\"WebPage\",\"@id\":\"https:\/\/www.mesvendanges.com\/en\/shop\/wines\/riesling-uhlen-roth-lay-beerenauslese-heymann-loewenstein-2013-375cl\/\",\"url\":\"https:\/\/www.mesvendanges.com\/en\/shop\/wines\/riesling-uhlen-roth-lay-beerenauslese-heymann-loewenstein-2013-375cl\/\",\"name\":\"RIESLING UHLEN ROTH LAY BEERENAUSLESE - Mes Vendanges\",\"isPartOf\":{\"@id\":\"https:\/\/www.mesvendanges.com\/en\/#website\"},\"primaryImageOfPage\":{\"@id\":\"https:\/\/www.mesvendanges.com\/en\/shop\/wines\/riesling-uhlen-roth-lay-beerenauslese-heymann-loewenstein-2013-375cl\/#primaryimage\"},\"datePublished\":\"2022-08-02T11:20:06+00:00\",\"dateModified\":\"2025-05-01T14:07:45+00:00\",\"breadcrumb\":{\"@id\":\"https:\/\/www.mesvendanges.com\/en\/shop\/wines\/riesling-uhlen-roth-lay-beerenauslese-heymann-loewenstein-2013-375cl\/#breadcrumb\"},\"inLanguage\":\"fr-FR\",\"potentialAction\":[{\"@type\":\"ReadAction\",\"target\":[\"https:\/\/www.mesvendanges.com\/en\/shop\/wines\/riesling-uhlen-roth-lay-beerenauslese-heymann-loewenstein-2013-375cl\/\"]}]},{\"@type\":\"BreadcrumbList\",\"@id\":\"https:\/\/www.mesvendanges.com\/en\/shop\/wines\/riesling-uhlen-roth-lay-beerenauslese-heymann-loewenstein-2013-375cl\/#breadcrumb\",\"itemListElement\":[{\"@type\":\"ListItem\",\"position\":1,\"name\":\"Home\",\"item\":\"https:\/\/www.mesvendanges.com\/en\/\"},{\"@type\":\"ListItem\",\"position\":2,\"name\":\"Shop\",\"item\":\"https:\/\/www.mesvendanges.com\/en\/shop\/\"},{\"@type\":\"ListItem\",\"position\":3,\"name\":\"RIESLING UHLEN ROTH LAY BEERENAUSLESE\"}]}]}<\/script>\n<!-- \/ Yoast SEO plugin. -->","yoast_head_json":{"title":"RIESLING UHLEN ROTH LAY BEERENAUSLESE - Mes Vendanges","robots":{"index":"index","follow":"follow","max-snippet":"max-snippet:-1","max-image-preview":"max-image-preview:large","max-video-preview":"max-video-preview:-1"},"canonical":"https:\/\/www.mesvendanges.com\/en\/shop\/wines\/riesling-uhlen-roth-lay-beerenauslese-heymann-loewenstein-2013-375cl\/","og_locale":"en_US","og_type":"article","og_title":"RIESLING UHLEN ROTH LAY BEERENAUSLESE - Mes Vendanges","og_description":"En 2013 Reinhard L\u00f6wenstein a produit un tout petit peu de Beerenauslese sur ce grand terroir du Roth Lay Un navire charg\u00e9 d&#8217;or naviguant au travers de mers myst\u00e9rieuses dans son voyage vers Atlantis voici la tonalit\u00e9 du vin comme la ressent Reinhard Loewenstein! Il s&#8217;agit ici d&#8217;un Auslese Goldkapsel donc d&#8217;un moelleux issu d&#8217;une [&hellip;]","og_url":"https:\/\/www.mesvendanges.com\/en\/shop\/wines\/riesling-uhlen-roth-lay-beerenauslese-heymann-loewenstein-2013-375cl\/","og_site_name":"Mes Vendanges","article_modified_time":"2025-05-01T14:07:45+00:00","og_image":[{"width":400,"height":1500,"url":"https:\/\/www.mesvendanges.com\/wp-content\/uploads\/2025\/05\/heymann-lowenstein-riesling-roth-lay-beerenauslese-2013-37-5cl-png.png","type":"image\/png"}],"twitter_card":"summary_large_image","twitter_misc":{"Est. reading time":"1 minute"},"schema":{"@context":"https:\/\/schema.org","@graph":[{"@type":"Organization","@id":"https:\/\/www.mesvendanges.com\/en\/#organization","name":"Mes Vendanges","url":"https:\/\/www.mesvendanges.com\/en\/","sameAs":[],"logo":{"@type":"ImageObject","inLanguage":"fr-FR","@id":"https:\/\/www.mesvendanges.com\/en\/#\/schema\/logo\/image\/","url":"https:\/\/www.mesvendanges.com\/wp-content\/uploads\/2022\/02\/logo-mesvendanges.jpg","contentUrl":"https:\/\/www.mesvendanges.com\/wp-content\/uploads\/2022\/02\/logo-mesvendanges.jpg","width":851,"height":260,"caption":"Mes Vendanges"},"image":{"@id":"https:\/\/www.mesvendanges.com\/en\/#\/schema\/logo\/image\/"}},{"@type":"WebSite","@id":"https:\/\/www.mesvendanges.com\/en\/#website","url":"https:\/\/www.mesvendanges.com\/en\/","name":"Mes Vendanges","description":"Des journ\u00e9es enti\u00e8res dans les vignes","publisher":{"@id":"https:\/\/www.mesvendanges.com\/en\/#organization"},"potentialAction":[{"@type":"SearchAction","target":{"@type":"EntryPoint","urlTemplate":"https:\/\/www.mesvendanges.com\/en\/?s={search_term_string}"},"query-input":"required name=search_term_string"}],"inLanguage":"fr-FR"},{"@type":"ImageObject","inLanguage":"fr-FR","@id":"https:\/\/www.mesvendanges.com\/en\/shop\/wines\/riesling-uhlen-roth-lay-beerenauslese-heymann-loewenstein-2013-375cl\/#primaryimage","url":"https:\/\/www.mesvendanges.com\/wp-content\/uploads\/2025\/05\/heymann-lowenstein-riesling-roth-lay-beerenauslese-2013-37-5cl-png.png","contentUrl":"https:\/\/www.mesvendanges.com\/wp-content\/uploads\/2025\/05\/heymann-lowenstein-riesling-roth-lay-beerenauslese-2013-37-5cl-png.png","width":400,"height":1500},{"@type":"WebPage","@id":"https:\/\/www.mesvendanges.com\/en\/shop\/wines\/riesling-uhlen-roth-lay-beerenauslese-heymann-loewenstein-2013-375cl\/","url":"https:\/\/www.mesvendanges.com\/en\/shop\/wines\/riesling-uhlen-roth-lay-beerenauslese-heymann-loewenstein-2013-375cl\/","name":"RIESLING UHLEN ROTH LAY BEERENAUSLESE - Mes Vendanges","isPartOf":{"@id":"https:\/\/www.mesvendanges.com\/en\/#website"},"primaryImageOfPage":{"@id":"https:\/\/www.mesvendanges.com\/en\/shop\/wines\/riesling-uhlen-roth-lay-beerenauslese-heymann-loewenstein-2013-375cl\/#primaryimage"},"datePublished":"2022-08-02T11:20:06+00:00","dateModified":"2025-05-01T14:07:45+00:00","breadcrumb":{"@id":"https:\/\/www.mesvendanges.com\/en\/shop\/wines\/riesling-uhlen-roth-lay-beerenauslese-heymann-loewenstein-2013-375cl\/#breadcrumb"},"inLanguage":"fr-FR","potentialAction":[{"@type":"ReadAction","target":["https:\/\/www.mesvendanges.com\/en\/shop\/wines\/riesling-uhlen-roth-lay-beerenauslese-heymann-loewenstein-2013-375cl\/"]}]},{"@type":"BreadcrumbList","@id":"https:\/\/www.mesvendanges.com\/en\/shop\/wines\/riesling-uhlen-roth-lay-beerenauslese-heymann-loewenstein-2013-375cl\/#breadcrumb","itemListElement":[{"@type":"ListItem","position":1,"name":"Home","item":"https:\/\/www.mesvendanges.com\/en\/"},{"@type":"ListItem","position":2,"name":"Shop","item":"https:\/\/www.mesvendanges.com\/en\/shop\/"},{"@type":"ListItem","position":3,"name":"RIESLING UHLEN ROTH LAY BEERENAUSLESE"}]}]}},"_links":{"self":[{"href":"https:\/\/www.mesvendanges.com\/en\/wp-json\/wp\/v2\/product\/37094"}],"collection":[{"href":"https:\/\/www.mesvendanges.com\/en\/wp-json\/wp\/v2\/product"}],"about":[{"href":"https:\/\/www.mesvendanges.com\/en\/wp-json\/wp\/v2\/types\/product"}],"wp:featuredmedia":[{"embeddable":true,"href":"https:\/\/www.mesvendanges.com\/en\/wp-json\/wp\/v2\/media\/87255"}],"wp:attachment":[{"href":"https:\/\/www.mesvendanges.com\/en\/wp-json\/wp\/v2\/media?parent=37094"}],"wp:term":[{"taxonomy":"product_cat","embeddable":true,"href":"https:\/\/www.mesvendanges.com\/en\/wp-json\/wp\/v2\/product_cat?post=37094"},{"taxonomy":"product_tag","embeddable":true,"href":"https:\/\/www.mesvendanges.com\/en\/wp-json\/wp\/v2\/product_tag?post=37094"}],"curies":[{"name":"wp","href":"https:\/\/api.w.org\/{rel}","templated":true}]}}