{"id":37314,"date":"2022-08-02T13:26:10","date_gmt":"2022-08-02T11:26:10","guid":{"rendered":"https:\/\/www.mesvendanges.com\/shop\/uncategorized\/les-manyes\/"},"modified":"2023-12-06T06:13:42","modified_gmt":"2023-12-06T05:13:42","slug":"les-manyes-terroir-al-limit-2009-75cl","status":"publish","type":"product","link":"https:\/\/www.mesvendanges.com\/en\/shop\/wines\/les-manyes-terroir-al-limit-2009-75cl\/","title":{"rendered":"LES MANYES"},"content":{"rendered":"<div style=\"font-size: 10.9090909957886px;\">\n<div style=\"font-size: 10.9090909957886px;\"><span style=\"font-size: 10.9090909957886px;\">grenache sur argile &#8211; 800 m d&#8217;altitude<\/span><\/div>\n<div style=\"font-size: 10.9090909957886px;\"><b style=\"font-size: 10.9090909957886px;\">96\/100RP &#8211; 97\/100 Falstaff<\/b><\/div>\n<div><\/div>\n<\/div>\n<div style=\"font-size: 10.9090909957886px;\"><b><br \/><\/b><\/div>\n<div style=\"font-size: 10.9090909957886px;\">Une des plus belles expressions de grenache que nous ayons pu rencontrer, qui trouve sa place aux cot\u00e9 de Rayas sans crainte. Un vin de tr\u00e8s grande construction, d&#8217;\u00e9quilibre, au volume saisissant. Grande longueur et grand maintien de l&#8217;expression !&nbsp;<\/div>\n<div style=\"font-size: 10.9090909957886px;\"><\/div>\n<div style=\"font-size: 10.9090909957886px;\">production 1200 bouteilles par an<\/div>\n<div style=\"font-size: 10.9090909957886px;\">Les vins sont vinifi\u00e9s en grappes enti\u00e8res, entonn\u00e9s puis mis \u00e0 infuser et fermentent sur levures indig\u00e8nes, pas de pigeage ni de remontage. Au bout de quelques jours, le jus est d\u00e9cuv\u00e9 et les grappes press\u00e9es, une deuxi\u00e8me fermentation aura alors lieu en foudres. Les vins sont ensuite \u00e9lev\u00e9s en foudre et mis en bouteilles. Il est recommand\u00e9 de carafer les vins du domaine au moins une heure avant d\u00e9gustation.<\/div>\n","protected":false},"excerpt":{"rendered":"<p>grenache sur argile &#8211; 800 m d&#8217;altitude 96\/100RP &#8211; 97\/100 Falstaff Une des plus belles expressions de grenache que nous ayons pu rencontrer, qui trouve sa place aux cot\u00e9 de Rayas sans crainte. Un vin de tr\u00e8s grande construction, d&#8217;\u00e9quilibre, au volume saisissant. Grande longueur et grand maintien de l&#8217;expression !&nbsp; production 1200 bouteilles par [&hellip;]<\/p>\n","protected":false},"featured_media":0,"template":"","meta":[],"product_cat":[3740],"product_tag":[],"acf":[],"yoast_head":"<!-- This site is optimized with the Yoast SEO plugin v19.3 - https:\/\/yoast.com\/wordpress\/plugins\/seo\/ -->\n<title>LES MANYES - Mes Vendanges<\/title>\n<meta name=\"robots\" content=\"index, follow, max-snippet:-1, max-image-preview:large, max-video-preview:-1\" \/>\n<link rel=\"canonical\" href=\"https:\/\/www.mesvendanges.com\/en\/shop\/wines\/les-manyes-terroir-al-limit-2009-75cl\/\" \/>\n<meta property=\"og:locale\" content=\"en_US\" \/>\n<meta property=\"og:type\" content=\"article\" \/>\n<meta property=\"og:title\" content=\"LES MANYES - Mes Vendanges\" \/>\n<meta property=\"og:description\" content=\"grenache sur argile &#8211; 800 m d&#8217;altitude 96\/100RP &#8211; 97\/100 Falstaff Une des plus belles expressions de grenache que nous ayons pu rencontrer, qui trouve sa place aux cot\u00e9 de Rayas sans crainte. Un vin de tr\u00e8s grande construction, d&#8217;\u00e9quilibre, au volume saisissant. Grande longueur et grand maintien de l&#8217;expression !&nbsp; production 1200 bouteilles par [&hellip;]\" \/>\n<meta property=\"og:url\" content=\"https:\/\/www.mesvendanges.com\/en\/shop\/wines\/les-manyes-terroir-al-limit-2009-75cl\/\" \/>\n<meta property=\"og:site_name\" content=\"Mes Vendanges\" \/>\n<meta property=\"article:modified_time\" content=\"2023-12-06T05:13:42+00:00\" \/>\n<meta name=\"twitter:card\" content=\"summary_large_image\" \/>\n<meta name=\"twitter:label1\" content=\"Est. reading time\" \/>\n\t<meta name=\"twitter:data1\" content=\"1 minute\" \/>\n<script type=\"application\/ld+json\" class=\"yoast-schema-graph\">{\"@context\":\"https:\/\/schema.org\",\"@graph\":[{\"@type\":\"Organization\",\"@id\":\"https:\/\/www.mesvendanges.com\/en\/#organization\",\"name\":\"Mes Vendanges\",\"url\":\"https:\/\/www.mesvendanges.com\/en\/\",\"sameAs\":[],\"logo\":{\"@type\":\"ImageObject\",\"inLanguage\":\"fr-FR\",\"@id\":\"https:\/\/www.mesvendanges.com\/en\/#\/schema\/logo\/image\/\",\"url\":\"https:\/\/www.mesvendanges.com\/wp-content\/uploads\/2022\/02\/logo-mesvendanges.jpg\",\"contentUrl\":\"https:\/\/www.mesvendanges.com\/wp-content\/uploads\/2022\/02\/logo-mesvendanges.jpg\",\"width\":851,\"height\":260,\"caption\":\"Mes Vendanges\"},\"image\":{\"@id\":\"https:\/\/www.mesvendanges.com\/en\/#\/schema\/logo\/image\/\"}},{\"@type\":\"WebSite\",\"@id\":\"https:\/\/www.mesvendanges.com\/en\/#website\",\"url\":\"https:\/\/www.mesvendanges.com\/en\/\",\"name\":\"Mes Vendanges\",\"description\":\"Des journ\u00e9es enti\u00e8res dans les vignes\",\"publisher\":{\"@id\":\"https:\/\/www.mesvendanges.com\/en\/#organization\"},\"potentialAction\":[{\"@type\":\"SearchAction\",\"target\":{\"@type\":\"EntryPoint\",\"urlTemplate\":\"https:\/\/www.mesvendanges.com\/en\/?s={search_term_string}\"},\"query-input\":\"required name=search_term_string\"}],\"inLanguage\":\"fr-FR\"},{\"@type\":\"WebPage\",\"@id\":\"https:\/\/www.mesvendanges.com\/en\/shop\/wines\/les-manyes-terroir-al-limit-2009-75cl\/\",\"url\":\"https:\/\/www.mesvendanges.com\/en\/shop\/wines\/les-manyes-terroir-al-limit-2009-75cl\/\",\"name\":\"LES MANYES - Mes Vendanges\",\"isPartOf\":{\"@id\":\"https:\/\/www.mesvendanges.com\/en\/#website\"},\"datePublished\":\"2022-08-02T11:26:10+00:00\",\"dateModified\":\"2023-12-06T05:13:42+00:00\",\"breadcrumb\":{\"@id\":\"https:\/\/www.mesvendanges.com\/en\/shop\/wines\/les-manyes-terroir-al-limit-2009-75cl\/#breadcrumb\"},\"inLanguage\":\"fr-FR\",\"potentialAction\":[{\"@type\":\"ReadAction\",\"target\":[\"https:\/\/www.mesvendanges.com\/en\/shop\/wines\/les-manyes-terroir-al-limit-2009-75cl\/\"]}]},{\"@type\":\"BreadcrumbList\",\"@id\":\"https:\/\/www.mesvendanges.com\/en\/shop\/wines\/les-manyes-terroir-al-limit-2009-75cl\/#breadcrumb\",\"itemListElement\":[{\"@type\":\"ListItem\",\"position\":1,\"name\":\"Home\",\"item\":\"https:\/\/www.mesvendanges.com\/en\/\"},{\"@type\":\"ListItem\",\"position\":2,\"name\":\"Shop\",\"item\":\"https:\/\/www.mesvendanges.com\/en\/shop\/\"},{\"@type\":\"ListItem\",\"position\":3,\"name\":\"LES MANYES\"}]}]}<\/script>\n<!-- \/ Yoast SEO plugin. -->","yoast_head_json":{"title":"LES MANYES - Mes Vendanges","robots":{"index":"index","follow":"follow","max-snippet":"max-snippet:-1","max-image-preview":"max-image-preview:large","max-video-preview":"max-video-preview:-1"},"canonical":"https:\/\/www.mesvendanges.com\/en\/shop\/wines\/les-manyes-terroir-al-limit-2009-75cl\/","og_locale":"en_US","og_type":"article","og_title":"LES MANYES - Mes Vendanges","og_description":"grenache sur argile &#8211; 800 m d&#8217;altitude 96\/100RP &#8211; 97\/100 Falstaff Une des plus belles expressions de grenache que nous ayons pu rencontrer, qui trouve sa place aux cot\u00e9 de Rayas sans crainte. Un vin de tr\u00e8s grande construction, d&#8217;\u00e9quilibre, au volume saisissant. Grande longueur et grand maintien de l&#8217;expression !&nbsp; production 1200 bouteilles par [&hellip;]","og_url":"https:\/\/www.mesvendanges.com\/en\/shop\/wines\/les-manyes-terroir-al-limit-2009-75cl\/","og_site_name":"Mes Vendanges","article_modified_time":"2023-12-06T05:13:42+00:00","twitter_card":"summary_large_image","twitter_misc":{"Est. reading time":"1 minute"},"schema":{"@context":"https:\/\/schema.org","@graph":[{"@type":"Organization","@id":"https:\/\/www.mesvendanges.com\/en\/#organization","name":"Mes Vendanges","url":"https:\/\/www.mesvendanges.com\/en\/","sameAs":[],"logo":{"@type":"ImageObject","inLanguage":"fr-FR","@id":"https:\/\/www.mesvendanges.com\/en\/#\/schema\/logo\/image\/","url":"https:\/\/www.mesvendanges.com\/wp-content\/uploads\/2022\/02\/logo-mesvendanges.jpg","contentUrl":"https:\/\/www.mesvendanges.com\/wp-content\/uploads\/2022\/02\/logo-mesvendanges.jpg","width":851,"height":260,"caption":"Mes Vendanges"},"image":{"@id":"https:\/\/www.mesvendanges.com\/en\/#\/schema\/logo\/image\/"}},{"@type":"WebSite","@id":"https:\/\/www.mesvendanges.com\/en\/#website","url":"https:\/\/www.mesvendanges.com\/en\/","name":"Mes Vendanges","description":"Des journ\u00e9es enti\u00e8res dans les vignes","publisher":{"@id":"https:\/\/www.mesvendanges.com\/en\/#organization"},"potentialAction":[{"@type":"SearchAction","target":{"@type":"EntryPoint","urlTemplate":"https:\/\/www.mesvendanges.com\/en\/?s={search_term_string}"},"query-input":"required name=search_term_string"}],"inLanguage":"fr-FR"},{"@type":"WebPage","@id":"https:\/\/www.mesvendanges.com\/en\/shop\/wines\/les-manyes-terroir-al-limit-2009-75cl\/","url":"https:\/\/www.mesvendanges.com\/en\/shop\/wines\/les-manyes-terroir-al-limit-2009-75cl\/","name":"LES MANYES - Mes Vendanges","isPartOf":{"@id":"https:\/\/www.mesvendanges.com\/en\/#website"},"datePublished":"2022-08-02T11:26:10+00:00","dateModified":"2023-12-06T05:13:42+00:00","breadcrumb":{"@id":"https:\/\/www.mesvendanges.com\/en\/shop\/wines\/les-manyes-terroir-al-limit-2009-75cl\/#breadcrumb"},"inLanguage":"fr-FR","potentialAction":[{"@type":"ReadAction","target":["https:\/\/www.mesvendanges.com\/en\/shop\/wines\/les-manyes-terroir-al-limit-2009-75cl\/"]}]},{"@type":"BreadcrumbList","@id":"https:\/\/www.mesvendanges.com\/en\/shop\/wines\/les-manyes-terroir-al-limit-2009-75cl\/#breadcrumb","itemListElement":[{"@type":"ListItem","position":1,"name":"Home","item":"https:\/\/www.mesvendanges.com\/en\/"},{"@type":"ListItem","position":2,"name":"Shop","item":"https:\/\/www.mesvendanges.com\/en\/shop\/"},{"@type":"ListItem","position":3,"name":"LES MANYES"}]}]}},"_links":{"self":[{"href":"https:\/\/www.mesvendanges.com\/en\/wp-json\/wp\/v2\/product\/37314"}],"collection":[{"href":"https:\/\/www.mesvendanges.com\/en\/wp-json\/wp\/v2\/product"}],"about":[{"href":"https:\/\/www.mesvendanges.com\/en\/wp-json\/wp\/v2\/types\/product"}],"wp:attachment":[{"href":"https:\/\/www.mesvendanges.com\/en\/wp-json\/wp\/v2\/media?parent=37314"}],"wp:term":[{"taxonomy":"product_cat","embeddable":true,"href":"https:\/\/www.mesvendanges.com\/en\/wp-json\/wp\/v2\/product_cat?post=37314"},{"taxonomy":"product_tag","embeddable":true,"href":"https:\/\/www.mesvendanges.com\/en\/wp-json\/wp\/v2\/product_tag?post=37314"}],"curies":[{"name":"wp","href":"https:\/\/api.w.org\/{rel}","templated":true}]}}