{"id":37614,"date":"2022-08-02T13:34:35","date_gmt":"2022-08-02T11:34:35","guid":{"rendered":"https:\/\/www.mesvendanges.com\/shop\/uncategorized\/pommard-1ercru-les-epenots-2\/"},"modified":"2023-12-05T19:20:59","modified_gmt":"2023-12-05T18:20:59","slug":"pommard-1ercru-les-epenots-girardin-aleth-2007-75cl","status":"publish","type":"product","link":"https:\/\/www.mesvendanges.com\/en\/shop\/wines\/pommard-1ercru-les-epenots-girardin-aleth-2007-75cl\/","title":{"rendered":"POMMARD 1ERCRU LES EPENOTS"},"content":{"rendered":"<p>Le Pommard 1er cru Les Epenots 2007 du domaine Aleth Girardin provient de parcelles situ\u00e9es sur les Grands et les Petits Epenots, vignes plant\u00e9es en 1906. Avec les repiquages on obtient une moyenne d&#8217;environ 75 ans. Le vin poss\u00e8de un grain de tanin superlatif.<\/p>\n<div><\/div>\n<div><\/div>\n<div>\n<div><\/div>\n<\/div>\n","protected":false},"excerpt":{"rendered":"<p>Le Pommard 1er cru Les Epenots 2007 du domaine Aleth Girardin provient de parcelles situ\u00e9es sur les Grands et les Petits Epenots, vignes plant\u00e9es en 1906. Avec les repiquages on obtient une moyenne d&#8217;environ 75 ans. Le vin poss\u00e8de un grain de tanin superlatif.<\/p>\n","protected":false},"featured_media":0,"template":"","meta":[],"product_cat":[3740],"product_tag":[],"acf":[],"yoast_head":"<!-- This site is optimized with the Yoast SEO plugin v19.3 - https:\/\/yoast.com\/wordpress\/plugins\/seo\/ -->\n<title>POMMARD 1ERCRU LES EPENOTS - Mes Vendanges<\/title>\n<meta name=\"robots\" content=\"index, follow, max-snippet:-1, max-image-preview:large, max-video-preview:-1\" \/>\n<link rel=\"canonical\" href=\"https:\/\/www.mesvendanges.com\/en\/shop\/wines\/pommard-1ercru-les-epenots-girardin-aleth-2007-75cl\/\" \/>\n<meta property=\"og:locale\" content=\"en_US\" \/>\n<meta property=\"og:type\" content=\"article\" \/>\n<meta property=\"og:title\" content=\"POMMARD 1ERCRU LES EPENOTS - Mes Vendanges\" \/>\n<meta property=\"og:description\" content=\"Le Pommard 1er cru Les Epenots 2007 du domaine Aleth Girardin provient de parcelles situ\u00e9es sur les Grands et les Petits Epenots, vignes plant\u00e9es en 1906. Avec les repiquages on obtient une moyenne d&#8217;environ 75 ans. Le vin poss\u00e8de un grain de tanin superlatif.\" \/>\n<meta property=\"og:url\" content=\"https:\/\/www.mesvendanges.com\/en\/shop\/wines\/pommard-1ercru-les-epenots-girardin-aleth-2007-75cl\/\" \/>\n<meta property=\"og:site_name\" content=\"Mes Vendanges\" \/>\n<meta property=\"article:modified_time\" content=\"2023-12-05T18:20:59+00:00\" \/>\n<meta name=\"twitter:card\" content=\"summary_large_image\" \/>\n<script type=\"application\/ld+json\" class=\"yoast-schema-graph\">{\"@context\":\"https:\/\/schema.org\",\"@graph\":[{\"@type\":\"Organization\",\"@id\":\"https:\/\/www.mesvendanges.com\/en\/#organization\",\"name\":\"Mes Vendanges\",\"url\":\"https:\/\/www.mesvendanges.com\/en\/\",\"sameAs\":[],\"logo\":{\"@type\":\"ImageObject\",\"inLanguage\":\"fr-FR\",\"@id\":\"https:\/\/www.mesvendanges.com\/en\/#\/schema\/logo\/image\/\",\"url\":\"https:\/\/www.mesvendanges.com\/wp-content\/uploads\/2022\/02\/logo-mesvendanges.jpg\",\"contentUrl\":\"https:\/\/www.mesvendanges.com\/wp-content\/uploads\/2022\/02\/logo-mesvendanges.jpg\",\"width\":851,\"height\":260,\"caption\":\"Mes Vendanges\"},\"image\":{\"@id\":\"https:\/\/www.mesvendanges.com\/en\/#\/schema\/logo\/image\/\"}},{\"@type\":\"WebSite\",\"@id\":\"https:\/\/www.mesvendanges.com\/en\/#website\",\"url\":\"https:\/\/www.mesvendanges.com\/en\/\",\"name\":\"Mes Vendanges\",\"description\":\"Des journ\u00e9es enti\u00e8res dans les vignes\",\"publisher\":{\"@id\":\"https:\/\/www.mesvendanges.com\/en\/#organization\"},\"potentialAction\":[{\"@type\":\"SearchAction\",\"target\":{\"@type\":\"EntryPoint\",\"urlTemplate\":\"https:\/\/www.mesvendanges.com\/en\/?s={search_term_string}\"},\"query-input\":\"required name=search_term_string\"}],\"inLanguage\":\"fr-FR\"},{\"@type\":\"WebPage\",\"@id\":\"https:\/\/www.mesvendanges.com\/en\/shop\/wines\/pommard-1ercru-les-epenots-girardin-aleth-2007-75cl\/\",\"url\":\"https:\/\/www.mesvendanges.com\/en\/shop\/wines\/pommard-1ercru-les-epenots-girardin-aleth-2007-75cl\/\",\"name\":\"POMMARD 1ERCRU LES EPENOTS - Mes Vendanges\",\"isPartOf\":{\"@id\":\"https:\/\/www.mesvendanges.com\/en\/#website\"},\"datePublished\":\"2022-08-02T11:34:35+00:00\",\"dateModified\":\"2023-12-05T18:20:59+00:00\",\"breadcrumb\":{\"@id\":\"https:\/\/www.mesvendanges.com\/en\/shop\/wines\/pommard-1ercru-les-epenots-girardin-aleth-2007-75cl\/#breadcrumb\"},\"inLanguage\":\"fr-FR\",\"potentialAction\":[{\"@type\":\"ReadAction\",\"target\":[\"https:\/\/www.mesvendanges.com\/en\/shop\/wines\/pommard-1ercru-les-epenots-girardin-aleth-2007-75cl\/\"]}]},{\"@type\":\"BreadcrumbList\",\"@id\":\"https:\/\/www.mesvendanges.com\/en\/shop\/wines\/pommard-1ercru-les-epenots-girardin-aleth-2007-75cl\/#breadcrumb\",\"itemListElement\":[{\"@type\":\"ListItem\",\"position\":1,\"name\":\"Home\",\"item\":\"https:\/\/www.mesvendanges.com\/en\/\"},{\"@type\":\"ListItem\",\"position\":2,\"name\":\"Shop\",\"item\":\"https:\/\/www.mesvendanges.com\/en\/shop\/\"},{\"@type\":\"ListItem\",\"position\":3,\"name\":\"POMMARD 1ERCRU LES EPENOTS\"}]}]}<\/script>\n<!-- \/ Yoast SEO plugin. -->","yoast_head_json":{"title":"POMMARD 1ERCRU LES EPENOTS - Mes Vendanges","robots":{"index":"index","follow":"follow","max-snippet":"max-snippet:-1","max-image-preview":"max-image-preview:large","max-video-preview":"max-video-preview:-1"},"canonical":"https:\/\/www.mesvendanges.com\/en\/shop\/wines\/pommard-1ercru-les-epenots-girardin-aleth-2007-75cl\/","og_locale":"en_US","og_type":"article","og_title":"POMMARD 1ERCRU LES EPENOTS - Mes Vendanges","og_description":"Le Pommard 1er cru Les Epenots 2007 du domaine Aleth Girardin provient de parcelles situ\u00e9es sur les Grands et les Petits Epenots, vignes plant\u00e9es en 1906. Avec les repiquages on obtient une moyenne d&#8217;environ 75 ans. Le vin poss\u00e8de un grain de tanin superlatif.","og_url":"https:\/\/www.mesvendanges.com\/en\/shop\/wines\/pommard-1ercru-les-epenots-girardin-aleth-2007-75cl\/","og_site_name":"Mes Vendanges","article_modified_time":"2023-12-05T18:20:59+00:00","twitter_card":"summary_large_image","schema":{"@context":"https:\/\/schema.org","@graph":[{"@type":"Organization","@id":"https:\/\/www.mesvendanges.com\/en\/#organization","name":"Mes Vendanges","url":"https:\/\/www.mesvendanges.com\/en\/","sameAs":[],"logo":{"@type":"ImageObject","inLanguage":"fr-FR","@id":"https:\/\/www.mesvendanges.com\/en\/#\/schema\/logo\/image\/","url":"https:\/\/www.mesvendanges.com\/wp-content\/uploads\/2022\/02\/logo-mesvendanges.jpg","contentUrl":"https:\/\/www.mesvendanges.com\/wp-content\/uploads\/2022\/02\/logo-mesvendanges.jpg","width":851,"height":260,"caption":"Mes Vendanges"},"image":{"@id":"https:\/\/www.mesvendanges.com\/en\/#\/schema\/logo\/image\/"}},{"@type":"WebSite","@id":"https:\/\/www.mesvendanges.com\/en\/#website","url":"https:\/\/www.mesvendanges.com\/en\/","name":"Mes Vendanges","description":"Des journ\u00e9es enti\u00e8res dans les vignes","publisher":{"@id":"https:\/\/www.mesvendanges.com\/en\/#organization"},"potentialAction":[{"@type":"SearchAction","target":{"@type":"EntryPoint","urlTemplate":"https:\/\/www.mesvendanges.com\/en\/?s={search_term_string}"},"query-input":"required name=search_term_string"}],"inLanguage":"fr-FR"},{"@type":"WebPage","@id":"https:\/\/www.mesvendanges.com\/en\/shop\/wines\/pommard-1ercru-les-epenots-girardin-aleth-2007-75cl\/","url":"https:\/\/www.mesvendanges.com\/en\/shop\/wines\/pommard-1ercru-les-epenots-girardin-aleth-2007-75cl\/","name":"POMMARD 1ERCRU LES EPENOTS - Mes Vendanges","isPartOf":{"@id":"https:\/\/www.mesvendanges.com\/en\/#website"},"datePublished":"2022-08-02T11:34:35+00:00","dateModified":"2023-12-05T18:20:59+00:00","breadcrumb":{"@id":"https:\/\/www.mesvendanges.com\/en\/shop\/wines\/pommard-1ercru-les-epenots-girardin-aleth-2007-75cl\/#breadcrumb"},"inLanguage":"fr-FR","potentialAction":[{"@type":"ReadAction","target":["https:\/\/www.mesvendanges.com\/en\/shop\/wines\/pommard-1ercru-les-epenots-girardin-aleth-2007-75cl\/"]}]},{"@type":"BreadcrumbList","@id":"https:\/\/www.mesvendanges.com\/en\/shop\/wines\/pommard-1ercru-les-epenots-girardin-aleth-2007-75cl\/#breadcrumb","itemListElement":[{"@type":"ListItem","position":1,"name":"Home","item":"https:\/\/www.mesvendanges.com\/en\/"},{"@type":"ListItem","position":2,"name":"Shop","item":"https:\/\/www.mesvendanges.com\/en\/shop\/"},{"@type":"ListItem","position":3,"name":"POMMARD 1ERCRU LES EPENOTS"}]}]}},"_links":{"self":[{"href":"https:\/\/www.mesvendanges.com\/en\/wp-json\/wp\/v2\/product\/37614"}],"collection":[{"href":"https:\/\/www.mesvendanges.com\/en\/wp-json\/wp\/v2\/product"}],"about":[{"href":"https:\/\/www.mesvendanges.com\/en\/wp-json\/wp\/v2\/types\/product"}],"wp:attachment":[{"href":"https:\/\/www.mesvendanges.com\/en\/wp-json\/wp\/v2\/media?parent=37614"}],"wp:term":[{"taxonomy":"product_cat","embeddable":true,"href":"https:\/\/www.mesvendanges.com\/en\/wp-json\/wp\/v2\/product_cat?post=37614"},{"taxonomy":"product_tag","embeddable":true,"href":"https:\/\/www.mesvendanges.com\/en\/wp-json\/wp\/v2\/product_tag?post=37614"}],"curies":[{"name":"wp","href":"https:\/\/api.w.org\/{rel}","templated":true}]}}