{"id":38158,"date":"2022-08-02T13:48:59","date_gmt":"2022-08-02T11:48:59","guid":{"rendered":"https:\/\/www.mesvendanges.com\/shop\/uncategorized\/le-jardin-de-la-grosse-pierre-2\/"},"modified":"2023-12-05T22:38:13","modified_gmt":"2023-12-05T21:38:13","slug":"le-jardin-de-la-grosse-pierre-lahaye-champagne-benoit-2010-75cl","status":"publish","type":"product","link":"https:\/\/www.mesvendanges.com\/en\/shop\/wines\/le-jardin-de-la-grosse-pierre-lahaye-champagne-benoit-2010-75cl\/","title":{"rendered":"LE JARDIN DE LA GROSSE PIERRE"},"content":{"rendered":"<div><b>Cuv\u00e9e rare, produite \u00e0 hauteur de 1680 bouteilles. Il s&#8217;agit d&#8217;une petite parcelle o\u00f9 les sept c\u00e9pages champenois sont complant\u00e9s. Cette cuv\u00e9e est issue du mill\u00e9sime 2010<\/b><\/div>\n<div><b><br \/><\/b><\/div>\n<div><b>17\/20 Bettane &amp; Desseauve :&nbsp;<\/b><span class=\"bd-vintage-text\" style=\"display: inline-block; width: 638px; padding: 5px; vertical-align: top; text-align: justify; color: rgb(43, 43, 33); font-family: 'Lucida Grande', 'Lucida Sans Unicode', Arial, Helvetica, sans-serif; font-size: 13px;\">\u00c9labor\u00e9 \u00e0 partir de raisins de 2009 sur une parcelle complant\u00e9e de diff\u00e9rents c\u00e9pages vendang\u00e9s le m\u00eame jour, cette cuv\u00e9e exhale un nez de fruits confits. La bouche ample et saline offre une persistance savoureuse.<\/span><\/div>\n","protected":false},"excerpt":{"rendered":"<p>Cuv\u00e9e rare, produite \u00e0 hauteur de 1680 bouteilles. Il s&#8217;agit d&#8217;une petite parcelle o\u00f9 les sept c\u00e9pages champenois sont complant\u00e9s. Cette cuv\u00e9e est issue du mill\u00e9sime 2010 17\/20 Bettane &amp; Desseauve :&nbsp;\u00c9labor\u00e9 \u00e0 partir de raisins de 2009 sur une parcelle complant\u00e9e de diff\u00e9rents c\u00e9pages vendang\u00e9s le m\u00eame jour, cette cuv\u00e9e exhale un nez de [&hellip;]<\/p>\n","protected":false},"featured_media":0,"template":"","meta":[],"product_cat":[3740],"product_tag":[],"acf":[],"yoast_head":"<!-- This site is optimized with the Yoast SEO plugin v19.3 - https:\/\/yoast.com\/wordpress\/plugins\/seo\/ -->\n<title>LE JARDIN DE LA GROSSE PIERRE - Mes Vendanges<\/title>\n<meta name=\"robots\" content=\"index, follow, max-snippet:-1, max-image-preview:large, max-video-preview:-1\" \/>\n<link rel=\"canonical\" href=\"https:\/\/www.mesvendanges.com\/en\/shop\/wines\/le-jardin-de-la-grosse-pierre-lahaye-champagne-benoit-2010-75cl\/\" \/>\n<meta property=\"og:locale\" content=\"en_US\" \/>\n<meta property=\"og:type\" content=\"article\" \/>\n<meta property=\"og:title\" content=\"LE JARDIN DE LA GROSSE PIERRE - Mes Vendanges\" \/>\n<meta property=\"og:description\" content=\"Cuv\u00e9e rare, produite \u00e0 hauteur de 1680 bouteilles. Il s&#8217;agit d&#8217;une petite parcelle o\u00f9 les sept c\u00e9pages champenois sont complant\u00e9s. Cette cuv\u00e9e est issue du mill\u00e9sime 2010 17\/20 Bettane &amp; Desseauve :&nbsp;\u00c9labor\u00e9 \u00e0 partir de raisins de 2009 sur une parcelle complant\u00e9e de diff\u00e9rents c\u00e9pages vendang\u00e9s le m\u00eame jour, cette cuv\u00e9e exhale un nez de [&hellip;]\" \/>\n<meta property=\"og:url\" content=\"https:\/\/www.mesvendanges.com\/en\/shop\/wines\/le-jardin-de-la-grosse-pierre-lahaye-champagne-benoit-2010-75cl\/\" \/>\n<meta property=\"og:site_name\" content=\"Mes Vendanges\" \/>\n<meta property=\"article:modified_time\" content=\"2023-12-05T21:38:13+00:00\" \/>\n<meta name=\"twitter:card\" content=\"summary_large_image\" \/>\n<script type=\"application\/ld+json\" class=\"yoast-schema-graph\">{\"@context\":\"https:\/\/schema.org\",\"@graph\":[{\"@type\":\"Organization\",\"@id\":\"https:\/\/www.mesvendanges.com\/en\/#organization\",\"name\":\"Mes Vendanges\",\"url\":\"https:\/\/www.mesvendanges.com\/en\/\",\"sameAs\":[],\"logo\":{\"@type\":\"ImageObject\",\"inLanguage\":\"fr-FR\",\"@id\":\"https:\/\/www.mesvendanges.com\/en\/#\/schema\/logo\/image\/\",\"url\":\"https:\/\/www.mesvendanges.com\/wp-content\/uploads\/2022\/02\/logo-mesvendanges.jpg\",\"contentUrl\":\"https:\/\/www.mesvendanges.com\/wp-content\/uploads\/2022\/02\/logo-mesvendanges.jpg\",\"width\":851,\"height\":260,\"caption\":\"Mes Vendanges\"},\"image\":{\"@id\":\"https:\/\/www.mesvendanges.com\/en\/#\/schema\/logo\/image\/\"}},{\"@type\":\"WebSite\",\"@id\":\"https:\/\/www.mesvendanges.com\/en\/#website\",\"url\":\"https:\/\/www.mesvendanges.com\/en\/\",\"name\":\"Mes Vendanges\",\"description\":\"Des journ\u00e9es enti\u00e8res dans les vignes\",\"publisher\":{\"@id\":\"https:\/\/www.mesvendanges.com\/en\/#organization\"},\"potentialAction\":[{\"@type\":\"SearchAction\",\"target\":{\"@type\":\"EntryPoint\",\"urlTemplate\":\"https:\/\/www.mesvendanges.com\/en\/?s={search_term_string}\"},\"query-input\":\"required name=search_term_string\"}],\"inLanguage\":\"fr-FR\"},{\"@type\":\"WebPage\",\"@id\":\"https:\/\/www.mesvendanges.com\/en\/shop\/wines\/le-jardin-de-la-grosse-pierre-lahaye-champagne-benoit-2010-75cl\/\",\"url\":\"https:\/\/www.mesvendanges.com\/en\/shop\/wines\/le-jardin-de-la-grosse-pierre-lahaye-champagne-benoit-2010-75cl\/\",\"name\":\"LE JARDIN DE LA GROSSE PIERRE - Mes Vendanges\",\"isPartOf\":{\"@id\":\"https:\/\/www.mesvendanges.com\/en\/#website\"},\"datePublished\":\"2022-08-02T11:48:59+00:00\",\"dateModified\":\"2023-12-05T21:38:13+00:00\",\"breadcrumb\":{\"@id\":\"https:\/\/www.mesvendanges.com\/en\/shop\/wines\/le-jardin-de-la-grosse-pierre-lahaye-champagne-benoit-2010-75cl\/#breadcrumb\"},\"inLanguage\":\"fr-FR\",\"potentialAction\":[{\"@type\":\"ReadAction\",\"target\":[\"https:\/\/www.mesvendanges.com\/en\/shop\/wines\/le-jardin-de-la-grosse-pierre-lahaye-champagne-benoit-2010-75cl\/\"]}]},{\"@type\":\"BreadcrumbList\",\"@id\":\"https:\/\/www.mesvendanges.com\/en\/shop\/wines\/le-jardin-de-la-grosse-pierre-lahaye-champagne-benoit-2010-75cl\/#breadcrumb\",\"itemListElement\":[{\"@type\":\"ListItem\",\"position\":1,\"name\":\"Home\",\"item\":\"https:\/\/www.mesvendanges.com\/en\/\"},{\"@type\":\"ListItem\",\"position\":2,\"name\":\"Shop\",\"item\":\"https:\/\/www.mesvendanges.com\/en\/shop\/\"},{\"@type\":\"ListItem\",\"position\":3,\"name\":\"LE JARDIN DE LA GROSSE PIERRE\"}]}]}<\/script>\n<!-- \/ Yoast SEO plugin. -->","yoast_head_json":{"title":"LE JARDIN DE LA GROSSE PIERRE - Mes Vendanges","robots":{"index":"index","follow":"follow","max-snippet":"max-snippet:-1","max-image-preview":"max-image-preview:large","max-video-preview":"max-video-preview:-1"},"canonical":"https:\/\/www.mesvendanges.com\/en\/shop\/wines\/le-jardin-de-la-grosse-pierre-lahaye-champagne-benoit-2010-75cl\/","og_locale":"en_US","og_type":"article","og_title":"LE JARDIN DE LA GROSSE PIERRE - Mes Vendanges","og_description":"Cuv\u00e9e rare, produite \u00e0 hauteur de 1680 bouteilles. Il s&#8217;agit d&#8217;une petite parcelle o\u00f9 les sept c\u00e9pages champenois sont complant\u00e9s. Cette cuv\u00e9e est issue du mill\u00e9sime 2010 17\/20 Bettane &amp; Desseauve :&nbsp;\u00c9labor\u00e9 \u00e0 partir de raisins de 2009 sur une parcelle complant\u00e9e de diff\u00e9rents c\u00e9pages vendang\u00e9s le m\u00eame jour, cette cuv\u00e9e exhale un nez de [&hellip;]","og_url":"https:\/\/www.mesvendanges.com\/en\/shop\/wines\/le-jardin-de-la-grosse-pierre-lahaye-champagne-benoit-2010-75cl\/","og_site_name":"Mes Vendanges","article_modified_time":"2023-12-05T21:38:13+00:00","twitter_card":"summary_large_image","schema":{"@context":"https:\/\/schema.org","@graph":[{"@type":"Organization","@id":"https:\/\/www.mesvendanges.com\/en\/#organization","name":"Mes Vendanges","url":"https:\/\/www.mesvendanges.com\/en\/","sameAs":[],"logo":{"@type":"ImageObject","inLanguage":"fr-FR","@id":"https:\/\/www.mesvendanges.com\/en\/#\/schema\/logo\/image\/","url":"https:\/\/www.mesvendanges.com\/wp-content\/uploads\/2022\/02\/logo-mesvendanges.jpg","contentUrl":"https:\/\/www.mesvendanges.com\/wp-content\/uploads\/2022\/02\/logo-mesvendanges.jpg","width":851,"height":260,"caption":"Mes Vendanges"},"image":{"@id":"https:\/\/www.mesvendanges.com\/en\/#\/schema\/logo\/image\/"}},{"@type":"WebSite","@id":"https:\/\/www.mesvendanges.com\/en\/#website","url":"https:\/\/www.mesvendanges.com\/en\/","name":"Mes Vendanges","description":"Des journ\u00e9es enti\u00e8res dans les vignes","publisher":{"@id":"https:\/\/www.mesvendanges.com\/en\/#organization"},"potentialAction":[{"@type":"SearchAction","target":{"@type":"EntryPoint","urlTemplate":"https:\/\/www.mesvendanges.com\/en\/?s={search_term_string}"},"query-input":"required name=search_term_string"}],"inLanguage":"fr-FR"},{"@type":"WebPage","@id":"https:\/\/www.mesvendanges.com\/en\/shop\/wines\/le-jardin-de-la-grosse-pierre-lahaye-champagne-benoit-2010-75cl\/","url":"https:\/\/www.mesvendanges.com\/en\/shop\/wines\/le-jardin-de-la-grosse-pierre-lahaye-champagne-benoit-2010-75cl\/","name":"LE JARDIN DE LA GROSSE PIERRE - Mes Vendanges","isPartOf":{"@id":"https:\/\/www.mesvendanges.com\/en\/#website"},"datePublished":"2022-08-02T11:48:59+00:00","dateModified":"2023-12-05T21:38:13+00:00","breadcrumb":{"@id":"https:\/\/www.mesvendanges.com\/en\/shop\/wines\/le-jardin-de-la-grosse-pierre-lahaye-champagne-benoit-2010-75cl\/#breadcrumb"},"inLanguage":"fr-FR","potentialAction":[{"@type":"ReadAction","target":["https:\/\/www.mesvendanges.com\/en\/shop\/wines\/le-jardin-de-la-grosse-pierre-lahaye-champagne-benoit-2010-75cl\/"]}]},{"@type":"BreadcrumbList","@id":"https:\/\/www.mesvendanges.com\/en\/shop\/wines\/le-jardin-de-la-grosse-pierre-lahaye-champagne-benoit-2010-75cl\/#breadcrumb","itemListElement":[{"@type":"ListItem","position":1,"name":"Home","item":"https:\/\/www.mesvendanges.com\/en\/"},{"@type":"ListItem","position":2,"name":"Shop","item":"https:\/\/www.mesvendanges.com\/en\/shop\/"},{"@type":"ListItem","position":3,"name":"LE JARDIN DE LA GROSSE PIERRE"}]}]}},"_links":{"self":[{"href":"https:\/\/www.mesvendanges.com\/en\/wp-json\/wp\/v2\/product\/38158"}],"collection":[{"href":"https:\/\/www.mesvendanges.com\/en\/wp-json\/wp\/v2\/product"}],"about":[{"href":"https:\/\/www.mesvendanges.com\/en\/wp-json\/wp\/v2\/types\/product"}],"wp:attachment":[{"href":"https:\/\/www.mesvendanges.com\/en\/wp-json\/wp\/v2\/media?parent=38158"}],"wp:term":[{"taxonomy":"product_cat","embeddable":true,"href":"https:\/\/www.mesvendanges.com\/en\/wp-json\/wp\/v2\/product_cat?post=38158"},{"taxonomy":"product_tag","embeddable":true,"href":"https:\/\/www.mesvendanges.com\/en\/wp-json\/wp\/v2\/product_tag?post=38158"}],"curies":[{"name":"wp","href":"https:\/\/api.w.org\/{rel}","templated":true}]}}