{"id":39040,"date":"2022-08-02T14:09:10","date_gmt":"2022-08-02T12:09:10","guid":{"rendered":"https:\/\/www.mesvendanges.com\/shop\/uncategorized\/blaufrankisch-eisenberg-reserve-szapary-magnum\/"},"modified":"2023-12-06T05:32:18","modified_gmt":"2023-12-06T04:32:18","slug":"blaufrankisch-eisenberg-reserve-szapary-magnum-schiefer-uwe-2013-150cl","status":"publish","type":"product","link":"https:\/\/www.mesvendanges.com\/en\/shop\/wines\/blaufrankisch-eisenberg-reserve-szapary-magnum-schiefer-uwe-2013-150cl\/","title":{"rendered":"BLAUFRANKISCH EISENBERG RESERVE SZAPARY MAGNUM"},"content":{"rendered":"<p>La R\u00e9serve Szapary est issues des plus vieilles vignes et des meilleurs parcelles de l&#8217;Eisenberg. Ce vin d\u00e9ploie toute la dimension vibratoire des vins du domaine. Le vin exprime une tension, une \u00e9nergie scintillante entre terre et ciel. Les schistes et la pr\u00e9sence importante de fer donnent une d\u00e9licatesse et tout \u00e0 la fois une direction ferme \u00e0 la bouche, ainsi qu&#8217;un raffinement au nez, o\u00f9 le caract\u00e8re floral du blaufrankish se complexifie en se m\u00ealant \u00e0 des notes de pierre, de mine de crayon, de fuits noirs, de ronce. Une merveille.<\/p>\n","protected":false},"excerpt":{"rendered":"<p>La R\u00e9serve Szapary est issues des plus vieilles vignes et des meilleurs parcelles de l&#8217;Eisenberg. Ce vin d\u00e9ploie toute la dimension vibratoire des vins du domaine. Le vin exprime une tension, une \u00e9nergie scintillante entre terre et ciel. Les schistes et la pr\u00e9sence importante de fer donnent une d\u00e9licatesse et tout \u00e0 la fois une [&hellip;]<\/p>\n","protected":false},"featured_media":0,"template":"","meta":[],"product_cat":[3740],"product_tag":[],"acf":[],"yoast_head":"<!-- This site is optimized with the Yoast SEO plugin v19.3 - https:\/\/yoast.com\/wordpress\/plugins\/seo\/ -->\n<title>BLAUFRANKISCH EISENBERG RESERVE SZAPARY MAGNUM - Mes Vendanges<\/title>\n<meta name=\"robots\" content=\"index, follow, max-snippet:-1, max-image-preview:large, max-video-preview:-1\" \/>\n<link rel=\"canonical\" href=\"https:\/\/www.mesvendanges.com\/en\/shop\/wines\/blaufrankisch-eisenberg-reserve-szapary-magnum-schiefer-uwe-2013-150cl\/\" \/>\n<meta property=\"og:locale\" content=\"en_US\" \/>\n<meta property=\"og:type\" content=\"article\" \/>\n<meta property=\"og:title\" content=\"BLAUFRANKISCH EISENBERG RESERVE SZAPARY MAGNUM - Mes Vendanges\" \/>\n<meta property=\"og:description\" content=\"La R\u00e9serve Szapary est issues des plus vieilles vignes et des meilleurs parcelles de l&#8217;Eisenberg. Ce vin d\u00e9ploie toute la dimension vibratoire des vins du domaine. Le vin exprime une tension, une \u00e9nergie scintillante entre terre et ciel. Les schistes et la pr\u00e9sence importante de fer donnent une d\u00e9licatesse et tout \u00e0 la fois une [&hellip;]\" \/>\n<meta property=\"og:url\" content=\"https:\/\/www.mesvendanges.com\/en\/shop\/wines\/blaufrankisch-eisenberg-reserve-szapary-magnum-schiefer-uwe-2013-150cl\/\" \/>\n<meta property=\"og:site_name\" content=\"Mes Vendanges\" \/>\n<meta property=\"article:modified_time\" content=\"2023-12-06T04:32:18+00:00\" \/>\n<meta name=\"twitter:card\" content=\"summary_large_image\" \/>\n<script type=\"application\/ld+json\" class=\"yoast-schema-graph\">{\"@context\":\"https:\/\/schema.org\",\"@graph\":[{\"@type\":\"Organization\",\"@id\":\"https:\/\/www.mesvendanges.com\/en\/#organization\",\"name\":\"Mes Vendanges\",\"url\":\"https:\/\/www.mesvendanges.com\/en\/\",\"sameAs\":[],\"logo\":{\"@type\":\"ImageObject\",\"inLanguage\":\"fr-FR\",\"@id\":\"https:\/\/www.mesvendanges.com\/en\/#\/schema\/logo\/image\/\",\"url\":\"https:\/\/www.mesvendanges.com\/wp-content\/uploads\/2022\/02\/logo-mesvendanges.jpg\",\"contentUrl\":\"https:\/\/www.mesvendanges.com\/wp-content\/uploads\/2022\/02\/logo-mesvendanges.jpg\",\"width\":851,\"height\":260,\"caption\":\"Mes Vendanges\"},\"image\":{\"@id\":\"https:\/\/www.mesvendanges.com\/en\/#\/schema\/logo\/image\/\"}},{\"@type\":\"WebSite\",\"@id\":\"https:\/\/www.mesvendanges.com\/en\/#website\",\"url\":\"https:\/\/www.mesvendanges.com\/en\/\",\"name\":\"Mes Vendanges\",\"description\":\"Des journ\u00e9es enti\u00e8res dans les vignes\",\"publisher\":{\"@id\":\"https:\/\/www.mesvendanges.com\/en\/#organization\"},\"potentialAction\":[{\"@type\":\"SearchAction\",\"target\":{\"@type\":\"EntryPoint\",\"urlTemplate\":\"https:\/\/www.mesvendanges.com\/en\/?s={search_term_string}\"},\"query-input\":\"required name=search_term_string\"}],\"inLanguage\":\"fr-FR\"},{\"@type\":\"WebPage\",\"@id\":\"https:\/\/www.mesvendanges.com\/en\/shop\/wines\/blaufrankisch-eisenberg-reserve-szapary-magnum-schiefer-uwe-2013-150cl\/\",\"url\":\"https:\/\/www.mesvendanges.com\/en\/shop\/wines\/blaufrankisch-eisenberg-reserve-szapary-magnum-schiefer-uwe-2013-150cl\/\",\"name\":\"BLAUFRANKISCH EISENBERG RESERVE SZAPARY MAGNUM - Mes Vendanges\",\"isPartOf\":{\"@id\":\"https:\/\/www.mesvendanges.com\/en\/#website\"},\"datePublished\":\"2022-08-02T12:09:10+00:00\",\"dateModified\":\"2023-12-06T04:32:18+00:00\",\"breadcrumb\":{\"@id\":\"https:\/\/www.mesvendanges.com\/en\/shop\/wines\/blaufrankisch-eisenberg-reserve-szapary-magnum-schiefer-uwe-2013-150cl\/#breadcrumb\"},\"inLanguage\":\"fr-FR\",\"potentialAction\":[{\"@type\":\"ReadAction\",\"target\":[\"https:\/\/www.mesvendanges.com\/en\/shop\/wines\/blaufrankisch-eisenberg-reserve-szapary-magnum-schiefer-uwe-2013-150cl\/\"]}]},{\"@type\":\"BreadcrumbList\",\"@id\":\"https:\/\/www.mesvendanges.com\/en\/shop\/wines\/blaufrankisch-eisenberg-reserve-szapary-magnum-schiefer-uwe-2013-150cl\/#breadcrumb\",\"itemListElement\":[{\"@type\":\"ListItem\",\"position\":1,\"name\":\"Home\",\"item\":\"https:\/\/www.mesvendanges.com\/en\/\"},{\"@type\":\"ListItem\",\"position\":2,\"name\":\"Shop\",\"item\":\"https:\/\/www.mesvendanges.com\/en\/shop\/\"},{\"@type\":\"ListItem\",\"position\":3,\"name\":\"BLAUFRANKISCH EISENBERG RESERVE SZAPARY MAGNUM\"}]}]}<\/script>\n<!-- \/ Yoast SEO plugin. -->","yoast_head_json":{"title":"BLAUFRANKISCH EISENBERG RESERVE SZAPARY MAGNUM - Mes Vendanges","robots":{"index":"index","follow":"follow","max-snippet":"max-snippet:-1","max-image-preview":"max-image-preview:large","max-video-preview":"max-video-preview:-1"},"canonical":"https:\/\/www.mesvendanges.com\/en\/shop\/wines\/blaufrankisch-eisenberg-reserve-szapary-magnum-schiefer-uwe-2013-150cl\/","og_locale":"en_US","og_type":"article","og_title":"BLAUFRANKISCH EISENBERG RESERVE SZAPARY MAGNUM - Mes Vendanges","og_description":"La R\u00e9serve Szapary est issues des plus vieilles vignes et des meilleurs parcelles de l&#8217;Eisenberg. Ce vin d\u00e9ploie toute la dimension vibratoire des vins du domaine. Le vin exprime une tension, une \u00e9nergie scintillante entre terre et ciel. Les schistes et la pr\u00e9sence importante de fer donnent une d\u00e9licatesse et tout \u00e0 la fois une [&hellip;]","og_url":"https:\/\/www.mesvendanges.com\/en\/shop\/wines\/blaufrankisch-eisenberg-reserve-szapary-magnum-schiefer-uwe-2013-150cl\/","og_site_name":"Mes Vendanges","article_modified_time":"2023-12-06T04:32:18+00:00","twitter_card":"summary_large_image","schema":{"@context":"https:\/\/schema.org","@graph":[{"@type":"Organization","@id":"https:\/\/www.mesvendanges.com\/en\/#organization","name":"Mes Vendanges","url":"https:\/\/www.mesvendanges.com\/en\/","sameAs":[],"logo":{"@type":"ImageObject","inLanguage":"fr-FR","@id":"https:\/\/www.mesvendanges.com\/en\/#\/schema\/logo\/image\/","url":"https:\/\/www.mesvendanges.com\/wp-content\/uploads\/2022\/02\/logo-mesvendanges.jpg","contentUrl":"https:\/\/www.mesvendanges.com\/wp-content\/uploads\/2022\/02\/logo-mesvendanges.jpg","width":851,"height":260,"caption":"Mes Vendanges"},"image":{"@id":"https:\/\/www.mesvendanges.com\/en\/#\/schema\/logo\/image\/"}},{"@type":"WebSite","@id":"https:\/\/www.mesvendanges.com\/en\/#website","url":"https:\/\/www.mesvendanges.com\/en\/","name":"Mes Vendanges","description":"Des journ\u00e9es enti\u00e8res dans les vignes","publisher":{"@id":"https:\/\/www.mesvendanges.com\/en\/#organization"},"potentialAction":[{"@type":"SearchAction","target":{"@type":"EntryPoint","urlTemplate":"https:\/\/www.mesvendanges.com\/en\/?s={search_term_string}"},"query-input":"required name=search_term_string"}],"inLanguage":"fr-FR"},{"@type":"WebPage","@id":"https:\/\/www.mesvendanges.com\/en\/shop\/wines\/blaufrankisch-eisenberg-reserve-szapary-magnum-schiefer-uwe-2013-150cl\/","url":"https:\/\/www.mesvendanges.com\/en\/shop\/wines\/blaufrankisch-eisenberg-reserve-szapary-magnum-schiefer-uwe-2013-150cl\/","name":"BLAUFRANKISCH EISENBERG RESERVE SZAPARY MAGNUM - Mes Vendanges","isPartOf":{"@id":"https:\/\/www.mesvendanges.com\/en\/#website"},"datePublished":"2022-08-02T12:09:10+00:00","dateModified":"2023-12-06T04:32:18+00:00","breadcrumb":{"@id":"https:\/\/www.mesvendanges.com\/en\/shop\/wines\/blaufrankisch-eisenberg-reserve-szapary-magnum-schiefer-uwe-2013-150cl\/#breadcrumb"},"inLanguage":"fr-FR","potentialAction":[{"@type":"ReadAction","target":["https:\/\/www.mesvendanges.com\/en\/shop\/wines\/blaufrankisch-eisenberg-reserve-szapary-magnum-schiefer-uwe-2013-150cl\/"]}]},{"@type":"BreadcrumbList","@id":"https:\/\/www.mesvendanges.com\/en\/shop\/wines\/blaufrankisch-eisenberg-reserve-szapary-magnum-schiefer-uwe-2013-150cl\/#breadcrumb","itemListElement":[{"@type":"ListItem","position":1,"name":"Home","item":"https:\/\/www.mesvendanges.com\/en\/"},{"@type":"ListItem","position":2,"name":"Shop","item":"https:\/\/www.mesvendanges.com\/en\/shop\/"},{"@type":"ListItem","position":3,"name":"BLAUFRANKISCH EISENBERG RESERVE SZAPARY MAGNUM"}]}]}},"_links":{"self":[{"href":"https:\/\/www.mesvendanges.com\/en\/wp-json\/wp\/v2\/product\/39040"}],"collection":[{"href":"https:\/\/www.mesvendanges.com\/en\/wp-json\/wp\/v2\/product"}],"about":[{"href":"https:\/\/www.mesvendanges.com\/en\/wp-json\/wp\/v2\/types\/product"}],"wp:attachment":[{"href":"https:\/\/www.mesvendanges.com\/en\/wp-json\/wp\/v2\/media?parent=39040"}],"wp:term":[{"taxonomy":"product_cat","embeddable":true,"href":"https:\/\/www.mesvendanges.com\/en\/wp-json\/wp\/v2\/product_cat?post=39040"},{"taxonomy":"product_tag","embeddable":true,"href":"https:\/\/www.mesvendanges.com\/en\/wp-json\/wp\/v2\/product_tag?post=39040"}],"curies":[{"name":"wp","href":"https:\/\/api.w.org\/{rel}","templated":true}]}}