{"id":39132,"date":"2022-08-02T14:11:32","date_gmt":"2022-08-02T12:11:32","guid":{"rendered":"https:\/\/www.mesvendanges.com\/shop\/uncategorized\/osso-san-grato-8\/"},"modified":"2025-09-02T09:54:05","modified_gmt":"2025-09-02T07:54:05","slug":"osso-san-grato-antoniolo-azienda-vitivinicola-2011-75cl","status":"publish","type":"product","link":"https:\/\/www.mesvendanges.com\/en\/shop\/wines\/osso-san-grato-antoniolo-azienda-vitivinicola-2011-75cl\/","title":{"rendered":"OSSO SAN GRATO"},"content":{"rendered":"<p>l&#8217;Osso San Grato est le plus profond des trois crus du domaine Antoniolo. Le vin est d&#8217;une tr\u00e8s grande harmonie, m\u00ealant tanins denses, volume charnel, acidit\u00e9 \u00e9th\u00e9r\u00e9e, sur une longueur en bouche spectaculaire. Un vin \u00e0 d\u00e9couvrir absolument! <\/p>\n<div>\n<div>\n<p><font face=\"Verdana, sans-serif\"><font style=\"font-size: 9pt\" size=\"2\"><font color=\"#666666\"><i><span style=\"font-weight: normal\">3 bicchieri Gambero Rosso<br \/>18,5\/20 Guida Espresso<\/span><\/i><\/font><font color=\"#990000\"><span style=\"font-weight: normal\"><br \/><\/span><\/font><font color=\"#666666\"><i><span style=\"font-weight: normal\">5 grappoli Guida Bibenda<br \/>94\/100 Guida essenziale<br \/>4 vigne Guida Vitae<\/span><\/i><\/font><\/font><\/font><\/p>\n<\/p><\/div>\n<p>L&#8217;Osso San Grato s&#8217;\u00e9tend sur 4,5 hectares, avec un sol a tendance acide, d&#8217;originie morainique, l&#8217;exposition est sud. Apr\u00e9s la r\u00e9colte a lieu une mac\u00e9ration sur peau qui dure deux semaines, avec relevages automatiques des mo\u00fbts. les vins sont ensuite mis en barriques(peu ou pas de bois neuf) et \u00e9lev\u00e9es durant 30 mois. Ils patientent ensuite encore quelques semains en bouteilles (5000 par an) avant de franchir les portes du domaine. <\/div>\n","protected":false},"excerpt":{"rendered":"<p>l&#8217;Osso San Grato est le plus profond des trois crus du domaine Antoniolo. Le vin est d&#8217;une tr\u00e8s grande harmonie, m\u00ealant tanins denses, volume charnel, acidit\u00e9 \u00e9th\u00e9r\u00e9e, sur une longueur en bouche spectaculaire. Un vin \u00e0 d\u00e9couvrir absolument! 3 bicchieri Gambero Rosso18,5\/20 Guida Espresso5 grappoli Guida Bibenda94\/100 Guida essenziale4 vigne Guida Vitae L&#8217;Osso San Grato [&hellip;]<\/p>\n","protected":false},"featured_media":17282,"template":"","meta":[],"product_cat":[3740],"product_tag":[],"acf":[],"yoast_head":"<!-- This site is optimized with the Yoast SEO plugin v19.3 - https:\/\/yoast.com\/wordpress\/plugins\/seo\/ -->\n<title>OSSO SAN GRATO - Mes Vendanges<\/title>\n<meta name=\"robots\" content=\"index, follow, max-snippet:-1, max-image-preview:large, max-video-preview:-1\" \/>\n<link rel=\"canonical\" href=\"https:\/\/www.mesvendanges.com\/en\/shop\/wines\/osso-san-grato-antoniolo-azienda-vitivinicola-2011-75cl\/\" \/>\n<meta property=\"og:locale\" content=\"en_US\" \/>\n<meta property=\"og:type\" content=\"article\" \/>\n<meta property=\"og:title\" content=\"OSSO SAN GRATO - Mes Vendanges\" \/>\n<meta property=\"og:description\" content=\"l&#8217;Osso San Grato est le plus profond des trois crus du domaine Antoniolo. Le vin est d&#8217;une tr\u00e8s grande harmonie, m\u00ealant tanins denses, volume charnel, acidit\u00e9 \u00e9th\u00e9r\u00e9e, sur une longueur en bouche spectaculaire. Un vin \u00e0 d\u00e9couvrir absolument! 3 bicchieri Gambero Rosso18,5\/20 Guida Espresso5 grappoli Guida Bibenda94\/100 Guida essenziale4 vigne Guida Vitae L&#8217;Osso San Grato [&hellip;]\" \/>\n<meta property=\"og:url\" content=\"https:\/\/www.mesvendanges.com\/en\/shop\/wines\/osso-san-grato-antoniolo-azienda-vitivinicola-2011-75cl\/\" \/>\n<meta property=\"og:site_name\" content=\"Mes Vendanges\" \/>\n<meta property=\"article:modified_time\" content=\"2025-09-02T07:54:05+00:00\" \/>\n<meta property=\"og:image\" content=\"https:\/\/www.mesvendanges.com\/wp-content\/uploads\/2022\/07\/antoniolo-gattinara-osso-san-grato-2011-png.png\" \/>\n\t<meta property=\"og:image:width\" content=\"600\" \/>\n\t<meta property=\"og:image:height\" content=\"1500\" \/>\n\t<meta property=\"og:image:type\" content=\"image\/png\" \/>\n<meta name=\"twitter:card\" content=\"summary_large_image\" \/>\n<meta name=\"twitter:label1\" content=\"Est. reading time\" \/>\n\t<meta name=\"twitter:data1\" content=\"1 minute\" \/>\n<script type=\"application\/ld+json\" class=\"yoast-schema-graph\">{\"@context\":\"https:\/\/schema.org\",\"@graph\":[{\"@type\":\"Organization\",\"@id\":\"https:\/\/www.mesvendanges.com\/en\/#organization\",\"name\":\"Mes Vendanges\",\"url\":\"https:\/\/www.mesvendanges.com\/en\/\",\"sameAs\":[],\"logo\":{\"@type\":\"ImageObject\",\"inLanguage\":\"fr-FR\",\"@id\":\"https:\/\/www.mesvendanges.com\/en\/#\/schema\/logo\/image\/\",\"url\":\"https:\/\/www.mesvendanges.com\/wp-content\/uploads\/2022\/02\/logo-mesvendanges.jpg\",\"contentUrl\":\"https:\/\/www.mesvendanges.com\/wp-content\/uploads\/2022\/02\/logo-mesvendanges.jpg\",\"width\":851,\"height\":260,\"caption\":\"Mes Vendanges\"},\"image\":{\"@id\":\"https:\/\/www.mesvendanges.com\/en\/#\/schema\/logo\/image\/\"}},{\"@type\":\"WebSite\",\"@id\":\"https:\/\/www.mesvendanges.com\/en\/#website\",\"url\":\"https:\/\/www.mesvendanges.com\/en\/\",\"name\":\"Mes Vendanges\",\"description\":\"Des journ\u00e9es enti\u00e8res dans les vignes\",\"publisher\":{\"@id\":\"https:\/\/www.mesvendanges.com\/en\/#organization\"},\"potentialAction\":[{\"@type\":\"SearchAction\",\"target\":{\"@type\":\"EntryPoint\",\"urlTemplate\":\"https:\/\/www.mesvendanges.com\/en\/?s={search_term_string}\"},\"query-input\":\"required name=search_term_string\"}],\"inLanguage\":\"fr-FR\"},{\"@type\":\"ImageObject\",\"inLanguage\":\"fr-FR\",\"@id\":\"https:\/\/www.mesvendanges.com\/en\/shop\/wines\/osso-san-grato-antoniolo-azienda-vitivinicola-2011-75cl\/#primaryimage\",\"url\":\"https:\/\/www.mesvendanges.com\/wp-content\/uploads\/2022\/07\/antoniolo-gattinara-osso-san-grato-2011-png.png\",\"contentUrl\":\"https:\/\/www.mesvendanges.com\/wp-content\/uploads\/2022\/07\/antoniolo-gattinara-osso-san-grato-2011-png.png\",\"width\":600,\"height\":1500},{\"@type\":\"WebPage\",\"@id\":\"https:\/\/www.mesvendanges.com\/en\/shop\/wines\/osso-san-grato-antoniolo-azienda-vitivinicola-2011-75cl\/\",\"url\":\"https:\/\/www.mesvendanges.com\/en\/shop\/wines\/osso-san-grato-antoniolo-azienda-vitivinicola-2011-75cl\/\",\"name\":\"OSSO SAN GRATO - Mes Vendanges\",\"isPartOf\":{\"@id\":\"https:\/\/www.mesvendanges.com\/en\/#website\"},\"primaryImageOfPage\":{\"@id\":\"https:\/\/www.mesvendanges.com\/en\/shop\/wines\/osso-san-grato-antoniolo-azienda-vitivinicola-2011-75cl\/#primaryimage\"},\"datePublished\":\"2022-08-02T12:11:32+00:00\",\"dateModified\":\"2025-09-02T07:54:05+00:00\",\"breadcrumb\":{\"@id\":\"https:\/\/www.mesvendanges.com\/en\/shop\/wines\/osso-san-grato-antoniolo-azienda-vitivinicola-2011-75cl\/#breadcrumb\"},\"inLanguage\":\"fr-FR\",\"potentialAction\":[{\"@type\":\"ReadAction\",\"target\":[\"https:\/\/www.mesvendanges.com\/en\/shop\/wines\/osso-san-grato-antoniolo-azienda-vitivinicola-2011-75cl\/\"]}]},{\"@type\":\"BreadcrumbList\",\"@id\":\"https:\/\/www.mesvendanges.com\/en\/shop\/wines\/osso-san-grato-antoniolo-azienda-vitivinicola-2011-75cl\/#breadcrumb\",\"itemListElement\":[{\"@type\":\"ListItem\",\"position\":1,\"name\":\"Home\",\"item\":\"https:\/\/www.mesvendanges.com\/en\/\"},{\"@type\":\"ListItem\",\"position\":2,\"name\":\"Shop\",\"item\":\"https:\/\/www.mesvendanges.com\/en\/shop\/\"},{\"@type\":\"ListItem\",\"position\":3,\"name\":\"OSSO SAN GRATO\"}]}]}<\/script>\n<!-- \/ Yoast SEO plugin. -->","yoast_head_json":{"title":"OSSO SAN GRATO - Mes Vendanges","robots":{"index":"index","follow":"follow","max-snippet":"max-snippet:-1","max-image-preview":"max-image-preview:large","max-video-preview":"max-video-preview:-1"},"canonical":"https:\/\/www.mesvendanges.com\/en\/shop\/wines\/osso-san-grato-antoniolo-azienda-vitivinicola-2011-75cl\/","og_locale":"en_US","og_type":"article","og_title":"OSSO SAN GRATO - Mes Vendanges","og_description":"l&#8217;Osso San Grato est le plus profond des trois crus du domaine Antoniolo. Le vin est d&#8217;une tr\u00e8s grande harmonie, m\u00ealant tanins denses, volume charnel, acidit\u00e9 \u00e9th\u00e9r\u00e9e, sur une longueur en bouche spectaculaire. Un vin \u00e0 d\u00e9couvrir absolument! 3 bicchieri Gambero Rosso18,5\/20 Guida Espresso5 grappoli Guida Bibenda94\/100 Guida essenziale4 vigne Guida Vitae L&#8217;Osso San Grato [&hellip;]","og_url":"https:\/\/www.mesvendanges.com\/en\/shop\/wines\/osso-san-grato-antoniolo-azienda-vitivinicola-2011-75cl\/","og_site_name":"Mes Vendanges","article_modified_time":"2025-09-02T07:54:05+00:00","og_image":[{"width":600,"height":1500,"url":"https:\/\/www.mesvendanges.com\/wp-content\/uploads\/2022\/07\/antoniolo-gattinara-osso-san-grato-2011-png.png","type":"image\/png"}],"twitter_card":"summary_large_image","twitter_misc":{"Est. reading time":"1 minute"},"schema":{"@context":"https:\/\/schema.org","@graph":[{"@type":"Organization","@id":"https:\/\/www.mesvendanges.com\/en\/#organization","name":"Mes Vendanges","url":"https:\/\/www.mesvendanges.com\/en\/","sameAs":[],"logo":{"@type":"ImageObject","inLanguage":"fr-FR","@id":"https:\/\/www.mesvendanges.com\/en\/#\/schema\/logo\/image\/","url":"https:\/\/www.mesvendanges.com\/wp-content\/uploads\/2022\/02\/logo-mesvendanges.jpg","contentUrl":"https:\/\/www.mesvendanges.com\/wp-content\/uploads\/2022\/02\/logo-mesvendanges.jpg","width":851,"height":260,"caption":"Mes Vendanges"},"image":{"@id":"https:\/\/www.mesvendanges.com\/en\/#\/schema\/logo\/image\/"}},{"@type":"WebSite","@id":"https:\/\/www.mesvendanges.com\/en\/#website","url":"https:\/\/www.mesvendanges.com\/en\/","name":"Mes Vendanges","description":"Des journ\u00e9es enti\u00e8res dans les vignes","publisher":{"@id":"https:\/\/www.mesvendanges.com\/en\/#organization"},"potentialAction":[{"@type":"SearchAction","target":{"@type":"EntryPoint","urlTemplate":"https:\/\/www.mesvendanges.com\/en\/?s={search_term_string}"},"query-input":"required name=search_term_string"}],"inLanguage":"fr-FR"},{"@type":"ImageObject","inLanguage":"fr-FR","@id":"https:\/\/www.mesvendanges.com\/en\/shop\/wines\/osso-san-grato-antoniolo-azienda-vitivinicola-2011-75cl\/#primaryimage","url":"https:\/\/www.mesvendanges.com\/wp-content\/uploads\/2022\/07\/antoniolo-gattinara-osso-san-grato-2011-png.png","contentUrl":"https:\/\/www.mesvendanges.com\/wp-content\/uploads\/2022\/07\/antoniolo-gattinara-osso-san-grato-2011-png.png","width":600,"height":1500},{"@type":"WebPage","@id":"https:\/\/www.mesvendanges.com\/en\/shop\/wines\/osso-san-grato-antoniolo-azienda-vitivinicola-2011-75cl\/","url":"https:\/\/www.mesvendanges.com\/en\/shop\/wines\/osso-san-grato-antoniolo-azienda-vitivinicola-2011-75cl\/","name":"OSSO SAN GRATO - Mes Vendanges","isPartOf":{"@id":"https:\/\/www.mesvendanges.com\/en\/#website"},"primaryImageOfPage":{"@id":"https:\/\/www.mesvendanges.com\/en\/shop\/wines\/osso-san-grato-antoniolo-azienda-vitivinicola-2011-75cl\/#primaryimage"},"datePublished":"2022-08-02T12:11:32+00:00","dateModified":"2025-09-02T07:54:05+00:00","breadcrumb":{"@id":"https:\/\/www.mesvendanges.com\/en\/shop\/wines\/osso-san-grato-antoniolo-azienda-vitivinicola-2011-75cl\/#breadcrumb"},"inLanguage":"fr-FR","potentialAction":[{"@type":"ReadAction","target":["https:\/\/www.mesvendanges.com\/en\/shop\/wines\/osso-san-grato-antoniolo-azienda-vitivinicola-2011-75cl\/"]}]},{"@type":"BreadcrumbList","@id":"https:\/\/www.mesvendanges.com\/en\/shop\/wines\/osso-san-grato-antoniolo-azienda-vitivinicola-2011-75cl\/#breadcrumb","itemListElement":[{"@type":"ListItem","position":1,"name":"Home","item":"https:\/\/www.mesvendanges.com\/en\/"},{"@type":"ListItem","position":2,"name":"Shop","item":"https:\/\/www.mesvendanges.com\/en\/shop\/"},{"@type":"ListItem","position":3,"name":"OSSO SAN GRATO"}]}]}},"_links":{"self":[{"href":"https:\/\/www.mesvendanges.com\/en\/wp-json\/wp\/v2\/product\/39132"}],"collection":[{"href":"https:\/\/www.mesvendanges.com\/en\/wp-json\/wp\/v2\/product"}],"about":[{"href":"https:\/\/www.mesvendanges.com\/en\/wp-json\/wp\/v2\/types\/product"}],"wp:featuredmedia":[{"embeddable":true,"href":"https:\/\/www.mesvendanges.com\/en\/wp-json\/wp\/v2\/media\/17282"}],"wp:attachment":[{"href":"https:\/\/www.mesvendanges.com\/en\/wp-json\/wp\/v2\/media?parent=39132"}],"wp:term":[{"taxonomy":"product_cat","embeddable":true,"href":"https:\/\/www.mesvendanges.com\/en\/wp-json\/wp\/v2\/product_cat?post=39132"},{"taxonomy":"product_tag","embeddable":true,"href":"https:\/\/www.mesvendanges.com\/en\/wp-json\/wp\/v2\/product_tag?post=39132"}],"curies":[{"name":"wp","href":"https:\/\/api.w.org\/{rel}","templated":true}]}}