{"id":39196,"date":"2022-08-02T14:13:00","date_gmt":"2022-08-02T12:13:00","guid":{"rendered":"https:\/\/www.mesvendanges.com\/shop\/uncategorized\/les-ormes-sorbet-3\/"},"modified":"2023-12-20T09:38:52","modified_gmt":"2023-12-20T08:38:52","slug":"les-ormes-sorbet-ormes-sorbets-ch-les-1988-75cl","status":"publish","type":"product","link":"https:\/\/www.mesvendanges.com\/en\/shop\/wines\/les-ormes-sorbet-ormes-sorbets-ch-les-1988-75cl\/","title":{"rendered":"LES ORMES SORBET"},"content":{"rendered":"<p>Les Ormes Sorbet produisent de tr\u00e8s jolis M\u00e9doc, avec un fruit toujours bien pr\u00e9sent. Ce 1989 est maintenant bien ouvert, avec de belles notes tertiaires se mellant au fuit\u00e9 mur du vin. Un jolie bouteille !<\/p>\n","protected":false},"excerpt":{"rendered":"<p>Les Ormes Sorbet produisent de tr\u00e8s jolis M\u00e9doc, avec un fruit toujours bien pr\u00e9sent. Ce 1989 est maintenant bien ouvert, avec de belles notes tertiaires se mellant au fuit\u00e9 mur du vin. Un jolie bouteille !<\/p>\n","protected":false},"featured_media":59399,"template":"","meta":[],"product_cat":[3740],"product_tag":[],"acf":[],"yoast_head":"<!-- This site is optimized with the Yoast SEO plugin v19.3 - https:\/\/yoast.com\/wordpress\/plugins\/seo\/ -->\n<title>LES ORMES SORBET - Mes Vendanges<\/title>\n<meta name=\"robots\" content=\"index, follow, max-snippet:-1, max-image-preview:large, max-video-preview:-1\" \/>\n<link rel=\"canonical\" href=\"https:\/\/www.mesvendanges.com\/en\/shop\/wines\/les-ormes-sorbet-ormes-sorbets-ch-les-1988-75cl\/\" \/>\n<meta property=\"og:locale\" content=\"en_US\" \/>\n<meta property=\"og:type\" content=\"article\" \/>\n<meta property=\"og:title\" content=\"LES ORMES SORBET - Mes Vendanges\" \/>\n<meta property=\"og:description\" content=\"Les Ormes Sorbet produisent de tr\u00e8s jolis M\u00e9doc, avec un fruit toujours bien pr\u00e9sent. Ce 1989 est maintenant bien ouvert, avec de belles notes tertiaires se mellant au fuit\u00e9 mur du vin. Un jolie bouteille !\" \/>\n<meta property=\"og:url\" content=\"https:\/\/www.mesvendanges.com\/en\/shop\/wines\/les-ormes-sorbet-ormes-sorbets-ch-les-1988-75cl\/\" \/>\n<meta property=\"og:site_name\" content=\"Mes Vendanges\" \/>\n<meta property=\"article:modified_time\" content=\"2023-12-20T08:38:52+00:00\" \/>\n<meta property=\"og:image\" content=\"https:\/\/www.mesvendanges.com\/wp-content\/uploads\/2022\/10\/ormes-sorbet-ch-les-medoc-cru-bourgeois-1988-75cl-rouge-png.png\" \/>\n\t<meta property=\"og:image:width\" content=\"371\" \/>\n\t<meta property=\"og:image:height\" content=\"1500\" \/>\n\t<meta property=\"og:image:type\" content=\"image\/png\" \/>\n<meta name=\"twitter:card\" content=\"summary_large_image\" \/>\n<script type=\"application\/ld+json\" class=\"yoast-schema-graph\">{\"@context\":\"https:\/\/schema.org\",\"@graph\":[{\"@type\":\"Organization\",\"@id\":\"https:\/\/www.mesvendanges.com\/en\/#organization\",\"name\":\"Mes Vendanges\",\"url\":\"https:\/\/www.mesvendanges.com\/en\/\",\"sameAs\":[],\"logo\":{\"@type\":\"ImageObject\",\"inLanguage\":\"fr-FR\",\"@id\":\"https:\/\/www.mesvendanges.com\/en\/#\/schema\/logo\/image\/\",\"url\":\"https:\/\/www.mesvendanges.com\/wp-content\/uploads\/2022\/02\/logo-mesvendanges.jpg\",\"contentUrl\":\"https:\/\/www.mesvendanges.com\/wp-content\/uploads\/2022\/02\/logo-mesvendanges.jpg\",\"width\":851,\"height\":260,\"caption\":\"Mes Vendanges\"},\"image\":{\"@id\":\"https:\/\/www.mesvendanges.com\/en\/#\/schema\/logo\/image\/\"}},{\"@type\":\"WebSite\",\"@id\":\"https:\/\/www.mesvendanges.com\/en\/#website\",\"url\":\"https:\/\/www.mesvendanges.com\/en\/\",\"name\":\"Mes Vendanges\",\"description\":\"Des journ\u00e9es enti\u00e8res dans les vignes\",\"publisher\":{\"@id\":\"https:\/\/www.mesvendanges.com\/en\/#organization\"},\"potentialAction\":[{\"@type\":\"SearchAction\",\"target\":{\"@type\":\"EntryPoint\",\"urlTemplate\":\"https:\/\/www.mesvendanges.com\/en\/?s={search_term_string}\"},\"query-input\":\"required name=search_term_string\"}],\"inLanguage\":\"fr-FR\"},{\"@type\":\"ImageObject\",\"inLanguage\":\"fr-FR\",\"@id\":\"https:\/\/www.mesvendanges.com\/en\/shop\/wines\/les-ormes-sorbet-ormes-sorbets-ch-les-1988-75cl\/#primaryimage\",\"url\":\"https:\/\/www.mesvendanges.com\/wp-content\/uploads\/2022\/10\/ormes-sorbet-ch-les-medoc-cru-bourgeois-1988-75cl-rouge-png.png\",\"contentUrl\":\"https:\/\/www.mesvendanges.com\/wp-content\/uploads\/2022\/10\/ormes-sorbet-ch-les-medoc-cru-bourgeois-1988-75cl-rouge-png.png\",\"width\":371,\"height\":1500},{\"@type\":\"WebPage\",\"@id\":\"https:\/\/www.mesvendanges.com\/en\/shop\/wines\/les-ormes-sorbet-ormes-sorbets-ch-les-1988-75cl\/\",\"url\":\"https:\/\/www.mesvendanges.com\/en\/shop\/wines\/les-ormes-sorbet-ormes-sorbets-ch-les-1988-75cl\/\",\"name\":\"LES ORMES SORBET - Mes Vendanges\",\"isPartOf\":{\"@id\":\"https:\/\/www.mesvendanges.com\/en\/#website\"},\"primaryImageOfPage\":{\"@id\":\"https:\/\/www.mesvendanges.com\/en\/shop\/wines\/les-ormes-sorbet-ormes-sorbets-ch-les-1988-75cl\/#primaryimage\"},\"datePublished\":\"2022-08-02T12:13:00+00:00\",\"dateModified\":\"2023-12-20T08:38:52+00:00\",\"breadcrumb\":{\"@id\":\"https:\/\/www.mesvendanges.com\/en\/shop\/wines\/les-ormes-sorbet-ormes-sorbets-ch-les-1988-75cl\/#breadcrumb\"},\"inLanguage\":\"fr-FR\",\"potentialAction\":[{\"@type\":\"ReadAction\",\"target\":[\"https:\/\/www.mesvendanges.com\/en\/shop\/wines\/les-ormes-sorbet-ormes-sorbets-ch-les-1988-75cl\/\"]}]},{\"@type\":\"BreadcrumbList\",\"@id\":\"https:\/\/www.mesvendanges.com\/en\/shop\/wines\/les-ormes-sorbet-ormes-sorbets-ch-les-1988-75cl\/#breadcrumb\",\"itemListElement\":[{\"@type\":\"ListItem\",\"position\":1,\"name\":\"Home\",\"item\":\"https:\/\/www.mesvendanges.com\/en\/\"},{\"@type\":\"ListItem\",\"position\":2,\"name\":\"Shop\",\"item\":\"https:\/\/www.mesvendanges.com\/en\/shop\/\"},{\"@type\":\"ListItem\",\"position\":3,\"name\":\"LES ORMES SORBET\"}]}]}<\/script>\n<!-- \/ Yoast SEO plugin. -->","yoast_head_json":{"title":"LES ORMES SORBET - Mes Vendanges","robots":{"index":"index","follow":"follow","max-snippet":"max-snippet:-1","max-image-preview":"max-image-preview:large","max-video-preview":"max-video-preview:-1"},"canonical":"https:\/\/www.mesvendanges.com\/en\/shop\/wines\/les-ormes-sorbet-ormes-sorbets-ch-les-1988-75cl\/","og_locale":"en_US","og_type":"article","og_title":"LES ORMES SORBET - Mes Vendanges","og_description":"Les Ormes Sorbet produisent de tr\u00e8s jolis M\u00e9doc, avec un fruit toujours bien pr\u00e9sent. Ce 1989 est maintenant bien ouvert, avec de belles notes tertiaires se mellant au fuit\u00e9 mur du vin. Un jolie bouteille !","og_url":"https:\/\/www.mesvendanges.com\/en\/shop\/wines\/les-ormes-sorbet-ormes-sorbets-ch-les-1988-75cl\/","og_site_name":"Mes Vendanges","article_modified_time":"2023-12-20T08:38:52+00:00","og_image":[{"width":371,"height":1500,"url":"https:\/\/www.mesvendanges.com\/wp-content\/uploads\/2022\/10\/ormes-sorbet-ch-les-medoc-cru-bourgeois-1988-75cl-rouge-png.png","type":"image\/png"}],"twitter_card":"summary_large_image","schema":{"@context":"https:\/\/schema.org","@graph":[{"@type":"Organization","@id":"https:\/\/www.mesvendanges.com\/en\/#organization","name":"Mes Vendanges","url":"https:\/\/www.mesvendanges.com\/en\/","sameAs":[],"logo":{"@type":"ImageObject","inLanguage":"fr-FR","@id":"https:\/\/www.mesvendanges.com\/en\/#\/schema\/logo\/image\/","url":"https:\/\/www.mesvendanges.com\/wp-content\/uploads\/2022\/02\/logo-mesvendanges.jpg","contentUrl":"https:\/\/www.mesvendanges.com\/wp-content\/uploads\/2022\/02\/logo-mesvendanges.jpg","width":851,"height":260,"caption":"Mes Vendanges"},"image":{"@id":"https:\/\/www.mesvendanges.com\/en\/#\/schema\/logo\/image\/"}},{"@type":"WebSite","@id":"https:\/\/www.mesvendanges.com\/en\/#website","url":"https:\/\/www.mesvendanges.com\/en\/","name":"Mes Vendanges","description":"Des journ\u00e9es enti\u00e8res dans les vignes","publisher":{"@id":"https:\/\/www.mesvendanges.com\/en\/#organization"},"potentialAction":[{"@type":"SearchAction","target":{"@type":"EntryPoint","urlTemplate":"https:\/\/www.mesvendanges.com\/en\/?s={search_term_string}"},"query-input":"required name=search_term_string"}],"inLanguage":"fr-FR"},{"@type":"ImageObject","inLanguage":"fr-FR","@id":"https:\/\/www.mesvendanges.com\/en\/shop\/wines\/les-ormes-sorbet-ormes-sorbets-ch-les-1988-75cl\/#primaryimage","url":"https:\/\/www.mesvendanges.com\/wp-content\/uploads\/2022\/10\/ormes-sorbet-ch-les-medoc-cru-bourgeois-1988-75cl-rouge-png.png","contentUrl":"https:\/\/www.mesvendanges.com\/wp-content\/uploads\/2022\/10\/ormes-sorbet-ch-les-medoc-cru-bourgeois-1988-75cl-rouge-png.png","width":371,"height":1500},{"@type":"WebPage","@id":"https:\/\/www.mesvendanges.com\/en\/shop\/wines\/les-ormes-sorbet-ormes-sorbets-ch-les-1988-75cl\/","url":"https:\/\/www.mesvendanges.com\/en\/shop\/wines\/les-ormes-sorbet-ormes-sorbets-ch-les-1988-75cl\/","name":"LES ORMES SORBET - Mes Vendanges","isPartOf":{"@id":"https:\/\/www.mesvendanges.com\/en\/#website"},"primaryImageOfPage":{"@id":"https:\/\/www.mesvendanges.com\/en\/shop\/wines\/les-ormes-sorbet-ormes-sorbets-ch-les-1988-75cl\/#primaryimage"},"datePublished":"2022-08-02T12:13:00+00:00","dateModified":"2023-12-20T08:38:52+00:00","breadcrumb":{"@id":"https:\/\/www.mesvendanges.com\/en\/shop\/wines\/les-ormes-sorbet-ormes-sorbets-ch-les-1988-75cl\/#breadcrumb"},"inLanguage":"fr-FR","potentialAction":[{"@type":"ReadAction","target":["https:\/\/www.mesvendanges.com\/en\/shop\/wines\/les-ormes-sorbet-ormes-sorbets-ch-les-1988-75cl\/"]}]},{"@type":"BreadcrumbList","@id":"https:\/\/www.mesvendanges.com\/en\/shop\/wines\/les-ormes-sorbet-ormes-sorbets-ch-les-1988-75cl\/#breadcrumb","itemListElement":[{"@type":"ListItem","position":1,"name":"Home","item":"https:\/\/www.mesvendanges.com\/en\/"},{"@type":"ListItem","position":2,"name":"Shop","item":"https:\/\/www.mesvendanges.com\/en\/shop\/"},{"@type":"ListItem","position":3,"name":"LES ORMES SORBET"}]}]}},"_links":{"self":[{"href":"https:\/\/www.mesvendanges.com\/en\/wp-json\/wp\/v2\/product\/39196"}],"collection":[{"href":"https:\/\/www.mesvendanges.com\/en\/wp-json\/wp\/v2\/product"}],"about":[{"href":"https:\/\/www.mesvendanges.com\/en\/wp-json\/wp\/v2\/types\/product"}],"wp:featuredmedia":[{"embeddable":true,"href":"https:\/\/www.mesvendanges.com\/en\/wp-json\/wp\/v2\/media\/59399"}],"wp:attachment":[{"href":"https:\/\/www.mesvendanges.com\/en\/wp-json\/wp\/v2\/media?parent=39196"}],"wp:term":[{"taxonomy":"product_cat","embeddable":true,"href":"https:\/\/www.mesvendanges.com\/en\/wp-json\/wp\/v2\/product_cat?post=39196"},{"taxonomy":"product_tag","embeddable":true,"href":"https:\/\/www.mesvendanges.com\/en\/wp-json\/wp\/v2\/product_tag?post=39196"}],"curies":[{"name":"wp","href":"https:\/\/api.w.org\/{rel}","templated":true}]}}