{"id":39284,"date":"2022-08-02T14:15:03","date_gmt":"2022-08-02T12:15:03","guid":{"rendered":"https:\/\/www.mesvendanges.com\/shop\/uncategorized\/riesling-oberhauser-brucke-spatlese-7\/"},"modified":"2023-12-05T16:33:25","modified_gmt":"2023-12-05T15:33:25","slug":"riesling-oberhauser-brucke-spatlese-donnhoff-2015-75cl","status":"publish","type":"product","link":"https:\/\/www.mesvendanges.com\/en\/shop\/wines\/riesling-oberhauser-brucke-spatlese-donnhoff-2015-75cl\/","title":{"rendered":"RIESLING OBERHAUSER BRUCKE SPATLESE"},"content":{"rendered":"<p>The Oberh\u00e4user Br\u00fccke is a monopoly of the D\u00f6nnhoff estate. This 1.1 hectare plot is recognized as a cru because of its unique character. It is a small vineyard located opposite the Luitpold bridge that leads to Oberh\u00e4user. The vines are perfectly protected, which allows for early flowering, a long vegetative period and therefore a late and slow ripening. The presence of the arm of the river naturally leads the grapes to botrytize and the grey schist soil covered with silty loess provides the necessary water throughout the ripening process. The subsoil is made up of ancient rocks that bring a strong minerality to the wine, as well as a lot of freshness. Thanks to this unique terroir, the estate produces great sweet wines as well as ice wines on this plot almost every year. Oberh\u00e4user Br\u00fccke Sp\u00e4tlese is on the border between semi-dry and mellow. With a great richness of fruit, it also develops spicy notes, a full-bodied, soft palate, with a superb mineral finish. Rich semi-dry Riesling 8.5% Vines 25-35 years old Manual harvest &#8211; yields 45hl\/ha Fermentation and ageing in stainless steel vats and oak barrels.<\/p>\n","protected":false},"excerpt":{"rendered":"<p>The Oberh\u00e4user Br\u00fccke is a monopoly of the D\u00f6nnhoff estate. This 1.1 hectare plot is recognized as a cru because of its unique character. It is a small vineyard located opposite the Luitpold bridge that leads to Oberh\u00e4user. The vines are perfectly protected, which allows for early flowering, a long vegetative period and therefore a [&hellip;]<\/p>\n","protected":false},"featured_media":0,"template":"","meta":[],"product_cat":[3740],"product_tag":[],"acf":[],"yoast_head":"<!-- This site is optimized with the Yoast SEO plugin v19.3 - https:\/\/yoast.com\/wordpress\/plugins\/seo\/ -->\n<title>RIESLING OBERHAUSER BRUCKE SPATLESE - Mes Vendanges<\/title>\n<meta name=\"robots\" content=\"index, follow, max-snippet:-1, max-image-preview:large, max-video-preview:-1\" \/>\n<link rel=\"canonical\" href=\"https:\/\/www.mesvendanges.com\/en\/shop\/wines\/riesling-oberhauser-brucke-spatlese-donnhoff-2015-75cl\/\" \/>\n<meta property=\"og:locale\" content=\"en_US\" \/>\n<meta property=\"og:type\" content=\"article\" \/>\n<meta property=\"og:title\" content=\"RIESLING OBERHAUSER BRUCKE SPATLESE - Mes Vendanges\" \/>\n<meta property=\"og:description\" content=\"The Oberh\u00e4user Br\u00fccke is a monopoly of the D\u00f6nnhoff estate. This 1.1 hectare plot is recognized as a cru because of its unique character. It is a small vineyard located opposite the Luitpold bridge that leads to Oberh\u00e4user. The vines are perfectly protected, which allows for early flowering, a long vegetative period and therefore a [&hellip;]\" \/>\n<meta property=\"og:url\" content=\"https:\/\/www.mesvendanges.com\/en\/shop\/wines\/riesling-oberhauser-brucke-spatlese-donnhoff-2015-75cl\/\" \/>\n<meta property=\"og:site_name\" content=\"Mes Vendanges\" \/>\n<meta property=\"article:modified_time\" content=\"2023-12-05T15:33:25+00:00\" \/>\n<meta name=\"twitter:card\" content=\"summary_large_image\" \/>\n<meta name=\"twitter:label1\" content=\"Est. reading time\" \/>\n\t<meta name=\"twitter:data1\" content=\"1 minute\" \/>\n<script type=\"application\/ld+json\" class=\"yoast-schema-graph\">{\"@context\":\"https:\/\/schema.org\",\"@graph\":[{\"@type\":\"Organization\",\"@id\":\"https:\/\/www.mesvendanges.com\/en\/#organization\",\"name\":\"Mes Vendanges\",\"url\":\"https:\/\/www.mesvendanges.com\/en\/\",\"sameAs\":[],\"logo\":{\"@type\":\"ImageObject\",\"inLanguage\":\"fr-FR\",\"@id\":\"https:\/\/www.mesvendanges.com\/en\/#\/schema\/logo\/image\/\",\"url\":\"https:\/\/www.mesvendanges.com\/wp-content\/uploads\/2022\/02\/logo-mesvendanges.jpg\",\"contentUrl\":\"https:\/\/www.mesvendanges.com\/wp-content\/uploads\/2022\/02\/logo-mesvendanges.jpg\",\"width\":851,\"height\":260,\"caption\":\"Mes Vendanges\"},\"image\":{\"@id\":\"https:\/\/www.mesvendanges.com\/en\/#\/schema\/logo\/image\/\"}},{\"@type\":\"WebSite\",\"@id\":\"https:\/\/www.mesvendanges.com\/en\/#website\",\"url\":\"https:\/\/www.mesvendanges.com\/en\/\",\"name\":\"Mes Vendanges\",\"description\":\"Des journ\u00e9es enti\u00e8res dans les vignes\",\"publisher\":{\"@id\":\"https:\/\/www.mesvendanges.com\/en\/#organization\"},\"potentialAction\":[{\"@type\":\"SearchAction\",\"target\":{\"@type\":\"EntryPoint\",\"urlTemplate\":\"https:\/\/www.mesvendanges.com\/en\/?s={search_term_string}\"},\"query-input\":\"required name=search_term_string\"}],\"inLanguage\":\"fr-FR\"},{\"@type\":\"WebPage\",\"@id\":\"https:\/\/www.mesvendanges.com\/en\/shop\/wines\/riesling-oberhauser-brucke-spatlese-donnhoff-2015-75cl\/\",\"url\":\"https:\/\/www.mesvendanges.com\/en\/shop\/wines\/riesling-oberhauser-brucke-spatlese-donnhoff-2015-75cl\/\",\"name\":\"RIESLING OBERHAUSER BRUCKE SPATLESE - Mes Vendanges\",\"isPartOf\":{\"@id\":\"https:\/\/www.mesvendanges.com\/en\/#website\"},\"datePublished\":\"2022-08-02T12:15:03+00:00\",\"dateModified\":\"2023-12-05T15:33:25+00:00\",\"breadcrumb\":{\"@id\":\"https:\/\/www.mesvendanges.com\/en\/shop\/wines\/riesling-oberhauser-brucke-spatlese-donnhoff-2015-75cl\/#breadcrumb\"},\"inLanguage\":\"fr-FR\",\"potentialAction\":[{\"@type\":\"ReadAction\",\"target\":[\"https:\/\/www.mesvendanges.com\/en\/shop\/wines\/riesling-oberhauser-brucke-spatlese-donnhoff-2015-75cl\/\"]}]},{\"@type\":\"BreadcrumbList\",\"@id\":\"https:\/\/www.mesvendanges.com\/en\/shop\/wines\/riesling-oberhauser-brucke-spatlese-donnhoff-2015-75cl\/#breadcrumb\",\"itemListElement\":[{\"@type\":\"ListItem\",\"position\":1,\"name\":\"Home\",\"item\":\"https:\/\/www.mesvendanges.com\/en\/\"},{\"@type\":\"ListItem\",\"position\":2,\"name\":\"Shop\",\"item\":\"https:\/\/www.mesvendanges.com\/en\/shop\/\"},{\"@type\":\"ListItem\",\"position\":3,\"name\":\"RIESLING OBERHAUSER BRUCKE SPATLESE\"}]}]}<\/script>\n<!-- \/ Yoast SEO plugin. -->","yoast_head_json":{"title":"RIESLING OBERHAUSER BRUCKE SPATLESE - Mes Vendanges","robots":{"index":"index","follow":"follow","max-snippet":"max-snippet:-1","max-image-preview":"max-image-preview:large","max-video-preview":"max-video-preview:-1"},"canonical":"https:\/\/www.mesvendanges.com\/en\/shop\/wines\/riesling-oberhauser-brucke-spatlese-donnhoff-2015-75cl\/","og_locale":"en_US","og_type":"article","og_title":"RIESLING OBERHAUSER BRUCKE SPATLESE - Mes Vendanges","og_description":"The Oberh\u00e4user Br\u00fccke is a monopoly of the D\u00f6nnhoff estate. This 1.1 hectare plot is recognized as a cru because of its unique character. It is a small vineyard located opposite the Luitpold bridge that leads to Oberh\u00e4user. The vines are perfectly protected, which allows for early flowering, a long vegetative period and therefore a [&hellip;]","og_url":"https:\/\/www.mesvendanges.com\/en\/shop\/wines\/riesling-oberhauser-brucke-spatlese-donnhoff-2015-75cl\/","og_site_name":"Mes Vendanges","article_modified_time":"2023-12-05T15:33:25+00:00","twitter_card":"summary_large_image","twitter_misc":{"Est. reading time":"1 minute"},"schema":{"@context":"https:\/\/schema.org","@graph":[{"@type":"Organization","@id":"https:\/\/www.mesvendanges.com\/en\/#organization","name":"Mes Vendanges","url":"https:\/\/www.mesvendanges.com\/en\/","sameAs":[],"logo":{"@type":"ImageObject","inLanguage":"fr-FR","@id":"https:\/\/www.mesvendanges.com\/en\/#\/schema\/logo\/image\/","url":"https:\/\/www.mesvendanges.com\/wp-content\/uploads\/2022\/02\/logo-mesvendanges.jpg","contentUrl":"https:\/\/www.mesvendanges.com\/wp-content\/uploads\/2022\/02\/logo-mesvendanges.jpg","width":851,"height":260,"caption":"Mes Vendanges"},"image":{"@id":"https:\/\/www.mesvendanges.com\/en\/#\/schema\/logo\/image\/"}},{"@type":"WebSite","@id":"https:\/\/www.mesvendanges.com\/en\/#website","url":"https:\/\/www.mesvendanges.com\/en\/","name":"Mes Vendanges","description":"Des journ\u00e9es enti\u00e8res dans les vignes","publisher":{"@id":"https:\/\/www.mesvendanges.com\/en\/#organization"},"potentialAction":[{"@type":"SearchAction","target":{"@type":"EntryPoint","urlTemplate":"https:\/\/www.mesvendanges.com\/en\/?s={search_term_string}"},"query-input":"required name=search_term_string"}],"inLanguage":"fr-FR"},{"@type":"WebPage","@id":"https:\/\/www.mesvendanges.com\/en\/shop\/wines\/riesling-oberhauser-brucke-spatlese-donnhoff-2015-75cl\/","url":"https:\/\/www.mesvendanges.com\/en\/shop\/wines\/riesling-oberhauser-brucke-spatlese-donnhoff-2015-75cl\/","name":"RIESLING OBERHAUSER BRUCKE SPATLESE - Mes Vendanges","isPartOf":{"@id":"https:\/\/www.mesvendanges.com\/en\/#website"},"datePublished":"2022-08-02T12:15:03+00:00","dateModified":"2023-12-05T15:33:25+00:00","breadcrumb":{"@id":"https:\/\/www.mesvendanges.com\/en\/shop\/wines\/riesling-oberhauser-brucke-spatlese-donnhoff-2015-75cl\/#breadcrumb"},"inLanguage":"fr-FR","potentialAction":[{"@type":"ReadAction","target":["https:\/\/www.mesvendanges.com\/en\/shop\/wines\/riesling-oberhauser-brucke-spatlese-donnhoff-2015-75cl\/"]}]},{"@type":"BreadcrumbList","@id":"https:\/\/www.mesvendanges.com\/en\/shop\/wines\/riesling-oberhauser-brucke-spatlese-donnhoff-2015-75cl\/#breadcrumb","itemListElement":[{"@type":"ListItem","position":1,"name":"Home","item":"https:\/\/www.mesvendanges.com\/en\/"},{"@type":"ListItem","position":2,"name":"Shop","item":"https:\/\/www.mesvendanges.com\/en\/shop\/"},{"@type":"ListItem","position":3,"name":"RIESLING OBERHAUSER BRUCKE SPATLESE"}]}]}},"_links":{"self":[{"href":"https:\/\/www.mesvendanges.com\/en\/wp-json\/wp\/v2\/product\/39284"}],"collection":[{"href":"https:\/\/www.mesvendanges.com\/en\/wp-json\/wp\/v2\/product"}],"about":[{"href":"https:\/\/www.mesvendanges.com\/en\/wp-json\/wp\/v2\/types\/product"}],"wp:attachment":[{"href":"https:\/\/www.mesvendanges.com\/en\/wp-json\/wp\/v2\/media?parent=39284"}],"wp:term":[{"taxonomy":"product_cat","embeddable":true,"href":"https:\/\/www.mesvendanges.com\/en\/wp-json\/wp\/v2\/product_cat?post=39284"},{"taxonomy":"product_tag","embeddable":true,"href":"https:\/\/www.mesvendanges.com\/en\/wp-json\/wp\/v2\/product_tag?post=39284"}],"curies":[{"name":"wp","href":"https:\/\/api.w.org\/{rel}","templated":true}]}}