{"id":39652,"date":"2022-08-02T14:23:53","date_gmt":"2022-08-02T12:23:53","guid":{"rendered":"https:\/\/www.mesvendanges.com\/shop\/uncategorized\/berncasteler-doctor-riesling-kabinett-2\/"},"modified":"2025-12-02T14:34:37","modified_gmt":"2025-12-02T13:34:37","slug":"berncasteler-doctor-riesling-kabinett-thanisch-erben-wve-dr-2015-75cl","status":"publish","type":"product","link":"https:\/\/www.mesvendanges.com\/en\/shop\/wines\/berncasteler-doctor-riesling-kabinett-thanisch-erben-wve-dr-2015-75cl\/","title":{"rendered":"BERNCASTELER DOCTOR RIESLING KABINETT"},"content":{"rendered":"<p>Attention, avis de grand terroir ! Voici le Montrachet de la Moselle. Ce coteau expos\u00e9 sud-sud-ouest, avec une d\u00e9clivit\u00e9, est un joyau du vignoble allemand. Reconnu depuis plusieurs si\u00e8cles comme donnant des vins uniques, il produit des vins qui combinent tout \u00e0 la fois de grands parfums, un fruit\u00e9 intense, et une finesse a\u00e9rienne incroyable. Depuis 1895, le domaine Thanisch y produit ses plus grands vins, que ce soit en Kabinett, Sp\u00e4tlese, Auslese ou quand les ann\u00e9es le permettent en beerenauslese et trockenbeerenauslese. Mais depuis quelques ann\u00e9es, c&#8217;est aussi en sec que l&#8217;on peut rencontrer ce grand terroir comme sur ce mill\u00e9sime 2014 !<\/p>\n","protected":false},"excerpt":{"rendered":"<p>Attention, avis de grand terroir ! Voici le Montrachet de la Moselle. Ce coteau expos\u00e9 sud-sud-ouest, avec une d\u00e9clivit\u00e9, est un joyau du vignoble allemand. Reconnu depuis plusieurs si\u00e8cles comme donnant des vins uniques, il produit des vins qui combinent tout \u00e0 la fois de grands parfums, un fruit\u00e9 intense, et une finesse a\u00e9rienne incroyable. [&hellip;]<\/p>\n","protected":false},"featured_media":49869,"template":"","meta":[],"product_cat":[3740],"product_tag":[],"acf":[],"yoast_head":"<!-- This site is optimized with the Yoast SEO plugin v19.3 - https:\/\/yoast.com\/wordpress\/plugins\/seo\/ -->\n<title>BERNCASTELER DOCTOR RIESLING KABINETT - Mes Vendanges<\/title>\n<meta name=\"robots\" content=\"index, follow, max-snippet:-1, max-image-preview:large, max-video-preview:-1\" \/>\n<link rel=\"canonical\" href=\"https:\/\/www.mesvendanges.com\/en\/shop\/wines\/berncasteler-doctor-riesling-kabinett-thanisch-erben-wve-dr-2015-75cl\/\" \/>\n<meta property=\"og:locale\" content=\"en_US\" \/>\n<meta property=\"og:type\" content=\"article\" \/>\n<meta property=\"og:title\" content=\"BERNCASTELER DOCTOR RIESLING KABINETT - Mes Vendanges\" \/>\n<meta property=\"og:description\" content=\"Attention, avis de grand terroir ! Voici le Montrachet de la Moselle. Ce coteau expos\u00e9 sud-sud-ouest, avec une d\u00e9clivit\u00e9, est un joyau du vignoble allemand. Reconnu depuis plusieurs si\u00e8cles comme donnant des vins uniques, il produit des vins qui combinent tout \u00e0 la fois de grands parfums, un fruit\u00e9 intense, et une finesse a\u00e9rienne incroyable. [&hellip;]\" \/>\n<meta property=\"og:url\" content=\"https:\/\/www.mesvendanges.com\/en\/shop\/wines\/berncasteler-doctor-riesling-kabinett-thanisch-erben-wve-dr-2015-75cl\/\" \/>\n<meta property=\"og:site_name\" content=\"Mes Vendanges\" \/>\n<meta property=\"article:modified_time\" content=\"2025-12-02T13:34:37+00:00\" \/>\n<meta property=\"og:image\" content=\"https:\/\/www.mesvendanges.com\/wp-content\/uploads\/2022\/08\/thanisch-erben-wve-dr-berncasteler-doctor-riesling-kabinett-mosel-saar-ruwer-2015-75cl-demi-sec-png.png\" \/>\n\t<meta property=\"og:image:width\" content=\"338\" \/>\n\t<meta property=\"og:image:height\" content=\"1500\" \/>\n\t<meta property=\"og:image:type\" content=\"image\/png\" \/>\n<meta name=\"twitter:card\" content=\"summary_large_image\" \/>\n<meta name=\"twitter:label1\" content=\"Est. reading time\" \/>\n\t<meta name=\"twitter:data1\" content=\"1 minute\" \/>\n<script type=\"application\/ld+json\" class=\"yoast-schema-graph\">{\"@context\":\"https:\/\/schema.org\",\"@graph\":[{\"@type\":\"Organization\",\"@id\":\"https:\/\/www.mesvendanges.com\/en\/#organization\",\"name\":\"Mes Vendanges\",\"url\":\"https:\/\/www.mesvendanges.com\/en\/\",\"sameAs\":[],\"logo\":{\"@type\":\"ImageObject\",\"inLanguage\":\"fr-FR\",\"@id\":\"https:\/\/www.mesvendanges.com\/en\/#\/schema\/logo\/image\/\",\"url\":\"https:\/\/www.mesvendanges.com\/wp-content\/uploads\/2022\/02\/logo-mesvendanges.jpg\",\"contentUrl\":\"https:\/\/www.mesvendanges.com\/wp-content\/uploads\/2022\/02\/logo-mesvendanges.jpg\",\"width\":851,\"height\":260,\"caption\":\"Mes Vendanges\"},\"image\":{\"@id\":\"https:\/\/www.mesvendanges.com\/en\/#\/schema\/logo\/image\/\"}},{\"@type\":\"WebSite\",\"@id\":\"https:\/\/www.mesvendanges.com\/en\/#website\",\"url\":\"https:\/\/www.mesvendanges.com\/en\/\",\"name\":\"Mes Vendanges\",\"description\":\"Des journ\u00e9es enti\u00e8res dans les vignes\",\"publisher\":{\"@id\":\"https:\/\/www.mesvendanges.com\/en\/#organization\"},\"potentialAction\":[{\"@type\":\"SearchAction\",\"target\":{\"@type\":\"EntryPoint\",\"urlTemplate\":\"https:\/\/www.mesvendanges.com\/en\/?s={search_term_string}\"},\"query-input\":\"required name=search_term_string\"}],\"inLanguage\":\"fr-FR\"},{\"@type\":\"ImageObject\",\"inLanguage\":\"fr-FR\",\"@id\":\"https:\/\/www.mesvendanges.com\/en\/shop\/wines\/berncasteler-doctor-riesling-kabinett-thanisch-erben-wve-dr-2015-75cl\/#primaryimage\",\"url\":\"https:\/\/www.mesvendanges.com\/wp-content\/uploads\/2022\/08\/thanisch-erben-wve-dr-berncasteler-doctor-riesling-kabinett-mosel-saar-ruwer-2015-75cl-demi-sec-png.png\",\"contentUrl\":\"https:\/\/www.mesvendanges.com\/wp-content\/uploads\/2022\/08\/thanisch-erben-wve-dr-berncasteler-doctor-riesling-kabinett-mosel-saar-ruwer-2015-75cl-demi-sec-png.png\",\"width\":338,\"height\":1500},{\"@type\":\"WebPage\",\"@id\":\"https:\/\/www.mesvendanges.com\/en\/shop\/wines\/berncasteler-doctor-riesling-kabinett-thanisch-erben-wve-dr-2015-75cl\/\",\"url\":\"https:\/\/www.mesvendanges.com\/en\/shop\/wines\/berncasteler-doctor-riesling-kabinett-thanisch-erben-wve-dr-2015-75cl\/\",\"name\":\"BERNCASTELER DOCTOR RIESLING KABINETT - Mes Vendanges\",\"isPartOf\":{\"@id\":\"https:\/\/www.mesvendanges.com\/en\/#website\"},\"primaryImageOfPage\":{\"@id\":\"https:\/\/www.mesvendanges.com\/en\/shop\/wines\/berncasteler-doctor-riesling-kabinett-thanisch-erben-wve-dr-2015-75cl\/#primaryimage\"},\"datePublished\":\"2022-08-02T12:23:53+00:00\",\"dateModified\":\"2025-12-02T13:34:37+00:00\",\"breadcrumb\":{\"@id\":\"https:\/\/www.mesvendanges.com\/en\/shop\/wines\/berncasteler-doctor-riesling-kabinett-thanisch-erben-wve-dr-2015-75cl\/#breadcrumb\"},\"inLanguage\":\"fr-FR\",\"potentialAction\":[{\"@type\":\"ReadAction\",\"target\":[\"https:\/\/www.mesvendanges.com\/en\/shop\/wines\/berncasteler-doctor-riesling-kabinett-thanisch-erben-wve-dr-2015-75cl\/\"]}]},{\"@type\":\"BreadcrumbList\",\"@id\":\"https:\/\/www.mesvendanges.com\/en\/shop\/wines\/berncasteler-doctor-riesling-kabinett-thanisch-erben-wve-dr-2015-75cl\/#breadcrumb\",\"itemListElement\":[{\"@type\":\"ListItem\",\"position\":1,\"name\":\"Home\",\"item\":\"https:\/\/www.mesvendanges.com\/en\/\"},{\"@type\":\"ListItem\",\"position\":2,\"name\":\"Shop\",\"item\":\"https:\/\/www.mesvendanges.com\/en\/shop\/\"},{\"@type\":\"ListItem\",\"position\":3,\"name\":\"BERNCASTELER DOCTOR RIESLING KABINETT\"}]}]}<\/script>\n<!-- \/ Yoast SEO plugin. -->","yoast_head_json":{"title":"BERNCASTELER DOCTOR RIESLING KABINETT - Mes Vendanges","robots":{"index":"index","follow":"follow","max-snippet":"max-snippet:-1","max-image-preview":"max-image-preview:large","max-video-preview":"max-video-preview:-1"},"canonical":"https:\/\/www.mesvendanges.com\/en\/shop\/wines\/berncasteler-doctor-riesling-kabinett-thanisch-erben-wve-dr-2015-75cl\/","og_locale":"en_US","og_type":"article","og_title":"BERNCASTELER DOCTOR RIESLING KABINETT - Mes Vendanges","og_description":"Attention, avis de grand terroir ! Voici le Montrachet de la Moselle. Ce coteau expos\u00e9 sud-sud-ouest, avec une d\u00e9clivit\u00e9, est un joyau du vignoble allemand. Reconnu depuis plusieurs si\u00e8cles comme donnant des vins uniques, il produit des vins qui combinent tout \u00e0 la fois de grands parfums, un fruit\u00e9 intense, et une finesse a\u00e9rienne incroyable. [&hellip;]","og_url":"https:\/\/www.mesvendanges.com\/en\/shop\/wines\/berncasteler-doctor-riesling-kabinett-thanisch-erben-wve-dr-2015-75cl\/","og_site_name":"Mes Vendanges","article_modified_time":"2025-12-02T13:34:37+00:00","og_image":[{"width":338,"height":1500,"url":"https:\/\/www.mesvendanges.com\/wp-content\/uploads\/2022\/08\/thanisch-erben-wve-dr-berncasteler-doctor-riesling-kabinett-mosel-saar-ruwer-2015-75cl-demi-sec-png.png","type":"image\/png"}],"twitter_card":"summary_large_image","twitter_misc":{"Est. reading time":"1 minute"},"schema":{"@context":"https:\/\/schema.org","@graph":[{"@type":"Organization","@id":"https:\/\/www.mesvendanges.com\/en\/#organization","name":"Mes Vendanges","url":"https:\/\/www.mesvendanges.com\/en\/","sameAs":[],"logo":{"@type":"ImageObject","inLanguage":"fr-FR","@id":"https:\/\/www.mesvendanges.com\/en\/#\/schema\/logo\/image\/","url":"https:\/\/www.mesvendanges.com\/wp-content\/uploads\/2022\/02\/logo-mesvendanges.jpg","contentUrl":"https:\/\/www.mesvendanges.com\/wp-content\/uploads\/2022\/02\/logo-mesvendanges.jpg","width":851,"height":260,"caption":"Mes Vendanges"},"image":{"@id":"https:\/\/www.mesvendanges.com\/en\/#\/schema\/logo\/image\/"}},{"@type":"WebSite","@id":"https:\/\/www.mesvendanges.com\/en\/#website","url":"https:\/\/www.mesvendanges.com\/en\/","name":"Mes Vendanges","description":"Des journ\u00e9es enti\u00e8res dans les vignes","publisher":{"@id":"https:\/\/www.mesvendanges.com\/en\/#organization"},"potentialAction":[{"@type":"SearchAction","target":{"@type":"EntryPoint","urlTemplate":"https:\/\/www.mesvendanges.com\/en\/?s={search_term_string}"},"query-input":"required name=search_term_string"}],"inLanguage":"fr-FR"},{"@type":"ImageObject","inLanguage":"fr-FR","@id":"https:\/\/www.mesvendanges.com\/en\/shop\/wines\/berncasteler-doctor-riesling-kabinett-thanisch-erben-wve-dr-2015-75cl\/#primaryimage","url":"https:\/\/www.mesvendanges.com\/wp-content\/uploads\/2022\/08\/thanisch-erben-wve-dr-berncasteler-doctor-riesling-kabinett-mosel-saar-ruwer-2015-75cl-demi-sec-png.png","contentUrl":"https:\/\/www.mesvendanges.com\/wp-content\/uploads\/2022\/08\/thanisch-erben-wve-dr-berncasteler-doctor-riesling-kabinett-mosel-saar-ruwer-2015-75cl-demi-sec-png.png","width":338,"height":1500},{"@type":"WebPage","@id":"https:\/\/www.mesvendanges.com\/en\/shop\/wines\/berncasteler-doctor-riesling-kabinett-thanisch-erben-wve-dr-2015-75cl\/","url":"https:\/\/www.mesvendanges.com\/en\/shop\/wines\/berncasteler-doctor-riesling-kabinett-thanisch-erben-wve-dr-2015-75cl\/","name":"BERNCASTELER DOCTOR RIESLING KABINETT - Mes Vendanges","isPartOf":{"@id":"https:\/\/www.mesvendanges.com\/en\/#website"},"primaryImageOfPage":{"@id":"https:\/\/www.mesvendanges.com\/en\/shop\/wines\/berncasteler-doctor-riesling-kabinett-thanisch-erben-wve-dr-2015-75cl\/#primaryimage"},"datePublished":"2022-08-02T12:23:53+00:00","dateModified":"2025-12-02T13:34:37+00:00","breadcrumb":{"@id":"https:\/\/www.mesvendanges.com\/en\/shop\/wines\/berncasteler-doctor-riesling-kabinett-thanisch-erben-wve-dr-2015-75cl\/#breadcrumb"},"inLanguage":"fr-FR","potentialAction":[{"@type":"ReadAction","target":["https:\/\/www.mesvendanges.com\/en\/shop\/wines\/berncasteler-doctor-riesling-kabinett-thanisch-erben-wve-dr-2015-75cl\/"]}]},{"@type":"BreadcrumbList","@id":"https:\/\/www.mesvendanges.com\/en\/shop\/wines\/berncasteler-doctor-riesling-kabinett-thanisch-erben-wve-dr-2015-75cl\/#breadcrumb","itemListElement":[{"@type":"ListItem","position":1,"name":"Home","item":"https:\/\/www.mesvendanges.com\/en\/"},{"@type":"ListItem","position":2,"name":"Shop","item":"https:\/\/www.mesvendanges.com\/en\/shop\/"},{"@type":"ListItem","position":3,"name":"BERNCASTELER DOCTOR RIESLING KABINETT"}]}]}},"_links":{"self":[{"href":"https:\/\/www.mesvendanges.com\/en\/wp-json\/wp\/v2\/product\/39652"}],"collection":[{"href":"https:\/\/www.mesvendanges.com\/en\/wp-json\/wp\/v2\/product"}],"about":[{"href":"https:\/\/www.mesvendanges.com\/en\/wp-json\/wp\/v2\/types\/product"}],"wp:featuredmedia":[{"embeddable":true,"href":"https:\/\/www.mesvendanges.com\/en\/wp-json\/wp\/v2\/media\/49869"}],"wp:attachment":[{"href":"https:\/\/www.mesvendanges.com\/en\/wp-json\/wp\/v2\/media?parent=39652"}],"wp:term":[{"taxonomy":"product_cat","embeddable":true,"href":"https:\/\/www.mesvendanges.com\/en\/wp-json\/wp\/v2\/product_cat?post=39652"},{"taxonomy":"product_tag","embeddable":true,"href":"https:\/\/www.mesvendanges.com\/en\/wp-json\/wp\/v2\/product_tag?post=39652"}],"curies":[{"name":"wp","href":"https:\/\/api.w.org\/{rel}","templated":true}]}}