{"id":39870,"date":"2022-08-02T14:29:28","date_gmt":"2022-08-02T12:29:28","guid":{"rendered":"https:\/\/www.mesvendanges.com\/shop\/uncategorized\/cotes-dauxerre-pinot-noir-4\/"},"modified":"2023-12-05T19:32:57","modified_gmt":"2023-12-05T18:32:57","slug":"cotes-dauxerre-pinot-noir-goisot-dne-g-et-j-h-2015-75cl","status":"publish","type":"product","link":"https:\/\/www.mesvendanges.com\/en\/shop\/wines\/cotes-dauxerre-pinot-noir-goisot-dne-g-et-j-h-2015-75cl\/","title":{"rendered":"COTES D&#8217;AUXERRE PINOT NOIR"},"content":{"rendered":"<p>Voici un d\u00e9licieux bourgogne rouge, toute en douceur, en friandise. Des petits fruits, une bouche avenante et acidul\u00e9e en feront le compagnon id\u00e9al d&#8217;un poulet roti, d&#8217;une canette fermi\u00e8re. <\/p>\n<p>Superficie : 3ha <br \/>Age moyen des vignes : 20-25 ans <br \/>Sol : kimm\u00e9ridgien moyen et sup\u00e9rieur <br \/>Egrappage en partie suivant le mill\u00e9sime. Mac\u00e9ration traditionnelle en cuve bois tronconique et pigeages de la vendange tr\u00e8s doux afin de pr\u00e9server la finesse du pinot noir sur 10 jours environ. Fermentation malolactique et \u00e9levage sur lies fines en barriques de ch\u00eane.<\/p>\n<p>Toutes les vignes du domaine sont conduites en agriculture biodynamique?<\/p>\n","protected":false},"excerpt":{"rendered":"<p>Voici un d\u00e9licieux bourgogne rouge, toute en douceur, en friandise. Des petits fruits, une bouche avenante et acidul\u00e9e en feront le compagnon id\u00e9al d&#8217;un poulet roti, d&#8217;une canette fermi\u00e8re. Superficie : 3ha Age moyen des vignes : 20-25 ans Sol : kimm\u00e9ridgien moyen et sup\u00e9rieur Egrappage en partie suivant le mill\u00e9sime. Mac\u00e9ration traditionnelle en cuve [&hellip;]<\/p>\n","protected":false},"featured_media":0,"template":"","meta":[],"product_cat":[3740],"product_tag":[],"acf":[],"yoast_head":"<!-- This site is optimized with the Yoast SEO plugin v19.3 - https:\/\/yoast.com\/wordpress\/plugins\/seo\/ -->\n<title>COTES D&#039;AUXERRE PINOT NOIR - Mes Vendanges<\/title>\n<meta name=\"robots\" content=\"index, follow, max-snippet:-1, max-image-preview:large, max-video-preview:-1\" \/>\n<link rel=\"canonical\" href=\"https:\/\/www.mesvendanges.com\/en\/shop\/wines\/cotes-dauxerre-pinot-noir-goisot-dne-g-et-j-h-2015-75cl\/\" \/>\n<meta property=\"og:locale\" content=\"en_US\" \/>\n<meta property=\"og:type\" content=\"article\" \/>\n<meta property=\"og:title\" content=\"COTES D&#039;AUXERRE PINOT NOIR - Mes Vendanges\" \/>\n<meta property=\"og:description\" content=\"Voici un d\u00e9licieux bourgogne rouge, toute en douceur, en friandise. Des petits fruits, une bouche avenante et acidul\u00e9e en feront le compagnon id\u00e9al d&#8217;un poulet roti, d&#8217;une canette fermi\u00e8re. Superficie : 3ha Age moyen des vignes : 20-25 ans Sol : kimm\u00e9ridgien moyen et sup\u00e9rieur Egrappage en partie suivant le mill\u00e9sime. Mac\u00e9ration traditionnelle en cuve [&hellip;]\" \/>\n<meta property=\"og:url\" content=\"https:\/\/www.mesvendanges.com\/en\/shop\/wines\/cotes-dauxerre-pinot-noir-goisot-dne-g-et-j-h-2015-75cl\/\" \/>\n<meta property=\"og:site_name\" content=\"Mes Vendanges\" \/>\n<meta property=\"article:modified_time\" content=\"2023-12-05T18:32:57+00:00\" \/>\n<meta name=\"twitter:card\" content=\"summary_large_image\" \/>\n<meta name=\"twitter:label1\" content=\"Est. reading time\" \/>\n\t<meta name=\"twitter:data1\" content=\"1 minute\" \/>\n<script type=\"application\/ld+json\" class=\"yoast-schema-graph\">{\"@context\":\"https:\/\/schema.org\",\"@graph\":[{\"@type\":\"Organization\",\"@id\":\"https:\/\/www.mesvendanges.com\/en\/#organization\",\"name\":\"Mes Vendanges\",\"url\":\"https:\/\/www.mesvendanges.com\/en\/\",\"sameAs\":[],\"logo\":{\"@type\":\"ImageObject\",\"inLanguage\":\"fr-FR\",\"@id\":\"https:\/\/www.mesvendanges.com\/en\/#\/schema\/logo\/image\/\",\"url\":\"https:\/\/www.mesvendanges.com\/wp-content\/uploads\/2022\/02\/logo-mesvendanges.jpg\",\"contentUrl\":\"https:\/\/www.mesvendanges.com\/wp-content\/uploads\/2022\/02\/logo-mesvendanges.jpg\",\"width\":851,\"height\":260,\"caption\":\"Mes Vendanges\"},\"image\":{\"@id\":\"https:\/\/www.mesvendanges.com\/en\/#\/schema\/logo\/image\/\"}},{\"@type\":\"WebSite\",\"@id\":\"https:\/\/www.mesvendanges.com\/en\/#website\",\"url\":\"https:\/\/www.mesvendanges.com\/en\/\",\"name\":\"Mes Vendanges\",\"description\":\"Des journ\u00e9es enti\u00e8res dans les vignes\",\"publisher\":{\"@id\":\"https:\/\/www.mesvendanges.com\/en\/#organization\"},\"potentialAction\":[{\"@type\":\"SearchAction\",\"target\":{\"@type\":\"EntryPoint\",\"urlTemplate\":\"https:\/\/www.mesvendanges.com\/en\/?s={search_term_string}\"},\"query-input\":\"required name=search_term_string\"}],\"inLanguage\":\"fr-FR\"},{\"@type\":\"WebPage\",\"@id\":\"https:\/\/www.mesvendanges.com\/en\/shop\/wines\/cotes-dauxerre-pinot-noir-goisot-dne-g-et-j-h-2015-75cl\/\",\"url\":\"https:\/\/www.mesvendanges.com\/en\/shop\/wines\/cotes-dauxerre-pinot-noir-goisot-dne-g-et-j-h-2015-75cl\/\",\"name\":\"COTES D'AUXERRE PINOT NOIR - Mes Vendanges\",\"isPartOf\":{\"@id\":\"https:\/\/www.mesvendanges.com\/en\/#website\"},\"datePublished\":\"2022-08-02T12:29:28+00:00\",\"dateModified\":\"2023-12-05T18:32:57+00:00\",\"breadcrumb\":{\"@id\":\"https:\/\/www.mesvendanges.com\/en\/shop\/wines\/cotes-dauxerre-pinot-noir-goisot-dne-g-et-j-h-2015-75cl\/#breadcrumb\"},\"inLanguage\":\"fr-FR\",\"potentialAction\":[{\"@type\":\"ReadAction\",\"target\":[\"https:\/\/www.mesvendanges.com\/en\/shop\/wines\/cotes-dauxerre-pinot-noir-goisot-dne-g-et-j-h-2015-75cl\/\"]}]},{\"@type\":\"BreadcrumbList\",\"@id\":\"https:\/\/www.mesvendanges.com\/en\/shop\/wines\/cotes-dauxerre-pinot-noir-goisot-dne-g-et-j-h-2015-75cl\/#breadcrumb\",\"itemListElement\":[{\"@type\":\"ListItem\",\"position\":1,\"name\":\"Home\",\"item\":\"https:\/\/www.mesvendanges.com\/en\/\"},{\"@type\":\"ListItem\",\"position\":2,\"name\":\"Shop\",\"item\":\"https:\/\/www.mesvendanges.com\/en\/shop\/\"},{\"@type\":\"ListItem\",\"position\":3,\"name\":\"COTES D&#8217;AUXERRE PINOT NOIR\"}]}]}<\/script>\n<!-- \/ Yoast SEO plugin. -->","yoast_head_json":{"title":"COTES D'AUXERRE PINOT NOIR - Mes Vendanges","robots":{"index":"index","follow":"follow","max-snippet":"max-snippet:-1","max-image-preview":"max-image-preview:large","max-video-preview":"max-video-preview:-1"},"canonical":"https:\/\/www.mesvendanges.com\/en\/shop\/wines\/cotes-dauxerre-pinot-noir-goisot-dne-g-et-j-h-2015-75cl\/","og_locale":"en_US","og_type":"article","og_title":"COTES D'AUXERRE PINOT NOIR - Mes Vendanges","og_description":"Voici un d\u00e9licieux bourgogne rouge, toute en douceur, en friandise. Des petits fruits, une bouche avenante et acidul\u00e9e en feront le compagnon id\u00e9al d&#8217;un poulet roti, d&#8217;une canette fermi\u00e8re. Superficie : 3ha Age moyen des vignes : 20-25 ans Sol : kimm\u00e9ridgien moyen et sup\u00e9rieur Egrappage en partie suivant le mill\u00e9sime. Mac\u00e9ration traditionnelle en cuve [&hellip;]","og_url":"https:\/\/www.mesvendanges.com\/en\/shop\/wines\/cotes-dauxerre-pinot-noir-goisot-dne-g-et-j-h-2015-75cl\/","og_site_name":"Mes Vendanges","article_modified_time":"2023-12-05T18:32:57+00:00","twitter_card":"summary_large_image","twitter_misc":{"Est. reading time":"1 minute"},"schema":{"@context":"https:\/\/schema.org","@graph":[{"@type":"Organization","@id":"https:\/\/www.mesvendanges.com\/en\/#organization","name":"Mes Vendanges","url":"https:\/\/www.mesvendanges.com\/en\/","sameAs":[],"logo":{"@type":"ImageObject","inLanguage":"fr-FR","@id":"https:\/\/www.mesvendanges.com\/en\/#\/schema\/logo\/image\/","url":"https:\/\/www.mesvendanges.com\/wp-content\/uploads\/2022\/02\/logo-mesvendanges.jpg","contentUrl":"https:\/\/www.mesvendanges.com\/wp-content\/uploads\/2022\/02\/logo-mesvendanges.jpg","width":851,"height":260,"caption":"Mes Vendanges"},"image":{"@id":"https:\/\/www.mesvendanges.com\/en\/#\/schema\/logo\/image\/"}},{"@type":"WebSite","@id":"https:\/\/www.mesvendanges.com\/en\/#website","url":"https:\/\/www.mesvendanges.com\/en\/","name":"Mes Vendanges","description":"Des journ\u00e9es enti\u00e8res dans les vignes","publisher":{"@id":"https:\/\/www.mesvendanges.com\/en\/#organization"},"potentialAction":[{"@type":"SearchAction","target":{"@type":"EntryPoint","urlTemplate":"https:\/\/www.mesvendanges.com\/en\/?s={search_term_string}"},"query-input":"required name=search_term_string"}],"inLanguage":"fr-FR"},{"@type":"WebPage","@id":"https:\/\/www.mesvendanges.com\/en\/shop\/wines\/cotes-dauxerre-pinot-noir-goisot-dne-g-et-j-h-2015-75cl\/","url":"https:\/\/www.mesvendanges.com\/en\/shop\/wines\/cotes-dauxerre-pinot-noir-goisot-dne-g-et-j-h-2015-75cl\/","name":"COTES D'AUXERRE PINOT NOIR - Mes Vendanges","isPartOf":{"@id":"https:\/\/www.mesvendanges.com\/en\/#website"},"datePublished":"2022-08-02T12:29:28+00:00","dateModified":"2023-12-05T18:32:57+00:00","breadcrumb":{"@id":"https:\/\/www.mesvendanges.com\/en\/shop\/wines\/cotes-dauxerre-pinot-noir-goisot-dne-g-et-j-h-2015-75cl\/#breadcrumb"},"inLanguage":"fr-FR","potentialAction":[{"@type":"ReadAction","target":["https:\/\/www.mesvendanges.com\/en\/shop\/wines\/cotes-dauxerre-pinot-noir-goisot-dne-g-et-j-h-2015-75cl\/"]}]},{"@type":"BreadcrumbList","@id":"https:\/\/www.mesvendanges.com\/en\/shop\/wines\/cotes-dauxerre-pinot-noir-goisot-dne-g-et-j-h-2015-75cl\/#breadcrumb","itemListElement":[{"@type":"ListItem","position":1,"name":"Home","item":"https:\/\/www.mesvendanges.com\/en\/"},{"@type":"ListItem","position":2,"name":"Shop","item":"https:\/\/www.mesvendanges.com\/en\/shop\/"},{"@type":"ListItem","position":3,"name":"COTES D&#8217;AUXERRE PINOT NOIR"}]}]}},"_links":{"self":[{"href":"https:\/\/www.mesvendanges.com\/en\/wp-json\/wp\/v2\/product\/39870"}],"collection":[{"href":"https:\/\/www.mesvendanges.com\/en\/wp-json\/wp\/v2\/product"}],"about":[{"href":"https:\/\/www.mesvendanges.com\/en\/wp-json\/wp\/v2\/types\/product"}],"wp:attachment":[{"href":"https:\/\/www.mesvendanges.com\/en\/wp-json\/wp\/v2\/media?parent=39870"}],"wp:term":[{"taxonomy":"product_cat","embeddable":true,"href":"https:\/\/www.mesvendanges.com\/en\/wp-json\/wp\/v2\/product_cat?post=39870"},{"taxonomy":"product_tag","embeddable":true,"href":"https:\/\/www.mesvendanges.com\/en\/wp-json\/wp\/v2\/product_tag?post=39870"}],"curies":[{"name":"wp","href":"https:\/\/api.w.org\/{rel}","templated":true}]}}