{"id":40034,"date":"2022-08-02T14:33:35","date_gmt":"2022-08-02T12:33:35","guid":{"rendered":"https:\/\/www.mesvendanges.com\/shop\/uncategorized\/riesling-uhlen-roth-lay-auslese-goldkapsel-5\/"},"modified":"2025-07-09T10:53:19","modified_gmt":"2025-07-09T08:53:19","slug":"riesling-uhlen-roth-lay-auslese-goldkapsel-heymann-loewenstein-2010-75cl","status":"publish","type":"product","link":"https:\/\/www.mesvendanges.com\/en\/shop\/wines\/riesling-uhlen-roth-lay-auslese-goldkapsel-heymann-loewenstein-2010-75cl\/","title":{"rendered":"RIESLING UHLEN ROTH LAY AUSLESE GOLDKAPSEL"},"content":{"rendered":"<p>Un navire charg\u00e9 d&#8217;or naviguant au travers de mers myst\u00e9rieuses dans son voyage vers Atlantis voici la tonalit\u00e9 du vin comme la ressent Reinhard Loewenstein! Il s&#8217;agit ici d&#8217;un Auslese Goldkapsel donc d&#8217;un moelleux issu d&#8217;une superbe trie. Des trois Uhlen, le Roth Lay est sans doute le plus baroque et large. On retrouve le Ulhlen par la construction droite du vin, le terroir du Roth Lay apportant la pl\u00e9nitude fourmillante. Le Roth Lay est issu de vieilles vignes de riesling (50 ans). Terroir de 2.2 hectares expos\u00e9 plein sud. Au domaine Heymann-Loewenstein les fermentations se font sur levures indig\u00e8nes et l&#8217;\u00e9levage a lieu en cuves inox puis en foudres.<\/p>\n","protected":false},"excerpt":{"rendered":"<p>Un navire charg\u00e9 d&#8217;or naviguant au travers de mers myst\u00e9rieuses dans son voyage vers Atlantis voici la tonalit\u00e9 du vin comme la ressent Reinhard Loewenstein! Il s&#8217;agit ici d&#8217;un Auslese Goldkapsel donc d&#8217;un moelleux issu d&#8217;une superbe trie. Des trois Uhlen, le Roth Lay est sans doute le plus baroque et large. On retrouve le [&hellip;]<\/p>\n","protected":false},"featured_media":87249,"template":"","meta":[],"product_cat":[3740],"product_tag":[],"acf":[],"yoast_head":"<!-- This site is optimized with the Yoast SEO plugin v19.3 - https:\/\/yoast.com\/wordpress\/plugins\/seo\/ -->\n<title>RIESLING UHLEN ROTH LAY AUSLESE GOLDKAPSEL - Mes Vendanges<\/title>\n<meta name=\"robots\" content=\"index, follow, max-snippet:-1, max-image-preview:large, max-video-preview:-1\" \/>\n<link rel=\"canonical\" href=\"https:\/\/www.mesvendanges.com\/en\/shop\/wines\/riesling-uhlen-roth-lay-auslese-goldkapsel-heymann-loewenstein-2010-75cl\/\" \/>\n<meta property=\"og:locale\" content=\"en_US\" \/>\n<meta property=\"og:type\" content=\"article\" \/>\n<meta property=\"og:title\" content=\"RIESLING UHLEN ROTH LAY AUSLESE GOLDKAPSEL - Mes Vendanges\" \/>\n<meta property=\"og:description\" content=\"Un navire charg\u00e9 d&#8217;or naviguant au travers de mers myst\u00e9rieuses dans son voyage vers Atlantis voici la tonalit\u00e9 du vin comme la ressent Reinhard Loewenstein! Il s&#8217;agit ici d&#8217;un Auslese Goldkapsel donc d&#8217;un moelleux issu d&#8217;une superbe trie. Des trois Uhlen, le Roth Lay est sans doute le plus baroque et large. On retrouve le [&hellip;]\" \/>\n<meta property=\"og:url\" content=\"https:\/\/www.mesvendanges.com\/en\/shop\/wines\/riesling-uhlen-roth-lay-auslese-goldkapsel-heymann-loewenstein-2010-75cl\/\" \/>\n<meta property=\"og:site_name\" content=\"Mes Vendanges\" \/>\n<meta property=\"article:modified_time\" content=\"2025-07-09T08:53:19+00:00\" \/>\n<meta property=\"og:image\" content=\"https:\/\/www.mesvendanges.com\/wp-content\/uploads\/2025\/05\/heymann-lowenstein-riesling-roth-lay-auslese-glodkapsel-2010-png.png\" \/>\n\t<meta property=\"og:image:width\" content=\"408\" \/>\n\t<meta property=\"og:image:height\" content=\"1500\" \/>\n\t<meta property=\"og:image:type\" content=\"image\/png\" \/>\n<meta name=\"twitter:card\" content=\"summary_large_image\" \/>\n<meta name=\"twitter:label1\" content=\"Est. reading time\" \/>\n\t<meta name=\"twitter:data1\" content=\"1 minute\" \/>\n<script type=\"application\/ld+json\" class=\"yoast-schema-graph\">{\"@context\":\"https:\/\/schema.org\",\"@graph\":[{\"@type\":\"Organization\",\"@id\":\"https:\/\/www.mesvendanges.com\/en\/#organization\",\"name\":\"Mes Vendanges\",\"url\":\"https:\/\/www.mesvendanges.com\/en\/\",\"sameAs\":[],\"logo\":{\"@type\":\"ImageObject\",\"inLanguage\":\"fr-FR\",\"@id\":\"https:\/\/www.mesvendanges.com\/en\/#\/schema\/logo\/image\/\",\"url\":\"https:\/\/www.mesvendanges.com\/wp-content\/uploads\/2022\/02\/logo-mesvendanges.jpg\",\"contentUrl\":\"https:\/\/www.mesvendanges.com\/wp-content\/uploads\/2022\/02\/logo-mesvendanges.jpg\",\"width\":851,\"height\":260,\"caption\":\"Mes Vendanges\"},\"image\":{\"@id\":\"https:\/\/www.mesvendanges.com\/en\/#\/schema\/logo\/image\/\"}},{\"@type\":\"WebSite\",\"@id\":\"https:\/\/www.mesvendanges.com\/en\/#website\",\"url\":\"https:\/\/www.mesvendanges.com\/en\/\",\"name\":\"Mes Vendanges\",\"description\":\"Des journ\u00e9es enti\u00e8res dans les vignes\",\"publisher\":{\"@id\":\"https:\/\/www.mesvendanges.com\/en\/#organization\"},\"potentialAction\":[{\"@type\":\"SearchAction\",\"target\":{\"@type\":\"EntryPoint\",\"urlTemplate\":\"https:\/\/www.mesvendanges.com\/en\/?s={search_term_string}\"},\"query-input\":\"required name=search_term_string\"}],\"inLanguage\":\"fr-FR\"},{\"@type\":\"ImageObject\",\"inLanguage\":\"fr-FR\",\"@id\":\"https:\/\/www.mesvendanges.com\/en\/shop\/wines\/riesling-uhlen-roth-lay-auslese-goldkapsel-heymann-loewenstein-2010-75cl\/#primaryimage\",\"url\":\"https:\/\/www.mesvendanges.com\/wp-content\/uploads\/2025\/05\/heymann-lowenstein-riesling-roth-lay-auslese-glodkapsel-2010-png.png\",\"contentUrl\":\"https:\/\/www.mesvendanges.com\/wp-content\/uploads\/2025\/05\/heymann-lowenstein-riesling-roth-lay-auslese-glodkapsel-2010-png.png\",\"width\":408,\"height\":1500},{\"@type\":\"WebPage\",\"@id\":\"https:\/\/www.mesvendanges.com\/en\/shop\/wines\/riesling-uhlen-roth-lay-auslese-goldkapsel-heymann-loewenstein-2010-75cl\/\",\"url\":\"https:\/\/www.mesvendanges.com\/en\/shop\/wines\/riesling-uhlen-roth-lay-auslese-goldkapsel-heymann-loewenstein-2010-75cl\/\",\"name\":\"RIESLING UHLEN ROTH LAY AUSLESE GOLDKAPSEL - Mes Vendanges\",\"isPartOf\":{\"@id\":\"https:\/\/www.mesvendanges.com\/en\/#website\"},\"primaryImageOfPage\":{\"@id\":\"https:\/\/www.mesvendanges.com\/en\/shop\/wines\/riesling-uhlen-roth-lay-auslese-goldkapsel-heymann-loewenstein-2010-75cl\/#primaryimage\"},\"datePublished\":\"2022-08-02T12:33:35+00:00\",\"dateModified\":\"2025-07-09T08:53:19+00:00\",\"breadcrumb\":{\"@id\":\"https:\/\/www.mesvendanges.com\/en\/shop\/wines\/riesling-uhlen-roth-lay-auslese-goldkapsel-heymann-loewenstein-2010-75cl\/#breadcrumb\"},\"inLanguage\":\"fr-FR\",\"potentialAction\":[{\"@type\":\"ReadAction\",\"target\":[\"https:\/\/www.mesvendanges.com\/en\/shop\/wines\/riesling-uhlen-roth-lay-auslese-goldkapsel-heymann-loewenstein-2010-75cl\/\"]}]},{\"@type\":\"BreadcrumbList\",\"@id\":\"https:\/\/www.mesvendanges.com\/en\/shop\/wines\/riesling-uhlen-roth-lay-auslese-goldkapsel-heymann-loewenstein-2010-75cl\/#breadcrumb\",\"itemListElement\":[{\"@type\":\"ListItem\",\"position\":1,\"name\":\"Home\",\"item\":\"https:\/\/www.mesvendanges.com\/en\/\"},{\"@type\":\"ListItem\",\"position\":2,\"name\":\"Shop\",\"item\":\"https:\/\/www.mesvendanges.com\/en\/shop\/\"},{\"@type\":\"ListItem\",\"position\":3,\"name\":\"RIESLING UHLEN ROTH LAY AUSLESE GOLDKAPSEL\"}]}]}<\/script>\n<!-- \/ Yoast SEO plugin. -->","yoast_head_json":{"title":"RIESLING UHLEN ROTH LAY AUSLESE GOLDKAPSEL - Mes Vendanges","robots":{"index":"index","follow":"follow","max-snippet":"max-snippet:-1","max-image-preview":"max-image-preview:large","max-video-preview":"max-video-preview:-1"},"canonical":"https:\/\/www.mesvendanges.com\/en\/shop\/wines\/riesling-uhlen-roth-lay-auslese-goldkapsel-heymann-loewenstein-2010-75cl\/","og_locale":"en_US","og_type":"article","og_title":"RIESLING UHLEN ROTH LAY AUSLESE GOLDKAPSEL - Mes Vendanges","og_description":"Un navire charg\u00e9 d&#8217;or naviguant au travers de mers myst\u00e9rieuses dans son voyage vers Atlantis voici la tonalit\u00e9 du vin comme la ressent Reinhard Loewenstein! Il s&#8217;agit ici d&#8217;un Auslese Goldkapsel donc d&#8217;un moelleux issu d&#8217;une superbe trie. Des trois Uhlen, le Roth Lay est sans doute le plus baroque et large. On retrouve le [&hellip;]","og_url":"https:\/\/www.mesvendanges.com\/en\/shop\/wines\/riesling-uhlen-roth-lay-auslese-goldkapsel-heymann-loewenstein-2010-75cl\/","og_site_name":"Mes Vendanges","article_modified_time":"2025-07-09T08:53:19+00:00","og_image":[{"width":408,"height":1500,"url":"https:\/\/www.mesvendanges.com\/wp-content\/uploads\/2025\/05\/heymann-lowenstein-riesling-roth-lay-auslese-glodkapsel-2010-png.png","type":"image\/png"}],"twitter_card":"summary_large_image","twitter_misc":{"Est. reading time":"1 minute"},"schema":{"@context":"https:\/\/schema.org","@graph":[{"@type":"Organization","@id":"https:\/\/www.mesvendanges.com\/en\/#organization","name":"Mes Vendanges","url":"https:\/\/www.mesvendanges.com\/en\/","sameAs":[],"logo":{"@type":"ImageObject","inLanguage":"fr-FR","@id":"https:\/\/www.mesvendanges.com\/en\/#\/schema\/logo\/image\/","url":"https:\/\/www.mesvendanges.com\/wp-content\/uploads\/2022\/02\/logo-mesvendanges.jpg","contentUrl":"https:\/\/www.mesvendanges.com\/wp-content\/uploads\/2022\/02\/logo-mesvendanges.jpg","width":851,"height":260,"caption":"Mes Vendanges"},"image":{"@id":"https:\/\/www.mesvendanges.com\/en\/#\/schema\/logo\/image\/"}},{"@type":"WebSite","@id":"https:\/\/www.mesvendanges.com\/en\/#website","url":"https:\/\/www.mesvendanges.com\/en\/","name":"Mes Vendanges","description":"Des journ\u00e9es enti\u00e8res dans les vignes","publisher":{"@id":"https:\/\/www.mesvendanges.com\/en\/#organization"},"potentialAction":[{"@type":"SearchAction","target":{"@type":"EntryPoint","urlTemplate":"https:\/\/www.mesvendanges.com\/en\/?s={search_term_string}"},"query-input":"required name=search_term_string"}],"inLanguage":"fr-FR"},{"@type":"ImageObject","inLanguage":"fr-FR","@id":"https:\/\/www.mesvendanges.com\/en\/shop\/wines\/riesling-uhlen-roth-lay-auslese-goldkapsel-heymann-loewenstein-2010-75cl\/#primaryimage","url":"https:\/\/www.mesvendanges.com\/wp-content\/uploads\/2025\/05\/heymann-lowenstein-riesling-roth-lay-auslese-glodkapsel-2010-png.png","contentUrl":"https:\/\/www.mesvendanges.com\/wp-content\/uploads\/2025\/05\/heymann-lowenstein-riesling-roth-lay-auslese-glodkapsel-2010-png.png","width":408,"height":1500},{"@type":"WebPage","@id":"https:\/\/www.mesvendanges.com\/en\/shop\/wines\/riesling-uhlen-roth-lay-auslese-goldkapsel-heymann-loewenstein-2010-75cl\/","url":"https:\/\/www.mesvendanges.com\/en\/shop\/wines\/riesling-uhlen-roth-lay-auslese-goldkapsel-heymann-loewenstein-2010-75cl\/","name":"RIESLING UHLEN ROTH LAY AUSLESE GOLDKAPSEL - Mes Vendanges","isPartOf":{"@id":"https:\/\/www.mesvendanges.com\/en\/#website"},"primaryImageOfPage":{"@id":"https:\/\/www.mesvendanges.com\/en\/shop\/wines\/riesling-uhlen-roth-lay-auslese-goldkapsel-heymann-loewenstein-2010-75cl\/#primaryimage"},"datePublished":"2022-08-02T12:33:35+00:00","dateModified":"2025-07-09T08:53:19+00:00","breadcrumb":{"@id":"https:\/\/www.mesvendanges.com\/en\/shop\/wines\/riesling-uhlen-roth-lay-auslese-goldkapsel-heymann-loewenstein-2010-75cl\/#breadcrumb"},"inLanguage":"fr-FR","potentialAction":[{"@type":"ReadAction","target":["https:\/\/www.mesvendanges.com\/en\/shop\/wines\/riesling-uhlen-roth-lay-auslese-goldkapsel-heymann-loewenstein-2010-75cl\/"]}]},{"@type":"BreadcrumbList","@id":"https:\/\/www.mesvendanges.com\/en\/shop\/wines\/riesling-uhlen-roth-lay-auslese-goldkapsel-heymann-loewenstein-2010-75cl\/#breadcrumb","itemListElement":[{"@type":"ListItem","position":1,"name":"Home","item":"https:\/\/www.mesvendanges.com\/en\/"},{"@type":"ListItem","position":2,"name":"Shop","item":"https:\/\/www.mesvendanges.com\/en\/shop\/"},{"@type":"ListItem","position":3,"name":"RIESLING UHLEN ROTH LAY AUSLESE GOLDKAPSEL"}]}]}},"_links":{"self":[{"href":"https:\/\/www.mesvendanges.com\/en\/wp-json\/wp\/v2\/product\/40034"}],"collection":[{"href":"https:\/\/www.mesvendanges.com\/en\/wp-json\/wp\/v2\/product"}],"about":[{"href":"https:\/\/www.mesvendanges.com\/en\/wp-json\/wp\/v2\/types\/product"}],"wp:featuredmedia":[{"embeddable":true,"href":"https:\/\/www.mesvendanges.com\/en\/wp-json\/wp\/v2\/media\/87249"}],"wp:attachment":[{"href":"https:\/\/www.mesvendanges.com\/en\/wp-json\/wp\/v2\/media?parent=40034"}],"wp:term":[{"taxonomy":"product_cat","embeddable":true,"href":"https:\/\/www.mesvendanges.com\/en\/wp-json\/wp\/v2\/product_cat?post=40034"},{"taxonomy":"product_tag","embeddable":true,"href":"https:\/\/www.mesvendanges.com\/en\/wp-json\/wp\/v2\/product_tag?post=40034"}],"curies":[{"name":"wp","href":"https:\/\/api.w.org\/{rel}","templated":true}]}}