{"id":40278,"date":"2022-08-02T14:39:32","date_gmt":"2022-08-02T12:39:32","guid":{"rendered":"https:\/\/www.mesvendanges.com\/shop\/uncategorized\/le-laouzil-magnum-4\/"},"modified":"2025-12-16T11:18:28","modified_gmt":"2025-12-16T10:18:28","slug":"le-laouzil-magnum-thierry-navarre-2015-150cl","status":"publish","type":"product","link":"https:\/\/www.mesvendanges.com\/en\/shop\/wines\/le-laouzil-magnum-thierry-navarre-2015-150cl\/","title":{"rendered":"LE LAOUZIL MAGNUM"},"content":{"rendered":"<p>Le Laouzil est un vin typique des terroirs de schistes de Saint-Chinian: Nez expr\u00e9ssif, sur les fleurs, les fruits noirs, bouche tr\u00e9s juteuse et sapide, avec cette min\u00e9ralit\u00e9 propre au terroir, donnant une rusticit\u00e9 de bon aloi au vin dans sa premi\u00e8re ann\u00e9e, mais qui se fond tr\u00e9s vite pour laisser place \u00e0 une grande digestibilit\u00e9. C&#8217;est un vin au naturel paysan, qui saura ravir les amateurs de vrais vins pour tous les jours!<\/p>\n<p>Le mill\u00e9sime 2015, propice \u00e0 une belle garde \u00e9voluera magnifiquement en magnum sur une dizaine d&#8217;ann\u00e9es<\/p>\n","protected":false},"excerpt":{"rendered":"<p>Le Laouzil est un vin typique des terroirs de schistes de Saint-Chinian: Nez expr\u00e9ssif, sur les fleurs, les fruits noirs, bouche tr\u00e9s juteuse et sapide, avec cette min\u00e9ralit\u00e9 propre au terroir, donnant une rusticit\u00e9 de bon aloi au vin dans sa premi\u00e8re ann\u00e9e, mais qui se fond tr\u00e9s vite pour laisser place \u00e0 une grande [&hellip;]<\/p>\n","protected":false},"featured_media":50148,"template":"","meta":[],"product_cat":[3740],"product_tag":[],"acf":[],"yoast_head":"<!-- This site is optimized with the Yoast SEO plugin v19.3 - https:\/\/yoast.com\/wordpress\/plugins\/seo\/ -->\n<title>LE LAOUZIL MAGNUM - Mes Vendanges<\/title>\n<meta name=\"robots\" content=\"index, follow, max-snippet:-1, max-image-preview:large, max-video-preview:-1\" \/>\n<link rel=\"canonical\" href=\"https:\/\/www.mesvendanges.com\/en\/shop\/wines\/le-laouzil-magnum-thierry-navarre-2015-150cl\/\" \/>\n<meta property=\"og:locale\" content=\"en_US\" \/>\n<meta property=\"og:type\" content=\"article\" \/>\n<meta property=\"og:title\" content=\"LE LAOUZIL MAGNUM - Mes Vendanges\" \/>\n<meta property=\"og:description\" content=\"Le Laouzil est un vin typique des terroirs de schistes de Saint-Chinian: Nez expr\u00e9ssif, sur les fleurs, les fruits noirs, bouche tr\u00e9s juteuse et sapide, avec cette min\u00e9ralit\u00e9 propre au terroir, donnant une rusticit\u00e9 de bon aloi au vin dans sa premi\u00e8re ann\u00e9e, mais qui se fond tr\u00e9s vite pour laisser place \u00e0 une grande [&hellip;]\" \/>\n<meta property=\"og:url\" content=\"https:\/\/www.mesvendanges.com\/en\/shop\/wines\/le-laouzil-magnum-thierry-navarre-2015-150cl\/\" \/>\n<meta property=\"og:site_name\" content=\"Mes Vendanges\" \/>\n<meta property=\"article:modified_time\" content=\"2025-12-16T10:18:28+00:00\" \/>\n<meta property=\"og:image\" content=\"https:\/\/www.mesvendanges.com\/wp-content\/uploads\/2022\/08\/navarre-dne-thierry-le-laouzil-magnum-saint-chinian-2015-150cl-rouge-png.png\" \/>\n\t<meta property=\"og:image:width\" content=\"432\" \/>\n\t<meta property=\"og:image:height\" content=\"1500\" \/>\n\t<meta property=\"og:image:type\" content=\"image\/png\" \/>\n<meta name=\"twitter:card\" content=\"summary_large_image\" \/>\n<script type=\"application\/ld+json\" class=\"yoast-schema-graph\">{\"@context\":\"https:\/\/schema.org\",\"@graph\":[{\"@type\":\"Organization\",\"@id\":\"https:\/\/www.mesvendanges.com\/en\/#organization\",\"name\":\"Mes Vendanges\",\"url\":\"https:\/\/www.mesvendanges.com\/en\/\",\"sameAs\":[],\"logo\":{\"@type\":\"ImageObject\",\"inLanguage\":\"fr-FR\",\"@id\":\"https:\/\/www.mesvendanges.com\/en\/#\/schema\/logo\/image\/\",\"url\":\"https:\/\/www.mesvendanges.com\/wp-content\/uploads\/2022\/02\/logo-mesvendanges.jpg\",\"contentUrl\":\"https:\/\/www.mesvendanges.com\/wp-content\/uploads\/2022\/02\/logo-mesvendanges.jpg\",\"width\":851,\"height\":260,\"caption\":\"Mes Vendanges\"},\"image\":{\"@id\":\"https:\/\/www.mesvendanges.com\/en\/#\/schema\/logo\/image\/\"}},{\"@type\":\"WebSite\",\"@id\":\"https:\/\/www.mesvendanges.com\/en\/#website\",\"url\":\"https:\/\/www.mesvendanges.com\/en\/\",\"name\":\"Mes Vendanges\",\"description\":\"Des journ\u00e9es enti\u00e8res dans les vignes\",\"publisher\":{\"@id\":\"https:\/\/www.mesvendanges.com\/en\/#organization\"},\"potentialAction\":[{\"@type\":\"SearchAction\",\"target\":{\"@type\":\"EntryPoint\",\"urlTemplate\":\"https:\/\/www.mesvendanges.com\/en\/?s={search_term_string}\"},\"query-input\":\"required name=search_term_string\"}],\"inLanguage\":\"fr-FR\"},{\"@type\":\"ImageObject\",\"inLanguage\":\"fr-FR\",\"@id\":\"https:\/\/www.mesvendanges.com\/en\/shop\/wines\/le-laouzil-magnum-thierry-navarre-2015-150cl\/#primaryimage\",\"url\":\"https:\/\/www.mesvendanges.com\/wp-content\/uploads\/2022\/08\/navarre-dne-thierry-le-laouzil-magnum-saint-chinian-2015-150cl-rouge-png.png\",\"contentUrl\":\"https:\/\/www.mesvendanges.com\/wp-content\/uploads\/2022\/08\/navarre-dne-thierry-le-laouzil-magnum-saint-chinian-2015-150cl-rouge-png.png\",\"width\":432,\"height\":1500},{\"@type\":\"WebPage\",\"@id\":\"https:\/\/www.mesvendanges.com\/en\/shop\/wines\/le-laouzil-magnum-thierry-navarre-2015-150cl\/\",\"url\":\"https:\/\/www.mesvendanges.com\/en\/shop\/wines\/le-laouzil-magnum-thierry-navarre-2015-150cl\/\",\"name\":\"LE LAOUZIL MAGNUM - Mes Vendanges\",\"isPartOf\":{\"@id\":\"https:\/\/www.mesvendanges.com\/en\/#website\"},\"primaryImageOfPage\":{\"@id\":\"https:\/\/www.mesvendanges.com\/en\/shop\/wines\/le-laouzil-magnum-thierry-navarre-2015-150cl\/#primaryimage\"},\"datePublished\":\"2022-08-02T12:39:32+00:00\",\"dateModified\":\"2025-12-16T10:18:28+00:00\",\"breadcrumb\":{\"@id\":\"https:\/\/www.mesvendanges.com\/en\/shop\/wines\/le-laouzil-magnum-thierry-navarre-2015-150cl\/#breadcrumb\"},\"inLanguage\":\"fr-FR\",\"potentialAction\":[{\"@type\":\"ReadAction\",\"target\":[\"https:\/\/www.mesvendanges.com\/en\/shop\/wines\/le-laouzil-magnum-thierry-navarre-2015-150cl\/\"]}]},{\"@type\":\"BreadcrumbList\",\"@id\":\"https:\/\/www.mesvendanges.com\/en\/shop\/wines\/le-laouzil-magnum-thierry-navarre-2015-150cl\/#breadcrumb\",\"itemListElement\":[{\"@type\":\"ListItem\",\"position\":1,\"name\":\"Home\",\"item\":\"https:\/\/www.mesvendanges.com\/en\/\"},{\"@type\":\"ListItem\",\"position\":2,\"name\":\"Shop\",\"item\":\"https:\/\/www.mesvendanges.com\/en\/shop\/\"},{\"@type\":\"ListItem\",\"position\":3,\"name\":\"LE LAOUZIL MAGNUM\"}]}]}<\/script>\n<!-- \/ Yoast SEO plugin. -->","yoast_head_json":{"title":"LE LAOUZIL MAGNUM - Mes Vendanges","robots":{"index":"index","follow":"follow","max-snippet":"max-snippet:-1","max-image-preview":"max-image-preview:large","max-video-preview":"max-video-preview:-1"},"canonical":"https:\/\/www.mesvendanges.com\/en\/shop\/wines\/le-laouzil-magnum-thierry-navarre-2015-150cl\/","og_locale":"en_US","og_type":"article","og_title":"LE LAOUZIL MAGNUM - Mes Vendanges","og_description":"Le Laouzil est un vin typique des terroirs de schistes de Saint-Chinian: Nez expr\u00e9ssif, sur les fleurs, les fruits noirs, bouche tr\u00e9s juteuse et sapide, avec cette min\u00e9ralit\u00e9 propre au terroir, donnant une rusticit\u00e9 de bon aloi au vin dans sa premi\u00e8re ann\u00e9e, mais qui se fond tr\u00e9s vite pour laisser place \u00e0 une grande [&hellip;]","og_url":"https:\/\/www.mesvendanges.com\/en\/shop\/wines\/le-laouzil-magnum-thierry-navarre-2015-150cl\/","og_site_name":"Mes Vendanges","article_modified_time":"2025-12-16T10:18:28+00:00","og_image":[{"width":432,"height":1500,"url":"https:\/\/www.mesvendanges.com\/wp-content\/uploads\/2022\/08\/navarre-dne-thierry-le-laouzil-magnum-saint-chinian-2015-150cl-rouge-png.png","type":"image\/png"}],"twitter_card":"summary_large_image","schema":{"@context":"https:\/\/schema.org","@graph":[{"@type":"Organization","@id":"https:\/\/www.mesvendanges.com\/en\/#organization","name":"Mes Vendanges","url":"https:\/\/www.mesvendanges.com\/en\/","sameAs":[],"logo":{"@type":"ImageObject","inLanguage":"fr-FR","@id":"https:\/\/www.mesvendanges.com\/en\/#\/schema\/logo\/image\/","url":"https:\/\/www.mesvendanges.com\/wp-content\/uploads\/2022\/02\/logo-mesvendanges.jpg","contentUrl":"https:\/\/www.mesvendanges.com\/wp-content\/uploads\/2022\/02\/logo-mesvendanges.jpg","width":851,"height":260,"caption":"Mes Vendanges"},"image":{"@id":"https:\/\/www.mesvendanges.com\/en\/#\/schema\/logo\/image\/"}},{"@type":"WebSite","@id":"https:\/\/www.mesvendanges.com\/en\/#website","url":"https:\/\/www.mesvendanges.com\/en\/","name":"Mes Vendanges","description":"Des journ\u00e9es enti\u00e8res dans les vignes","publisher":{"@id":"https:\/\/www.mesvendanges.com\/en\/#organization"},"potentialAction":[{"@type":"SearchAction","target":{"@type":"EntryPoint","urlTemplate":"https:\/\/www.mesvendanges.com\/en\/?s={search_term_string}"},"query-input":"required name=search_term_string"}],"inLanguage":"fr-FR"},{"@type":"ImageObject","inLanguage":"fr-FR","@id":"https:\/\/www.mesvendanges.com\/en\/shop\/wines\/le-laouzil-magnum-thierry-navarre-2015-150cl\/#primaryimage","url":"https:\/\/www.mesvendanges.com\/wp-content\/uploads\/2022\/08\/navarre-dne-thierry-le-laouzil-magnum-saint-chinian-2015-150cl-rouge-png.png","contentUrl":"https:\/\/www.mesvendanges.com\/wp-content\/uploads\/2022\/08\/navarre-dne-thierry-le-laouzil-magnum-saint-chinian-2015-150cl-rouge-png.png","width":432,"height":1500},{"@type":"WebPage","@id":"https:\/\/www.mesvendanges.com\/en\/shop\/wines\/le-laouzil-magnum-thierry-navarre-2015-150cl\/","url":"https:\/\/www.mesvendanges.com\/en\/shop\/wines\/le-laouzil-magnum-thierry-navarre-2015-150cl\/","name":"LE LAOUZIL MAGNUM - Mes Vendanges","isPartOf":{"@id":"https:\/\/www.mesvendanges.com\/en\/#website"},"primaryImageOfPage":{"@id":"https:\/\/www.mesvendanges.com\/en\/shop\/wines\/le-laouzil-magnum-thierry-navarre-2015-150cl\/#primaryimage"},"datePublished":"2022-08-02T12:39:32+00:00","dateModified":"2025-12-16T10:18:28+00:00","breadcrumb":{"@id":"https:\/\/www.mesvendanges.com\/en\/shop\/wines\/le-laouzil-magnum-thierry-navarre-2015-150cl\/#breadcrumb"},"inLanguage":"fr-FR","potentialAction":[{"@type":"ReadAction","target":["https:\/\/www.mesvendanges.com\/en\/shop\/wines\/le-laouzil-magnum-thierry-navarre-2015-150cl\/"]}]},{"@type":"BreadcrumbList","@id":"https:\/\/www.mesvendanges.com\/en\/shop\/wines\/le-laouzil-magnum-thierry-navarre-2015-150cl\/#breadcrumb","itemListElement":[{"@type":"ListItem","position":1,"name":"Home","item":"https:\/\/www.mesvendanges.com\/en\/"},{"@type":"ListItem","position":2,"name":"Shop","item":"https:\/\/www.mesvendanges.com\/en\/shop\/"},{"@type":"ListItem","position":3,"name":"LE LAOUZIL MAGNUM"}]}]}},"_links":{"self":[{"href":"https:\/\/www.mesvendanges.com\/en\/wp-json\/wp\/v2\/product\/40278"}],"collection":[{"href":"https:\/\/www.mesvendanges.com\/en\/wp-json\/wp\/v2\/product"}],"about":[{"href":"https:\/\/www.mesvendanges.com\/en\/wp-json\/wp\/v2\/types\/product"}],"wp:featuredmedia":[{"embeddable":true,"href":"https:\/\/www.mesvendanges.com\/en\/wp-json\/wp\/v2\/media\/50148"}],"wp:attachment":[{"href":"https:\/\/www.mesvendanges.com\/en\/wp-json\/wp\/v2\/media?parent=40278"}],"wp:term":[{"taxonomy":"product_cat","embeddable":true,"href":"https:\/\/www.mesvendanges.com\/en\/wp-json\/wp\/v2\/product_cat?post=40278"},{"taxonomy":"product_tag","embeddable":true,"href":"https:\/\/www.mesvendanges.com\/en\/wp-json\/wp\/v2\/product_tag?post=40278"}],"curies":[{"name":"wp","href":"https:\/\/api.w.org\/{rel}","templated":true}]}}