{"id":40284,"date":"2022-08-02T14:39:44","date_gmt":"2022-08-02T12:39:44","guid":{"rendered":"https:\/\/www.mesvendanges.com\/shop\/uncategorized\/ribeyrenc-4\/"},"modified":"2023-12-06T02:09:08","modified_gmt":"2023-12-06T01:09:08","slug":"ribeyrenc-navarre-dne-thierry-2016-75cl","status":"publish","type":"product","link":"https:\/\/www.mesvendanges.com\/en\/shop\/wines\/ribeyrenc-navarre-dne-thierry-2016-75cl\/","title":{"rendered":"RIBEYRENC"},"content":{"rendered":"<p>Le Ribeyrenc fait partie, comme l&#8217;oeillade, des c\u00e9pages oubli\u00e9s du languedoc. Multipli\u00e9 \u00e0 partir d&#8217;une vingtaine de pieds, Thierry Navarre a r\u00e9ussi \u00e0 plant\u00e9 une petite vigne de 6000 pieds en gobelet sur une belle parcelle de schistes. Ce c\u00e9page, m\u00fbr \u00e0 11\u00b0, \u00e0 la robe claire, d\u00e9tonne en Languedoc, et pourtant sa fra\u00eecheur est tout ce que l&#8217;on souhaite quand le cagnard est de la partie. Tr\u00e8s digeste, friand, avec une vraie complexit\u00e9, ce c\u00e9page \u00e0 tout d&#8217;un grand c\u00e9page autochtone.<\/p>\n","protected":false},"excerpt":{"rendered":"<p>Le Ribeyrenc fait partie, comme l&#8217;oeillade, des c\u00e9pages oubli\u00e9s du languedoc. Multipli\u00e9 \u00e0 partir d&#8217;une vingtaine de pieds, Thierry Navarre a r\u00e9ussi \u00e0 plant\u00e9 une petite vigne de 6000 pieds en gobelet sur une belle parcelle de schistes. Ce c\u00e9page, m\u00fbr \u00e0 11\u00b0, \u00e0 la robe claire, d\u00e9tonne en Languedoc, et pourtant sa fra\u00eecheur est [&hellip;]<\/p>\n","protected":false},"featured_media":0,"template":"","meta":[],"product_cat":[3740],"product_tag":[],"acf":[],"yoast_head":"<!-- This site is optimized with the Yoast SEO plugin v19.3 - https:\/\/yoast.com\/wordpress\/plugins\/seo\/ -->\n<title>RIBEYRENC - Mes Vendanges<\/title>\n<meta name=\"robots\" content=\"index, follow, max-snippet:-1, max-image-preview:large, max-video-preview:-1\" \/>\n<link rel=\"canonical\" href=\"https:\/\/www.mesvendanges.com\/en\/shop\/wines\/ribeyrenc-navarre-dne-thierry-2016-75cl\/\" \/>\n<meta property=\"og:locale\" content=\"en_US\" \/>\n<meta property=\"og:type\" content=\"article\" \/>\n<meta property=\"og:title\" content=\"RIBEYRENC - Mes Vendanges\" \/>\n<meta property=\"og:description\" content=\"Le Ribeyrenc fait partie, comme l&#8217;oeillade, des c\u00e9pages oubli\u00e9s du languedoc. Multipli\u00e9 \u00e0 partir d&#8217;une vingtaine de pieds, Thierry Navarre a r\u00e9ussi \u00e0 plant\u00e9 une petite vigne de 6000 pieds en gobelet sur une belle parcelle de schistes. Ce c\u00e9page, m\u00fbr \u00e0 11\u00b0, \u00e0 la robe claire, d\u00e9tonne en Languedoc, et pourtant sa fra\u00eecheur est [&hellip;]\" \/>\n<meta property=\"og:url\" content=\"https:\/\/www.mesvendanges.com\/en\/shop\/wines\/ribeyrenc-navarre-dne-thierry-2016-75cl\/\" \/>\n<meta property=\"og:site_name\" content=\"Mes Vendanges\" \/>\n<meta property=\"article:modified_time\" content=\"2023-12-06T01:09:08+00:00\" \/>\n<meta name=\"twitter:card\" content=\"summary_large_image\" \/>\n<script type=\"application\/ld+json\" class=\"yoast-schema-graph\">{\"@context\":\"https:\/\/schema.org\",\"@graph\":[{\"@type\":\"Organization\",\"@id\":\"https:\/\/www.mesvendanges.com\/en\/#organization\",\"name\":\"Mes Vendanges\",\"url\":\"https:\/\/www.mesvendanges.com\/en\/\",\"sameAs\":[],\"logo\":{\"@type\":\"ImageObject\",\"inLanguage\":\"fr-FR\",\"@id\":\"https:\/\/www.mesvendanges.com\/en\/#\/schema\/logo\/image\/\",\"url\":\"https:\/\/www.mesvendanges.com\/wp-content\/uploads\/2022\/02\/logo-mesvendanges.jpg\",\"contentUrl\":\"https:\/\/www.mesvendanges.com\/wp-content\/uploads\/2022\/02\/logo-mesvendanges.jpg\",\"width\":851,\"height\":260,\"caption\":\"Mes Vendanges\"},\"image\":{\"@id\":\"https:\/\/www.mesvendanges.com\/en\/#\/schema\/logo\/image\/\"}},{\"@type\":\"WebSite\",\"@id\":\"https:\/\/www.mesvendanges.com\/en\/#website\",\"url\":\"https:\/\/www.mesvendanges.com\/en\/\",\"name\":\"Mes Vendanges\",\"description\":\"Des journ\u00e9es enti\u00e8res dans les vignes\",\"publisher\":{\"@id\":\"https:\/\/www.mesvendanges.com\/en\/#organization\"},\"potentialAction\":[{\"@type\":\"SearchAction\",\"target\":{\"@type\":\"EntryPoint\",\"urlTemplate\":\"https:\/\/www.mesvendanges.com\/en\/?s={search_term_string}\"},\"query-input\":\"required name=search_term_string\"}],\"inLanguage\":\"fr-FR\"},{\"@type\":\"WebPage\",\"@id\":\"https:\/\/www.mesvendanges.com\/en\/shop\/wines\/ribeyrenc-navarre-dne-thierry-2016-75cl\/\",\"url\":\"https:\/\/www.mesvendanges.com\/en\/shop\/wines\/ribeyrenc-navarre-dne-thierry-2016-75cl\/\",\"name\":\"RIBEYRENC - Mes Vendanges\",\"isPartOf\":{\"@id\":\"https:\/\/www.mesvendanges.com\/en\/#website\"},\"datePublished\":\"2022-08-02T12:39:44+00:00\",\"dateModified\":\"2023-12-06T01:09:08+00:00\",\"breadcrumb\":{\"@id\":\"https:\/\/www.mesvendanges.com\/en\/shop\/wines\/ribeyrenc-navarre-dne-thierry-2016-75cl\/#breadcrumb\"},\"inLanguage\":\"fr-FR\",\"potentialAction\":[{\"@type\":\"ReadAction\",\"target\":[\"https:\/\/www.mesvendanges.com\/en\/shop\/wines\/ribeyrenc-navarre-dne-thierry-2016-75cl\/\"]}]},{\"@type\":\"BreadcrumbList\",\"@id\":\"https:\/\/www.mesvendanges.com\/en\/shop\/wines\/ribeyrenc-navarre-dne-thierry-2016-75cl\/#breadcrumb\",\"itemListElement\":[{\"@type\":\"ListItem\",\"position\":1,\"name\":\"Home\",\"item\":\"https:\/\/www.mesvendanges.com\/en\/\"},{\"@type\":\"ListItem\",\"position\":2,\"name\":\"Shop\",\"item\":\"https:\/\/www.mesvendanges.com\/en\/shop\/\"},{\"@type\":\"ListItem\",\"position\":3,\"name\":\"RIBEYRENC\"}]}]}<\/script>\n<!-- \/ Yoast SEO plugin. -->","yoast_head_json":{"title":"RIBEYRENC - Mes Vendanges","robots":{"index":"index","follow":"follow","max-snippet":"max-snippet:-1","max-image-preview":"max-image-preview:large","max-video-preview":"max-video-preview:-1"},"canonical":"https:\/\/www.mesvendanges.com\/en\/shop\/wines\/ribeyrenc-navarre-dne-thierry-2016-75cl\/","og_locale":"en_US","og_type":"article","og_title":"RIBEYRENC - Mes Vendanges","og_description":"Le Ribeyrenc fait partie, comme l&#8217;oeillade, des c\u00e9pages oubli\u00e9s du languedoc. Multipli\u00e9 \u00e0 partir d&#8217;une vingtaine de pieds, Thierry Navarre a r\u00e9ussi \u00e0 plant\u00e9 une petite vigne de 6000 pieds en gobelet sur une belle parcelle de schistes. Ce c\u00e9page, m\u00fbr \u00e0 11\u00b0, \u00e0 la robe claire, d\u00e9tonne en Languedoc, et pourtant sa fra\u00eecheur est [&hellip;]","og_url":"https:\/\/www.mesvendanges.com\/en\/shop\/wines\/ribeyrenc-navarre-dne-thierry-2016-75cl\/","og_site_name":"Mes Vendanges","article_modified_time":"2023-12-06T01:09:08+00:00","twitter_card":"summary_large_image","schema":{"@context":"https:\/\/schema.org","@graph":[{"@type":"Organization","@id":"https:\/\/www.mesvendanges.com\/en\/#organization","name":"Mes Vendanges","url":"https:\/\/www.mesvendanges.com\/en\/","sameAs":[],"logo":{"@type":"ImageObject","inLanguage":"fr-FR","@id":"https:\/\/www.mesvendanges.com\/en\/#\/schema\/logo\/image\/","url":"https:\/\/www.mesvendanges.com\/wp-content\/uploads\/2022\/02\/logo-mesvendanges.jpg","contentUrl":"https:\/\/www.mesvendanges.com\/wp-content\/uploads\/2022\/02\/logo-mesvendanges.jpg","width":851,"height":260,"caption":"Mes Vendanges"},"image":{"@id":"https:\/\/www.mesvendanges.com\/en\/#\/schema\/logo\/image\/"}},{"@type":"WebSite","@id":"https:\/\/www.mesvendanges.com\/en\/#website","url":"https:\/\/www.mesvendanges.com\/en\/","name":"Mes Vendanges","description":"Des journ\u00e9es enti\u00e8res dans les vignes","publisher":{"@id":"https:\/\/www.mesvendanges.com\/en\/#organization"},"potentialAction":[{"@type":"SearchAction","target":{"@type":"EntryPoint","urlTemplate":"https:\/\/www.mesvendanges.com\/en\/?s={search_term_string}"},"query-input":"required name=search_term_string"}],"inLanguage":"fr-FR"},{"@type":"WebPage","@id":"https:\/\/www.mesvendanges.com\/en\/shop\/wines\/ribeyrenc-navarre-dne-thierry-2016-75cl\/","url":"https:\/\/www.mesvendanges.com\/en\/shop\/wines\/ribeyrenc-navarre-dne-thierry-2016-75cl\/","name":"RIBEYRENC - Mes Vendanges","isPartOf":{"@id":"https:\/\/www.mesvendanges.com\/en\/#website"},"datePublished":"2022-08-02T12:39:44+00:00","dateModified":"2023-12-06T01:09:08+00:00","breadcrumb":{"@id":"https:\/\/www.mesvendanges.com\/en\/shop\/wines\/ribeyrenc-navarre-dne-thierry-2016-75cl\/#breadcrumb"},"inLanguage":"fr-FR","potentialAction":[{"@type":"ReadAction","target":["https:\/\/www.mesvendanges.com\/en\/shop\/wines\/ribeyrenc-navarre-dne-thierry-2016-75cl\/"]}]},{"@type":"BreadcrumbList","@id":"https:\/\/www.mesvendanges.com\/en\/shop\/wines\/ribeyrenc-navarre-dne-thierry-2016-75cl\/#breadcrumb","itemListElement":[{"@type":"ListItem","position":1,"name":"Home","item":"https:\/\/www.mesvendanges.com\/en\/"},{"@type":"ListItem","position":2,"name":"Shop","item":"https:\/\/www.mesvendanges.com\/en\/shop\/"},{"@type":"ListItem","position":3,"name":"RIBEYRENC"}]}]}},"_links":{"self":[{"href":"https:\/\/www.mesvendanges.com\/en\/wp-json\/wp\/v2\/product\/40284"}],"collection":[{"href":"https:\/\/www.mesvendanges.com\/en\/wp-json\/wp\/v2\/product"}],"about":[{"href":"https:\/\/www.mesvendanges.com\/en\/wp-json\/wp\/v2\/types\/product"}],"wp:attachment":[{"href":"https:\/\/www.mesvendanges.com\/en\/wp-json\/wp\/v2\/media?parent=40284"}],"wp:term":[{"taxonomy":"product_cat","embeddable":true,"href":"https:\/\/www.mesvendanges.com\/en\/wp-json\/wp\/v2\/product_cat?post=40284"},{"taxonomy":"product_tag","embeddable":true,"href":"https:\/\/www.mesvendanges.com\/en\/wp-json\/wp\/v2\/product_tag?post=40284"}],"curies":[{"name":"wp","href":"https:\/\/api.w.org\/{rel}","templated":true}]}}