{"id":40422,"date":"2022-08-02T14:42:43","date_gmt":"2022-08-02T12:42:43","guid":{"rendered":"https:\/\/www.mesvendanges.com\/shop\/uncategorized\/riesling-hofberg-grosses-gewachs-magnum-6\/"},"modified":"2025-05-01T13:59:20","modified_gmt":"2025-05-01T11:59:20","slug":"riesling-hofberg-grosses-gewachs-magnum-adam-a-j-weingut-2016-150cl","status":"publish","type":"product","link":"https:\/\/www.mesvendanges.com\/en\/shop\/wines\/riesling-hofberg-grosses-gewachs-magnum-adam-a-j-weingut-2016-150cl\/","title":{"rendered":"RIESLING HOFBERG GROSSES GEWACHS MAGNUM"},"content":{"rendered":"<p>92+\/100 Mosel Fine Wine<\/p>\n<p>Nous voici sur le Hofberg, le cru embl\u00e9matique du domaine. Les Grosses Gewachs correspondent \u00e0 de tr\u00e8s belles tries vinifi\u00e9es en blanc sec, comme un cru bourguignon ou alsacien. Les vins prennent une dimension min\u00e9rale suppl\u00e9mentaire, avec une magnifique tension entre maturit\u00e9, acidit\u00e9 et sensation tactile.<\/p>\n<div><\/div>\n<div><\/div>\n","protected":false},"excerpt":{"rendered":"<p>92+\/100 Mosel Fine Wine Nous voici sur le Hofberg, le cru embl\u00e9matique du domaine. Les Grosses Gewachs correspondent \u00e0 de tr\u00e8s belles tries vinifi\u00e9es en blanc sec, comme un cru bourguignon ou alsacien. Les vins prennent une dimension min\u00e9rale suppl\u00e9mentaire, avec une magnifique tension entre maturit\u00e9, acidit\u00e9 et sensation tactile.<\/p>\n","protected":false},"featured_media":18894,"template":"","meta":[],"product_cat":[3740],"product_tag":[],"acf":[],"yoast_head":"<!-- This site is optimized with the Yoast SEO plugin v19.3 - https:\/\/yoast.com\/wordpress\/plugins\/seo\/ -->\n<title>RIESLING HOFBERG GROSSES GEWACHS MAGNUM - Mes Vendanges<\/title>\n<meta name=\"robots\" content=\"index, follow, max-snippet:-1, max-image-preview:large, max-video-preview:-1\" \/>\n<link rel=\"canonical\" href=\"https:\/\/www.mesvendanges.com\/en\/shop\/wines\/riesling-hofberg-grosses-gewachs-magnum-adam-a-j-weingut-2016-150cl\/\" \/>\n<meta property=\"og:locale\" content=\"en_US\" \/>\n<meta property=\"og:type\" content=\"article\" \/>\n<meta property=\"og:title\" content=\"RIESLING HOFBERG GROSSES GEWACHS MAGNUM - Mes Vendanges\" \/>\n<meta property=\"og:description\" content=\"92+\/100 Mosel Fine Wine Nous voici sur le Hofberg, le cru embl\u00e9matique du domaine. Les Grosses Gewachs correspondent \u00e0 de tr\u00e8s belles tries vinifi\u00e9es en blanc sec, comme un cru bourguignon ou alsacien. Les vins prennent une dimension min\u00e9rale suppl\u00e9mentaire, avec une magnifique tension entre maturit\u00e9, acidit\u00e9 et sensation tactile.\" \/>\n<meta property=\"og:url\" content=\"https:\/\/www.mesvendanges.com\/en\/shop\/wines\/riesling-hofberg-grosses-gewachs-magnum-adam-a-j-weingut-2016-150cl\/\" \/>\n<meta property=\"og:site_name\" content=\"Mes Vendanges\" \/>\n<meta property=\"article:modified_time\" content=\"2025-05-01T11:59:20+00:00\" \/>\n<meta property=\"og:image\" content=\"https:\/\/www.mesvendanges.com\/wp-content\/uploads\/2022\/07\/adam-a-j-weingut-riesling-hofberg-grosses-gewachs-magnum-mosel-saar-ruwer-2016-150cl-blanc-png.png\" \/>\n\t<meta property=\"og:image:width\" content=\"293\" \/>\n\t<meta property=\"og:image:height\" content=\"1500\" \/>\n\t<meta property=\"og:image:type\" content=\"image\/png\" \/>\n<meta name=\"twitter:card\" content=\"summary_large_image\" \/>\n<script type=\"application\/ld+json\" class=\"yoast-schema-graph\">{\"@context\":\"https:\/\/schema.org\",\"@graph\":[{\"@type\":\"Organization\",\"@id\":\"https:\/\/www.mesvendanges.com\/en\/#organization\",\"name\":\"Mes Vendanges\",\"url\":\"https:\/\/www.mesvendanges.com\/en\/\",\"sameAs\":[],\"logo\":{\"@type\":\"ImageObject\",\"inLanguage\":\"fr-FR\",\"@id\":\"https:\/\/www.mesvendanges.com\/en\/#\/schema\/logo\/image\/\",\"url\":\"https:\/\/www.mesvendanges.com\/wp-content\/uploads\/2022\/02\/logo-mesvendanges.jpg\",\"contentUrl\":\"https:\/\/www.mesvendanges.com\/wp-content\/uploads\/2022\/02\/logo-mesvendanges.jpg\",\"width\":851,\"height\":260,\"caption\":\"Mes Vendanges\"},\"image\":{\"@id\":\"https:\/\/www.mesvendanges.com\/en\/#\/schema\/logo\/image\/\"}},{\"@type\":\"WebSite\",\"@id\":\"https:\/\/www.mesvendanges.com\/en\/#website\",\"url\":\"https:\/\/www.mesvendanges.com\/en\/\",\"name\":\"Mes Vendanges\",\"description\":\"Des journ\u00e9es enti\u00e8res dans les vignes\",\"publisher\":{\"@id\":\"https:\/\/www.mesvendanges.com\/en\/#organization\"},\"potentialAction\":[{\"@type\":\"SearchAction\",\"target\":{\"@type\":\"EntryPoint\",\"urlTemplate\":\"https:\/\/www.mesvendanges.com\/en\/?s={search_term_string}\"},\"query-input\":\"required name=search_term_string\"}],\"inLanguage\":\"fr-FR\"},{\"@type\":\"ImageObject\",\"inLanguage\":\"fr-FR\",\"@id\":\"https:\/\/www.mesvendanges.com\/en\/shop\/wines\/riesling-hofberg-grosses-gewachs-magnum-adam-a-j-weingut-2016-150cl\/#primaryimage\",\"url\":\"https:\/\/www.mesvendanges.com\/wp-content\/uploads\/2022\/07\/adam-a-j-weingut-riesling-hofberg-grosses-gewachs-magnum-mosel-saar-ruwer-2016-150cl-blanc-png.png\",\"contentUrl\":\"https:\/\/www.mesvendanges.com\/wp-content\/uploads\/2022\/07\/adam-a-j-weingut-riesling-hofberg-grosses-gewachs-magnum-mosel-saar-ruwer-2016-150cl-blanc-png.png\",\"width\":293,\"height\":1500},{\"@type\":\"WebPage\",\"@id\":\"https:\/\/www.mesvendanges.com\/en\/shop\/wines\/riesling-hofberg-grosses-gewachs-magnum-adam-a-j-weingut-2016-150cl\/\",\"url\":\"https:\/\/www.mesvendanges.com\/en\/shop\/wines\/riesling-hofberg-grosses-gewachs-magnum-adam-a-j-weingut-2016-150cl\/\",\"name\":\"RIESLING HOFBERG GROSSES GEWACHS MAGNUM - Mes Vendanges\",\"isPartOf\":{\"@id\":\"https:\/\/www.mesvendanges.com\/en\/#website\"},\"primaryImageOfPage\":{\"@id\":\"https:\/\/www.mesvendanges.com\/en\/shop\/wines\/riesling-hofberg-grosses-gewachs-magnum-adam-a-j-weingut-2016-150cl\/#primaryimage\"},\"datePublished\":\"2022-08-02T12:42:43+00:00\",\"dateModified\":\"2025-05-01T11:59:20+00:00\",\"breadcrumb\":{\"@id\":\"https:\/\/www.mesvendanges.com\/en\/shop\/wines\/riesling-hofberg-grosses-gewachs-magnum-adam-a-j-weingut-2016-150cl\/#breadcrumb\"},\"inLanguage\":\"fr-FR\",\"potentialAction\":[{\"@type\":\"ReadAction\",\"target\":[\"https:\/\/www.mesvendanges.com\/en\/shop\/wines\/riesling-hofberg-grosses-gewachs-magnum-adam-a-j-weingut-2016-150cl\/\"]}]},{\"@type\":\"BreadcrumbList\",\"@id\":\"https:\/\/www.mesvendanges.com\/en\/shop\/wines\/riesling-hofberg-grosses-gewachs-magnum-adam-a-j-weingut-2016-150cl\/#breadcrumb\",\"itemListElement\":[{\"@type\":\"ListItem\",\"position\":1,\"name\":\"Home\",\"item\":\"https:\/\/www.mesvendanges.com\/en\/\"},{\"@type\":\"ListItem\",\"position\":2,\"name\":\"Shop\",\"item\":\"https:\/\/www.mesvendanges.com\/en\/shop\/\"},{\"@type\":\"ListItem\",\"position\":3,\"name\":\"RIESLING HOFBERG GROSSES GEWACHS MAGNUM\"}]}]}<\/script>\n<!-- \/ Yoast SEO plugin. -->","yoast_head_json":{"title":"RIESLING HOFBERG GROSSES GEWACHS MAGNUM - Mes Vendanges","robots":{"index":"index","follow":"follow","max-snippet":"max-snippet:-1","max-image-preview":"max-image-preview:large","max-video-preview":"max-video-preview:-1"},"canonical":"https:\/\/www.mesvendanges.com\/en\/shop\/wines\/riesling-hofberg-grosses-gewachs-magnum-adam-a-j-weingut-2016-150cl\/","og_locale":"en_US","og_type":"article","og_title":"RIESLING HOFBERG GROSSES GEWACHS MAGNUM - Mes Vendanges","og_description":"92+\/100 Mosel Fine Wine Nous voici sur le Hofberg, le cru embl\u00e9matique du domaine. Les Grosses Gewachs correspondent \u00e0 de tr\u00e8s belles tries vinifi\u00e9es en blanc sec, comme un cru bourguignon ou alsacien. Les vins prennent une dimension min\u00e9rale suppl\u00e9mentaire, avec une magnifique tension entre maturit\u00e9, acidit\u00e9 et sensation tactile.","og_url":"https:\/\/www.mesvendanges.com\/en\/shop\/wines\/riesling-hofberg-grosses-gewachs-magnum-adam-a-j-weingut-2016-150cl\/","og_site_name":"Mes Vendanges","article_modified_time":"2025-05-01T11:59:20+00:00","og_image":[{"width":293,"height":1500,"url":"https:\/\/www.mesvendanges.com\/wp-content\/uploads\/2022\/07\/adam-a-j-weingut-riesling-hofberg-grosses-gewachs-magnum-mosel-saar-ruwer-2016-150cl-blanc-png.png","type":"image\/png"}],"twitter_card":"summary_large_image","schema":{"@context":"https:\/\/schema.org","@graph":[{"@type":"Organization","@id":"https:\/\/www.mesvendanges.com\/en\/#organization","name":"Mes Vendanges","url":"https:\/\/www.mesvendanges.com\/en\/","sameAs":[],"logo":{"@type":"ImageObject","inLanguage":"fr-FR","@id":"https:\/\/www.mesvendanges.com\/en\/#\/schema\/logo\/image\/","url":"https:\/\/www.mesvendanges.com\/wp-content\/uploads\/2022\/02\/logo-mesvendanges.jpg","contentUrl":"https:\/\/www.mesvendanges.com\/wp-content\/uploads\/2022\/02\/logo-mesvendanges.jpg","width":851,"height":260,"caption":"Mes Vendanges"},"image":{"@id":"https:\/\/www.mesvendanges.com\/en\/#\/schema\/logo\/image\/"}},{"@type":"WebSite","@id":"https:\/\/www.mesvendanges.com\/en\/#website","url":"https:\/\/www.mesvendanges.com\/en\/","name":"Mes Vendanges","description":"Des journ\u00e9es enti\u00e8res dans les vignes","publisher":{"@id":"https:\/\/www.mesvendanges.com\/en\/#organization"},"potentialAction":[{"@type":"SearchAction","target":{"@type":"EntryPoint","urlTemplate":"https:\/\/www.mesvendanges.com\/en\/?s={search_term_string}"},"query-input":"required name=search_term_string"}],"inLanguage":"fr-FR"},{"@type":"ImageObject","inLanguage":"fr-FR","@id":"https:\/\/www.mesvendanges.com\/en\/shop\/wines\/riesling-hofberg-grosses-gewachs-magnum-adam-a-j-weingut-2016-150cl\/#primaryimage","url":"https:\/\/www.mesvendanges.com\/wp-content\/uploads\/2022\/07\/adam-a-j-weingut-riesling-hofberg-grosses-gewachs-magnum-mosel-saar-ruwer-2016-150cl-blanc-png.png","contentUrl":"https:\/\/www.mesvendanges.com\/wp-content\/uploads\/2022\/07\/adam-a-j-weingut-riesling-hofberg-grosses-gewachs-magnum-mosel-saar-ruwer-2016-150cl-blanc-png.png","width":293,"height":1500},{"@type":"WebPage","@id":"https:\/\/www.mesvendanges.com\/en\/shop\/wines\/riesling-hofberg-grosses-gewachs-magnum-adam-a-j-weingut-2016-150cl\/","url":"https:\/\/www.mesvendanges.com\/en\/shop\/wines\/riesling-hofberg-grosses-gewachs-magnum-adam-a-j-weingut-2016-150cl\/","name":"RIESLING HOFBERG GROSSES GEWACHS MAGNUM - Mes Vendanges","isPartOf":{"@id":"https:\/\/www.mesvendanges.com\/en\/#website"},"primaryImageOfPage":{"@id":"https:\/\/www.mesvendanges.com\/en\/shop\/wines\/riesling-hofberg-grosses-gewachs-magnum-adam-a-j-weingut-2016-150cl\/#primaryimage"},"datePublished":"2022-08-02T12:42:43+00:00","dateModified":"2025-05-01T11:59:20+00:00","breadcrumb":{"@id":"https:\/\/www.mesvendanges.com\/en\/shop\/wines\/riesling-hofberg-grosses-gewachs-magnum-adam-a-j-weingut-2016-150cl\/#breadcrumb"},"inLanguage":"fr-FR","potentialAction":[{"@type":"ReadAction","target":["https:\/\/www.mesvendanges.com\/en\/shop\/wines\/riesling-hofberg-grosses-gewachs-magnum-adam-a-j-weingut-2016-150cl\/"]}]},{"@type":"BreadcrumbList","@id":"https:\/\/www.mesvendanges.com\/en\/shop\/wines\/riesling-hofberg-grosses-gewachs-magnum-adam-a-j-weingut-2016-150cl\/#breadcrumb","itemListElement":[{"@type":"ListItem","position":1,"name":"Home","item":"https:\/\/www.mesvendanges.com\/en\/"},{"@type":"ListItem","position":2,"name":"Shop","item":"https:\/\/www.mesvendanges.com\/en\/shop\/"},{"@type":"ListItem","position":3,"name":"RIESLING HOFBERG GROSSES GEWACHS MAGNUM"}]}]}},"_links":{"self":[{"href":"https:\/\/www.mesvendanges.com\/en\/wp-json\/wp\/v2\/product\/40422"}],"collection":[{"href":"https:\/\/www.mesvendanges.com\/en\/wp-json\/wp\/v2\/product"}],"about":[{"href":"https:\/\/www.mesvendanges.com\/en\/wp-json\/wp\/v2\/types\/product"}],"wp:featuredmedia":[{"embeddable":true,"href":"https:\/\/www.mesvendanges.com\/en\/wp-json\/wp\/v2\/media\/18894"}],"wp:attachment":[{"href":"https:\/\/www.mesvendanges.com\/en\/wp-json\/wp\/v2\/media?parent=40422"}],"wp:term":[{"taxonomy":"product_cat","embeddable":true,"href":"https:\/\/www.mesvendanges.com\/en\/wp-json\/wp\/v2\/product_cat?post=40422"},{"taxonomy":"product_tag","embeddable":true,"href":"https:\/\/www.mesvendanges.com\/en\/wp-json\/wp\/v2\/product_tag?post=40422"}],"curies":[{"name":"wp","href":"https:\/\/api.w.org\/{rel}","templated":true}]}}