{"id":41014,"date":"2022-08-02T14:56:55","date_gmt":"2022-08-02T12:56:55","guid":{"rendered":"https:\/\/www.mesvendanges.com\/shop\/uncategorized\/blaufrankisch-lutzmannsburg-vieilles-vignes-2\/"},"modified":"2025-07-07T15:53:46","modified_gmt":"2025-07-07T13:53:46","slug":"blaufrankisch-lutzmannsburg-vieilles-vignes-schiefer-uwe-2015-75cl","status":"publish","type":"product","link":"https:\/\/www.mesvendanges.com\/en\/shop\/wines\/blaufrankisch-lutzmannsburg-vieilles-vignes-schiefer-uwe-2015-75cl\/","title":{"rendered":"BLAUFRANKISCH LUTZMANNSBURG VIEILLES VIGNES"},"content":{"rendered":"<p>Uwe Schiefer comme Roland Velich (Weingut Moric) a la chance d&#8217;avoir une parcelle de ce cru magnifique. Le Lutzmannsburg avec son sol plus marqu\u00e9 par le calcaire et les argiles donne des vins de grande densit\u00e9, \u00e0 la structure verticale. La richesse des tannins \u00e9pouse parfaitement le fruit pour donner un vin ample, velout\u00e9. La fra\u00eecheur et l\u2019aromatique du blaufrankish donnent \u00e0 l&#8217;ensemble une \u00e9l\u00e9gance rare, qui signe le grand vin.<\/p>\n","protected":false},"excerpt":{"rendered":"<p>Uwe Schiefer comme Roland Velich (Weingut Moric) a la chance d&#8217;avoir une parcelle de ce cru magnifique. Le Lutzmannsburg avec son sol plus marqu\u00e9 par le calcaire et les argiles donne des vins de grande densit\u00e9, \u00e0 la structure verticale. La richesse des tannins \u00e9pouse parfaitement le fruit pour donner un vin ample, velout\u00e9. La [&hellip;]<\/p>\n","protected":false},"featured_media":19508,"template":"","meta":[],"product_cat":[3740],"product_tag":[],"acf":[],"yoast_head":"<!-- This site is optimized with the Yoast SEO plugin v19.3 - https:\/\/yoast.com\/wordpress\/plugins\/seo\/ -->\n<title>BLAUFRANKISCH LUTZMANNSBURG VIEILLES VIGNES - Mes Vendanges<\/title>\n<meta name=\"robots\" content=\"index, follow, max-snippet:-1, max-image-preview:large, max-video-preview:-1\" \/>\n<link rel=\"canonical\" href=\"https:\/\/www.mesvendanges.com\/en\/shop\/wines\/blaufrankisch-lutzmannsburg-vieilles-vignes-schiefer-uwe-2015-75cl\/\" \/>\n<meta property=\"og:locale\" content=\"en_US\" \/>\n<meta property=\"og:type\" content=\"article\" \/>\n<meta property=\"og:title\" content=\"BLAUFRANKISCH LUTZMANNSBURG VIEILLES VIGNES - Mes Vendanges\" \/>\n<meta property=\"og:description\" content=\"Uwe Schiefer comme Roland Velich (Weingut Moric) a la chance d&#8217;avoir une parcelle de ce cru magnifique. Le Lutzmannsburg avec son sol plus marqu\u00e9 par le calcaire et les argiles donne des vins de grande densit\u00e9, \u00e0 la structure verticale. La richesse des tannins \u00e9pouse parfaitement le fruit pour donner un vin ample, velout\u00e9. La [&hellip;]\" \/>\n<meta property=\"og:url\" content=\"https:\/\/www.mesvendanges.com\/en\/shop\/wines\/blaufrankisch-lutzmannsburg-vieilles-vignes-schiefer-uwe-2015-75cl\/\" \/>\n<meta property=\"og:site_name\" content=\"Mes Vendanges\" \/>\n<meta property=\"article:modified_time\" content=\"2025-07-07T13:53:46+00:00\" \/>\n<meta property=\"og:image\" content=\"https:\/\/www.mesvendanges.com\/wp-content\/uploads\/2022\/07\/schiefer-uwe-blaufrankisch-lutzmannsburg-vieilles-vignes-burgenland-rouge-2015-png.png\" \/>\n\t<meta property=\"og:image:width\" content=\"502\" \/>\n\t<meta property=\"og:image:height\" content=\"1500\" \/>\n\t<meta property=\"og:image:type\" content=\"image\/png\" \/>\n<meta name=\"twitter:card\" content=\"summary_large_image\" \/>\n<script type=\"application\/ld+json\" class=\"yoast-schema-graph\">{\"@context\":\"https:\/\/schema.org\",\"@graph\":[{\"@type\":\"Organization\",\"@id\":\"https:\/\/www.mesvendanges.com\/en\/#organization\",\"name\":\"Mes Vendanges\",\"url\":\"https:\/\/www.mesvendanges.com\/en\/\",\"sameAs\":[],\"logo\":{\"@type\":\"ImageObject\",\"inLanguage\":\"fr-FR\",\"@id\":\"https:\/\/www.mesvendanges.com\/en\/#\/schema\/logo\/image\/\",\"url\":\"https:\/\/www.mesvendanges.com\/wp-content\/uploads\/2022\/02\/logo-mesvendanges.jpg\",\"contentUrl\":\"https:\/\/www.mesvendanges.com\/wp-content\/uploads\/2022\/02\/logo-mesvendanges.jpg\",\"width\":851,\"height\":260,\"caption\":\"Mes Vendanges\"},\"image\":{\"@id\":\"https:\/\/www.mesvendanges.com\/en\/#\/schema\/logo\/image\/\"}},{\"@type\":\"WebSite\",\"@id\":\"https:\/\/www.mesvendanges.com\/en\/#website\",\"url\":\"https:\/\/www.mesvendanges.com\/en\/\",\"name\":\"Mes Vendanges\",\"description\":\"Des journ\u00e9es enti\u00e8res dans les vignes\",\"publisher\":{\"@id\":\"https:\/\/www.mesvendanges.com\/en\/#organization\"},\"potentialAction\":[{\"@type\":\"SearchAction\",\"target\":{\"@type\":\"EntryPoint\",\"urlTemplate\":\"https:\/\/www.mesvendanges.com\/en\/?s={search_term_string}\"},\"query-input\":\"required name=search_term_string\"}],\"inLanguage\":\"fr-FR\"},{\"@type\":\"ImageObject\",\"inLanguage\":\"fr-FR\",\"@id\":\"https:\/\/www.mesvendanges.com\/en\/shop\/wines\/blaufrankisch-lutzmannsburg-vieilles-vignes-schiefer-uwe-2015-75cl\/#primaryimage\",\"url\":\"https:\/\/www.mesvendanges.com\/wp-content\/uploads\/2022\/07\/schiefer-uwe-blaufrankisch-lutzmannsburg-vieilles-vignes-burgenland-rouge-2015-png.png\",\"contentUrl\":\"https:\/\/www.mesvendanges.com\/wp-content\/uploads\/2022\/07\/schiefer-uwe-blaufrankisch-lutzmannsburg-vieilles-vignes-burgenland-rouge-2015-png.png\",\"width\":502,\"height\":1500},{\"@type\":\"WebPage\",\"@id\":\"https:\/\/www.mesvendanges.com\/en\/shop\/wines\/blaufrankisch-lutzmannsburg-vieilles-vignes-schiefer-uwe-2015-75cl\/\",\"url\":\"https:\/\/www.mesvendanges.com\/en\/shop\/wines\/blaufrankisch-lutzmannsburg-vieilles-vignes-schiefer-uwe-2015-75cl\/\",\"name\":\"BLAUFRANKISCH LUTZMANNSBURG VIEILLES VIGNES - Mes Vendanges\",\"isPartOf\":{\"@id\":\"https:\/\/www.mesvendanges.com\/en\/#website\"},\"primaryImageOfPage\":{\"@id\":\"https:\/\/www.mesvendanges.com\/en\/shop\/wines\/blaufrankisch-lutzmannsburg-vieilles-vignes-schiefer-uwe-2015-75cl\/#primaryimage\"},\"datePublished\":\"2022-08-02T12:56:55+00:00\",\"dateModified\":\"2025-07-07T13:53:46+00:00\",\"breadcrumb\":{\"@id\":\"https:\/\/www.mesvendanges.com\/en\/shop\/wines\/blaufrankisch-lutzmannsburg-vieilles-vignes-schiefer-uwe-2015-75cl\/#breadcrumb\"},\"inLanguage\":\"fr-FR\",\"potentialAction\":[{\"@type\":\"ReadAction\",\"target\":[\"https:\/\/www.mesvendanges.com\/en\/shop\/wines\/blaufrankisch-lutzmannsburg-vieilles-vignes-schiefer-uwe-2015-75cl\/\"]}]},{\"@type\":\"BreadcrumbList\",\"@id\":\"https:\/\/www.mesvendanges.com\/en\/shop\/wines\/blaufrankisch-lutzmannsburg-vieilles-vignes-schiefer-uwe-2015-75cl\/#breadcrumb\",\"itemListElement\":[{\"@type\":\"ListItem\",\"position\":1,\"name\":\"Home\",\"item\":\"https:\/\/www.mesvendanges.com\/en\/\"},{\"@type\":\"ListItem\",\"position\":2,\"name\":\"Shop\",\"item\":\"https:\/\/www.mesvendanges.com\/en\/shop\/\"},{\"@type\":\"ListItem\",\"position\":3,\"name\":\"BLAUFRANKISCH LUTZMANNSBURG VIEILLES VIGNES\"}]}]}<\/script>\n<!-- \/ Yoast SEO plugin. -->","yoast_head_json":{"title":"BLAUFRANKISCH LUTZMANNSBURG VIEILLES VIGNES - Mes Vendanges","robots":{"index":"index","follow":"follow","max-snippet":"max-snippet:-1","max-image-preview":"max-image-preview:large","max-video-preview":"max-video-preview:-1"},"canonical":"https:\/\/www.mesvendanges.com\/en\/shop\/wines\/blaufrankisch-lutzmannsburg-vieilles-vignes-schiefer-uwe-2015-75cl\/","og_locale":"en_US","og_type":"article","og_title":"BLAUFRANKISCH LUTZMANNSBURG VIEILLES VIGNES - Mes Vendanges","og_description":"Uwe Schiefer comme Roland Velich (Weingut Moric) a la chance d&#8217;avoir une parcelle de ce cru magnifique. Le Lutzmannsburg avec son sol plus marqu\u00e9 par le calcaire et les argiles donne des vins de grande densit\u00e9, \u00e0 la structure verticale. La richesse des tannins \u00e9pouse parfaitement le fruit pour donner un vin ample, velout\u00e9. La [&hellip;]","og_url":"https:\/\/www.mesvendanges.com\/en\/shop\/wines\/blaufrankisch-lutzmannsburg-vieilles-vignes-schiefer-uwe-2015-75cl\/","og_site_name":"Mes Vendanges","article_modified_time":"2025-07-07T13:53:46+00:00","og_image":[{"width":502,"height":1500,"url":"https:\/\/www.mesvendanges.com\/wp-content\/uploads\/2022\/07\/schiefer-uwe-blaufrankisch-lutzmannsburg-vieilles-vignes-burgenland-rouge-2015-png.png","type":"image\/png"}],"twitter_card":"summary_large_image","schema":{"@context":"https:\/\/schema.org","@graph":[{"@type":"Organization","@id":"https:\/\/www.mesvendanges.com\/en\/#organization","name":"Mes Vendanges","url":"https:\/\/www.mesvendanges.com\/en\/","sameAs":[],"logo":{"@type":"ImageObject","inLanguage":"fr-FR","@id":"https:\/\/www.mesvendanges.com\/en\/#\/schema\/logo\/image\/","url":"https:\/\/www.mesvendanges.com\/wp-content\/uploads\/2022\/02\/logo-mesvendanges.jpg","contentUrl":"https:\/\/www.mesvendanges.com\/wp-content\/uploads\/2022\/02\/logo-mesvendanges.jpg","width":851,"height":260,"caption":"Mes Vendanges"},"image":{"@id":"https:\/\/www.mesvendanges.com\/en\/#\/schema\/logo\/image\/"}},{"@type":"WebSite","@id":"https:\/\/www.mesvendanges.com\/en\/#website","url":"https:\/\/www.mesvendanges.com\/en\/","name":"Mes Vendanges","description":"Des journ\u00e9es enti\u00e8res dans les vignes","publisher":{"@id":"https:\/\/www.mesvendanges.com\/en\/#organization"},"potentialAction":[{"@type":"SearchAction","target":{"@type":"EntryPoint","urlTemplate":"https:\/\/www.mesvendanges.com\/en\/?s={search_term_string}"},"query-input":"required name=search_term_string"}],"inLanguage":"fr-FR"},{"@type":"ImageObject","inLanguage":"fr-FR","@id":"https:\/\/www.mesvendanges.com\/en\/shop\/wines\/blaufrankisch-lutzmannsburg-vieilles-vignes-schiefer-uwe-2015-75cl\/#primaryimage","url":"https:\/\/www.mesvendanges.com\/wp-content\/uploads\/2022\/07\/schiefer-uwe-blaufrankisch-lutzmannsburg-vieilles-vignes-burgenland-rouge-2015-png.png","contentUrl":"https:\/\/www.mesvendanges.com\/wp-content\/uploads\/2022\/07\/schiefer-uwe-blaufrankisch-lutzmannsburg-vieilles-vignes-burgenland-rouge-2015-png.png","width":502,"height":1500},{"@type":"WebPage","@id":"https:\/\/www.mesvendanges.com\/en\/shop\/wines\/blaufrankisch-lutzmannsburg-vieilles-vignes-schiefer-uwe-2015-75cl\/","url":"https:\/\/www.mesvendanges.com\/en\/shop\/wines\/blaufrankisch-lutzmannsburg-vieilles-vignes-schiefer-uwe-2015-75cl\/","name":"BLAUFRANKISCH LUTZMANNSBURG VIEILLES VIGNES - Mes Vendanges","isPartOf":{"@id":"https:\/\/www.mesvendanges.com\/en\/#website"},"primaryImageOfPage":{"@id":"https:\/\/www.mesvendanges.com\/en\/shop\/wines\/blaufrankisch-lutzmannsburg-vieilles-vignes-schiefer-uwe-2015-75cl\/#primaryimage"},"datePublished":"2022-08-02T12:56:55+00:00","dateModified":"2025-07-07T13:53:46+00:00","breadcrumb":{"@id":"https:\/\/www.mesvendanges.com\/en\/shop\/wines\/blaufrankisch-lutzmannsburg-vieilles-vignes-schiefer-uwe-2015-75cl\/#breadcrumb"},"inLanguage":"fr-FR","potentialAction":[{"@type":"ReadAction","target":["https:\/\/www.mesvendanges.com\/en\/shop\/wines\/blaufrankisch-lutzmannsburg-vieilles-vignes-schiefer-uwe-2015-75cl\/"]}]},{"@type":"BreadcrumbList","@id":"https:\/\/www.mesvendanges.com\/en\/shop\/wines\/blaufrankisch-lutzmannsburg-vieilles-vignes-schiefer-uwe-2015-75cl\/#breadcrumb","itemListElement":[{"@type":"ListItem","position":1,"name":"Home","item":"https:\/\/www.mesvendanges.com\/en\/"},{"@type":"ListItem","position":2,"name":"Shop","item":"https:\/\/www.mesvendanges.com\/en\/shop\/"},{"@type":"ListItem","position":3,"name":"BLAUFRANKISCH LUTZMANNSBURG VIEILLES VIGNES"}]}]}},"_links":{"self":[{"href":"https:\/\/www.mesvendanges.com\/en\/wp-json\/wp\/v2\/product\/41014"}],"collection":[{"href":"https:\/\/www.mesvendanges.com\/en\/wp-json\/wp\/v2\/product"}],"about":[{"href":"https:\/\/www.mesvendanges.com\/en\/wp-json\/wp\/v2\/types\/product"}],"wp:featuredmedia":[{"embeddable":true,"href":"https:\/\/www.mesvendanges.com\/en\/wp-json\/wp\/v2\/media\/19508"}],"wp:attachment":[{"href":"https:\/\/www.mesvendanges.com\/en\/wp-json\/wp\/v2\/media?parent=41014"}],"wp:term":[{"taxonomy":"product_cat","embeddable":true,"href":"https:\/\/www.mesvendanges.com\/en\/wp-json\/wp\/v2\/product_cat?post=41014"},{"taxonomy":"product_tag","embeddable":true,"href":"https:\/\/www.mesvendanges.com\/en\/wp-json\/wp\/v2\/product_tag?post=41014"}],"curies":[{"name":"wp","href":"https:\/\/api.w.org\/{rel}","templated":true}]}}