{"id":42134,"date":"2022-08-02T15:24:34","date_gmt":"2022-08-02T13:24:34","guid":{"rendered":"https:\/\/www.mesvendanges.com\/shop\/uncategorized\/riesling-uhlen-roth-lay-grosse-lage-4\/"},"modified":"2025-12-01T17:34:12","modified_gmt":"2025-12-01T16:34:12","slug":"riesling-uhlen-roth-lay-grosse-lage-heymann-loewenstein-2016-75cl","status":"publish","type":"product","link":"https:\/\/www.mesvendanges.com\/en\/shop\/wines\/riesling-uhlen-roth-lay-grosse-lage-heymann-loewenstein-2016-75cl\/","title":{"rendered":"RIESLING UHLEN ROTH LAY GROSSE LAGE"},"content":{"rendered":"<div>Un navire charg\u00e9 d&#8217;or naviguant au travers de mers myst\u00e9rieuses dans son voyage vers Atlantis voici la tonalit\u00e9 du vin comme la ressent Reinhard Loewenstein! Des trois Uhlen, le Roth Lay est sans doute le plus baroque et large. On retrouve le Ulhlen par la construction droite du vin, le terroir du Roth Lay apportant la pl\u00e9nitude fourmillante. Le Roth Lay est issu de vieilles vignes de riesling (50 ans). Terroir de 2.2 hectares expos\u00e9 plein sud. Au domaine Heymann-Loewenstein les fermentations se font sur levures indig\u00e8nes et l&#8217;\u00e9levage a lieu en cuves inox puis en foudres.<\/div>\n<div><\/div>\n<div>93-94\/100 WINE ADVOCATE<br \/>92-95\/100 MOSEL FINE WINE<\/div>\n","protected":false},"excerpt":{"rendered":"<p>Un navire charg\u00e9 d&#8217;or naviguant au travers de mers myst\u00e9rieuses dans son voyage vers Atlantis voici la tonalit\u00e9 du vin comme la ressent Reinhard Loewenstein! Des trois Uhlen, le Roth Lay est sans doute le plus baroque et large. On retrouve le Ulhlen par la construction droite du vin, le terroir du Roth Lay apportant [&hellip;]<\/p>\n","protected":false},"featured_media":87265,"template":"","meta":[],"product_cat":[3740],"product_tag":[],"acf":[],"yoast_head":"<!-- This site is optimized with the Yoast SEO plugin v19.3 - https:\/\/yoast.com\/wordpress\/plugins\/seo\/ -->\n<title>RIESLING UHLEN ROTH LAY GROSSE LAGE - Mes Vendanges<\/title>\n<meta name=\"robots\" content=\"index, follow, max-snippet:-1, max-image-preview:large, max-video-preview:-1\" \/>\n<link rel=\"canonical\" href=\"https:\/\/www.mesvendanges.com\/en\/shop\/wines\/riesling-uhlen-roth-lay-grosse-lage-heymann-loewenstein-2016-75cl\/\" \/>\n<meta property=\"og:locale\" content=\"en_US\" \/>\n<meta property=\"og:type\" content=\"article\" \/>\n<meta property=\"og:title\" content=\"RIESLING UHLEN ROTH LAY GROSSE LAGE - Mes Vendanges\" \/>\n<meta property=\"og:description\" content=\"Un navire charg\u00e9 d&#8217;or naviguant au travers de mers myst\u00e9rieuses dans son voyage vers Atlantis voici la tonalit\u00e9 du vin comme la ressent Reinhard Loewenstein! Des trois Uhlen, le Roth Lay est sans doute le plus baroque et large. On retrouve le Ulhlen par la construction droite du vin, le terroir du Roth Lay apportant [&hellip;]\" \/>\n<meta property=\"og:url\" content=\"https:\/\/www.mesvendanges.com\/en\/shop\/wines\/riesling-uhlen-roth-lay-grosse-lage-heymann-loewenstein-2016-75cl\/\" \/>\n<meta property=\"og:site_name\" content=\"Mes Vendanges\" \/>\n<meta property=\"article:modified_time\" content=\"2025-12-01T16:34:12+00:00\" \/>\n<meta property=\"og:image\" content=\"https:\/\/www.mesvendanges.com\/wp-content\/uploads\/2025\/05\/heymann-lowenstein-riesling-roth-lay-2016.png\" \/>\n\t<meta property=\"og:image:width\" content=\"370\" \/>\n\t<meta property=\"og:image:height\" content=\"1500\" \/>\n\t<meta property=\"og:image:type\" content=\"image\/png\" \/>\n<meta name=\"twitter:card\" content=\"summary_large_image\" \/>\n<meta name=\"twitter:label1\" content=\"Est. reading time\" \/>\n\t<meta name=\"twitter:data1\" content=\"1 minute\" \/>\n<script type=\"application\/ld+json\" class=\"yoast-schema-graph\">{\"@context\":\"https:\/\/schema.org\",\"@graph\":[{\"@type\":\"Organization\",\"@id\":\"https:\/\/www.mesvendanges.com\/en\/#organization\",\"name\":\"Mes Vendanges\",\"url\":\"https:\/\/www.mesvendanges.com\/en\/\",\"sameAs\":[],\"logo\":{\"@type\":\"ImageObject\",\"inLanguage\":\"fr-FR\",\"@id\":\"https:\/\/www.mesvendanges.com\/en\/#\/schema\/logo\/image\/\",\"url\":\"https:\/\/www.mesvendanges.com\/wp-content\/uploads\/2022\/02\/logo-mesvendanges.jpg\",\"contentUrl\":\"https:\/\/www.mesvendanges.com\/wp-content\/uploads\/2022\/02\/logo-mesvendanges.jpg\",\"width\":851,\"height\":260,\"caption\":\"Mes Vendanges\"},\"image\":{\"@id\":\"https:\/\/www.mesvendanges.com\/en\/#\/schema\/logo\/image\/\"}},{\"@type\":\"WebSite\",\"@id\":\"https:\/\/www.mesvendanges.com\/en\/#website\",\"url\":\"https:\/\/www.mesvendanges.com\/en\/\",\"name\":\"Mes Vendanges\",\"description\":\"Des journ\u00e9es enti\u00e8res dans les vignes\",\"publisher\":{\"@id\":\"https:\/\/www.mesvendanges.com\/en\/#organization\"},\"potentialAction\":[{\"@type\":\"SearchAction\",\"target\":{\"@type\":\"EntryPoint\",\"urlTemplate\":\"https:\/\/www.mesvendanges.com\/en\/?s={search_term_string}\"},\"query-input\":\"required name=search_term_string\"}],\"inLanguage\":\"fr-FR\"},{\"@type\":\"ImageObject\",\"inLanguage\":\"fr-FR\",\"@id\":\"https:\/\/www.mesvendanges.com\/en\/shop\/wines\/riesling-uhlen-roth-lay-grosse-lage-heymann-loewenstein-2016-75cl\/#primaryimage\",\"url\":\"https:\/\/www.mesvendanges.com\/wp-content\/uploads\/2025\/05\/heymann-lowenstein-riesling-roth-lay-2016.png\",\"contentUrl\":\"https:\/\/www.mesvendanges.com\/wp-content\/uploads\/2025\/05\/heymann-lowenstein-riesling-roth-lay-2016.png\",\"width\":370,\"height\":1500},{\"@type\":\"WebPage\",\"@id\":\"https:\/\/www.mesvendanges.com\/en\/shop\/wines\/riesling-uhlen-roth-lay-grosse-lage-heymann-loewenstein-2016-75cl\/\",\"url\":\"https:\/\/www.mesvendanges.com\/en\/shop\/wines\/riesling-uhlen-roth-lay-grosse-lage-heymann-loewenstein-2016-75cl\/\",\"name\":\"RIESLING UHLEN ROTH LAY GROSSE LAGE - Mes Vendanges\",\"isPartOf\":{\"@id\":\"https:\/\/www.mesvendanges.com\/en\/#website\"},\"primaryImageOfPage\":{\"@id\":\"https:\/\/www.mesvendanges.com\/en\/shop\/wines\/riesling-uhlen-roth-lay-grosse-lage-heymann-loewenstein-2016-75cl\/#primaryimage\"},\"datePublished\":\"2022-08-02T13:24:34+00:00\",\"dateModified\":\"2025-12-01T16:34:12+00:00\",\"breadcrumb\":{\"@id\":\"https:\/\/www.mesvendanges.com\/en\/shop\/wines\/riesling-uhlen-roth-lay-grosse-lage-heymann-loewenstein-2016-75cl\/#breadcrumb\"},\"inLanguage\":\"fr-FR\",\"potentialAction\":[{\"@type\":\"ReadAction\",\"target\":[\"https:\/\/www.mesvendanges.com\/en\/shop\/wines\/riesling-uhlen-roth-lay-grosse-lage-heymann-loewenstein-2016-75cl\/\"]}]},{\"@type\":\"BreadcrumbList\",\"@id\":\"https:\/\/www.mesvendanges.com\/en\/shop\/wines\/riesling-uhlen-roth-lay-grosse-lage-heymann-loewenstein-2016-75cl\/#breadcrumb\",\"itemListElement\":[{\"@type\":\"ListItem\",\"position\":1,\"name\":\"Home\",\"item\":\"https:\/\/www.mesvendanges.com\/en\/\"},{\"@type\":\"ListItem\",\"position\":2,\"name\":\"Shop\",\"item\":\"https:\/\/www.mesvendanges.com\/en\/shop\/\"},{\"@type\":\"ListItem\",\"position\":3,\"name\":\"RIESLING UHLEN ROTH LAY GROSSE LAGE\"}]}]}<\/script>\n<!-- \/ Yoast SEO plugin. -->","yoast_head_json":{"title":"RIESLING UHLEN ROTH LAY GROSSE LAGE - Mes Vendanges","robots":{"index":"index","follow":"follow","max-snippet":"max-snippet:-1","max-image-preview":"max-image-preview:large","max-video-preview":"max-video-preview:-1"},"canonical":"https:\/\/www.mesvendanges.com\/en\/shop\/wines\/riesling-uhlen-roth-lay-grosse-lage-heymann-loewenstein-2016-75cl\/","og_locale":"en_US","og_type":"article","og_title":"RIESLING UHLEN ROTH LAY GROSSE LAGE - Mes Vendanges","og_description":"Un navire charg\u00e9 d&#8217;or naviguant au travers de mers myst\u00e9rieuses dans son voyage vers Atlantis voici la tonalit\u00e9 du vin comme la ressent Reinhard Loewenstein! Des trois Uhlen, le Roth Lay est sans doute le plus baroque et large. On retrouve le Ulhlen par la construction droite du vin, le terroir du Roth Lay apportant [&hellip;]","og_url":"https:\/\/www.mesvendanges.com\/en\/shop\/wines\/riesling-uhlen-roth-lay-grosse-lage-heymann-loewenstein-2016-75cl\/","og_site_name":"Mes Vendanges","article_modified_time":"2025-12-01T16:34:12+00:00","og_image":[{"width":370,"height":1500,"url":"https:\/\/www.mesvendanges.com\/wp-content\/uploads\/2025\/05\/heymann-lowenstein-riesling-roth-lay-2016.png","type":"image\/png"}],"twitter_card":"summary_large_image","twitter_misc":{"Est. reading time":"1 minute"},"schema":{"@context":"https:\/\/schema.org","@graph":[{"@type":"Organization","@id":"https:\/\/www.mesvendanges.com\/en\/#organization","name":"Mes Vendanges","url":"https:\/\/www.mesvendanges.com\/en\/","sameAs":[],"logo":{"@type":"ImageObject","inLanguage":"fr-FR","@id":"https:\/\/www.mesvendanges.com\/en\/#\/schema\/logo\/image\/","url":"https:\/\/www.mesvendanges.com\/wp-content\/uploads\/2022\/02\/logo-mesvendanges.jpg","contentUrl":"https:\/\/www.mesvendanges.com\/wp-content\/uploads\/2022\/02\/logo-mesvendanges.jpg","width":851,"height":260,"caption":"Mes Vendanges"},"image":{"@id":"https:\/\/www.mesvendanges.com\/en\/#\/schema\/logo\/image\/"}},{"@type":"WebSite","@id":"https:\/\/www.mesvendanges.com\/en\/#website","url":"https:\/\/www.mesvendanges.com\/en\/","name":"Mes Vendanges","description":"Des journ\u00e9es enti\u00e8res dans les vignes","publisher":{"@id":"https:\/\/www.mesvendanges.com\/en\/#organization"},"potentialAction":[{"@type":"SearchAction","target":{"@type":"EntryPoint","urlTemplate":"https:\/\/www.mesvendanges.com\/en\/?s={search_term_string}"},"query-input":"required name=search_term_string"}],"inLanguage":"fr-FR"},{"@type":"ImageObject","inLanguage":"fr-FR","@id":"https:\/\/www.mesvendanges.com\/en\/shop\/wines\/riesling-uhlen-roth-lay-grosse-lage-heymann-loewenstein-2016-75cl\/#primaryimage","url":"https:\/\/www.mesvendanges.com\/wp-content\/uploads\/2025\/05\/heymann-lowenstein-riesling-roth-lay-2016.png","contentUrl":"https:\/\/www.mesvendanges.com\/wp-content\/uploads\/2025\/05\/heymann-lowenstein-riesling-roth-lay-2016.png","width":370,"height":1500},{"@type":"WebPage","@id":"https:\/\/www.mesvendanges.com\/en\/shop\/wines\/riesling-uhlen-roth-lay-grosse-lage-heymann-loewenstein-2016-75cl\/","url":"https:\/\/www.mesvendanges.com\/en\/shop\/wines\/riesling-uhlen-roth-lay-grosse-lage-heymann-loewenstein-2016-75cl\/","name":"RIESLING UHLEN ROTH LAY GROSSE LAGE - Mes Vendanges","isPartOf":{"@id":"https:\/\/www.mesvendanges.com\/en\/#website"},"primaryImageOfPage":{"@id":"https:\/\/www.mesvendanges.com\/en\/shop\/wines\/riesling-uhlen-roth-lay-grosse-lage-heymann-loewenstein-2016-75cl\/#primaryimage"},"datePublished":"2022-08-02T13:24:34+00:00","dateModified":"2025-12-01T16:34:12+00:00","breadcrumb":{"@id":"https:\/\/www.mesvendanges.com\/en\/shop\/wines\/riesling-uhlen-roth-lay-grosse-lage-heymann-loewenstein-2016-75cl\/#breadcrumb"},"inLanguage":"fr-FR","potentialAction":[{"@type":"ReadAction","target":["https:\/\/www.mesvendanges.com\/en\/shop\/wines\/riesling-uhlen-roth-lay-grosse-lage-heymann-loewenstein-2016-75cl\/"]}]},{"@type":"BreadcrumbList","@id":"https:\/\/www.mesvendanges.com\/en\/shop\/wines\/riesling-uhlen-roth-lay-grosse-lage-heymann-loewenstein-2016-75cl\/#breadcrumb","itemListElement":[{"@type":"ListItem","position":1,"name":"Home","item":"https:\/\/www.mesvendanges.com\/en\/"},{"@type":"ListItem","position":2,"name":"Shop","item":"https:\/\/www.mesvendanges.com\/en\/shop\/"},{"@type":"ListItem","position":3,"name":"RIESLING UHLEN ROTH LAY GROSSE LAGE"}]}]}},"_links":{"self":[{"href":"https:\/\/www.mesvendanges.com\/en\/wp-json\/wp\/v2\/product\/42134"}],"collection":[{"href":"https:\/\/www.mesvendanges.com\/en\/wp-json\/wp\/v2\/product"}],"about":[{"href":"https:\/\/www.mesvendanges.com\/en\/wp-json\/wp\/v2\/types\/product"}],"wp:featuredmedia":[{"embeddable":true,"href":"https:\/\/www.mesvendanges.com\/en\/wp-json\/wp\/v2\/media\/87265"}],"wp:attachment":[{"href":"https:\/\/www.mesvendanges.com\/en\/wp-json\/wp\/v2\/media?parent=42134"}],"wp:term":[{"taxonomy":"product_cat","embeddable":true,"href":"https:\/\/www.mesvendanges.com\/en\/wp-json\/wp\/v2\/product_cat?post=42134"},{"taxonomy":"product_tag","embeddable":true,"href":"https:\/\/www.mesvendanges.com\/en\/wp-json\/wp\/v2\/product_tag?post=42134"}],"curies":[{"name":"wp","href":"https:\/\/api.w.org\/{rel}","templated":true}]}}