{"id":42298,"date":"2022-08-02T15:28:43","date_gmt":"2022-08-02T13:28:43","guid":{"rendered":"https:\/\/www.mesvendanges.com\/shop\/uncategorized\/riesling-schieferterrassen-auslese-goldkapsel-magnum\/"},"modified":"2025-05-01T16:04:39","modified_gmt":"2025-05-01T14:04:39","slug":"riesling-schieferterrassen-auslese-goldkapsel-magnum-heymann-loewenstein-2013-150cl","status":"publish","type":"product","link":"https:\/\/www.mesvendanges.com\/en\/shop\/wines\/riesling-schieferterrassen-auslese-goldkapsel-magnum-heymann-loewenstein-2013-150cl\/","title":{"rendered":"RIESLING SCHIEFERTERRASSEN AUSLESE GOLDKAPSEL MAGNUM"},"content":{"rendered":"<p>Pour Reinhard Loewenstein, ce vin c&#8217;est un peu Papageno et Papagena, un brin de folie mozartienne, o\u00f9 le fruit serait coquet, jouant l&#8217;espi\u00e8glerie avec le schiste, tandis que la Lune et le Soleil contempleraient le tableau de loin ! Oui Reinhard a de l&#8217;imagination, c&#8217;est aussi son envie de parler du vin autrement ! Ce vin est issu de 4.5 hectares de riesling plant\u00e9s sur toute la palette des schistes du domaine, les vignes ont environ 40 ans et sont orient\u00e9es sud-est \u00e0 sud-ouest. Au domaine Heymann-Loewenstein les fermentations se font sur levures indig\u00e8nes et l&#8217;\u00e9levage a lieu en cuves inox puis en foudres.<\/p>\n","protected":false},"excerpt":{"rendered":"<p>Pour Reinhard Loewenstein, ce vin c&#8217;est un peu Papageno et Papagena, un brin de folie mozartienne, o\u00f9 le fruit serait coquet, jouant l&#8217;espi\u00e8glerie avec le schiste, tandis que la Lune et le Soleil contempleraient le tableau de loin ! Oui Reinhard a de l&#8217;imagination, c&#8217;est aussi son envie de parler du vin autrement ! Ce [&hellip;]<\/p>\n","protected":false},"featured_media":87215,"template":"","meta":[],"product_cat":[3740],"product_tag":[],"acf":[],"yoast_head":"<!-- This site is optimized with the Yoast SEO plugin v19.3 - https:\/\/yoast.com\/wordpress\/plugins\/seo\/ -->\n<title>RIESLING SCHIEFERTERRASSEN AUSLESE GOLDKAPSEL MAGNUM - Mes Vendanges<\/title>\n<meta name=\"robots\" content=\"index, follow, max-snippet:-1, max-image-preview:large, max-video-preview:-1\" \/>\n<link rel=\"canonical\" href=\"https:\/\/www.mesvendanges.com\/en\/shop\/wines\/riesling-schieferterrassen-auslese-goldkapsel-magnum-heymann-loewenstein-2013-150cl\/\" \/>\n<meta property=\"og:locale\" content=\"en_US\" \/>\n<meta property=\"og:type\" content=\"article\" \/>\n<meta property=\"og:title\" content=\"RIESLING SCHIEFERTERRASSEN AUSLESE GOLDKAPSEL MAGNUM - Mes Vendanges\" \/>\n<meta property=\"og:description\" content=\"Pour Reinhard Loewenstein, ce vin c&#8217;est un peu Papageno et Papagena, un brin de folie mozartienne, o\u00f9 le fruit serait coquet, jouant l&#8217;espi\u00e8glerie avec le schiste, tandis que la Lune et le Soleil contempleraient le tableau de loin ! Oui Reinhard a de l&#8217;imagination, c&#8217;est aussi son envie de parler du vin autrement ! Ce [&hellip;]\" \/>\n<meta property=\"og:url\" content=\"https:\/\/www.mesvendanges.com\/en\/shop\/wines\/riesling-schieferterrassen-auslese-goldkapsel-magnum-heymann-loewenstein-2013-150cl\/\" \/>\n<meta property=\"og:site_name\" content=\"Mes Vendanges\" \/>\n<meta property=\"article:modified_time\" content=\"2025-05-01T14:04:39+00:00\" \/>\n<meta property=\"og:image\" content=\"https:\/\/www.mesvendanges.com\/wp-content\/uploads\/2025\/05\/heymann-lowenstein-riesling-schieferterrassen-aulsese-goldkapsel-magnum-png.png\" \/>\n\t<meta property=\"og:image:width\" content=\"353\" \/>\n\t<meta property=\"og:image:height\" content=\"1500\" \/>\n\t<meta property=\"og:image:type\" content=\"image\/png\" \/>\n<meta name=\"twitter:card\" content=\"summary_large_image\" \/>\n<meta name=\"twitter:label1\" content=\"Est. reading time\" \/>\n\t<meta name=\"twitter:data1\" content=\"1 minute\" \/>\n<script type=\"application\/ld+json\" class=\"yoast-schema-graph\">{\"@context\":\"https:\/\/schema.org\",\"@graph\":[{\"@type\":\"Organization\",\"@id\":\"https:\/\/www.mesvendanges.com\/en\/#organization\",\"name\":\"Mes Vendanges\",\"url\":\"https:\/\/www.mesvendanges.com\/en\/\",\"sameAs\":[],\"logo\":{\"@type\":\"ImageObject\",\"inLanguage\":\"fr-FR\",\"@id\":\"https:\/\/www.mesvendanges.com\/en\/#\/schema\/logo\/image\/\",\"url\":\"https:\/\/www.mesvendanges.com\/wp-content\/uploads\/2022\/02\/logo-mesvendanges.jpg\",\"contentUrl\":\"https:\/\/www.mesvendanges.com\/wp-content\/uploads\/2022\/02\/logo-mesvendanges.jpg\",\"width\":851,\"height\":260,\"caption\":\"Mes Vendanges\"},\"image\":{\"@id\":\"https:\/\/www.mesvendanges.com\/en\/#\/schema\/logo\/image\/\"}},{\"@type\":\"WebSite\",\"@id\":\"https:\/\/www.mesvendanges.com\/en\/#website\",\"url\":\"https:\/\/www.mesvendanges.com\/en\/\",\"name\":\"Mes Vendanges\",\"description\":\"Des journ\u00e9es enti\u00e8res dans les vignes\",\"publisher\":{\"@id\":\"https:\/\/www.mesvendanges.com\/en\/#organization\"},\"potentialAction\":[{\"@type\":\"SearchAction\",\"target\":{\"@type\":\"EntryPoint\",\"urlTemplate\":\"https:\/\/www.mesvendanges.com\/en\/?s={search_term_string}\"},\"query-input\":\"required name=search_term_string\"}],\"inLanguage\":\"fr-FR\"},{\"@type\":\"ImageObject\",\"inLanguage\":\"fr-FR\",\"@id\":\"https:\/\/www.mesvendanges.com\/en\/shop\/wines\/riesling-schieferterrassen-auslese-goldkapsel-magnum-heymann-loewenstein-2013-150cl\/#primaryimage\",\"url\":\"https:\/\/www.mesvendanges.com\/wp-content\/uploads\/2025\/05\/heymann-lowenstein-riesling-schieferterrassen-aulsese-goldkapsel-magnum-png.png\",\"contentUrl\":\"https:\/\/www.mesvendanges.com\/wp-content\/uploads\/2025\/05\/heymann-lowenstein-riesling-schieferterrassen-aulsese-goldkapsel-magnum-png.png\",\"width\":353,\"height\":1500},{\"@type\":\"WebPage\",\"@id\":\"https:\/\/www.mesvendanges.com\/en\/shop\/wines\/riesling-schieferterrassen-auslese-goldkapsel-magnum-heymann-loewenstein-2013-150cl\/\",\"url\":\"https:\/\/www.mesvendanges.com\/en\/shop\/wines\/riesling-schieferterrassen-auslese-goldkapsel-magnum-heymann-loewenstein-2013-150cl\/\",\"name\":\"RIESLING SCHIEFERTERRASSEN AUSLESE GOLDKAPSEL MAGNUM - Mes Vendanges\",\"isPartOf\":{\"@id\":\"https:\/\/www.mesvendanges.com\/en\/#website\"},\"primaryImageOfPage\":{\"@id\":\"https:\/\/www.mesvendanges.com\/en\/shop\/wines\/riesling-schieferterrassen-auslese-goldkapsel-magnum-heymann-loewenstein-2013-150cl\/#primaryimage\"},\"datePublished\":\"2022-08-02T13:28:43+00:00\",\"dateModified\":\"2025-05-01T14:04:39+00:00\",\"breadcrumb\":{\"@id\":\"https:\/\/www.mesvendanges.com\/en\/shop\/wines\/riesling-schieferterrassen-auslese-goldkapsel-magnum-heymann-loewenstein-2013-150cl\/#breadcrumb\"},\"inLanguage\":\"fr-FR\",\"potentialAction\":[{\"@type\":\"ReadAction\",\"target\":[\"https:\/\/www.mesvendanges.com\/en\/shop\/wines\/riesling-schieferterrassen-auslese-goldkapsel-magnum-heymann-loewenstein-2013-150cl\/\"]}]},{\"@type\":\"BreadcrumbList\",\"@id\":\"https:\/\/www.mesvendanges.com\/en\/shop\/wines\/riesling-schieferterrassen-auslese-goldkapsel-magnum-heymann-loewenstein-2013-150cl\/#breadcrumb\",\"itemListElement\":[{\"@type\":\"ListItem\",\"position\":1,\"name\":\"Home\",\"item\":\"https:\/\/www.mesvendanges.com\/en\/\"},{\"@type\":\"ListItem\",\"position\":2,\"name\":\"Shop\",\"item\":\"https:\/\/www.mesvendanges.com\/en\/shop\/\"},{\"@type\":\"ListItem\",\"position\":3,\"name\":\"RIESLING SCHIEFERTERRASSEN AUSLESE GOLDKAPSEL MAGNUM\"}]}]}<\/script>\n<!-- \/ Yoast SEO plugin. -->","yoast_head_json":{"title":"RIESLING SCHIEFERTERRASSEN AUSLESE GOLDKAPSEL MAGNUM - Mes Vendanges","robots":{"index":"index","follow":"follow","max-snippet":"max-snippet:-1","max-image-preview":"max-image-preview:large","max-video-preview":"max-video-preview:-1"},"canonical":"https:\/\/www.mesvendanges.com\/en\/shop\/wines\/riesling-schieferterrassen-auslese-goldkapsel-magnum-heymann-loewenstein-2013-150cl\/","og_locale":"en_US","og_type":"article","og_title":"RIESLING SCHIEFERTERRASSEN AUSLESE GOLDKAPSEL MAGNUM - Mes Vendanges","og_description":"Pour Reinhard Loewenstein, ce vin c&#8217;est un peu Papageno et Papagena, un brin de folie mozartienne, o\u00f9 le fruit serait coquet, jouant l&#8217;espi\u00e8glerie avec le schiste, tandis que la Lune et le Soleil contempleraient le tableau de loin ! Oui Reinhard a de l&#8217;imagination, c&#8217;est aussi son envie de parler du vin autrement ! Ce [&hellip;]","og_url":"https:\/\/www.mesvendanges.com\/en\/shop\/wines\/riesling-schieferterrassen-auslese-goldkapsel-magnum-heymann-loewenstein-2013-150cl\/","og_site_name":"Mes Vendanges","article_modified_time":"2025-05-01T14:04:39+00:00","og_image":[{"width":353,"height":1500,"url":"https:\/\/www.mesvendanges.com\/wp-content\/uploads\/2025\/05\/heymann-lowenstein-riesling-schieferterrassen-aulsese-goldkapsel-magnum-png.png","type":"image\/png"}],"twitter_card":"summary_large_image","twitter_misc":{"Est. reading time":"1 minute"},"schema":{"@context":"https:\/\/schema.org","@graph":[{"@type":"Organization","@id":"https:\/\/www.mesvendanges.com\/en\/#organization","name":"Mes Vendanges","url":"https:\/\/www.mesvendanges.com\/en\/","sameAs":[],"logo":{"@type":"ImageObject","inLanguage":"fr-FR","@id":"https:\/\/www.mesvendanges.com\/en\/#\/schema\/logo\/image\/","url":"https:\/\/www.mesvendanges.com\/wp-content\/uploads\/2022\/02\/logo-mesvendanges.jpg","contentUrl":"https:\/\/www.mesvendanges.com\/wp-content\/uploads\/2022\/02\/logo-mesvendanges.jpg","width":851,"height":260,"caption":"Mes Vendanges"},"image":{"@id":"https:\/\/www.mesvendanges.com\/en\/#\/schema\/logo\/image\/"}},{"@type":"WebSite","@id":"https:\/\/www.mesvendanges.com\/en\/#website","url":"https:\/\/www.mesvendanges.com\/en\/","name":"Mes Vendanges","description":"Des journ\u00e9es enti\u00e8res dans les vignes","publisher":{"@id":"https:\/\/www.mesvendanges.com\/en\/#organization"},"potentialAction":[{"@type":"SearchAction","target":{"@type":"EntryPoint","urlTemplate":"https:\/\/www.mesvendanges.com\/en\/?s={search_term_string}"},"query-input":"required name=search_term_string"}],"inLanguage":"fr-FR"},{"@type":"ImageObject","inLanguage":"fr-FR","@id":"https:\/\/www.mesvendanges.com\/en\/shop\/wines\/riesling-schieferterrassen-auslese-goldkapsel-magnum-heymann-loewenstein-2013-150cl\/#primaryimage","url":"https:\/\/www.mesvendanges.com\/wp-content\/uploads\/2025\/05\/heymann-lowenstein-riesling-schieferterrassen-aulsese-goldkapsel-magnum-png.png","contentUrl":"https:\/\/www.mesvendanges.com\/wp-content\/uploads\/2025\/05\/heymann-lowenstein-riesling-schieferterrassen-aulsese-goldkapsel-magnum-png.png","width":353,"height":1500},{"@type":"WebPage","@id":"https:\/\/www.mesvendanges.com\/en\/shop\/wines\/riesling-schieferterrassen-auslese-goldkapsel-magnum-heymann-loewenstein-2013-150cl\/","url":"https:\/\/www.mesvendanges.com\/en\/shop\/wines\/riesling-schieferterrassen-auslese-goldkapsel-magnum-heymann-loewenstein-2013-150cl\/","name":"RIESLING SCHIEFERTERRASSEN AUSLESE GOLDKAPSEL MAGNUM - Mes Vendanges","isPartOf":{"@id":"https:\/\/www.mesvendanges.com\/en\/#website"},"primaryImageOfPage":{"@id":"https:\/\/www.mesvendanges.com\/en\/shop\/wines\/riesling-schieferterrassen-auslese-goldkapsel-magnum-heymann-loewenstein-2013-150cl\/#primaryimage"},"datePublished":"2022-08-02T13:28:43+00:00","dateModified":"2025-05-01T14:04:39+00:00","breadcrumb":{"@id":"https:\/\/www.mesvendanges.com\/en\/shop\/wines\/riesling-schieferterrassen-auslese-goldkapsel-magnum-heymann-loewenstein-2013-150cl\/#breadcrumb"},"inLanguage":"fr-FR","potentialAction":[{"@type":"ReadAction","target":["https:\/\/www.mesvendanges.com\/en\/shop\/wines\/riesling-schieferterrassen-auslese-goldkapsel-magnum-heymann-loewenstein-2013-150cl\/"]}]},{"@type":"BreadcrumbList","@id":"https:\/\/www.mesvendanges.com\/en\/shop\/wines\/riesling-schieferterrassen-auslese-goldkapsel-magnum-heymann-loewenstein-2013-150cl\/#breadcrumb","itemListElement":[{"@type":"ListItem","position":1,"name":"Home","item":"https:\/\/www.mesvendanges.com\/en\/"},{"@type":"ListItem","position":2,"name":"Shop","item":"https:\/\/www.mesvendanges.com\/en\/shop\/"},{"@type":"ListItem","position":3,"name":"RIESLING SCHIEFERTERRASSEN AUSLESE GOLDKAPSEL MAGNUM"}]}]}},"_links":{"self":[{"href":"https:\/\/www.mesvendanges.com\/en\/wp-json\/wp\/v2\/product\/42298"}],"collection":[{"href":"https:\/\/www.mesvendanges.com\/en\/wp-json\/wp\/v2\/product"}],"about":[{"href":"https:\/\/www.mesvendanges.com\/en\/wp-json\/wp\/v2\/types\/product"}],"wp:featuredmedia":[{"embeddable":true,"href":"https:\/\/www.mesvendanges.com\/en\/wp-json\/wp\/v2\/media\/87215"}],"wp:attachment":[{"href":"https:\/\/www.mesvendanges.com\/en\/wp-json\/wp\/v2\/media?parent=42298"}],"wp:term":[{"taxonomy":"product_cat","embeddable":true,"href":"https:\/\/www.mesvendanges.com\/en\/wp-json\/wp\/v2\/product_cat?post=42298"},{"taxonomy":"product_tag","embeddable":true,"href":"https:\/\/www.mesvendanges.com\/en\/wp-json\/wp\/v2\/product_tag?post=42298"}],"curies":[{"name":"wp","href":"https:\/\/api.w.org\/{rel}","templated":true}]}}