{"id":42816,"date":"2022-08-02T15:41:30","date_gmt":"2022-08-02T13:41:30","guid":{"rendered":"https:\/\/www.mesvendanges.com\/shop\/uncategorized\/fendant-president-troillet-4\/"},"modified":"2025-04-03T15:49:29","modified_gmt":"2025-04-03T13:49:29","slug":"fendant-president-troillet-chappaz-marie-therese-2017-75cl","status":"publish","type":"product","link":"https:\/\/www.mesvendanges.com\/en\/shop\/wines\/fendant-president-troillet-chappaz-marie-therese-2017-75cl\/","title":{"rendered":"FENDANT PRESIDENT TROILLET"},"content":{"rendered":"<p style=\"margin-bottom: 0cm\" align=\"JUSTIFY\"><font face=\"Calibri, sans-serif\"><font style=\"font-size: 11pt\"><span lang=\"fr-CH\"><font face=\"Calibri, sans-serif\">terroir de granite, vieilles vignes de chasselas sur<br \/>la pente raide des Claives, le <font face=\"Calibri, sans-serif\">Fendant le plus rac\u00e9 du domaine.<br \/><\/font><\/font><\/span><\/font><\/font><\/p>\n<p style=\"margin-bottom: 0cm\" align=\"JUSTIFY\"><font face=\"Calibri, sans-serif\"><font style=\"font-size: 11pt\"><span lang=\"fr-CH\"><font face=\"Calibri, sans-serif\"><font face=\"Calibri, sans-serif\">Jaune p\u00e2le \u00e0 reflets verts. Odeurs de bergamote, buis, bourgeon de sapin sur fond l\u00e9g\u00e8rement lact\u00e9. La bouche se d\u00e9marque par sa structure puissante, sa concentration et sa mati\u00e8re tout en longueur, port\u00e9e par une belle acidit\u00e9. Tout comme les deux autres Fendants, ce vin a fait la malo.<\/font><\/font><\/span><\/font><\/font><\/p>\n","protected":false},"excerpt":{"rendered":"<p>terroir de granite, vieilles vignes de chasselas surla pente raide des Claives, le Fendant le plus rac\u00e9 du domaine. Jaune p\u00e2le \u00e0 reflets verts. Odeurs de bergamote, buis, bourgeon de sapin sur fond l\u00e9g\u00e8rement lact\u00e9. La bouche se d\u00e9marque par sa structure puissante, sa concentration et sa mati\u00e8re tout en longueur, port\u00e9e par une belle [&hellip;]<\/p>\n","protected":false},"featured_media":0,"template":"","meta":[],"product_cat":[3740],"product_tag":[],"acf":[],"yoast_head":"<!-- This site is optimized with the Yoast SEO plugin v19.3 - https:\/\/yoast.com\/wordpress\/plugins\/seo\/ -->\n<title>FENDANT PRESIDENT TROILLET - Mes Vendanges<\/title>\n<meta name=\"robots\" content=\"index, follow, max-snippet:-1, max-image-preview:large, max-video-preview:-1\" \/>\n<link rel=\"canonical\" href=\"https:\/\/www.mesvendanges.com\/en\/shop\/wines\/fendant-president-troillet-chappaz-marie-therese-2017-75cl\/\" \/>\n<meta property=\"og:locale\" content=\"en_US\" \/>\n<meta property=\"og:type\" content=\"article\" \/>\n<meta property=\"og:title\" content=\"FENDANT PRESIDENT TROILLET - Mes Vendanges\" \/>\n<meta property=\"og:description\" content=\"terroir de granite, vieilles vignes de chasselas surla pente raide des Claives, le Fendant le plus rac\u00e9 du domaine. Jaune p\u00e2le \u00e0 reflets verts. Odeurs de bergamote, buis, bourgeon de sapin sur fond l\u00e9g\u00e8rement lact\u00e9. La bouche se d\u00e9marque par sa structure puissante, sa concentration et sa mati\u00e8re tout en longueur, port\u00e9e par une belle [&hellip;]\" \/>\n<meta property=\"og:url\" content=\"https:\/\/www.mesvendanges.com\/en\/shop\/wines\/fendant-president-troillet-chappaz-marie-therese-2017-75cl\/\" \/>\n<meta property=\"og:site_name\" content=\"Mes Vendanges\" \/>\n<meta property=\"article:modified_time\" content=\"2025-04-03T13:49:29+00:00\" \/>\n<meta name=\"twitter:card\" content=\"summary_large_image\" \/>\n<script type=\"application\/ld+json\" class=\"yoast-schema-graph\">{\"@context\":\"https:\/\/schema.org\",\"@graph\":[{\"@type\":\"Organization\",\"@id\":\"https:\/\/www.mesvendanges.com\/en\/#organization\",\"name\":\"Mes Vendanges\",\"url\":\"https:\/\/www.mesvendanges.com\/en\/\",\"sameAs\":[],\"logo\":{\"@type\":\"ImageObject\",\"inLanguage\":\"fr-FR\",\"@id\":\"https:\/\/www.mesvendanges.com\/en\/#\/schema\/logo\/image\/\",\"url\":\"https:\/\/www.mesvendanges.com\/wp-content\/uploads\/2022\/02\/logo-mesvendanges.jpg\",\"contentUrl\":\"https:\/\/www.mesvendanges.com\/wp-content\/uploads\/2022\/02\/logo-mesvendanges.jpg\",\"width\":851,\"height\":260,\"caption\":\"Mes Vendanges\"},\"image\":{\"@id\":\"https:\/\/www.mesvendanges.com\/en\/#\/schema\/logo\/image\/\"}},{\"@type\":\"WebSite\",\"@id\":\"https:\/\/www.mesvendanges.com\/en\/#website\",\"url\":\"https:\/\/www.mesvendanges.com\/en\/\",\"name\":\"Mes Vendanges\",\"description\":\"Des journ\u00e9es enti\u00e8res dans les vignes\",\"publisher\":{\"@id\":\"https:\/\/www.mesvendanges.com\/en\/#organization\"},\"potentialAction\":[{\"@type\":\"SearchAction\",\"target\":{\"@type\":\"EntryPoint\",\"urlTemplate\":\"https:\/\/www.mesvendanges.com\/en\/?s={search_term_string}\"},\"query-input\":\"required name=search_term_string\"}],\"inLanguage\":\"fr-FR\"},{\"@type\":\"WebPage\",\"@id\":\"https:\/\/www.mesvendanges.com\/en\/shop\/wines\/fendant-president-troillet-chappaz-marie-therese-2017-75cl\/\",\"url\":\"https:\/\/www.mesvendanges.com\/en\/shop\/wines\/fendant-president-troillet-chappaz-marie-therese-2017-75cl\/\",\"name\":\"FENDANT PRESIDENT TROILLET - Mes Vendanges\",\"isPartOf\":{\"@id\":\"https:\/\/www.mesvendanges.com\/en\/#website\"},\"datePublished\":\"2022-08-02T13:41:30+00:00\",\"dateModified\":\"2025-04-03T13:49:29+00:00\",\"breadcrumb\":{\"@id\":\"https:\/\/www.mesvendanges.com\/en\/shop\/wines\/fendant-president-troillet-chappaz-marie-therese-2017-75cl\/#breadcrumb\"},\"inLanguage\":\"fr-FR\",\"potentialAction\":[{\"@type\":\"ReadAction\",\"target\":[\"https:\/\/www.mesvendanges.com\/en\/shop\/wines\/fendant-president-troillet-chappaz-marie-therese-2017-75cl\/\"]}]},{\"@type\":\"BreadcrumbList\",\"@id\":\"https:\/\/www.mesvendanges.com\/en\/shop\/wines\/fendant-president-troillet-chappaz-marie-therese-2017-75cl\/#breadcrumb\",\"itemListElement\":[{\"@type\":\"ListItem\",\"position\":1,\"name\":\"Home\",\"item\":\"https:\/\/www.mesvendanges.com\/en\/\"},{\"@type\":\"ListItem\",\"position\":2,\"name\":\"Shop\",\"item\":\"https:\/\/www.mesvendanges.com\/en\/shop\/\"},{\"@type\":\"ListItem\",\"position\":3,\"name\":\"FENDANT PRESIDENT TROILLET\"}]}]}<\/script>\n<!-- \/ Yoast SEO plugin. -->","yoast_head_json":{"title":"FENDANT PRESIDENT TROILLET - Mes Vendanges","robots":{"index":"index","follow":"follow","max-snippet":"max-snippet:-1","max-image-preview":"max-image-preview:large","max-video-preview":"max-video-preview:-1"},"canonical":"https:\/\/www.mesvendanges.com\/en\/shop\/wines\/fendant-president-troillet-chappaz-marie-therese-2017-75cl\/","og_locale":"en_US","og_type":"article","og_title":"FENDANT PRESIDENT TROILLET - Mes Vendanges","og_description":"terroir de granite, vieilles vignes de chasselas surla pente raide des Claives, le Fendant le plus rac\u00e9 du domaine. Jaune p\u00e2le \u00e0 reflets verts. Odeurs de bergamote, buis, bourgeon de sapin sur fond l\u00e9g\u00e8rement lact\u00e9. La bouche se d\u00e9marque par sa structure puissante, sa concentration et sa mati\u00e8re tout en longueur, port\u00e9e par une belle [&hellip;]","og_url":"https:\/\/www.mesvendanges.com\/en\/shop\/wines\/fendant-president-troillet-chappaz-marie-therese-2017-75cl\/","og_site_name":"Mes Vendanges","article_modified_time":"2025-04-03T13:49:29+00:00","twitter_card":"summary_large_image","schema":{"@context":"https:\/\/schema.org","@graph":[{"@type":"Organization","@id":"https:\/\/www.mesvendanges.com\/en\/#organization","name":"Mes Vendanges","url":"https:\/\/www.mesvendanges.com\/en\/","sameAs":[],"logo":{"@type":"ImageObject","inLanguage":"fr-FR","@id":"https:\/\/www.mesvendanges.com\/en\/#\/schema\/logo\/image\/","url":"https:\/\/www.mesvendanges.com\/wp-content\/uploads\/2022\/02\/logo-mesvendanges.jpg","contentUrl":"https:\/\/www.mesvendanges.com\/wp-content\/uploads\/2022\/02\/logo-mesvendanges.jpg","width":851,"height":260,"caption":"Mes Vendanges"},"image":{"@id":"https:\/\/www.mesvendanges.com\/en\/#\/schema\/logo\/image\/"}},{"@type":"WebSite","@id":"https:\/\/www.mesvendanges.com\/en\/#website","url":"https:\/\/www.mesvendanges.com\/en\/","name":"Mes Vendanges","description":"Des journ\u00e9es enti\u00e8res dans les vignes","publisher":{"@id":"https:\/\/www.mesvendanges.com\/en\/#organization"},"potentialAction":[{"@type":"SearchAction","target":{"@type":"EntryPoint","urlTemplate":"https:\/\/www.mesvendanges.com\/en\/?s={search_term_string}"},"query-input":"required name=search_term_string"}],"inLanguage":"fr-FR"},{"@type":"WebPage","@id":"https:\/\/www.mesvendanges.com\/en\/shop\/wines\/fendant-president-troillet-chappaz-marie-therese-2017-75cl\/","url":"https:\/\/www.mesvendanges.com\/en\/shop\/wines\/fendant-president-troillet-chappaz-marie-therese-2017-75cl\/","name":"FENDANT PRESIDENT TROILLET - Mes Vendanges","isPartOf":{"@id":"https:\/\/www.mesvendanges.com\/en\/#website"},"datePublished":"2022-08-02T13:41:30+00:00","dateModified":"2025-04-03T13:49:29+00:00","breadcrumb":{"@id":"https:\/\/www.mesvendanges.com\/en\/shop\/wines\/fendant-president-troillet-chappaz-marie-therese-2017-75cl\/#breadcrumb"},"inLanguage":"fr-FR","potentialAction":[{"@type":"ReadAction","target":["https:\/\/www.mesvendanges.com\/en\/shop\/wines\/fendant-president-troillet-chappaz-marie-therese-2017-75cl\/"]}]},{"@type":"BreadcrumbList","@id":"https:\/\/www.mesvendanges.com\/en\/shop\/wines\/fendant-president-troillet-chappaz-marie-therese-2017-75cl\/#breadcrumb","itemListElement":[{"@type":"ListItem","position":1,"name":"Home","item":"https:\/\/www.mesvendanges.com\/en\/"},{"@type":"ListItem","position":2,"name":"Shop","item":"https:\/\/www.mesvendanges.com\/en\/shop\/"},{"@type":"ListItem","position":3,"name":"FENDANT PRESIDENT TROILLET"}]}]}},"_links":{"self":[{"href":"https:\/\/www.mesvendanges.com\/en\/wp-json\/wp\/v2\/product\/42816"}],"collection":[{"href":"https:\/\/www.mesvendanges.com\/en\/wp-json\/wp\/v2\/product"}],"about":[{"href":"https:\/\/www.mesvendanges.com\/en\/wp-json\/wp\/v2\/types\/product"}],"wp:attachment":[{"href":"https:\/\/www.mesvendanges.com\/en\/wp-json\/wp\/v2\/media?parent=42816"}],"wp:term":[{"taxonomy":"product_cat","embeddable":true,"href":"https:\/\/www.mesvendanges.com\/en\/wp-json\/wp\/v2\/product_cat?post=42816"},{"taxonomy":"product_tag","embeddable":true,"href":"https:\/\/www.mesvendanges.com\/en\/wp-json\/wp\/v2\/product_tag?post=42816"}],"curies":[{"name":"wp","href":"https:\/\/api.w.org\/{rel}","templated":true}]}}