{"id":43130,"date":"2022-08-02T15:49:02","date_gmt":"2022-08-02T13:49:02","guid":{"rendered":"https:\/\/www.mesvendanges.com\/shop\/uncategorized\/tire-pe-en-magnum-2\/"},"modified":"2025-05-01T17:55:08","modified_gmt":"2025-05-01T15:55:08","slug":"tire-pe-en-magnum-tire-pe-ch-2016-150cl","status":"publish","type":"product","link":"https:\/\/www.mesvendanges.com\/en\/shop\/wines\/tire-pe-en-magnum-tire-pe-ch-2016-150cl\/","title":{"rendered":"TIRE-PE en MAGNUM"},"content":{"rendered":"<p>La cuv\u00e9e &#8220;domaine&#8221; est compos\u00e9e uniquement de merlots d&#8217;une quinzaine d&#8217;ann\u00e9es. C&#8217;est une cuv\u00e9e qui privil\u00e9gie le fruit, avec un suppl\u00e9ment de profondeur et d&#8217;\u00e9toffe par rapport \u00e0 Diem. La cuvaison est plus longue, de l&#8217;ordre de trois semaines et l&#8217;\u00e9levage, toujours en cuve b\u00e9ton, dure 18 mois. Ce vin digeste au beau fruit&nbsp;gourmand&nbsp;\u00e9voluera sans avec bonheur cinq \u00e0 sept ans.<\/p>\n<div><\/div>\n<div>commentaire Bettane &amp; Desseauve :<\/div>\n<div><span class=\"bd-vintage-text\" style=\"display: inline-block; width: 638px; padding: 5px; vertical-align: top; text-align: justify; color: rgb(43, 43, 33); font-family: 'Lucida Grande', 'Lucida Sans Unicode', Arial, Helvetica, sans-serif; font-size: 13px;\">Nez plein de personnalit\u00e9, intens\u00e9ment fruit\u00e9, avec des nuances de r\u00e9sineux et de cacao, bouche franche, fra\u00eeche, pour cette cuv\u00e9e gourmande, tonique et \u00e9quilibr\u00e9e. 100 % plaisir.<\/span><span style=\"color: rgb(43, 43, 33); font-family: 'Lucida Grande', 'Lucida Sans Unicode', Arial, Helvetica, sans-serif; font-size: 13px;\"><\/span><span class=\"bd-vintage-detail\" style=\"display: inline-block; vertical-align: top; padding: 5px; color: rgb(43, 43, 33); font-family: 'Lucida Grande', 'Lucida Sans Unicode', Arial, Helvetica, sans-serif; font-size: 13px;\"><b>Note: 14.5&nbsp;<\/b><\/span><\/div>\n<div><span class=\"bd-vintage-detail\" style=\"display: inline-block; vertical-align: top; padding: 5px; color: rgb(43, 43, 33); font-family: 'Lucida Grande', 'Lucida Sans Unicode', Arial, Helvetica, sans-serif; font-size: 13px;\"><b><br \/><\/b><\/span><\/div>\n","protected":false},"excerpt":{"rendered":"<p>La cuv\u00e9e &#8220;domaine&#8221; est compos\u00e9e uniquement de merlots d&#8217;une quinzaine d&#8217;ann\u00e9es. C&#8217;est une cuv\u00e9e qui privil\u00e9gie le fruit, avec un suppl\u00e9ment de profondeur et d&#8217;\u00e9toffe par rapport \u00e0 Diem. La cuvaison est plus longue, de l&#8217;ordre de trois semaines et l&#8217;\u00e9levage, toujours en cuve b\u00e9ton, dure 18 mois. Ce vin digeste au beau fruit&nbsp;gourmand&nbsp;\u00e9voluera sans [&hellip;]<\/p>\n","protected":false},"featured_media":87882,"template":"","meta":[],"product_cat":[3740],"product_tag":[],"acf":[],"yoast_head":"<!-- This site is optimized with the Yoast SEO plugin v19.3 - https:\/\/yoast.com\/wordpress\/plugins\/seo\/ -->\n<title>TIRE-PE en MAGNUM - Mes Vendanges<\/title>\n<meta name=\"robots\" content=\"index, follow, max-snippet:-1, max-image-preview:large, max-video-preview:-1\" \/>\n<link rel=\"canonical\" href=\"https:\/\/www.mesvendanges.com\/en\/shop\/wines\/tire-pe-en-magnum-tire-pe-ch-2016-150cl\/\" \/>\n<meta property=\"og:locale\" content=\"en_US\" \/>\n<meta property=\"og:type\" content=\"article\" \/>\n<meta property=\"og:title\" content=\"TIRE-PE en MAGNUM - Mes Vendanges\" \/>\n<meta property=\"og:description\" content=\"La cuv\u00e9e &#8220;domaine&#8221; est compos\u00e9e uniquement de merlots d&#8217;une quinzaine d&#8217;ann\u00e9es. C&#8217;est une cuv\u00e9e qui privil\u00e9gie le fruit, avec un suppl\u00e9ment de profondeur et d&#8217;\u00e9toffe par rapport \u00e0 Diem. La cuvaison est plus longue, de l&#8217;ordre de trois semaines et l&#8217;\u00e9levage, toujours en cuve b\u00e9ton, dure 18 mois. Ce vin digeste au beau fruit&nbsp;gourmand&nbsp;\u00e9voluera sans [&hellip;]\" \/>\n<meta property=\"og:url\" content=\"https:\/\/www.mesvendanges.com\/en\/shop\/wines\/tire-pe-en-magnum-tire-pe-ch-2016-150cl\/\" \/>\n<meta property=\"og:site_name\" content=\"Mes Vendanges\" \/>\n<meta property=\"article:modified_time\" content=\"2025-05-01T15:55:08+00:00\" \/>\n<meta property=\"og:image\" content=\"https:\/\/www.mesvendanges.com\/wp-content\/uploads\/2025\/05\/chateau-tire-pe-bordeaux-rouge-2016-magnum-png.png\" \/>\n\t<meta property=\"og:image:width\" content=\"427\" \/>\n\t<meta property=\"og:image:height\" content=\"1500\" \/>\n\t<meta property=\"og:image:type\" content=\"image\/png\" \/>\n<meta name=\"twitter:card\" content=\"summary_large_image\" \/>\n<meta name=\"twitter:label1\" content=\"Est. reading time\" \/>\n\t<meta name=\"twitter:data1\" content=\"1 minute\" \/>\n<script type=\"application\/ld+json\" class=\"yoast-schema-graph\">{\"@context\":\"https:\/\/schema.org\",\"@graph\":[{\"@type\":\"Organization\",\"@id\":\"https:\/\/www.mesvendanges.com\/en\/#organization\",\"name\":\"Mes Vendanges\",\"url\":\"https:\/\/www.mesvendanges.com\/en\/\",\"sameAs\":[],\"logo\":{\"@type\":\"ImageObject\",\"inLanguage\":\"fr-FR\",\"@id\":\"https:\/\/www.mesvendanges.com\/en\/#\/schema\/logo\/image\/\",\"url\":\"https:\/\/www.mesvendanges.com\/wp-content\/uploads\/2022\/02\/logo-mesvendanges.jpg\",\"contentUrl\":\"https:\/\/www.mesvendanges.com\/wp-content\/uploads\/2022\/02\/logo-mesvendanges.jpg\",\"width\":851,\"height\":260,\"caption\":\"Mes Vendanges\"},\"image\":{\"@id\":\"https:\/\/www.mesvendanges.com\/en\/#\/schema\/logo\/image\/\"}},{\"@type\":\"WebSite\",\"@id\":\"https:\/\/www.mesvendanges.com\/en\/#website\",\"url\":\"https:\/\/www.mesvendanges.com\/en\/\",\"name\":\"Mes Vendanges\",\"description\":\"Des journ\u00e9es enti\u00e8res dans les vignes\",\"publisher\":{\"@id\":\"https:\/\/www.mesvendanges.com\/en\/#organization\"},\"potentialAction\":[{\"@type\":\"SearchAction\",\"target\":{\"@type\":\"EntryPoint\",\"urlTemplate\":\"https:\/\/www.mesvendanges.com\/en\/?s={search_term_string}\"},\"query-input\":\"required name=search_term_string\"}],\"inLanguage\":\"fr-FR\"},{\"@type\":\"ImageObject\",\"inLanguage\":\"fr-FR\",\"@id\":\"https:\/\/www.mesvendanges.com\/en\/shop\/wines\/tire-pe-en-magnum-tire-pe-ch-2016-150cl\/#primaryimage\",\"url\":\"https:\/\/www.mesvendanges.com\/wp-content\/uploads\/2025\/05\/chateau-tire-pe-bordeaux-rouge-2016-magnum-png.png\",\"contentUrl\":\"https:\/\/www.mesvendanges.com\/wp-content\/uploads\/2025\/05\/chateau-tire-pe-bordeaux-rouge-2016-magnum-png.png\",\"width\":427,\"height\":1500},{\"@type\":\"WebPage\",\"@id\":\"https:\/\/www.mesvendanges.com\/en\/shop\/wines\/tire-pe-en-magnum-tire-pe-ch-2016-150cl\/\",\"url\":\"https:\/\/www.mesvendanges.com\/en\/shop\/wines\/tire-pe-en-magnum-tire-pe-ch-2016-150cl\/\",\"name\":\"TIRE-PE en MAGNUM - Mes Vendanges\",\"isPartOf\":{\"@id\":\"https:\/\/www.mesvendanges.com\/en\/#website\"},\"primaryImageOfPage\":{\"@id\":\"https:\/\/www.mesvendanges.com\/en\/shop\/wines\/tire-pe-en-magnum-tire-pe-ch-2016-150cl\/#primaryimage\"},\"datePublished\":\"2022-08-02T13:49:02+00:00\",\"dateModified\":\"2025-05-01T15:55:08+00:00\",\"breadcrumb\":{\"@id\":\"https:\/\/www.mesvendanges.com\/en\/shop\/wines\/tire-pe-en-magnum-tire-pe-ch-2016-150cl\/#breadcrumb\"},\"inLanguage\":\"fr-FR\",\"potentialAction\":[{\"@type\":\"ReadAction\",\"target\":[\"https:\/\/www.mesvendanges.com\/en\/shop\/wines\/tire-pe-en-magnum-tire-pe-ch-2016-150cl\/\"]}]},{\"@type\":\"BreadcrumbList\",\"@id\":\"https:\/\/www.mesvendanges.com\/en\/shop\/wines\/tire-pe-en-magnum-tire-pe-ch-2016-150cl\/#breadcrumb\",\"itemListElement\":[{\"@type\":\"ListItem\",\"position\":1,\"name\":\"Home\",\"item\":\"https:\/\/www.mesvendanges.com\/en\/\"},{\"@type\":\"ListItem\",\"position\":2,\"name\":\"Shop\",\"item\":\"https:\/\/www.mesvendanges.com\/en\/shop\/\"},{\"@type\":\"ListItem\",\"position\":3,\"name\":\"TIRE-PE en MAGNUM\"}]}]}<\/script>\n<!-- \/ Yoast SEO plugin. -->","yoast_head_json":{"title":"TIRE-PE en MAGNUM - Mes Vendanges","robots":{"index":"index","follow":"follow","max-snippet":"max-snippet:-1","max-image-preview":"max-image-preview:large","max-video-preview":"max-video-preview:-1"},"canonical":"https:\/\/www.mesvendanges.com\/en\/shop\/wines\/tire-pe-en-magnum-tire-pe-ch-2016-150cl\/","og_locale":"en_US","og_type":"article","og_title":"TIRE-PE en MAGNUM - Mes Vendanges","og_description":"La cuv\u00e9e &#8220;domaine&#8221; est compos\u00e9e uniquement de merlots d&#8217;une quinzaine d&#8217;ann\u00e9es. C&#8217;est une cuv\u00e9e qui privil\u00e9gie le fruit, avec un suppl\u00e9ment de profondeur et d&#8217;\u00e9toffe par rapport \u00e0 Diem. La cuvaison est plus longue, de l&#8217;ordre de trois semaines et l&#8217;\u00e9levage, toujours en cuve b\u00e9ton, dure 18 mois. Ce vin digeste au beau fruit&nbsp;gourmand&nbsp;\u00e9voluera sans [&hellip;]","og_url":"https:\/\/www.mesvendanges.com\/en\/shop\/wines\/tire-pe-en-magnum-tire-pe-ch-2016-150cl\/","og_site_name":"Mes Vendanges","article_modified_time":"2025-05-01T15:55:08+00:00","og_image":[{"width":427,"height":1500,"url":"https:\/\/www.mesvendanges.com\/wp-content\/uploads\/2025\/05\/chateau-tire-pe-bordeaux-rouge-2016-magnum-png.png","type":"image\/png"}],"twitter_card":"summary_large_image","twitter_misc":{"Est. reading time":"1 minute"},"schema":{"@context":"https:\/\/schema.org","@graph":[{"@type":"Organization","@id":"https:\/\/www.mesvendanges.com\/en\/#organization","name":"Mes Vendanges","url":"https:\/\/www.mesvendanges.com\/en\/","sameAs":[],"logo":{"@type":"ImageObject","inLanguage":"fr-FR","@id":"https:\/\/www.mesvendanges.com\/en\/#\/schema\/logo\/image\/","url":"https:\/\/www.mesvendanges.com\/wp-content\/uploads\/2022\/02\/logo-mesvendanges.jpg","contentUrl":"https:\/\/www.mesvendanges.com\/wp-content\/uploads\/2022\/02\/logo-mesvendanges.jpg","width":851,"height":260,"caption":"Mes Vendanges"},"image":{"@id":"https:\/\/www.mesvendanges.com\/en\/#\/schema\/logo\/image\/"}},{"@type":"WebSite","@id":"https:\/\/www.mesvendanges.com\/en\/#website","url":"https:\/\/www.mesvendanges.com\/en\/","name":"Mes Vendanges","description":"Des journ\u00e9es enti\u00e8res dans les vignes","publisher":{"@id":"https:\/\/www.mesvendanges.com\/en\/#organization"},"potentialAction":[{"@type":"SearchAction","target":{"@type":"EntryPoint","urlTemplate":"https:\/\/www.mesvendanges.com\/en\/?s={search_term_string}"},"query-input":"required name=search_term_string"}],"inLanguage":"fr-FR"},{"@type":"ImageObject","inLanguage":"fr-FR","@id":"https:\/\/www.mesvendanges.com\/en\/shop\/wines\/tire-pe-en-magnum-tire-pe-ch-2016-150cl\/#primaryimage","url":"https:\/\/www.mesvendanges.com\/wp-content\/uploads\/2025\/05\/chateau-tire-pe-bordeaux-rouge-2016-magnum-png.png","contentUrl":"https:\/\/www.mesvendanges.com\/wp-content\/uploads\/2025\/05\/chateau-tire-pe-bordeaux-rouge-2016-magnum-png.png","width":427,"height":1500},{"@type":"WebPage","@id":"https:\/\/www.mesvendanges.com\/en\/shop\/wines\/tire-pe-en-magnum-tire-pe-ch-2016-150cl\/","url":"https:\/\/www.mesvendanges.com\/en\/shop\/wines\/tire-pe-en-magnum-tire-pe-ch-2016-150cl\/","name":"TIRE-PE en MAGNUM - Mes Vendanges","isPartOf":{"@id":"https:\/\/www.mesvendanges.com\/en\/#website"},"primaryImageOfPage":{"@id":"https:\/\/www.mesvendanges.com\/en\/shop\/wines\/tire-pe-en-magnum-tire-pe-ch-2016-150cl\/#primaryimage"},"datePublished":"2022-08-02T13:49:02+00:00","dateModified":"2025-05-01T15:55:08+00:00","breadcrumb":{"@id":"https:\/\/www.mesvendanges.com\/en\/shop\/wines\/tire-pe-en-magnum-tire-pe-ch-2016-150cl\/#breadcrumb"},"inLanguage":"fr-FR","potentialAction":[{"@type":"ReadAction","target":["https:\/\/www.mesvendanges.com\/en\/shop\/wines\/tire-pe-en-magnum-tire-pe-ch-2016-150cl\/"]}]},{"@type":"BreadcrumbList","@id":"https:\/\/www.mesvendanges.com\/en\/shop\/wines\/tire-pe-en-magnum-tire-pe-ch-2016-150cl\/#breadcrumb","itemListElement":[{"@type":"ListItem","position":1,"name":"Home","item":"https:\/\/www.mesvendanges.com\/en\/"},{"@type":"ListItem","position":2,"name":"Shop","item":"https:\/\/www.mesvendanges.com\/en\/shop\/"},{"@type":"ListItem","position":3,"name":"TIRE-PE en MAGNUM"}]}]}},"_links":{"self":[{"href":"https:\/\/www.mesvendanges.com\/en\/wp-json\/wp\/v2\/product\/43130"}],"collection":[{"href":"https:\/\/www.mesvendanges.com\/en\/wp-json\/wp\/v2\/product"}],"about":[{"href":"https:\/\/www.mesvendanges.com\/en\/wp-json\/wp\/v2\/types\/product"}],"wp:featuredmedia":[{"embeddable":true,"href":"https:\/\/www.mesvendanges.com\/en\/wp-json\/wp\/v2\/media\/87882"}],"wp:attachment":[{"href":"https:\/\/www.mesvendanges.com\/en\/wp-json\/wp\/v2\/media?parent=43130"}],"wp:term":[{"taxonomy":"product_cat","embeddable":true,"href":"https:\/\/www.mesvendanges.com\/en\/wp-json\/wp\/v2\/product_cat?post=43130"},{"taxonomy":"product_tag","embeddable":true,"href":"https:\/\/www.mesvendanges.com\/en\/wp-json\/wp\/v2\/product_tag?post=43130"}],"curies":[{"name":"wp","href":"https:\/\/api.w.org\/{rel}","templated":true}]}}