{"id":43186,"date":"2022-08-02T15:50:31","date_gmt":"2022-08-02T13:50:31","guid":{"rendered":"https:\/\/www.mesvendanges.com\/shop\/uncategorized\/les-adres-3\/"},"modified":"2025-05-01T17:57:07","modified_gmt":"2025-05-01T15:57:07","slug":"les-adres-trapadis-dne-du-2016-75cl","status":"publish","type":"product","link":"https:\/\/www.mesvendanges.com\/en\/shop\/wines\/les-adres-trapadis-dne-du-2016-75cl\/","title":{"rendered":"LES ADRES"},"content":{"rendered":"<p>Le Rasteau Les Adr\u00e9s du domaine du Trapadis est pour nous une tr\u00e8s belle bouteille&nbsp;m\u00e9ridionale&nbsp; Loin de la chaleur et de la puissance que l&#8217;on retrouve habituellement sur Rasteau, c&#8217;est un vin \u00e9quilibr\u00e9, fin avec beaucoup de&nbsp;fra\u00eecheur&nbsp;et surtout une superbe fruit, clair, d\u00e9li\u00e9, comme on peut en trouver en Bourgogne.<\/p>\n<div>Les terroirs de cette cuv\u00e9e sont argilo-calcaires, en coteaux, sur marnes bleues pour les Grenache (80%) et Carignan (10%); et argilo calcaire en plaine, sur argiles rouges et cailloux roul\u00e9s pour le Mourv\u00e8dre (10%). Les rendements sont autour de 15 \u00e0 20hl\/ha selon les c\u00e9pages. La vendange est \u00e9rafl\u00e9e, l\u00e9g\u00e8rement foul\u00e9e et les fermentations sont spontan\u00e9es sur levures indig\u00e8nes. Pas de pigeage mais des remontages poru privil\u00e9gier l&#8217;infusion plut\u00f4t que l&#8217;extraction. La cuvaison dure 20 jours puis les vins sont \u00e9lev\u00e9s en cuve ciment avec un passage d&#8217;une petite partie (10%) en barriques.<\/div>\n","protected":false},"excerpt":{"rendered":"<p>Le Rasteau Les Adr\u00e9s du domaine du Trapadis est pour nous une tr\u00e8s belle bouteille&nbsp;m\u00e9ridionale&nbsp; Loin de la chaleur et de la puissance que l&#8217;on retrouve habituellement sur Rasteau, c&#8217;est un vin \u00e9quilibr\u00e9, fin avec beaucoup de&nbsp;fra\u00eecheur&nbsp;et surtout une superbe fruit, clair, d\u00e9li\u00e9, comme on peut en trouver en Bourgogne. Les terroirs de cette cuv\u00e9e [&hellip;]<\/p>\n","protected":false},"featured_media":43183,"template":"","meta":[],"product_cat":[3740],"product_tag":[],"acf":[],"yoast_head":"<!-- This site is optimized with the Yoast SEO plugin v19.3 - https:\/\/yoast.com\/wordpress\/plugins\/seo\/ -->\n<title>LES ADRES - Mes Vendanges<\/title>\n<meta name=\"robots\" content=\"index, follow, max-snippet:-1, max-image-preview:large, max-video-preview:-1\" \/>\n<link rel=\"canonical\" href=\"https:\/\/www.mesvendanges.com\/en\/shop\/wines\/les-adres-trapadis-dne-du-2016-75cl\/\" \/>\n<meta property=\"og:locale\" content=\"en_US\" \/>\n<meta property=\"og:type\" content=\"article\" \/>\n<meta property=\"og:title\" content=\"LES ADRES - Mes Vendanges\" \/>\n<meta property=\"og:description\" content=\"Le Rasteau Les Adr\u00e9s du domaine du Trapadis est pour nous une tr\u00e8s belle bouteille&nbsp;m\u00e9ridionale&nbsp; Loin de la chaleur et de la puissance que l&#8217;on retrouve habituellement sur Rasteau, c&#8217;est un vin \u00e9quilibr\u00e9, fin avec beaucoup de&nbsp;fra\u00eecheur&nbsp;et surtout une superbe fruit, clair, d\u00e9li\u00e9, comme on peut en trouver en Bourgogne. Les terroirs de cette cuv\u00e9e [&hellip;]\" \/>\n<meta property=\"og:url\" content=\"https:\/\/www.mesvendanges.com\/en\/shop\/wines\/les-adres-trapadis-dne-du-2016-75cl\/\" \/>\n<meta property=\"og:site_name\" content=\"Mes Vendanges\" \/>\n<meta property=\"article:modified_time\" content=\"2025-05-01T15:57:07+00:00\" \/>\n<meta property=\"og:image\" content=\"https:\/\/www.mesvendanges.com\/wp-content\/uploads\/2022\/08\/trapadis-dne-du-les-adres-rasteau-2016-75cl-rouge-png.png\" \/>\n\t<meta property=\"og:image:width\" content=\"411\" \/>\n\t<meta property=\"og:image:height\" content=\"1500\" \/>\n\t<meta property=\"og:image:type\" content=\"image\/png\" \/>\n<meta name=\"twitter:card\" content=\"summary_large_image\" \/>\n<meta name=\"twitter:label1\" content=\"Est. reading time\" \/>\n\t<meta name=\"twitter:data1\" content=\"1 minute\" \/>\n<script type=\"application\/ld+json\" class=\"yoast-schema-graph\">{\"@context\":\"https:\/\/schema.org\",\"@graph\":[{\"@type\":\"Organization\",\"@id\":\"https:\/\/www.mesvendanges.com\/en\/#organization\",\"name\":\"Mes Vendanges\",\"url\":\"https:\/\/www.mesvendanges.com\/en\/\",\"sameAs\":[],\"logo\":{\"@type\":\"ImageObject\",\"inLanguage\":\"fr-FR\",\"@id\":\"https:\/\/www.mesvendanges.com\/en\/#\/schema\/logo\/image\/\",\"url\":\"https:\/\/www.mesvendanges.com\/wp-content\/uploads\/2022\/02\/logo-mesvendanges.jpg\",\"contentUrl\":\"https:\/\/www.mesvendanges.com\/wp-content\/uploads\/2022\/02\/logo-mesvendanges.jpg\",\"width\":851,\"height\":260,\"caption\":\"Mes Vendanges\"},\"image\":{\"@id\":\"https:\/\/www.mesvendanges.com\/en\/#\/schema\/logo\/image\/\"}},{\"@type\":\"WebSite\",\"@id\":\"https:\/\/www.mesvendanges.com\/en\/#website\",\"url\":\"https:\/\/www.mesvendanges.com\/en\/\",\"name\":\"Mes Vendanges\",\"description\":\"Des journ\u00e9es enti\u00e8res dans les vignes\",\"publisher\":{\"@id\":\"https:\/\/www.mesvendanges.com\/en\/#organization\"},\"potentialAction\":[{\"@type\":\"SearchAction\",\"target\":{\"@type\":\"EntryPoint\",\"urlTemplate\":\"https:\/\/www.mesvendanges.com\/en\/?s={search_term_string}\"},\"query-input\":\"required name=search_term_string\"}],\"inLanguage\":\"fr-FR\"},{\"@type\":\"ImageObject\",\"inLanguage\":\"fr-FR\",\"@id\":\"https:\/\/www.mesvendanges.com\/en\/shop\/wines\/les-adres-trapadis-dne-du-2016-75cl\/#primaryimage\",\"url\":\"https:\/\/www.mesvendanges.com\/wp-content\/uploads\/2022\/08\/trapadis-dne-du-les-adres-rasteau-2016-75cl-rouge-png.png\",\"contentUrl\":\"https:\/\/www.mesvendanges.com\/wp-content\/uploads\/2022\/08\/trapadis-dne-du-les-adres-rasteau-2016-75cl-rouge-png.png\",\"width\":411,\"height\":1500},{\"@type\":\"WebPage\",\"@id\":\"https:\/\/www.mesvendanges.com\/en\/shop\/wines\/les-adres-trapadis-dne-du-2016-75cl\/\",\"url\":\"https:\/\/www.mesvendanges.com\/en\/shop\/wines\/les-adres-trapadis-dne-du-2016-75cl\/\",\"name\":\"LES ADRES - Mes Vendanges\",\"isPartOf\":{\"@id\":\"https:\/\/www.mesvendanges.com\/en\/#website\"},\"primaryImageOfPage\":{\"@id\":\"https:\/\/www.mesvendanges.com\/en\/shop\/wines\/les-adres-trapadis-dne-du-2016-75cl\/#primaryimage\"},\"datePublished\":\"2022-08-02T13:50:31+00:00\",\"dateModified\":\"2025-05-01T15:57:07+00:00\",\"breadcrumb\":{\"@id\":\"https:\/\/www.mesvendanges.com\/en\/shop\/wines\/les-adres-trapadis-dne-du-2016-75cl\/#breadcrumb\"},\"inLanguage\":\"fr-FR\",\"potentialAction\":[{\"@type\":\"ReadAction\",\"target\":[\"https:\/\/www.mesvendanges.com\/en\/shop\/wines\/les-adres-trapadis-dne-du-2016-75cl\/\"]}]},{\"@type\":\"BreadcrumbList\",\"@id\":\"https:\/\/www.mesvendanges.com\/en\/shop\/wines\/les-adres-trapadis-dne-du-2016-75cl\/#breadcrumb\",\"itemListElement\":[{\"@type\":\"ListItem\",\"position\":1,\"name\":\"Home\",\"item\":\"https:\/\/www.mesvendanges.com\/en\/\"},{\"@type\":\"ListItem\",\"position\":2,\"name\":\"Shop\",\"item\":\"https:\/\/www.mesvendanges.com\/en\/shop\/\"},{\"@type\":\"ListItem\",\"position\":3,\"name\":\"LES ADRES\"}]}]}<\/script>\n<!-- \/ Yoast SEO plugin. -->","yoast_head_json":{"title":"LES ADRES - Mes Vendanges","robots":{"index":"index","follow":"follow","max-snippet":"max-snippet:-1","max-image-preview":"max-image-preview:large","max-video-preview":"max-video-preview:-1"},"canonical":"https:\/\/www.mesvendanges.com\/en\/shop\/wines\/les-adres-trapadis-dne-du-2016-75cl\/","og_locale":"en_US","og_type":"article","og_title":"LES ADRES - Mes Vendanges","og_description":"Le Rasteau Les Adr\u00e9s du domaine du Trapadis est pour nous une tr\u00e8s belle bouteille&nbsp;m\u00e9ridionale&nbsp; Loin de la chaleur et de la puissance que l&#8217;on retrouve habituellement sur Rasteau, c&#8217;est un vin \u00e9quilibr\u00e9, fin avec beaucoup de&nbsp;fra\u00eecheur&nbsp;et surtout une superbe fruit, clair, d\u00e9li\u00e9, comme on peut en trouver en Bourgogne. Les terroirs de cette cuv\u00e9e [&hellip;]","og_url":"https:\/\/www.mesvendanges.com\/en\/shop\/wines\/les-adres-trapadis-dne-du-2016-75cl\/","og_site_name":"Mes Vendanges","article_modified_time":"2025-05-01T15:57:07+00:00","og_image":[{"width":411,"height":1500,"url":"https:\/\/www.mesvendanges.com\/wp-content\/uploads\/2022\/08\/trapadis-dne-du-les-adres-rasteau-2016-75cl-rouge-png.png","type":"image\/png"}],"twitter_card":"summary_large_image","twitter_misc":{"Est. reading time":"1 minute"},"schema":{"@context":"https:\/\/schema.org","@graph":[{"@type":"Organization","@id":"https:\/\/www.mesvendanges.com\/en\/#organization","name":"Mes Vendanges","url":"https:\/\/www.mesvendanges.com\/en\/","sameAs":[],"logo":{"@type":"ImageObject","inLanguage":"fr-FR","@id":"https:\/\/www.mesvendanges.com\/en\/#\/schema\/logo\/image\/","url":"https:\/\/www.mesvendanges.com\/wp-content\/uploads\/2022\/02\/logo-mesvendanges.jpg","contentUrl":"https:\/\/www.mesvendanges.com\/wp-content\/uploads\/2022\/02\/logo-mesvendanges.jpg","width":851,"height":260,"caption":"Mes Vendanges"},"image":{"@id":"https:\/\/www.mesvendanges.com\/en\/#\/schema\/logo\/image\/"}},{"@type":"WebSite","@id":"https:\/\/www.mesvendanges.com\/en\/#website","url":"https:\/\/www.mesvendanges.com\/en\/","name":"Mes Vendanges","description":"Des journ\u00e9es enti\u00e8res dans les vignes","publisher":{"@id":"https:\/\/www.mesvendanges.com\/en\/#organization"},"potentialAction":[{"@type":"SearchAction","target":{"@type":"EntryPoint","urlTemplate":"https:\/\/www.mesvendanges.com\/en\/?s={search_term_string}"},"query-input":"required name=search_term_string"}],"inLanguage":"fr-FR"},{"@type":"ImageObject","inLanguage":"fr-FR","@id":"https:\/\/www.mesvendanges.com\/en\/shop\/wines\/les-adres-trapadis-dne-du-2016-75cl\/#primaryimage","url":"https:\/\/www.mesvendanges.com\/wp-content\/uploads\/2022\/08\/trapadis-dne-du-les-adres-rasteau-2016-75cl-rouge-png.png","contentUrl":"https:\/\/www.mesvendanges.com\/wp-content\/uploads\/2022\/08\/trapadis-dne-du-les-adres-rasteau-2016-75cl-rouge-png.png","width":411,"height":1500},{"@type":"WebPage","@id":"https:\/\/www.mesvendanges.com\/en\/shop\/wines\/les-adres-trapadis-dne-du-2016-75cl\/","url":"https:\/\/www.mesvendanges.com\/en\/shop\/wines\/les-adres-trapadis-dne-du-2016-75cl\/","name":"LES ADRES - Mes Vendanges","isPartOf":{"@id":"https:\/\/www.mesvendanges.com\/en\/#website"},"primaryImageOfPage":{"@id":"https:\/\/www.mesvendanges.com\/en\/shop\/wines\/les-adres-trapadis-dne-du-2016-75cl\/#primaryimage"},"datePublished":"2022-08-02T13:50:31+00:00","dateModified":"2025-05-01T15:57:07+00:00","breadcrumb":{"@id":"https:\/\/www.mesvendanges.com\/en\/shop\/wines\/les-adres-trapadis-dne-du-2016-75cl\/#breadcrumb"},"inLanguage":"fr-FR","potentialAction":[{"@type":"ReadAction","target":["https:\/\/www.mesvendanges.com\/en\/shop\/wines\/les-adres-trapadis-dne-du-2016-75cl\/"]}]},{"@type":"BreadcrumbList","@id":"https:\/\/www.mesvendanges.com\/en\/shop\/wines\/les-adres-trapadis-dne-du-2016-75cl\/#breadcrumb","itemListElement":[{"@type":"ListItem","position":1,"name":"Home","item":"https:\/\/www.mesvendanges.com\/en\/"},{"@type":"ListItem","position":2,"name":"Shop","item":"https:\/\/www.mesvendanges.com\/en\/shop\/"},{"@type":"ListItem","position":3,"name":"LES ADRES"}]}]}},"_links":{"self":[{"href":"https:\/\/www.mesvendanges.com\/en\/wp-json\/wp\/v2\/product\/43186"}],"collection":[{"href":"https:\/\/www.mesvendanges.com\/en\/wp-json\/wp\/v2\/product"}],"about":[{"href":"https:\/\/www.mesvendanges.com\/en\/wp-json\/wp\/v2\/types\/product"}],"wp:featuredmedia":[{"embeddable":true,"href":"https:\/\/www.mesvendanges.com\/en\/wp-json\/wp\/v2\/media\/43183"}],"wp:attachment":[{"href":"https:\/\/www.mesvendanges.com\/en\/wp-json\/wp\/v2\/media?parent=43186"}],"wp:term":[{"taxonomy":"product_cat","embeddable":true,"href":"https:\/\/www.mesvendanges.com\/en\/wp-json\/wp\/v2\/product_cat?post=43186"},{"taxonomy":"product_tag","embeddable":true,"href":"https:\/\/www.mesvendanges.com\/en\/wp-json\/wp\/v2\/product_tag?post=43186"}],"curies":[{"name":"wp","href":"https:\/\/api.w.org\/{rel}","templated":true}]}}