{"id":43196,"date":"2022-08-02T15:50:48","date_gmt":"2022-08-02T13:50:48","guid":{"rendered":"https:\/\/www.mesvendanges.com\/shop\/uncategorized\/cotes-du-rhone-rouge-bag-in-box-5l\/"},"modified":"2023-12-06T06:53:07","modified_gmt":"2023-12-06T05:53:07","slug":"cotes-du-rhone-rouge-bag-in-box-5l-trapadis-dne-du-2018-500cl","status":"publish","type":"product","link":"https:\/\/www.mesvendanges.com\/en\/shop\/wines\/cotes-du-rhone-rouge-bag-in-box-5l-trapadis-dne-du-2018-500cl\/","title":{"rendered":"C\u00d4TES DU RH\u00d4NE ROUGE BAG IN BOX 5L"},"content":{"rendered":"<p>Voici un tr\u00e8s joli C\u00f4tes du Rh\u00f4ne qui privil\u00e9gie le toucher de bouche suave, avec un beau grain de tanin, et une bouche fra\u00eeche et \u00e9quilibr\u00e9e. La belle maturit\u00e9 du raisin est contrebalanc\u00e9e par une belle acidit\u00e9, c&#8217;est tout l&#8217;art d&#8217;Helen Durand que de savoir la conserver pour donner de l&#8217;\u00e9l\u00e9gance \u00e0 ces vins. Le domaine du Trapadis est en agriculture biologique certifi\u00e9e<\/p>\n","protected":false},"excerpt":{"rendered":"<p>Voici un tr\u00e8s joli C\u00f4tes du Rh\u00f4ne qui privil\u00e9gie le toucher de bouche suave, avec un beau grain de tanin, et une bouche fra\u00eeche et \u00e9quilibr\u00e9e. La belle maturit\u00e9 du raisin est contrebalanc\u00e9e par une belle acidit\u00e9, c&#8217;est tout l&#8217;art d&#8217;Helen Durand que de savoir la conserver pour donner de l&#8217;\u00e9l\u00e9gance \u00e0 ces vins. Le [&hellip;]<\/p>\n","protected":false},"featured_media":0,"template":"","meta":[],"product_cat":[3740],"product_tag":[],"acf":[],"yoast_head":"<!-- This site is optimized with the Yoast SEO plugin v19.3 - https:\/\/yoast.com\/wordpress\/plugins\/seo\/ -->\n<title>C\u00d4TES DU RH\u00d4NE ROUGE BAG IN BOX 5L - Mes Vendanges<\/title>\n<meta name=\"robots\" content=\"index, follow, max-snippet:-1, max-image-preview:large, max-video-preview:-1\" \/>\n<link rel=\"canonical\" href=\"https:\/\/www.mesvendanges.com\/en\/shop\/wines\/cotes-du-rhone-rouge-bag-in-box-5l-trapadis-dne-du-2018-500cl\/\" \/>\n<meta property=\"og:locale\" content=\"en_US\" \/>\n<meta property=\"og:type\" content=\"article\" \/>\n<meta property=\"og:title\" content=\"C\u00d4TES DU RH\u00d4NE ROUGE BAG IN BOX 5L - Mes Vendanges\" \/>\n<meta property=\"og:description\" content=\"Voici un tr\u00e8s joli C\u00f4tes du Rh\u00f4ne qui privil\u00e9gie le toucher de bouche suave, avec un beau grain de tanin, et une bouche fra\u00eeche et \u00e9quilibr\u00e9e. La belle maturit\u00e9 du raisin est contrebalanc\u00e9e par une belle acidit\u00e9, c&#8217;est tout l&#8217;art d&#8217;Helen Durand que de savoir la conserver pour donner de l&#8217;\u00e9l\u00e9gance \u00e0 ces vins. Le [&hellip;]\" \/>\n<meta property=\"og:url\" content=\"https:\/\/www.mesvendanges.com\/en\/shop\/wines\/cotes-du-rhone-rouge-bag-in-box-5l-trapadis-dne-du-2018-500cl\/\" \/>\n<meta property=\"og:site_name\" content=\"Mes Vendanges\" \/>\n<meta property=\"article:modified_time\" content=\"2023-12-06T05:53:07+00:00\" \/>\n<meta name=\"twitter:card\" content=\"summary_large_image\" \/>\n<script type=\"application\/ld+json\" class=\"yoast-schema-graph\">{\"@context\":\"https:\/\/schema.org\",\"@graph\":[{\"@type\":\"Organization\",\"@id\":\"https:\/\/www.mesvendanges.com\/en\/#organization\",\"name\":\"Mes Vendanges\",\"url\":\"https:\/\/www.mesvendanges.com\/en\/\",\"sameAs\":[],\"logo\":{\"@type\":\"ImageObject\",\"inLanguage\":\"fr-FR\",\"@id\":\"https:\/\/www.mesvendanges.com\/en\/#\/schema\/logo\/image\/\",\"url\":\"https:\/\/www.mesvendanges.com\/wp-content\/uploads\/2022\/02\/logo-mesvendanges.jpg\",\"contentUrl\":\"https:\/\/www.mesvendanges.com\/wp-content\/uploads\/2022\/02\/logo-mesvendanges.jpg\",\"width\":851,\"height\":260,\"caption\":\"Mes Vendanges\"},\"image\":{\"@id\":\"https:\/\/www.mesvendanges.com\/en\/#\/schema\/logo\/image\/\"}},{\"@type\":\"WebSite\",\"@id\":\"https:\/\/www.mesvendanges.com\/en\/#website\",\"url\":\"https:\/\/www.mesvendanges.com\/en\/\",\"name\":\"Mes Vendanges\",\"description\":\"Des journ\u00e9es enti\u00e8res dans les vignes\",\"publisher\":{\"@id\":\"https:\/\/www.mesvendanges.com\/en\/#organization\"},\"potentialAction\":[{\"@type\":\"SearchAction\",\"target\":{\"@type\":\"EntryPoint\",\"urlTemplate\":\"https:\/\/www.mesvendanges.com\/en\/?s={search_term_string}\"},\"query-input\":\"required name=search_term_string\"}],\"inLanguage\":\"fr-FR\"},{\"@type\":\"WebPage\",\"@id\":\"https:\/\/www.mesvendanges.com\/en\/shop\/wines\/cotes-du-rhone-rouge-bag-in-box-5l-trapadis-dne-du-2018-500cl\/\",\"url\":\"https:\/\/www.mesvendanges.com\/en\/shop\/wines\/cotes-du-rhone-rouge-bag-in-box-5l-trapadis-dne-du-2018-500cl\/\",\"name\":\"C\u00d4TES DU RH\u00d4NE ROUGE BAG IN BOX 5L - Mes Vendanges\",\"isPartOf\":{\"@id\":\"https:\/\/www.mesvendanges.com\/en\/#website\"},\"datePublished\":\"2022-08-02T13:50:48+00:00\",\"dateModified\":\"2023-12-06T05:53:07+00:00\",\"breadcrumb\":{\"@id\":\"https:\/\/www.mesvendanges.com\/en\/shop\/wines\/cotes-du-rhone-rouge-bag-in-box-5l-trapadis-dne-du-2018-500cl\/#breadcrumb\"},\"inLanguage\":\"fr-FR\",\"potentialAction\":[{\"@type\":\"ReadAction\",\"target\":[\"https:\/\/www.mesvendanges.com\/en\/shop\/wines\/cotes-du-rhone-rouge-bag-in-box-5l-trapadis-dne-du-2018-500cl\/\"]}]},{\"@type\":\"BreadcrumbList\",\"@id\":\"https:\/\/www.mesvendanges.com\/en\/shop\/wines\/cotes-du-rhone-rouge-bag-in-box-5l-trapadis-dne-du-2018-500cl\/#breadcrumb\",\"itemListElement\":[{\"@type\":\"ListItem\",\"position\":1,\"name\":\"Home\",\"item\":\"https:\/\/www.mesvendanges.com\/en\/\"},{\"@type\":\"ListItem\",\"position\":2,\"name\":\"Shop\",\"item\":\"https:\/\/www.mesvendanges.com\/en\/shop\/\"},{\"@type\":\"ListItem\",\"position\":3,\"name\":\"C\u00d4TES DU RH\u00d4NE ROUGE BAG IN BOX 5L\"}]}]}<\/script>\n<!-- \/ Yoast SEO plugin. -->","yoast_head_json":{"title":"C\u00d4TES DU RH\u00d4NE ROUGE BAG IN BOX 5L - Mes Vendanges","robots":{"index":"index","follow":"follow","max-snippet":"max-snippet:-1","max-image-preview":"max-image-preview:large","max-video-preview":"max-video-preview:-1"},"canonical":"https:\/\/www.mesvendanges.com\/en\/shop\/wines\/cotes-du-rhone-rouge-bag-in-box-5l-trapadis-dne-du-2018-500cl\/","og_locale":"en_US","og_type":"article","og_title":"C\u00d4TES DU RH\u00d4NE ROUGE BAG IN BOX 5L - Mes Vendanges","og_description":"Voici un tr\u00e8s joli C\u00f4tes du Rh\u00f4ne qui privil\u00e9gie le toucher de bouche suave, avec un beau grain de tanin, et une bouche fra\u00eeche et \u00e9quilibr\u00e9e. La belle maturit\u00e9 du raisin est contrebalanc\u00e9e par une belle acidit\u00e9, c&#8217;est tout l&#8217;art d&#8217;Helen Durand que de savoir la conserver pour donner de l&#8217;\u00e9l\u00e9gance \u00e0 ces vins. Le [&hellip;]","og_url":"https:\/\/www.mesvendanges.com\/en\/shop\/wines\/cotes-du-rhone-rouge-bag-in-box-5l-trapadis-dne-du-2018-500cl\/","og_site_name":"Mes Vendanges","article_modified_time":"2023-12-06T05:53:07+00:00","twitter_card":"summary_large_image","schema":{"@context":"https:\/\/schema.org","@graph":[{"@type":"Organization","@id":"https:\/\/www.mesvendanges.com\/en\/#organization","name":"Mes Vendanges","url":"https:\/\/www.mesvendanges.com\/en\/","sameAs":[],"logo":{"@type":"ImageObject","inLanguage":"fr-FR","@id":"https:\/\/www.mesvendanges.com\/en\/#\/schema\/logo\/image\/","url":"https:\/\/www.mesvendanges.com\/wp-content\/uploads\/2022\/02\/logo-mesvendanges.jpg","contentUrl":"https:\/\/www.mesvendanges.com\/wp-content\/uploads\/2022\/02\/logo-mesvendanges.jpg","width":851,"height":260,"caption":"Mes Vendanges"},"image":{"@id":"https:\/\/www.mesvendanges.com\/en\/#\/schema\/logo\/image\/"}},{"@type":"WebSite","@id":"https:\/\/www.mesvendanges.com\/en\/#website","url":"https:\/\/www.mesvendanges.com\/en\/","name":"Mes Vendanges","description":"Des journ\u00e9es enti\u00e8res dans les vignes","publisher":{"@id":"https:\/\/www.mesvendanges.com\/en\/#organization"},"potentialAction":[{"@type":"SearchAction","target":{"@type":"EntryPoint","urlTemplate":"https:\/\/www.mesvendanges.com\/en\/?s={search_term_string}"},"query-input":"required name=search_term_string"}],"inLanguage":"fr-FR"},{"@type":"WebPage","@id":"https:\/\/www.mesvendanges.com\/en\/shop\/wines\/cotes-du-rhone-rouge-bag-in-box-5l-trapadis-dne-du-2018-500cl\/","url":"https:\/\/www.mesvendanges.com\/en\/shop\/wines\/cotes-du-rhone-rouge-bag-in-box-5l-trapadis-dne-du-2018-500cl\/","name":"C\u00d4TES DU RH\u00d4NE ROUGE BAG IN BOX 5L - Mes Vendanges","isPartOf":{"@id":"https:\/\/www.mesvendanges.com\/en\/#website"},"datePublished":"2022-08-02T13:50:48+00:00","dateModified":"2023-12-06T05:53:07+00:00","breadcrumb":{"@id":"https:\/\/www.mesvendanges.com\/en\/shop\/wines\/cotes-du-rhone-rouge-bag-in-box-5l-trapadis-dne-du-2018-500cl\/#breadcrumb"},"inLanguage":"fr-FR","potentialAction":[{"@type":"ReadAction","target":["https:\/\/www.mesvendanges.com\/en\/shop\/wines\/cotes-du-rhone-rouge-bag-in-box-5l-trapadis-dne-du-2018-500cl\/"]}]},{"@type":"BreadcrumbList","@id":"https:\/\/www.mesvendanges.com\/en\/shop\/wines\/cotes-du-rhone-rouge-bag-in-box-5l-trapadis-dne-du-2018-500cl\/#breadcrumb","itemListElement":[{"@type":"ListItem","position":1,"name":"Home","item":"https:\/\/www.mesvendanges.com\/en\/"},{"@type":"ListItem","position":2,"name":"Shop","item":"https:\/\/www.mesvendanges.com\/en\/shop\/"},{"@type":"ListItem","position":3,"name":"C\u00d4TES DU RH\u00d4NE ROUGE BAG IN BOX 5L"}]}]}},"_links":{"self":[{"href":"https:\/\/www.mesvendanges.com\/en\/wp-json\/wp\/v2\/product\/43196"}],"collection":[{"href":"https:\/\/www.mesvendanges.com\/en\/wp-json\/wp\/v2\/product"}],"about":[{"href":"https:\/\/www.mesvendanges.com\/en\/wp-json\/wp\/v2\/types\/product"}],"wp:attachment":[{"href":"https:\/\/www.mesvendanges.com\/en\/wp-json\/wp\/v2\/media?parent=43196"}],"wp:term":[{"taxonomy":"product_cat","embeddable":true,"href":"https:\/\/www.mesvendanges.com\/en\/wp-json\/wp\/v2\/product_cat?post=43196"},{"taxonomy":"product_tag","embeddable":true,"href":"https:\/\/www.mesvendanges.com\/en\/wp-json\/wp\/v2\/product_tag?post=43196"}],"curies":[{"name":"wp","href":"https:\/\/api.w.org\/{rel}","templated":true}]}}