{"id":43474,"date":"2022-08-02T15:58:06","date_gmt":"2022-08-02T13:58:06","guid":{"rendered":"https:\/\/www.mesvendanges.com\/shop\/uncategorized\/pierre-berard-chateauneuf-du-pape-rouge-4cm\/"},"modified":"2023-12-06T06:12:37","modified_gmt":"2023-12-06T05:12:37","slug":"pierre-berard-chateauneuf-du-pape-rouge-4cm-terre-ferme-dne-de-1983-75cl","status":"publish","type":"product","link":"https:\/\/www.mesvendanges.com\/en\/shop\/wines\/pierre-berard-chateauneuf-du-pape-rouge-4cm-terre-ferme-dne-de-1983-75cl\/","title":{"rendered":"PIERRE BERARD CHATEAUNEUF DU PAPE ROUGE (4cm)"},"content":{"rendered":"<p>Pierre B\u00e9rard vendit son domaine au Ch\u00e2teau La Nerthe en 1991. Figure d&#8217;anthologie de Ch\u00e2teauneuf, nous avons d\u00e9couvert ses vins gr\u00e2ce \u00e0 Christophe Tassan, un des plus fins connaisseurs de l&#8217;appellation. Pierre B\u00e9rard travaillait ses vins de mani\u00e8re traditionnelle, avec des \u00e9levages longs en foudres, mais sans pour autant d\u00e9velopper la rusticit\u00e9 de certains crus de l&#8217;\u00e9poque, bien au contraire leur texture soyeuse et profonde n&#8217;\u00e9tait pas sans \u00e9voquer la Bourgogne, Robert Parker rapprochait ses vins de ceux de Volnay. Il avait \u00e0 c\u00f4t\u00e9 une activit\u00e9 de n\u00e9goce de tr\u00e8s haut niveau, achetant des vins d\u00e9j\u00e0 \u00e9lev\u00e9s ou qu&#8217;il \u00e9levait lui m\u00eame mais chez les meilleurs fournisseurs, comme le fameux domaine Pierre Andr\u00e9 avant qu&#8217;il ne mette directement ses vins en bouteilles. Les s\u00e9lections Pierre B\u00e9rard sont de v\u00e9ritables t\u00e9moignages de la grandeur des vins de ch\u00e2teauneuf.<\/p>\n","protected":false},"excerpt":{"rendered":"<p>Pierre B\u00e9rard vendit son domaine au Ch\u00e2teau La Nerthe en 1991. Figure d&#8217;anthologie de Ch\u00e2teauneuf, nous avons d\u00e9couvert ses vins gr\u00e2ce \u00e0 Christophe Tassan, un des plus fins connaisseurs de l&#8217;appellation. Pierre B\u00e9rard travaillait ses vins de mani\u00e8re traditionnelle, avec des \u00e9levages longs en foudres, mais sans pour autant d\u00e9velopper la rusticit\u00e9 de certains crus [&hellip;]<\/p>\n","protected":false},"featured_media":0,"template":"","meta":[],"product_cat":[3740],"product_tag":[],"acf":[],"yoast_head":"<!-- This site is optimized with the Yoast SEO plugin v19.3 - https:\/\/yoast.com\/wordpress\/plugins\/seo\/ -->\n<title>PIERRE BERARD CHATEAUNEUF DU PAPE ROUGE (4cm) - Mes Vendanges<\/title>\n<meta name=\"robots\" content=\"index, follow, max-snippet:-1, max-image-preview:large, max-video-preview:-1\" \/>\n<link rel=\"canonical\" href=\"https:\/\/www.mesvendanges.com\/en\/shop\/wines\/pierre-berard-chateauneuf-du-pape-rouge-4cm-terre-ferme-dne-de-1983-75cl\/\" \/>\n<meta property=\"og:locale\" content=\"en_US\" \/>\n<meta property=\"og:type\" content=\"article\" \/>\n<meta property=\"og:title\" content=\"PIERRE BERARD CHATEAUNEUF DU PAPE ROUGE (4cm) - Mes Vendanges\" \/>\n<meta property=\"og:description\" content=\"Pierre B\u00e9rard vendit son domaine au Ch\u00e2teau La Nerthe en 1991. Figure d&#8217;anthologie de Ch\u00e2teauneuf, nous avons d\u00e9couvert ses vins gr\u00e2ce \u00e0 Christophe Tassan, un des plus fins connaisseurs de l&#8217;appellation. Pierre B\u00e9rard travaillait ses vins de mani\u00e8re traditionnelle, avec des \u00e9levages longs en foudres, mais sans pour autant d\u00e9velopper la rusticit\u00e9 de certains crus [&hellip;]\" \/>\n<meta property=\"og:url\" content=\"https:\/\/www.mesvendanges.com\/en\/shop\/wines\/pierre-berard-chateauneuf-du-pape-rouge-4cm-terre-ferme-dne-de-1983-75cl\/\" \/>\n<meta property=\"og:site_name\" content=\"Mes Vendanges\" \/>\n<meta property=\"article:modified_time\" content=\"2023-12-06T05:12:37+00:00\" \/>\n<meta name=\"twitter:card\" content=\"summary_large_image\" \/>\n<meta name=\"twitter:label1\" content=\"Est. reading time\" \/>\n\t<meta name=\"twitter:data1\" content=\"1 minute\" \/>\n<script type=\"application\/ld+json\" class=\"yoast-schema-graph\">{\"@context\":\"https:\/\/schema.org\",\"@graph\":[{\"@type\":\"Organization\",\"@id\":\"https:\/\/www.mesvendanges.com\/en\/#organization\",\"name\":\"Mes Vendanges\",\"url\":\"https:\/\/www.mesvendanges.com\/en\/\",\"sameAs\":[],\"logo\":{\"@type\":\"ImageObject\",\"inLanguage\":\"fr-FR\",\"@id\":\"https:\/\/www.mesvendanges.com\/en\/#\/schema\/logo\/image\/\",\"url\":\"https:\/\/www.mesvendanges.com\/wp-content\/uploads\/2022\/02\/logo-mesvendanges.jpg\",\"contentUrl\":\"https:\/\/www.mesvendanges.com\/wp-content\/uploads\/2022\/02\/logo-mesvendanges.jpg\",\"width\":851,\"height\":260,\"caption\":\"Mes Vendanges\"},\"image\":{\"@id\":\"https:\/\/www.mesvendanges.com\/en\/#\/schema\/logo\/image\/\"}},{\"@type\":\"WebSite\",\"@id\":\"https:\/\/www.mesvendanges.com\/en\/#website\",\"url\":\"https:\/\/www.mesvendanges.com\/en\/\",\"name\":\"Mes Vendanges\",\"description\":\"Des journ\u00e9es enti\u00e8res dans les vignes\",\"publisher\":{\"@id\":\"https:\/\/www.mesvendanges.com\/en\/#organization\"},\"potentialAction\":[{\"@type\":\"SearchAction\",\"target\":{\"@type\":\"EntryPoint\",\"urlTemplate\":\"https:\/\/www.mesvendanges.com\/en\/?s={search_term_string}\"},\"query-input\":\"required name=search_term_string\"}],\"inLanguage\":\"fr-FR\"},{\"@type\":\"WebPage\",\"@id\":\"https:\/\/www.mesvendanges.com\/en\/shop\/wines\/pierre-berard-chateauneuf-du-pape-rouge-4cm-terre-ferme-dne-de-1983-75cl\/\",\"url\":\"https:\/\/www.mesvendanges.com\/en\/shop\/wines\/pierre-berard-chateauneuf-du-pape-rouge-4cm-terre-ferme-dne-de-1983-75cl\/\",\"name\":\"PIERRE BERARD CHATEAUNEUF DU PAPE ROUGE (4cm) - Mes Vendanges\",\"isPartOf\":{\"@id\":\"https:\/\/www.mesvendanges.com\/en\/#website\"},\"datePublished\":\"2022-08-02T13:58:06+00:00\",\"dateModified\":\"2023-12-06T05:12:37+00:00\",\"breadcrumb\":{\"@id\":\"https:\/\/www.mesvendanges.com\/en\/shop\/wines\/pierre-berard-chateauneuf-du-pape-rouge-4cm-terre-ferme-dne-de-1983-75cl\/#breadcrumb\"},\"inLanguage\":\"fr-FR\",\"potentialAction\":[{\"@type\":\"ReadAction\",\"target\":[\"https:\/\/www.mesvendanges.com\/en\/shop\/wines\/pierre-berard-chateauneuf-du-pape-rouge-4cm-terre-ferme-dne-de-1983-75cl\/\"]}]},{\"@type\":\"BreadcrumbList\",\"@id\":\"https:\/\/www.mesvendanges.com\/en\/shop\/wines\/pierre-berard-chateauneuf-du-pape-rouge-4cm-terre-ferme-dne-de-1983-75cl\/#breadcrumb\",\"itemListElement\":[{\"@type\":\"ListItem\",\"position\":1,\"name\":\"Home\",\"item\":\"https:\/\/www.mesvendanges.com\/en\/\"},{\"@type\":\"ListItem\",\"position\":2,\"name\":\"Shop\",\"item\":\"https:\/\/www.mesvendanges.com\/en\/shop\/\"},{\"@type\":\"ListItem\",\"position\":3,\"name\":\"PIERRE BERARD CHATEAUNEUF DU PAPE ROUGE (4cm)\"}]}]}<\/script>\n<!-- \/ Yoast SEO plugin. -->","yoast_head_json":{"title":"PIERRE BERARD CHATEAUNEUF DU PAPE ROUGE (4cm) - Mes Vendanges","robots":{"index":"index","follow":"follow","max-snippet":"max-snippet:-1","max-image-preview":"max-image-preview:large","max-video-preview":"max-video-preview:-1"},"canonical":"https:\/\/www.mesvendanges.com\/en\/shop\/wines\/pierre-berard-chateauneuf-du-pape-rouge-4cm-terre-ferme-dne-de-1983-75cl\/","og_locale":"en_US","og_type":"article","og_title":"PIERRE BERARD CHATEAUNEUF DU PAPE ROUGE (4cm) - Mes Vendanges","og_description":"Pierre B\u00e9rard vendit son domaine au Ch\u00e2teau La Nerthe en 1991. Figure d&#8217;anthologie de Ch\u00e2teauneuf, nous avons d\u00e9couvert ses vins gr\u00e2ce \u00e0 Christophe Tassan, un des plus fins connaisseurs de l&#8217;appellation. Pierre B\u00e9rard travaillait ses vins de mani\u00e8re traditionnelle, avec des \u00e9levages longs en foudres, mais sans pour autant d\u00e9velopper la rusticit\u00e9 de certains crus [&hellip;]","og_url":"https:\/\/www.mesvendanges.com\/en\/shop\/wines\/pierre-berard-chateauneuf-du-pape-rouge-4cm-terre-ferme-dne-de-1983-75cl\/","og_site_name":"Mes Vendanges","article_modified_time":"2023-12-06T05:12:37+00:00","twitter_card":"summary_large_image","twitter_misc":{"Est. reading time":"1 minute"},"schema":{"@context":"https:\/\/schema.org","@graph":[{"@type":"Organization","@id":"https:\/\/www.mesvendanges.com\/en\/#organization","name":"Mes Vendanges","url":"https:\/\/www.mesvendanges.com\/en\/","sameAs":[],"logo":{"@type":"ImageObject","inLanguage":"fr-FR","@id":"https:\/\/www.mesvendanges.com\/en\/#\/schema\/logo\/image\/","url":"https:\/\/www.mesvendanges.com\/wp-content\/uploads\/2022\/02\/logo-mesvendanges.jpg","contentUrl":"https:\/\/www.mesvendanges.com\/wp-content\/uploads\/2022\/02\/logo-mesvendanges.jpg","width":851,"height":260,"caption":"Mes Vendanges"},"image":{"@id":"https:\/\/www.mesvendanges.com\/en\/#\/schema\/logo\/image\/"}},{"@type":"WebSite","@id":"https:\/\/www.mesvendanges.com\/en\/#website","url":"https:\/\/www.mesvendanges.com\/en\/","name":"Mes Vendanges","description":"Des journ\u00e9es enti\u00e8res dans les vignes","publisher":{"@id":"https:\/\/www.mesvendanges.com\/en\/#organization"},"potentialAction":[{"@type":"SearchAction","target":{"@type":"EntryPoint","urlTemplate":"https:\/\/www.mesvendanges.com\/en\/?s={search_term_string}"},"query-input":"required name=search_term_string"}],"inLanguage":"fr-FR"},{"@type":"WebPage","@id":"https:\/\/www.mesvendanges.com\/en\/shop\/wines\/pierre-berard-chateauneuf-du-pape-rouge-4cm-terre-ferme-dne-de-1983-75cl\/","url":"https:\/\/www.mesvendanges.com\/en\/shop\/wines\/pierre-berard-chateauneuf-du-pape-rouge-4cm-terre-ferme-dne-de-1983-75cl\/","name":"PIERRE BERARD CHATEAUNEUF DU PAPE ROUGE (4cm) - Mes Vendanges","isPartOf":{"@id":"https:\/\/www.mesvendanges.com\/en\/#website"},"datePublished":"2022-08-02T13:58:06+00:00","dateModified":"2023-12-06T05:12:37+00:00","breadcrumb":{"@id":"https:\/\/www.mesvendanges.com\/en\/shop\/wines\/pierre-berard-chateauneuf-du-pape-rouge-4cm-terre-ferme-dne-de-1983-75cl\/#breadcrumb"},"inLanguage":"fr-FR","potentialAction":[{"@type":"ReadAction","target":["https:\/\/www.mesvendanges.com\/en\/shop\/wines\/pierre-berard-chateauneuf-du-pape-rouge-4cm-terre-ferme-dne-de-1983-75cl\/"]}]},{"@type":"BreadcrumbList","@id":"https:\/\/www.mesvendanges.com\/en\/shop\/wines\/pierre-berard-chateauneuf-du-pape-rouge-4cm-terre-ferme-dne-de-1983-75cl\/#breadcrumb","itemListElement":[{"@type":"ListItem","position":1,"name":"Home","item":"https:\/\/www.mesvendanges.com\/en\/"},{"@type":"ListItem","position":2,"name":"Shop","item":"https:\/\/www.mesvendanges.com\/en\/shop\/"},{"@type":"ListItem","position":3,"name":"PIERRE BERARD CHATEAUNEUF DU PAPE ROUGE (4cm)"}]}]}},"_links":{"self":[{"href":"https:\/\/www.mesvendanges.com\/en\/wp-json\/wp\/v2\/product\/43474"}],"collection":[{"href":"https:\/\/www.mesvendanges.com\/en\/wp-json\/wp\/v2\/product"}],"about":[{"href":"https:\/\/www.mesvendanges.com\/en\/wp-json\/wp\/v2\/types\/product"}],"wp:attachment":[{"href":"https:\/\/www.mesvendanges.com\/en\/wp-json\/wp\/v2\/media?parent=43474"}],"wp:term":[{"taxonomy":"product_cat","embeddable":true,"href":"https:\/\/www.mesvendanges.com\/en\/wp-json\/wp\/v2\/product_cat?post=43474"},{"taxonomy":"product_tag","embeddable":true,"href":"https:\/\/www.mesvendanges.com\/en\/wp-json\/wp\/v2\/product_tag?post=43474"}],"curies":[{"name":"wp","href":"https:\/\/api.w.org\/{rel}","templated":true}]}}