{"id":44460,"date":"2022-08-02T16:23:00","date_gmt":"2022-08-02T14:23:00","guid":{"rendered":"https:\/\/www.mesvendanges.com\/shop\/uncategorized\/gattinara-9\/"},"modified":"2025-05-01T14:06:54","modified_gmt":"2025-05-01T12:06:54","slug":"gattinara-antoniolo-azienda-vitivinicola-2014-75cl","status":"publish","type":"product","link":"https:\/\/www.mesvendanges.com\/en\/shop\/wines\/gattinara-antoniolo-azienda-vitivinicola-2014-75cl\/","title":{"rendered":"GATTINARA"},"content":{"rendered":"<p>Le simple Gattinara est une magnifique introduction au travail de la famille Antoniolo. Le vin exprime toute la finesse et l&#8217;\u00e9l\u00e9gance des vins du domaine. Un vin pr\u00e9t \u00e0 boire, \u00e0 la fois expressif et pos\u00e9, qui vieillira admirablement sur 20 ans<\/p>\n<div>11 hectares sont consacr\u00e9s au Gattinara, avec des vignes sur socle morainique, et une exposition sud\/sud-ouest. La production annuelle est d&#8217;environ 15000 bouteilles. Les raisins subissent une fermentation de 10 \u00e0 12 jours, sur peau, avant d&#8217;\u00eatre mis en barrique pour un \u00e9levage de 30 mois <\/div>\n","protected":false},"excerpt":{"rendered":"<p>Le simple Gattinara est une magnifique introduction au travail de la famille Antoniolo. Le vin exprime toute la finesse et l&#8217;\u00e9l\u00e9gance des vins du domaine. Un vin pr\u00e9t \u00e0 boire, \u00e0 la fois expressif et pos\u00e9, qui vieillira admirablement sur 20 ans 11 hectares sont consacr\u00e9s au Gattinara, avec des vignes sur socle morainique, et [&hellip;]<\/p>\n","protected":false},"featured_media":22890,"template":"","meta":[],"product_cat":[3740],"product_tag":[],"acf":[],"yoast_head":"<!-- This site is optimized with the Yoast SEO plugin v19.3 - https:\/\/yoast.com\/wordpress\/plugins\/seo\/ -->\n<title>GATTINARA - Mes Vendanges<\/title>\n<meta name=\"robots\" content=\"index, follow, max-snippet:-1, max-image-preview:large, max-video-preview:-1\" \/>\n<link rel=\"canonical\" href=\"https:\/\/www.mesvendanges.com\/en\/shop\/wines\/gattinara-antoniolo-azienda-vitivinicola-2014-75cl\/\" \/>\n<meta property=\"og:locale\" content=\"en_US\" \/>\n<meta property=\"og:type\" content=\"article\" \/>\n<meta property=\"og:title\" content=\"GATTINARA - Mes Vendanges\" \/>\n<meta property=\"og:description\" content=\"Le simple Gattinara est une magnifique introduction au travail de la famille Antoniolo. Le vin exprime toute la finesse et l&#8217;\u00e9l\u00e9gance des vins du domaine. Un vin pr\u00e9t \u00e0 boire, \u00e0 la fois expressif et pos\u00e9, qui vieillira admirablement sur 20 ans 11 hectares sont consacr\u00e9s au Gattinara, avec des vignes sur socle morainique, et [&hellip;]\" \/>\n<meta property=\"og:url\" content=\"https:\/\/www.mesvendanges.com\/en\/shop\/wines\/gattinara-antoniolo-azienda-vitivinicola-2014-75cl\/\" \/>\n<meta property=\"og:site_name\" content=\"Mes Vendanges\" \/>\n<meta property=\"article:modified_time\" content=\"2025-05-01T12:06:54+00:00\" \/>\n<meta property=\"og:image\" content=\"https:\/\/www.mesvendanges.com\/wp-content\/uploads\/2022\/07\/antoniolo-gattinara-2014-png.png\" \/>\n\t<meta property=\"og:image:width\" content=\"600\" \/>\n\t<meta property=\"og:image:height\" content=\"1500\" \/>\n\t<meta property=\"og:image:type\" content=\"image\/png\" \/>\n<meta name=\"twitter:card\" content=\"summary_large_image\" \/>\n<script type=\"application\/ld+json\" class=\"yoast-schema-graph\">{\"@context\":\"https:\/\/schema.org\",\"@graph\":[{\"@type\":\"Organization\",\"@id\":\"https:\/\/www.mesvendanges.com\/en\/#organization\",\"name\":\"Mes Vendanges\",\"url\":\"https:\/\/www.mesvendanges.com\/en\/\",\"sameAs\":[],\"logo\":{\"@type\":\"ImageObject\",\"inLanguage\":\"fr-FR\",\"@id\":\"https:\/\/www.mesvendanges.com\/en\/#\/schema\/logo\/image\/\",\"url\":\"https:\/\/www.mesvendanges.com\/wp-content\/uploads\/2022\/02\/logo-mesvendanges.jpg\",\"contentUrl\":\"https:\/\/www.mesvendanges.com\/wp-content\/uploads\/2022\/02\/logo-mesvendanges.jpg\",\"width\":851,\"height\":260,\"caption\":\"Mes Vendanges\"},\"image\":{\"@id\":\"https:\/\/www.mesvendanges.com\/en\/#\/schema\/logo\/image\/\"}},{\"@type\":\"WebSite\",\"@id\":\"https:\/\/www.mesvendanges.com\/en\/#website\",\"url\":\"https:\/\/www.mesvendanges.com\/en\/\",\"name\":\"Mes Vendanges\",\"description\":\"Des journ\u00e9es enti\u00e8res dans les vignes\",\"publisher\":{\"@id\":\"https:\/\/www.mesvendanges.com\/en\/#organization\"},\"potentialAction\":[{\"@type\":\"SearchAction\",\"target\":{\"@type\":\"EntryPoint\",\"urlTemplate\":\"https:\/\/www.mesvendanges.com\/en\/?s={search_term_string}\"},\"query-input\":\"required name=search_term_string\"}],\"inLanguage\":\"fr-FR\"},{\"@type\":\"ImageObject\",\"inLanguage\":\"fr-FR\",\"@id\":\"https:\/\/www.mesvendanges.com\/en\/shop\/wines\/gattinara-antoniolo-azienda-vitivinicola-2014-75cl\/#primaryimage\",\"url\":\"https:\/\/www.mesvendanges.com\/wp-content\/uploads\/2022\/07\/antoniolo-gattinara-2014-png.png\",\"contentUrl\":\"https:\/\/www.mesvendanges.com\/wp-content\/uploads\/2022\/07\/antoniolo-gattinara-2014-png.png\",\"width\":600,\"height\":1500},{\"@type\":\"WebPage\",\"@id\":\"https:\/\/www.mesvendanges.com\/en\/shop\/wines\/gattinara-antoniolo-azienda-vitivinicola-2014-75cl\/\",\"url\":\"https:\/\/www.mesvendanges.com\/en\/shop\/wines\/gattinara-antoniolo-azienda-vitivinicola-2014-75cl\/\",\"name\":\"GATTINARA - Mes Vendanges\",\"isPartOf\":{\"@id\":\"https:\/\/www.mesvendanges.com\/en\/#website\"},\"primaryImageOfPage\":{\"@id\":\"https:\/\/www.mesvendanges.com\/en\/shop\/wines\/gattinara-antoniolo-azienda-vitivinicola-2014-75cl\/#primaryimage\"},\"datePublished\":\"2022-08-02T14:23:00+00:00\",\"dateModified\":\"2025-05-01T12:06:54+00:00\",\"breadcrumb\":{\"@id\":\"https:\/\/www.mesvendanges.com\/en\/shop\/wines\/gattinara-antoniolo-azienda-vitivinicola-2014-75cl\/#breadcrumb\"},\"inLanguage\":\"fr-FR\",\"potentialAction\":[{\"@type\":\"ReadAction\",\"target\":[\"https:\/\/www.mesvendanges.com\/en\/shop\/wines\/gattinara-antoniolo-azienda-vitivinicola-2014-75cl\/\"]}]},{\"@type\":\"BreadcrumbList\",\"@id\":\"https:\/\/www.mesvendanges.com\/en\/shop\/wines\/gattinara-antoniolo-azienda-vitivinicola-2014-75cl\/#breadcrumb\",\"itemListElement\":[{\"@type\":\"ListItem\",\"position\":1,\"name\":\"Home\",\"item\":\"https:\/\/www.mesvendanges.com\/en\/\"},{\"@type\":\"ListItem\",\"position\":2,\"name\":\"Shop\",\"item\":\"https:\/\/www.mesvendanges.com\/en\/shop\/\"},{\"@type\":\"ListItem\",\"position\":3,\"name\":\"GATTINARA\"}]}]}<\/script>\n<!-- \/ Yoast SEO plugin. -->","yoast_head_json":{"title":"GATTINARA - Mes Vendanges","robots":{"index":"index","follow":"follow","max-snippet":"max-snippet:-1","max-image-preview":"max-image-preview:large","max-video-preview":"max-video-preview:-1"},"canonical":"https:\/\/www.mesvendanges.com\/en\/shop\/wines\/gattinara-antoniolo-azienda-vitivinicola-2014-75cl\/","og_locale":"en_US","og_type":"article","og_title":"GATTINARA - Mes Vendanges","og_description":"Le simple Gattinara est une magnifique introduction au travail de la famille Antoniolo. Le vin exprime toute la finesse et l&#8217;\u00e9l\u00e9gance des vins du domaine. Un vin pr\u00e9t \u00e0 boire, \u00e0 la fois expressif et pos\u00e9, qui vieillira admirablement sur 20 ans 11 hectares sont consacr\u00e9s au Gattinara, avec des vignes sur socle morainique, et [&hellip;]","og_url":"https:\/\/www.mesvendanges.com\/en\/shop\/wines\/gattinara-antoniolo-azienda-vitivinicola-2014-75cl\/","og_site_name":"Mes Vendanges","article_modified_time":"2025-05-01T12:06:54+00:00","og_image":[{"width":600,"height":1500,"url":"https:\/\/www.mesvendanges.com\/wp-content\/uploads\/2022\/07\/antoniolo-gattinara-2014-png.png","type":"image\/png"}],"twitter_card":"summary_large_image","schema":{"@context":"https:\/\/schema.org","@graph":[{"@type":"Organization","@id":"https:\/\/www.mesvendanges.com\/en\/#organization","name":"Mes Vendanges","url":"https:\/\/www.mesvendanges.com\/en\/","sameAs":[],"logo":{"@type":"ImageObject","inLanguage":"fr-FR","@id":"https:\/\/www.mesvendanges.com\/en\/#\/schema\/logo\/image\/","url":"https:\/\/www.mesvendanges.com\/wp-content\/uploads\/2022\/02\/logo-mesvendanges.jpg","contentUrl":"https:\/\/www.mesvendanges.com\/wp-content\/uploads\/2022\/02\/logo-mesvendanges.jpg","width":851,"height":260,"caption":"Mes Vendanges"},"image":{"@id":"https:\/\/www.mesvendanges.com\/en\/#\/schema\/logo\/image\/"}},{"@type":"WebSite","@id":"https:\/\/www.mesvendanges.com\/en\/#website","url":"https:\/\/www.mesvendanges.com\/en\/","name":"Mes Vendanges","description":"Des journ\u00e9es enti\u00e8res dans les vignes","publisher":{"@id":"https:\/\/www.mesvendanges.com\/en\/#organization"},"potentialAction":[{"@type":"SearchAction","target":{"@type":"EntryPoint","urlTemplate":"https:\/\/www.mesvendanges.com\/en\/?s={search_term_string}"},"query-input":"required name=search_term_string"}],"inLanguage":"fr-FR"},{"@type":"ImageObject","inLanguage":"fr-FR","@id":"https:\/\/www.mesvendanges.com\/en\/shop\/wines\/gattinara-antoniolo-azienda-vitivinicola-2014-75cl\/#primaryimage","url":"https:\/\/www.mesvendanges.com\/wp-content\/uploads\/2022\/07\/antoniolo-gattinara-2014-png.png","contentUrl":"https:\/\/www.mesvendanges.com\/wp-content\/uploads\/2022\/07\/antoniolo-gattinara-2014-png.png","width":600,"height":1500},{"@type":"WebPage","@id":"https:\/\/www.mesvendanges.com\/en\/shop\/wines\/gattinara-antoniolo-azienda-vitivinicola-2014-75cl\/","url":"https:\/\/www.mesvendanges.com\/en\/shop\/wines\/gattinara-antoniolo-azienda-vitivinicola-2014-75cl\/","name":"GATTINARA - Mes Vendanges","isPartOf":{"@id":"https:\/\/www.mesvendanges.com\/en\/#website"},"primaryImageOfPage":{"@id":"https:\/\/www.mesvendanges.com\/en\/shop\/wines\/gattinara-antoniolo-azienda-vitivinicola-2014-75cl\/#primaryimage"},"datePublished":"2022-08-02T14:23:00+00:00","dateModified":"2025-05-01T12:06:54+00:00","breadcrumb":{"@id":"https:\/\/www.mesvendanges.com\/en\/shop\/wines\/gattinara-antoniolo-azienda-vitivinicola-2014-75cl\/#breadcrumb"},"inLanguage":"fr-FR","potentialAction":[{"@type":"ReadAction","target":["https:\/\/www.mesvendanges.com\/en\/shop\/wines\/gattinara-antoniolo-azienda-vitivinicola-2014-75cl\/"]}]},{"@type":"BreadcrumbList","@id":"https:\/\/www.mesvendanges.com\/en\/shop\/wines\/gattinara-antoniolo-azienda-vitivinicola-2014-75cl\/#breadcrumb","itemListElement":[{"@type":"ListItem","position":1,"name":"Home","item":"https:\/\/www.mesvendanges.com\/en\/"},{"@type":"ListItem","position":2,"name":"Shop","item":"https:\/\/www.mesvendanges.com\/en\/shop\/"},{"@type":"ListItem","position":3,"name":"GATTINARA"}]}]}},"_links":{"self":[{"href":"https:\/\/www.mesvendanges.com\/en\/wp-json\/wp\/v2\/product\/44460"}],"collection":[{"href":"https:\/\/www.mesvendanges.com\/en\/wp-json\/wp\/v2\/product"}],"about":[{"href":"https:\/\/www.mesvendanges.com\/en\/wp-json\/wp\/v2\/types\/product"}],"wp:featuredmedia":[{"embeddable":true,"href":"https:\/\/www.mesvendanges.com\/en\/wp-json\/wp\/v2\/media\/22890"}],"wp:attachment":[{"href":"https:\/\/www.mesvendanges.com\/en\/wp-json\/wp\/v2\/media?parent=44460"}],"wp:term":[{"taxonomy":"product_cat","embeddable":true,"href":"https:\/\/www.mesvendanges.com\/en\/wp-json\/wp\/v2\/product_cat?post=44460"},{"taxonomy":"product_tag","embeddable":true,"href":"https:\/\/www.mesvendanges.com\/en\/wp-json\/wp\/v2\/product_tag?post=44460"}],"curies":[{"name":"wp","href":"https:\/\/api.w.org\/{rel}","templated":true}]}}