{"id":44548,"date":"2022-08-02T16:25:09","date_gmt":"2022-08-02T14:25:09","guid":{"rendered":"https:\/\/www.mesvendanges.com\/shop\/uncategorized\/comptine-dautomne\/"},"modified":"2025-05-01T16:41:26","modified_gmt":"2025-05-01T14:41:26","slug":"comptine-dautomne-les-petits-riens-2016-75cl","status":"publish","type":"product","link":"https:\/\/www.mesvendanges.com\/en\/shop\/wines\/comptine-dautomne-les-petits-riens-2016-75cl\/","title":{"rendered":"COMPTINE D&#8217;AUTOMNE"},"content":{"rendered":"<p>881 bouteilles et 15 magnums produits.<br \/>\ncette cuv\u00e9e 100% pinot noir est issue de vignes d&#8217;une quarantaine d&#8217;ann\u00e9es, plant\u00e9es sur sols sablo-limoneux riches en gneiss.<br \/>\nLa vendange a eu lieu la premi\u00e8re semaine de septembre. Les raisins, erafl\u00e9s sont mis en cuve inox pour une fermentation de 12 jours sur peaux puis les vins sont \u00e9lev\u00e9s 30 mois pour 60% en barrique, 20% en gr\u00e9s et 20% en inox. Ils sont mis en bouteilles sans filtration. La teneur en soufre est de 40mg\/l soit une tr\u00e8s faible dose de soufre total<\/p>\n","protected":false},"excerpt":{"rendered":"<p>881 bouteilles et 15 magnums produits. cette cuv\u00e9e 100% pinot noir est issue de vignes d&#8217;une quarantaine d&#8217;ann\u00e9es, plant\u00e9es sur sols sablo-limoneux riches en gneiss. La vendange a eu lieu la premi\u00e8re semaine de septembre. Les raisins, erafl\u00e9s sont mis en cuve inox pour une fermentation de 12 jours sur peaux puis les vins sont [&hellip;]<\/p>\n","protected":false},"featured_media":22978,"template":"","meta":[],"product_cat":[3740],"product_tag":[],"acf":[],"yoast_head":"<!-- This site is optimized with the Yoast SEO plugin v19.3 - https:\/\/yoast.com\/wordpress\/plugins\/seo\/ -->\n<title>COMPTINE D&#039;AUTOMNE - Mes Vendanges<\/title>\n<meta name=\"robots\" content=\"index, follow, max-snippet:-1, max-image-preview:large, max-video-preview:-1\" \/>\n<link rel=\"canonical\" href=\"https:\/\/www.mesvendanges.com\/en\/shop\/wines\/comptine-dautomne-les-petits-riens-2016-75cl\/\" \/>\n<meta property=\"og:locale\" content=\"en_US\" \/>\n<meta property=\"og:type\" content=\"article\" \/>\n<meta property=\"og:title\" content=\"COMPTINE D&#039;AUTOMNE - Mes Vendanges\" \/>\n<meta property=\"og:description\" content=\"881 bouteilles et 15 magnums produits. cette cuv\u00e9e 100% pinot noir est issue de vignes d&#8217;une quarantaine d&#8217;ann\u00e9es, plant\u00e9es sur sols sablo-limoneux riches en gneiss. La vendange a eu lieu la premi\u00e8re semaine de septembre. Les raisins, erafl\u00e9s sont mis en cuve inox pour une fermentation de 12 jours sur peaux puis les vins sont [&hellip;]\" \/>\n<meta property=\"og:url\" content=\"https:\/\/www.mesvendanges.com\/en\/shop\/wines\/comptine-dautomne-les-petits-riens-2016-75cl\/\" \/>\n<meta property=\"og:site_name\" content=\"Mes Vendanges\" \/>\n<meta property=\"article:modified_time\" content=\"2025-05-01T14:41:26+00:00\" \/>\n<meta property=\"og:image\" content=\"https:\/\/www.mesvendanges.com\/wp-content\/uploads\/2022\/07\/les-petits-riens-aoste-comptine-dautomne-rouge-2016-png.png\" \/>\n\t<meta property=\"og:image:width\" content=\"494\" \/>\n\t<meta property=\"og:image:height\" content=\"1500\" \/>\n\t<meta property=\"og:image:type\" content=\"image\/png\" \/>\n<meta name=\"twitter:card\" content=\"summary_large_image\" \/>\n<script type=\"application\/ld+json\" class=\"yoast-schema-graph\">{\"@context\":\"https:\/\/schema.org\",\"@graph\":[{\"@type\":\"Organization\",\"@id\":\"https:\/\/www.mesvendanges.com\/en\/#organization\",\"name\":\"Mes Vendanges\",\"url\":\"https:\/\/www.mesvendanges.com\/en\/\",\"sameAs\":[],\"logo\":{\"@type\":\"ImageObject\",\"inLanguage\":\"fr-FR\",\"@id\":\"https:\/\/www.mesvendanges.com\/en\/#\/schema\/logo\/image\/\",\"url\":\"https:\/\/www.mesvendanges.com\/wp-content\/uploads\/2022\/02\/logo-mesvendanges.jpg\",\"contentUrl\":\"https:\/\/www.mesvendanges.com\/wp-content\/uploads\/2022\/02\/logo-mesvendanges.jpg\",\"width\":851,\"height\":260,\"caption\":\"Mes Vendanges\"},\"image\":{\"@id\":\"https:\/\/www.mesvendanges.com\/en\/#\/schema\/logo\/image\/\"}},{\"@type\":\"WebSite\",\"@id\":\"https:\/\/www.mesvendanges.com\/en\/#website\",\"url\":\"https:\/\/www.mesvendanges.com\/en\/\",\"name\":\"Mes Vendanges\",\"description\":\"Des journ\u00e9es enti\u00e8res dans les vignes\",\"publisher\":{\"@id\":\"https:\/\/www.mesvendanges.com\/en\/#organization\"},\"potentialAction\":[{\"@type\":\"SearchAction\",\"target\":{\"@type\":\"EntryPoint\",\"urlTemplate\":\"https:\/\/www.mesvendanges.com\/en\/?s={search_term_string}\"},\"query-input\":\"required name=search_term_string\"}],\"inLanguage\":\"fr-FR\"},{\"@type\":\"ImageObject\",\"inLanguage\":\"fr-FR\",\"@id\":\"https:\/\/www.mesvendanges.com\/en\/shop\/wines\/comptine-dautomne-les-petits-riens-2016-75cl\/#primaryimage\",\"url\":\"https:\/\/www.mesvendanges.com\/wp-content\/uploads\/2022\/07\/les-petits-riens-aoste-comptine-dautomne-rouge-2016-png.png\",\"contentUrl\":\"https:\/\/www.mesvendanges.com\/wp-content\/uploads\/2022\/07\/les-petits-riens-aoste-comptine-dautomne-rouge-2016-png.png\",\"width\":494,\"height\":1500},{\"@type\":\"WebPage\",\"@id\":\"https:\/\/www.mesvendanges.com\/en\/shop\/wines\/comptine-dautomne-les-petits-riens-2016-75cl\/\",\"url\":\"https:\/\/www.mesvendanges.com\/en\/shop\/wines\/comptine-dautomne-les-petits-riens-2016-75cl\/\",\"name\":\"COMPTINE D'AUTOMNE - Mes Vendanges\",\"isPartOf\":{\"@id\":\"https:\/\/www.mesvendanges.com\/en\/#website\"},\"primaryImageOfPage\":{\"@id\":\"https:\/\/www.mesvendanges.com\/en\/shop\/wines\/comptine-dautomne-les-petits-riens-2016-75cl\/#primaryimage\"},\"datePublished\":\"2022-08-02T14:25:09+00:00\",\"dateModified\":\"2025-05-01T14:41:26+00:00\",\"breadcrumb\":{\"@id\":\"https:\/\/www.mesvendanges.com\/en\/shop\/wines\/comptine-dautomne-les-petits-riens-2016-75cl\/#breadcrumb\"},\"inLanguage\":\"fr-FR\",\"potentialAction\":[{\"@type\":\"ReadAction\",\"target\":[\"https:\/\/www.mesvendanges.com\/en\/shop\/wines\/comptine-dautomne-les-petits-riens-2016-75cl\/\"]}]},{\"@type\":\"BreadcrumbList\",\"@id\":\"https:\/\/www.mesvendanges.com\/en\/shop\/wines\/comptine-dautomne-les-petits-riens-2016-75cl\/#breadcrumb\",\"itemListElement\":[{\"@type\":\"ListItem\",\"position\":1,\"name\":\"Home\",\"item\":\"https:\/\/www.mesvendanges.com\/en\/\"},{\"@type\":\"ListItem\",\"position\":2,\"name\":\"Shop\",\"item\":\"https:\/\/www.mesvendanges.com\/en\/shop\/\"},{\"@type\":\"ListItem\",\"position\":3,\"name\":\"COMPTINE D&#8217;AUTOMNE\"}]}]}<\/script>\n<!-- \/ Yoast SEO plugin. -->","yoast_head_json":{"title":"COMPTINE D'AUTOMNE - Mes Vendanges","robots":{"index":"index","follow":"follow","max-snippet":"max-snippet:-1","max-image-preview":"max-image-preview:large","max-video-preview":"max-video-preview:-1"},"canonical":"https:\/\/www.mesvendanges.com\/en\/shop\/wines\/comptine-dautomne-les-petits-riens-2016-75cl\/","og_locale":"en_US","og_type":"article","og_title":"COMPTINE D'AUTOMNE - Mes Vendanges","og_description":"881 bouteilles et 15 magnums produits. cette cuv\u00e9e 100% pinot noir est issue de vignes d&#8217;une quarantaine d&#8217;ann\u00e9es, plant\u00e9es sur sols sablo-limoneux riches en gneiss. La vendange a eu lieu la premi\u00e8re semaine de septembre. Les raisins, erafl\u00e9s sont mis en cuve inox pour une fermentation de 12 jours sur peaux puis les vins sont [&hellip;]","og_url":"https:\/\/www.mesvendanges.com\/en\/shop\/wines\/comptine-dautomne-les-petits-riens-2016-75cl\/","og_site_name":"Mes Vendanges","article_modified_time":"2025-05-01T14:41:26+00:00","og_image":[{"width":494,"height":1500,"url":"https:\/\/www.mesvendanges.com\/wp-content\/uploads\/2022\/07\/les-petits-riens-aoste-comptine-dautomne-rouge-2016-png.png","type":"image\/png"}],"twitter_card":"summary_large_image","schema":{"@context":"https:\/\/schema.org","@graph":[{"@type":"Organization","@id":"https:\/\/www.mesvendanges.com\/en\/#organization","name":"Mes Vendanges","url":"https:\/\/www.mesvendanges.com\/en\/","sameAs":[],"logo":{"@type":"ImageObject","inLanguage":"fr-FR","@id":"https:\/\/www.mesvendanges.com\/en\/#\/schema\/logo\/image\/","url":"https:\/\/www.mesvendanges.com\/wp-content\/uploads\/2022\/02\/logo-mesvendanges.jpg","contentUrl":"https:\/\/www.mesvendanges.com\/wp-content\/uploads\/2022\/02\/logo-mesvendanges.jpg","width":851,"height":260,"caption":"Mes Vendanges"},"image":{"@id":"https:\/\/www.mesvendanges.com\/en\/#\/schema\/logo\/image\/"}},{"@type":"WebSite","@id":"https:\/\/www.mesvendanges.com\/en\/#website","url":"https:\/\/www.mesvendanges.com\/en\/","name":"Mes Vendanges","description":"Des journ\u00e9es enti\u00e8res dans les vignes","publisher":{"@id":"https:\/\/www.mesvendanges.com\/en\/#organization"},"potentialAction":[{"@type":"SearchAction","target":{"@type":"EntryPoint","urlTemplate":"https:\/\/www.mesvendanges.com\/en\/?s={search_term_string}"},"query-input":"required name=search_term_string"}],"inLanguage":"fr-FR"},{"@type":"ImageObject","inLanguage":"fr-FR","@id":"https:\/\/www.mesvendanges.com\/en\/shop\/wines\/comptine-dautomne-les-petits-riens-2016-75cl\/#primaryimage","url":"https:\/\/www.mesvendanges.com\/wp-content\/uploads\/2022\/07\/les-petits-riens-aoste-comptine-dautomne-rouge-2016-png.png","contentUrl":"https:\/\/www.mesvendanges.com\/wp-content\/uploads\/2022\/07\/les-petits-riens-aoste-comptine-dautomne-rouge-2016-png.png","width":494,"height":1500},{"@type":"WebPage","@id":"https:\/\/www.mesvendanges.com\/en\/shop\/wines\/comptine-dautomne-les-petits-riens-2016-75cl\/","url":"https:\/\/www.mesvendanges.com\/en\/shop\/wines\/comptine-dautomne-les-petits-riens-2016-75cl\/","name":"COMPTINE D'AUTOMNE - Mes Vendanges","isPartOf":{"@id":"https:\/\/www.mesvendanges.com\/en\/#website"},"primaryImageOfPage":{"@id":"https:\/\/www.mesvendanges.com\/en\/shop\/wines\/comptine-dautomne-les-petits-riens-2016-75cl\/#primaryimage"},"datePublished":"2022-08-02T14:25:09+00:00","dateModified":"2025-05-01T14:41:26+00:00","breadcrumb":{"@id":"https:\/\/www.mesvendanges.com\/en\/shop\/wines\/comptine-dautomne-les-petits-riens-2016-75cl\/#breadcrumb"},"inLanguage":"fr-FR","potentialAction":[{"@type":"ReadAction","target":["https:\/\/www.mesvendanges.com\/en\/shop\/wines\/comptine-dautomne-les-petits-riens-2016-75cl\/"]}]},{"@type":"BreadcrumbList","@id":"https:\/\/www.mesvendanges.com\/en\/shop\/wines\/comptine-dautomne-les-petits-riens-2016-75cl\/#breadcrumb","itemListElement":[{"@type":"ListItem","position":1,"name":"Home","item":"https:\/\/www.mesvendanges.com\/en\/"},{"@type":"ListItem","position":2,"name":"Shop","item":"https:\/\/www.mesvendanges.com\/en\/shop\/"},{"@type":"ListItem","position":3,"name":"COMPTINE D&#8217;AUTOMNE"}]}]}},"_links":{"self":[{"href":"https:\/\/www.mesvendanges.com\/en\/wp-json\/wp\/v2\/product\/44548"}],"collection":[{"href":"https:\/\/www.mesvendanges.com\/en\/wp-json\/wp\/v2\/product"}],"about":[{"href":"https:\/\/www.mesvendanges.com\/en\/wp-json\/wp\/v2\/types\/product"}],"wp:featuredmedia":[{"embeddable":true,"href":"https:\/\/www.mesvendanges.com\/en\/wp-json\/wp\/v2\/media\/22978"}],"wp:attachment":[{"href":"https:\/\/www.mesvendanges.com\/en\/wp-json\/wp\/v2\/media?parent=44548"}],"wp:term":[{"taxonomy":"product_cat","embeddable":true,"href":"https:\/\/www.mesvendanges.com\/en\/wp-json\/wp\/v2\/product_cat?post=44548"},{"taxonomy":"product_tag","embeddable":true,"href":"https:\/\/www.mesvendanges.com\/en\/wp-json\/wp\/v2\/product_tag?post=44548"}],"curies":[{"name":"wp","href":"https:\/\/api.w.org\/{rel}","templated":true}]}}