{"id":44656,"date":"2022-08-02T16:28:16","date_gmt":"2022-08-02T14:28:16","guid":{"rendered":"https:\/\/www.mesvendanges.com\/shop\/uncategorized\/grain-pinot-champ-dury-3\/"},"modified":"2025-12-06T09:21:36","modified_gmt":"2025-12-06T08:21:36","slug":"grain-pinot-champ-dury-chappaz-marie-therese-2018-75cl","status":"publish","type":"product","link":"https:\/\/www.mesvendanges.com\/en\/shop\/wines\/grain-pinot-champ-dury-chappaz-marie-therese-2018-75cl\/","title":{"rendered":"GRAIN PINOT CHAMP DURY"},"content":{"rendered":"<p>C\u00e9page : Pinot Noir de vieilles vignes Terroir : calcaire<br \/>\nD\u00e9gustation : La robe est soutenue, cerise aux nuances violac\u00e9es. Nez sur la merise, le pain d\u2019\u00e9pices, la chemin\u00e9e froide, le bois doux, la vanille. Entr\u00e9e en bouche souple et s\u00e9rieuse \u00e0 la fois. Corps d\u2019une grande densit\u00e9, serti de nombreux tannins tr\u00e8s nobles, qui se termine sur une longue finale pas encore tout \u00e0 fait d\u00e9ploy\u00e9e : \u00e0 encaver plusieurs ann\u00e9es<\/p>\n","protected":false},"excerpt":{"rendered":"<p>C\u00e9page : Pinot Noir de vieilles vignes Terroir : calcaire D\u00e9gustation : La robe est soutenue, cerise aux nuances violac\u00e9es. Nez sur la merise, le pain d\u2019\u00e9pices, la chemin\u00e9e froide, le bois doux, la vanille. Entr\u00e9e en bouche souple et s\u00e9rieuse \u00e0 la fois. Corps d\u2019une grande densit\u00e9, serti de nombreux tannins tr\u00e8s nobles, qui [&hellip;]<\/p>\n","protected":false},"featured_media":86644,"template":"","meta":[],"product_cat":[3740],"product_tag":[],"acf":[],"yoast_head":"<!-- This site is optimized with the Yoast SEO plugin v19.3 - https:\/\/yoast.com\/wordpress\/plugins\/seo\/ -->\n<title>GRAIN PINOT CHAMP DURY - Mes Vendanges<\/title>\n<meta name=\"robots\" content=\"index, follow, max-snippet:-1, max-image-preview:large, max-video-preview:-1\" \/>\n<link rel=\"canonical\" href=\"https:\/\/www.mesvendanges.com\/en\/shop\/wines\/grain-pinot-champ-dury-chappaz-marie-therese-2018-75cl\/\" \/>\n<meta property=\"og:locale\" content=\"en_US\" \/>\n<meta property=\"og:type\" content=\"article\" \/>\n<meta property=\"og:title\" content=\"GRAIN PINOT CHAMP DURY - Mes Vendanges\" \/>\n<meta property=\"og:description\" content=\"C\u00e9page : Pinot Noir de vieilles vignes Terroir : calcaire D\u00e9gustation : La robe est soutenue, cerise aux nuances violac\u00e9es. Nez sur la merise, le pain d\u2019\u00e9pices, la chemin\u00e9e froide, le bois doux, la vanille. Entr\u00e9e en bouche souple et s\u00e9rieuse \u00e0 la fois. Corps d\u2019une grande densit\u00e9, serti de nombreux tannins tr\u00e8s nobles, qui [&hellip;]\" \/>\n<meta property=\"og:url\" content=\"https:\/\/www.mesvendanges.com\/en\/shop\/wines\/grain-pinot-champ-dury-chappaz-marie-therese-2018-75cl\/\" \/>\n<meta property=\"og:site_name\" content=\"Mes Vendanges\" \/>\n<meta property=\"article:modified_time\" content=\"2025-12-06T08:21:36+00:00\" \/>\n<meta property=\"og:image\" content=\"https:\/\/www.mesvendanges.com\/wp-content\/uploads\/2025\/05\/marie-therese-chappaz-fully-valais-grain-pinot-champ-dury-rouge-2018-png.png\" \/>\n\t<meta property=\"og:image:width\" content=\"440\" \/>\n\t<meta property=\"og:image:height\" content=\"1500\" \/>\n\t<meta property=\"og:image:type\" content=\"image\/png\" \/>\n<meta name=\"twitter:card\" content=\"summary_large_image\" \/>\n<script type=\"application\/ld+json\" class=\"yoast-schema-graph\">{\"@context\":\"https:\/\/schema.org\",\"@graph\":[{\"@type\":\"Organization\",\"@id\":\"https:\/\/www.mesvendanges.com\/en\/#organization\",\"name\":\"Mes Vendanges\",\"url\":\"https:\/\/www.mesvendanges.com\/en\/\",\"sameAs\":[],\"logo\":{\"@type\":\"ImageObject\",\"inLanguage\":\"fr-FR\",\"@id\":\"https:\/\/www.mesvendanges.com\/en\/#\/schema\/logo\/image\/\",\"url\":\"https:\/\/www.mesvendanges.com\/wp-content\/uploads\/2022\/02\/logo-mesvendanges.jpg\",\"contentUrl\":\"https:\/\/www.mesvendanges.com\/wp-content\/uploads\/2022\/02\/logo-mesvendanges.jpg\",\"width\":851,\"height\":260,\"caption\":\"Mes Vendanges\"},\"image\":{\"@id\":\"https:\/\/www.mesvendanges.com\/en\/#\/schema\/logo\/image\/\"}},{\"@type\":\"WebSite\",\"@id\":\"https:\/\/www.mesvendanges.com\/en\/#website\",\"url\":\"https:\/\/www.mesvendanges.com\/en\/\",\"name\":\"Mes Vendanges\",\"description\":\"Des journ\u00e9es enti\u00e8res dans les vignes\",\"publisher\":{\"@id\":\"https:\/\/www.mesvendanges.com\/en\/#organization\"},\"potentialAction\":[{\"@type\":\"SearchAction\",\"target\":{\"@type\":\"EntryPoint\",\"urlTemplate\":\"https:\/\/www.mesvendanges.com\/en\/?s={search_term_string}\"},\"query-input\":\"required name=search_term_string\"}],\"inLanguage\":\"fr-FR\"},{\"@type\":\"ImageObject\",\"inLanguage\":\"fr-FR\",\"@id\":\"https:\/\/www.mesvendanges.com\/en\/shop\/wines\/grain-pinot-champ-dury-chappaz-marie-therese-2018-75cl\/#primaryimage\",\"url\":\"https:\/\/www.mesvendanges.com\/wp-content\/uploads\/2025\/05\/marie-therese-chappaz-fully-valais-grain-pinot-champ-dury-rouge-2018-png.png\",\"contentUrl\":\"https:\/\/www.mesvendanges.com\/wp-content\/uploads\/2025\/05\/marie-therese-chappaz-fully-valais-grain-pinot-champ-dury-rouge-2018-png.png\",\"width\":440,\"height\":1500},{\"@type\":\"WebPage\",\"@id\":\"https:\/\/www.mesvendanges.com\/en\/shop\/wines\/grain-pinot-champ-dury-chappaz-marie-therese-2018-75cl\/\",\"url\":\"https:\/\/www.mesvendanges.com\/en\/shop\/wines\/grain-pinot-champ-dury-chappaz-marie-therese-2018-75cl\/\",\"name\":\"GRAIN PINOT CHAMP DURY - Mes Vendanges\",\"isPartOf\":{\"@id\":\"https:\/\/www.mesvendanges.com\/en\/#website\"},\"primaryImageOfPage\":{\"@id\":\"https:\/\/www.mesvendanges.com\/en\/shop\/wines\/grain-pinot-champ-dury-chappaz-marie-therese-2018-75cl\/#primaryimage\"},\"datePublished\":\"2022-08-02T14:28:16+00:00\",\"dateModified\":\"2025-12-06T08:21:36+00:00\",\"breadcrumb\":{\"@id\":\"https:\/\/www.mesvendanges.com\/en\/shop\/wines\/grain-pinot-champ-dury-chappaz-marie-therese-2018-75cl\/#breadcrumb\"},\"inLanguage\":\"fr-FR\",\"potentialAction\":[{\"@type\":\"ReadAction\",\"target\":[\"https:\/\/www.mesvendanges.com\/en\/shop\/wines\/grain-pinot-champ-dury-chappaz-marie-therese-2018-75cl\/\"]}]},{\"@type\":\"BreadcrumbList\",\"@id\":\"https:\/\/www.mesvendanges.com\/en\/shop\/wines\/grain-pinot-champ-dury-chappaz-marie-therese-2018-75cl\/#breadcrumb\",\"itemListElement\":[{\"@type\":\"ListItem\",\"position\":1,\"name\":\"Home\",\"item\":\"https:\/\/www.mesvendanges.com\/en\/\"},{\"@type\":\"ListItem\",\"position\":2,\"name\":\"Shop\",\"item\":\"https:\/\/www.mesvendanges.com\/en\/shop\/\"},{\"@type\":\"ListItem\",\"position\":3,\"name\":\"GRAIN PINOT CHAMP DURY\"}]}]}<\/script>\n<!-- \/ Yoast SEO plugin. -->","yoast_head_json":{"title":"GRAIN PINOT CHAMP DURY - Mes Vendanges","robots":{"index":"index","follow":"follow","max-snippet":"max-snippet:-1","max-image-preview":"max-image-preview:large","max-video-preview":"max-video-preview:-1"},"canonical":"https:\/\/www.mesvendanges.com\/en\/shop\/wines\/grain-pinot-champ-dury-chappaz-marie-therese-2018-75cl\/","og_locale":"en_US","og_type":"article","og_title":"GRAIN PINOT CHAMP DURY - Mes Vendanges","og_description":"C\u00e9page : Pinot Noir de vieilles vignes Terroir : calcaire D\u00e9gustation : La robe est soutenue, cerise aux nuances violac\u00e9es. Nez sur la merise, le pain d\u2019\u00e9pices, la chemin\u00e9e froide, le bois doux, la vanille. Entr\u00e9e en bouche souple et s\u00e9rieuse \u00e0 la fois. Corps d\u2019une grande densit\u00e9, serti de nombreux tannins tr\u00e8s nobles, qui [&hellip;]","og_url":"https:\/\/www.mesvendanges.com\/en\/shop\/wines\/grain-pinot-champ-dury-chappaz-marie-therese-2018-75cl\/","og_site_name":"Mes Vendanges","article_modified_time":"2025-12-06T08:21:36+00:00","og_image":[{"width":440,"height":1500,"url":"https:\/\/www.mesvendanges.com\/wp-content\/uploads\/2025\/05\/marie-therese-chappaz-fully-valais-grain-pinot-champ-dury-rouge-2018-png.png","type":"image\/png"}],"twitter_card":"summary_large_image","schema":{"@context":"https:\/\/schema.org","@graph":[{"@type":"Organization","@id":"https:\/\/www.mesvendanges.com\/en\/#organization","name":"Mes Vendanges","url":"https:\/\/www.mesvendanges.com\/en\/","sameAs":[],"logo":{"@type":"ImageObject","inLanguage":"fr-FR","@id":"https:\/\/www.mesvendanges.com\/en\/#\/schema\/logo\/image\/","url":"https:\/\/www.mesvendanges.com\/wp-content\/uploads\/2022\/02\/logo-mesvendanges.jpg","contentUrl":"https:\/\/www.mesvendanges.com\/wp-content\/uploads\/2022\/02\/logo-mesvendanges.jpg","width":851,"height":260,"caption":"Mes Vendanges"},"image":{"@id":"https:\/\/www.mesvendanges.com\/en\/#\/schema\/logo\/image\/"}},{"@type":"WebSite","@id":"https:\/\/www.mesvendanges.com\/en\/#website","url":"https:\/\/www.mesvendanges.com\/en\/","name":"Mes Vendanges","description":"Des journ\u00e9es enti\u00e8res dans les vignes","publisher":{"@id":"https:\/\/www.mesvendanges.com\/en\/#organization"},"potentialAction":[{"@type":"SearchAction","target":{"@type":"EntryPoint","urlTemplate":"https:\/\/www.mesvendanges.com\/en\/?s={search_term_string}"},"query-input":"required name=search_term_string"}],"inLanguage":"fr-FR"},{"@type":"ImageObject","inLanguage":"fr-FR","@id":"https:\/\/www.mesvendanges.com\/en\/shop\/wines\/grain-pinot-champ-dury-chappaz-marie-therese-2018-75cl\/#primaryimage","url":"https:\/\/www.mesvendanges.com\/wp-content\/uploads\/2025\/05\/marie-therese-chappaz-fully-valais-grain-pinot-champ-dury-rouge-2018-png.png","contentUrl":"https:\/\/www.mesvendanges.com\/wp-content\/uploads\/2025\/05\/marie-therese-chappaz-fully-valais-grain-pinot-champ-dury-rouge-2018-png.png","width":440,"height":1500},{"@type":"WebPage","@id":"https:\/\/www.mesvendanges.com\/en\/shop\/wines\/grain-pinot-champ-dury-chappaz-marie-therese-2018-75cl\/","url":"https:\/\/www.mesvendanges.com\/en\/shop\/wines\/grain-pinot-champ-dury-chappaz-marie-therese-2018-75cl\/","name":"GRAIN PINOT CHAMP DURY - Mes Vendanges","isPartOf":{"@id":"https:\/\/www.mesvendanges.com\/en\/#website"},"primaryImageOfPage":{"@id":"https:\/\/www.mesvendanges.com\/en\/shop\/wines\/grain-pinot-champ-dury-chappaz-marie-therese-2018-75cl\/#primaryimage"},"datePublished":"2022-08-02T14:28:16+00:00","dateModified":"2025-12-06T08:21:36+00:00","breadcrumb":{"@id":"https:\/\/www.mesvendanges.com\/en\/shop\/wines\/grain-pinot-champ-dury-chappaz-marie-therese-2018-75cl\/#breadcrumb"},"inLanguage":"fr-FR","potentialAction":[{"@type":"ReadAction","target":["https:\/\/www.mesvendanges.com\/en\/shop\/wines\/grain-pinot-champ-dury-chappaz-marie-therese-2018-75cl\/"]}]},{"@type":"BreadcrumbList","@id":"https:\/\/www.mesvendanges.com\/en\/shop\/wines\/grain-pinot-champ-dury-chappaz-marie-therese-2018-75cl\/#breadcrumb","itemListElement":[{"@type":"ListItem","position":1,"name":"Home","item":"https:\/\/www.mesvendanges.com\/en\/"},{"@type":"ListItem","position":2,"name":"Shop","item":"https:\/\/www.mesvendanges.com\/en\/shop\/"},{"@type":"ListItem","position":3,"name":"GRAIN PINOT CHAMP DURY"}]}]}},"_links":{"self":[{"href":"https:\/\/www.mesvendanges.com\/en\/wp-json\/wp\/v2\/product\/44656"}],"collection":[{"href":"https:\/\/www.mesvendanges.com\/en\/wp-json\/wp\/v2\/product"}],"about":[{"href":"https:\/\/www.mesvendanges.com\/en\/wp-json\/wp\/v2\/types\/product"}],"wp:featuredmedia":[{"embeddable":true,"href":"https:\/\/www.mesvendanges.com\/en\/wp-json\/wp\/v2\/media\/86644"}],"wp:attachment":[{"href":"https:\/\/www.mesvendanges.com\/en\/wp-json\/wp\/v2\/media?parent=44656"}],"wp:term":[{"taxonomy":"product_cat","embeddable":true,"href":"https:\/\/www.mesvendanges.com\/en\/wp-json\/wp\/v2\/product_cat?post=44656"},{"taxonomy":"product_tag","embeddable":true,"href":"https:\/\/www.mesvendanges.com\/en\/wp-json\/wp\/v2\/product_tag?post=44656"}],"curies":[{"name":"wp","href":"https:\/\/api.w.org\/{rel}","templated":true}]}}