{"id":44668,"date":"2022-08-02T16:28:33","date_gmt":"2022-08-02T14:28:33","guid":{"rendered":"https:\/\/www.mesvendanges.com\/shop\/uncategorized\/grain-noir-magnum\/"},"modified":"2025-05-01T14:38:12","modified_gmt":"2025-05-01T12:38:12","slug":"grain-noir-magnum-chappaz-marie-therese-2018-150cl","status":"publish","type":"product","link":"https:\/\/www.mesvendanges.com\/en\/shop\/wines\/grain-noir-magnum-chappaz-marie-therese-2018-150cl\/","title":{"rendered":"GRAIN NOIR MAGNUM"},"content":{"rendered":"<div>C\u00e9pages : Cabernet Sauvignon, Cabernet Franc, Merlot Terroir : granitique, terre profonde, Claives, Liaudisaz et Carroz <\/div>\n<div>Le grain noir se pr\u00e9sente toujours sur un caract\u00e8re serr\u00e9, myst\u00e9rieux dans sa jeunesse. Le nez, noir, gorg\u00e9 de baies de sureau ouvre la porte d&#8217;un corps vertical, dense, aux tannins fins, tram\u00e9s, marqu\u00e9s par l&#8217;\u00e9nergie du granit. C&#8217;est un vin qui demande du temps, de l&#8217;air mais qui vous \u00e9tonnera par sa pr\u00e9sence telle une grande montagne noire&#8230;<\/div>\n","protected":false},"excerpt":{"rendered":"<p>C\u00e9pages : Cabernet Sauvignon, Cabernet Franc, Merlot Terroir : granitique, terre profonde, Claives, Liaudisaz et Carroz Le grain noir se pr\u00e9sente toujours sur un caract\u00e8re serr\u00e9, myst\u00e9rieux dans sa jeunesse. Le nez, noir, gorg\u00e9 de baies de sureau ouvre la porte d&#8217;un corps vertical, dense, aux tannins fins, tram\u00e9s, marqu\u00e9s par l&#8217;\u00e9nergie du granit. C&#8217;est [&hellip;]<\/p>\n","protected":false},"featured_media":86628,"template":"","meta":[],"product_cat":[3740],"product_tag":[],"acf":[],"yoast_head":"<!-- This site is optimized with the Yoast SEO plugin v19.3 - https:\/\/yoast.com\/wordpress\/plugins\/seo\/ -->\n<title>GRAIN NOIR MAGNUM - Mes Vendanges<\/title>\n<meta name=\"robots\" content=\"index, follow, max-snippet:-1, max-image-preview:large, max-video-preview:-1\" \/>\n<link rel=\"canonical\" href=\"https:\/\/www.mesvendanges.com\/en\/shop\/wines\/grain-noir-magnum-chappaz-marie-therese-2018-150cl\/\" \/>\n<meta property=\"og:locale\" content=\"en_US\" \/>\n<meta property=\"og:type\" content=\"article\" \/>\n<meta property=\"og:title\" content=\"GRAIN NOIR MAGNUM - Mes Vendanges\" \/>\n<meta property=\"og:description\" content=\"C\u00e9pages : Cabernet Sauvignon, Cabernet Franc, Merlot Terroir : granitique, terre profonde, Claives, Liaudisaz et Carroz Le grain noir se pr\u00e9sente toujours sur un caract\u00e8re serr\u00e9, myst\u00e9rieux dans sa jeunesse. Le nez, noir, gorg\u00e9 de baies de sureau ouvre la porte d&#8217;un corps vertical, dense, aux tannins fins, tram\u00e9s, marqu\u00e9s par l&#8217;\u00e9nergie du granit. C&#8217;est [&hellip;]\" \/>\n<meta property=\"og:url\" content=\"https:\/\/www.mesvendanges.com\/en\/shop\/wines\/grain-noir-magnum-chappaz-marie-therese-2018-150cl\/\" \/>\n<meta property=\"og:site_name\" content=\"Mes Vendanges\" \/>\n<meta property=\"article:modified_time\" content=\"2025-05-01T12:38:12+00:00\" \/>\n<meta property=\"og:image\" content=\"https:\/\/www.mesvendanges.com\/wp-content\/uploads\/2025\/05\/marie-therese-chappaz-fully-valais-grain-noir-rouge-2018-150cl-png.png\" \/>\n\t<meta property=\"og:image:width\" content=\"452\" \/>\n\t<meta property=\"og:image:height\" content=\"1500\" \/>\n\t<meta property=\"og:image:type\" content=\"image\/png\" \/>\n<meta name=\"twitter:card\" content=\"summary_large_image\" \/>\n<script type=\"application\/ld+json\" class=\"yoast-schema-graph\">{\"@context\":\"https:\/\/schema.org\",\"@graph\":[{\"@type\":\"Organization\",\"@id\":\"https:\/\/www.mesvendanges.com\/en\/#organization\",\"name\":\"Mes Vendanges\",\"url\":\"https:\/\/www.mesvendanges.com\/en\/\",\"sameAs\":[],\"logo\":{\"@type\":\"ImageObject\",\"inLanguage\":\"fr-FR\",\"@id\":\"https:\/\/www.mesvendanges.com\/en\/#\/schema\/logo\/image\/\",\"url\":\"https:\/\/www.mesvendanges.com\/wp-content\/uploads\/2022\/02\/logo-mesvendanges.jpg\",\"contentUrl\":\"https:\/\/www.mesvendanges.com\/wp-content\/uploads\/2022\/02\/logo-mesvendanges.jpg\",\"width\":851,\"height\":260,\"caption\":\"Mes Vendanges\"},\"image\":{\"@id\":\"https:\/\/www.mesvendanges.com\/en\/#\/schema\/logo\/image\/\"}},{\"@type\":\"WebSite\",\"@id\":\"https:\/\/www.mesvendanges.com\/en\/#website\",\"url\":\"https:\/\/www.mesvendanges.com\/en\/\",\"name\":\"Mes Vendanges\",\"description\":\"Des journ\u00e9es enti\u00e8res dans les vignes\",\"publisher\":{\"@id\":\"https:\/\/www.mesvendanges.com\/en\/#organization\"},\"potentialAction\":[{\"@type\":\"SearchAction\",\"target\":{\"@type\":\"EntryPoint\",\"urlTemplate\":\"https:\/\/www.mesvendanges.com\/en\/?s={search_term_string}\"},\"query-input\":\"required name=search_term_string\"}],\"inLanguage\":\"fr-FR\"},{\"@type\":\"ImageObject\",\"inLanguage\":\"fr-FR\",\"@id\":\"https:\/\/www.mesvendanges.com\/en\/shop\/wines\/grain-noir-magnum-chappaz-marie-therese-2018-150cl\/#primaryimage\",\"url\":\"https:\/\/www.mesvendanges.com\/wp-content\/uploads\/2025\/05\/marie-therese-chappaz-fully-valais-grain-noir-rouge-2018-150cl-png.png\",\"contentUrl\":\"https:\/\/www.mesvendanges.com\/wp-content\/uploads\/2025\/05\/marie-therese-chappaz-fully-valais-grain-noir-rouge-2018-150cl-png.png\",\"width\":452,\"height\":1500},{\"@type\":\"WebPage\",\"@id\":\"https:\/\/www.mesvendanges.com\/en\/shop\/wines\/grain-noir-magnum-chappaz-marie-therese-2018-150cl\/\",\"url\":\"https:\/\/www.mesvendanges.com\/en\/shop\/wines\/grain-noir-magnum-chappaz-marie-therese-2018-150cl\/\",\"name\":\"GRAIN NOIR MAGNUM - Mes Vendanges\",\"isPartOf\":{\"@id\":\"https:\/\/www.mesvendanges.com\/en\/#website\"},\"primaryImageOfPage\":{\"@id\":\"https:\/\/www.mesvendanges.com\/en\/shop\/wines\/grain-noir-magnum-chappaz-marie-therese-2018-150cl\/#primaryimage\"},\"datePublished\":\"2022-08-02T14:28:33+00:00\",\"dateModified\":\"2025-05-01T12:38:12+00:00\",\"breadcrumb\":{\"@id\":\"https:\/\/www.mesvendanges.com\/en\/shop\/wines\/grain-noir-magnum-chappaz-marie-therese-2018-150cl\/#breadcrumb\"},\"inLanguage\":\"fr-FR\",\"potentialAction\":[{\"@type\":\"ReadAction\",\"target\":[\"https:\/\/www.mesvendanges.com\/en\/shop\/wines\/grain-noir-magnum-chappaz-marie-therese-2018-150cl\/\"]}]},{\"@type\":\"BreadcrumbList\",\"@id\":\"https:\/\/www.mesvendanges.com\/en\/shop\/wines\/grain-noir-magnum-chappaz-marie-therese-2018-150cl\/#breadcrumb\",\"itemListElement\":[{\"@type\":\"ListItem\",\"position\":1,\"name\":\"Home\",\"item\":\"https:\/\/www.mesvendanges.com\/en\/\"},{\"@type\":\"ListItem\",\"position\":2,\"name\":\"Shop\",\"item\":\"https:\/\/www.mesvendanges.com\/en\/shop\/\"},{\"@type\":\"ListItem\",\"position\":3,\"name\":\"GRAIN NOIR MAGNUM\"}]}]}<\/script>\n<!-- \/ Yoast SEO plugin. -->","yoast_head_json":{"title":"GRAIN NOIR MAGNUM - Mes Vendanges","robots":{"index":"index","follow":"follow","max-snippet":"max-snippet:-1","max-image-preview":"max-image-preview:large","max-video-preview":"max-video-preview:-1"},"canonical":"https:\/\/www.mesvendanges.com\/en\/shop\/wines\/grain-noir-magnum-chappaz-marie-therese-2018-150cl\/","og_locale":"en_US","og_type":"article","og_title":"GRAIN NOIR MAGNUM - Mes Vendanges","og_description":"C\u00e9pages : Cabernet Sauvignon, Cabernet Franc, Merlot Terroir : granitique, terre profonde, Claives, Liaudisaz et Carroz Le grain noir se pr\u00e9sente toujours sur un caract\u00e8re serr\u00e9, myst\u00e9rieux dans sa jeunesse. Le nez, noir, gorg\u00e9 de baies de sureau ouvre la porte d&#8217;un corps vertical, dense, aux tannins fins, tram\u00e9s, marqu\u00e9s par l&#8217;\u00e9nergie du granit. C&#8217;est [&hellip;]","og_url":"https:\/\/www.mesvendanges.com\/en\/shop\/wines\/grain-noir-magnum-chappaz-marie-therese-2018-150cl\/","og_site_name":"Mes Vendanges","article_modified_time":"2025-05-01T12:38:12+00:00","og_image":[{"width":452,"height":1500,"url":"https:\/\/www.mesvendanges.com\/wp-content\/uploads\/2025\/05\/marie-therese-chappaz-fully-valais-grain-noir-rouge-2018-150cl-png.png","type":"image\/png"}],"twitter_card":"summary_large_image","schema":{"@context":"https:\/\/schema.org","@graph":[{"@type":"Organization","@id":"https:\/\/www.mesvendanges.com\/en\/#organization","name":"Mes Vendanges","url":"https:\/\/www.mesvendanges.com\/en\/","sameAs":[],"logo":{"@type":"ImageObject","inLanguage":"fr-FR","@id":"https:\/\/www.mesvendanges.com\/en\/#\/schema\/logo\/image\/","url":"https:\/\/www.mesvendanges.com\/wp-content\/uploads\/2022\/02\/logo-mesvendanges.jpg","contentUrl":"https:\/\/www.mesvendanges.com\/wp-content\/uploads\/2022\/02\/logo-mesvendanges.jpg","width":851,"height":260,"caption":"Mes Vendanges"},"image":{"@id":"https:\/\/www.mesvendanges.com\/en\/#\/schema\/logo\/image\/"}},{"@type":"WebSite","@id":"https:\/\/www.mesvendanges.com\/en\/#website","url":"https:\/\/www.mesvendanges.com\/en\/","name":"Mes Vendanges","description":"Des journ\u00e9es enti\u00e8res dans les vignes","publisher":{"@id":"https:\/\/www.mesvendanges.com\/en\/#organization"},"potentialAction":[{"@type":"SearchAction","target":{"@type":"EntryPoint","urlTemplate":"https:\/\/www.mesvendanges.com\/en\/?s={search_term_string}"},"query-input":"required name=search_term_string"}],"inLanguage":"fr-FR"},{"@type":"ImageObject","inLanguage":"fr-FR","@id":"https:\/\/www.mesvendanges.com\/en\/shop\/wines\/grain-noir-magnum-chappaz-marie-therese-2018-150cl\/#primaryimage","url":"https:\/\/www.mesvendanges.com\/wp-content\/uploads\/2025\/05\/marie-therese-chappaz-fully-valais-grain-noir-rouge-2018-150cl-png.png","contentUrl":"https:\/\/www.mesvendanges.com\/wp-content\/uploads\/2025\/05\/marie-therese-chappaz-fully-valais-grain-noir-rouge-2018-150cl-png.png","width":452,"height":1500},{"@type":"WebPage","@id":"https:\/\/www.mesvendanges.com\/en\/shop\/wines\/grain-noir-magnum-chappaz-marie-therese-2018-150cl\/","url":"https:\/\/www.mesvendanges.com\/en\/shop\/wines\/grain-noir-magnum-chappaz-marie-therese-2018-150cl\/","name":"GRAIN NOIR MAGNUM - Mes Vendanges","isPartOf":{"@id":"https:\/\/www.mesvendanges.com\/en\/#website"},"primaryImageOfPage":{"@id":"https:\/\/www.mesvendanges.com\/en\/shop\/wines\/grain-noir-magnum-chappaz-marie-therese-2018-150cl\/#primaryimage"},"datePublished":"2022-08-02T14:28:33+00:00","dateModified":"2025-05-01T12:38:12+00:00","breadcrumb":{"@id":"https:\/\/www.mesvendanges.com\/en\/shop\/wines\/grain-noir-magnum-chappaz-marie-therese-2018-150cl\/#breadcrumb"},"inLanguage":"fr-FR","potentialAction":[{"@type":"ReadAction","target":["https:\/\/www.mesvendanges.com\/en\/shop\/wines\/grain-noir-magnum-chappaz-marie-therese-2018-150cl\/"]}]},{"@type":"BreadcrumbList","@id":"https:\/\/www.mesvendanges.com\/en\/shop\/wines\/grain-noir-magnum-chappaz-marie-therese-2018-150cl\/#breadcrumb","itemListElement":[{"@type":"ListItem","position":1,"name":"Home","item":"https:\/\/www.mesvendanges.com\/en\/"},{"@type":"ListItem","position":2,"name":"Shop","item":"https:\/\/www.mesvendanges.com\/en\/shop\/"},{"@type":"ListItem","position":3,"name":"GRAIN NOIR MAGNUM"}]}]}},"_links":{"self":[{"href":"https:\/\/www.mesvendanges.com\/en\/wp-json\/wp\/v2\/product\/44668"}],"collection":[{"href":"https:\/\/www.mesvendanges.com\/en\/wp-json\/wp\/v2\/product"}],"about":[{"href":"https:\/\/www.mesvendanges.com\/en\/wp-json\/wp\/v2\/types\/product"}],"wp:featuredmedia":[{"embeddable":true,"href":"https:\/\/www.mesvendanges.com\/en\/wp-json\/wp\/v2\/media\/86628"}],"wp:attachment":[{"href":"https:\/\/www.mesvendanges.com\/en\/wp-json\/wp\/v2\/media?parent=44668"}],"wp:term":[{"taxonomy":"product_cat","embeddable":true,"href":"https:\/\/www.mesvendanges.com\/en\/wp-json\/wp\/v2\/product_cat?post=44668"},{"taxonomy":"product_tag","embeddable":true,"href":"https:\/\/www.mesvendanges.com\/en\/wp-json\/wp\/v2\/product_tag?post=44668"}],"curies":[{"name":"wp","href":"https:\/\/api.w.org\/{rel}","templated":true}]}}