{"id":44844,"date":"2022-08-02T16:33:34","date_gmt":"2022-08-02T14:33:34","guid":{"rendered":"https:\/\/www.mesvendanges.com\/shop\/uncategorized\/grenaches-de-pierre\/"},"modified":"2025-05-01T15:57:17","modified_gmt":"2025-05-01T13:57:17","slug":"grenaches-de-pierre-giraud-dne-2014-75cl","status":"publish","type":"product","link":"https:\/\/www.mesvendanges.com\/en\/shop\/wines\/grenaches-de-pierre-giraud-dne-2014-75cl\/","title":{"rendered":"GRENACHES DE PIERRE"},"content":{"rendered":"<p>superbe cuv\u00e9e de tr\u00e8s vieux grenaches (100 ans) sur les quartiers de sables purs de Pignan et de la Crau.<br \/>\nLe style est tr\u00e8s pur avec un touch\u00e9 de bouche bourguignon, m\u00eame si la puissance rhodanienne soutient l&#8217;ensemble. Afin de pr\u00e9server au maximum la finesse, la d\u00e9clicatesse du vin, les jus sont \u00e9lev\u00e9s 18 mois en cuve b\u00e9ton, et mis en bouteilles sans collage ni filtration. Pour les amoureux des grands grenaches<\/p>\n","protected":false},"excerpt":{"rendered":"<p>superbe cuv\u00e9e de tr\u00e8s vieux grenaches (100 ans) sur les quartiers de sables purs de Pignan et de la Crau. Le style est tr\u00e8s pur avec un touch\u00e9 de bouche bourguignon, m\u00eame si la puissance rhodanienne soutient l&#8217;ensemble. Afin de pr\u00e9server au maximum la finesse, la d\u00e9clicatesse du vin, les jus sont \u00e9lev\u00e9s 18 mois [&hellip;]<\/p>\n","protected":false},"featured_media":87167,"template":"","meta":[],"product_cat":[3740],"product_tag":[],"acf":[],"yoast_head":"<!-- This site is optimized with the Yoast SEO plugin v19.3 - https:\/\/yoast.com\/wordpress\/plugins\/seo\/ -->\n<title>GRENACHES DE PIERRE - Mes Vendanges<\/title>\n<meta name=\"robots\" content=\"index, follow, max-snippet:-1, max-image-preview:large, max-video-preview:-1\" \/>\n<link rel=\"canonical\" href=\"https:\/\/www.mesvendanges.com\/en\/shop\/wines\/grenaches-de-pierre-giraud-dne-2014-75cl\/\" \/>\n<meta property=\"og:locale\" content=\"en_US\" \/>\n<meta property=\"og:type\" content=\"article\" \/>\n<meta property=\"og:title\" content=\"GRENACHES DE PIERRE - Mes Vendanges\" \/>\n<meta property=\"og:description\" content=\"superbe cuv\u00e9e de tr\u00e8s vieux grenaches (100 ans) sur les quartiers de sables purs de Pignan et de la Crau. Le style est tr\u00e8s pur avec un touch\u00e9 de bouche bourguignon, m\u00eame si la puissance rhodanienne soutient l&#8217;ensemble. Afin de pr\u00e9server au maximum la finesse, la d\u00e9clicatesse du vin, les jus sont \u00e9lev\u00e9s 18 mois [&hellip;]\" \/>\n<meta property=\"og:url\" content=\"https:\/\/www.mesvendanges.com\/en\/shop\/wines\/grenaches-de-pierre-giraud-dne-2014-75cl\/\" \/>\n<meta property=\"og:site_name\" content=\"Mes Vendanges\" \/>\n<meta property=\"article:modified_time\" content=\"2025-05-01T13:57:17+00:00\" \/>\n<meta property=\"og:image\" content=\"https:\/\/www.mesvendanges.com\/wp-content\/uploads\/2025\/05\/domaine-giraud-chateauneuf-du-pape-grenaches-de-pierre-2014-rouge-png.png\" \/>\n\t<meta property=\"og:image:width\" content=\"457\" \/>\n\t<meta property=\"og:image:height\" content=\"1500\" \/>\n\t<meta property=\"og:image:type\" content=\"image\/png\" \/>\n<meta name=\"twitter:card\" content=\"summary_large_image\" \/>\n<script type=\"application\/ld+json\" class=\"yoast-schema-graph\">{\"@context\":\"https:\/\/schema.org\",\"@graph\":[{\"@type\":\"Organization\",\"@id\":\"https:\/\/www.mesvendanges.com\/en\/#organization\",\"name\":\"Mes Vendanges\",\"url\":\"https:\/\/www.mesvendanges.com\/en\/\",\"sameAs\":[],\"logo\":{\"@type\":\"ImageObject\",\"inLanguage\":\"fr-FR\",\"@id\":\"https:\/\/www.mesvendanges.com\/en\/#\/schema\/logo\/image\/\",\"url\":\"https:\/\/www.mesvendanges.com\/wp-content\/uploads\/2022\/02\/logo-mesvendanges.jpg\",\"contentUrl\":\"https:\/\/www.mesvendanges.com\/wp-content\/uploads\/2022\/02\/logo-mesvendanges.jpg\",\"width\":851,\"height\":260,\"caption\":\"Mes Vendanges\"},\"image\":{\"@id\":\"https:\/\/www.mesvendanges.com\/en\/#\/schema\/logo\/image\/\"}},{\"@type\":\"WebSite\",\"@id\":\"https:\/\/www.mesvendanges.com\/en\/#website\",\"url\":\"https:\/\/www.mesvendanges.com\/en\/\",\"name\":\"Mes Vendanges\",\"description\":\"Des journ\u00e9es enti\u00e8res dans les vignes\",\"publisher\":{\"@id\":\"https:\/\/www.mesvendanges.com\/en\/#organization\"},\"potentialAction\":[{\"@type\":\"SearchAction\",\"target\":{\"@type\":\"EntryPoint\",\"urlTemplate\":\"https:\/\/www.mesvendanges.com\/en\/?s={search_term_string}\"},\"query-input\":\"required name=search_term_string\"}],\"inLanguage\":\"fr-FR\"},{\"@type\":\"ImageObject\",\"inLanguage\":\"fr-FR\",\"@id\":\"https:\/\/www.mesvendanges.com\/en\/shop\/wines\/grenaches-de-pierre-giraud-dne-2014-75cl\/#primaryimage\",\"url\":\"https:\/\/www.mesvendanges.com\/wp-content\/uploads\/2025\/05\/domaine-giraud-chateauneuf-du-pape-grenaches-de-pierre-2014-rouge-png.png\",\"contentUrl\":\"https:\/\/www.mesvendanges.com\/wp-content\/uploads\/2025\/05\/domaine-giraud-chateauneuf-du-pape-grenaches-de-pierre-2014-rouge-png.png\",\"width\":457,\"height\":1500},{\"@type\":\"WebPage\",\"@id\":\"https:\/\/www.mesvendanges.com\/en\/shop\/wines\/grenaches-de-pierre-giraud-dne-2014-75cl\/\",\"url\":\"https:\/\/www.mesvendanges.com\/en\/shop\/wines\/grenaches-de-pierre-giraud-dne-2014-75cl\/\",\"name\":\"GRENACHES DE PIERRE - Mes Vendanges\",\"isPartOf\":{\"@id\":\"https:\/\/www.mesvendanges.com\/en\/#website\"},\"primaryImageOfPage\":{\"@id\":\"https:\/\/www.mesvendanges.com\/en\/shop\/wines\/grenaches-de-pierre-giraud-dne-2014-75cl\/#primaryimage\"},\"datePublished\":\"2022-08-02T14:33:34+00:00\",\"dateModified\":\"2025-05-01T13:57:17+00:00\",\"breadcrumb\":{\"@id\":\"https:\/\/www.mesvendanges.com\/en\/shop\/wines\/grenaches-de-pierre-giraud-dne-2014-75cl\/#breadcrumb\"},\"inLanguage\":\"fr-FR\",\"potentialAction\":[{\"@type\":\"ReadAction\",\"target\":[\"https:\/\/www.mesvendanges.com\/en\/shop\/wines\/grenaches-de-pierre-giraud-dne-2014-75cl\/\"]}]},{\"@type\":\"BreadcrumbList\",\"@id\":\"https:\/\/www.mesvendanges.com\/en\/shop\/wines\/grenaches-de-pierre-giraud-dne-2014-75cl\/#breadcrumb\",\"itemListElement\":[{\"@type\":\"ListItem\",\"position\":1,\"name\":\"Home\",\"item\":\"https:\/\/www.mesvendanges.com\/en\/\"},{\"@type\":\"ListItem\",\"position\":2,\"name\":\"Shop\",\"item\":\"https:\/\/www.mesvendanges.com\/en\/shop\/\"},{\"@type\":\"ListItem\",\"position\":3,\"name\":\"GRENACHES DE PIERRE\"}]}]}<\/script>\n<!-- \/ Yoast SEO plugin. -->","yoast_head_json":{"title":"GRENACHES DE PIERRE - Mes Vendanges","robots":{"index":"index","follow":"follow","max-snippet":"max-snippet:-1","max-image-preview":"max-image-preview:large","max-video-preview":"max-video-preview:-1"},"canonical":"https:\/\/www.mesvendanges.com\/en\/shop\/wines\/grenaches-de-pierre-giraud-dne-2014-75cl\/","og_locale":"en_US","og_type":"article","og_title":"GRENACHES DE PIERRE - Mes Vendanges","og_description":"superbe cuv\u00e9e de tr\u00e8s vieux grenaches (100 ans) sur les quartiers de sables purs de Pignan et de la Crau. Le style est tr\u00e8s pur avec un touch\u00e9 de bouche bourguignon, m\u00eame si la puissance rhodanienne soutient l&#8217;ensemble. Afin de pr\u00e9server au maximum la finesse, la d\u00e9clicatesse du vin, les jus sont \u00e9lev\u00e9s 18 mois [&hellip;]","og_url":"https:\/\/www.mesvendanges.com\/en\/shop\/wines\/grenaches-de-pierre-giraud-dne-2014-75cl\/","og_site_name":"Mes Vendanges","article_modified_time":"2025-05-01T13:57:17+00:00","og_image":[{"width":457,"height":1500,"url":"https:\/\/www.mesvendanges.com\/wp-content\/uploads\/2025\/05\/domaine-giraud-chateauneuf-du-pape-grenaches-de-pierre-2014-rouge-png.png","type":"image\/png"}],"twitter_card":"summary_large_image","schema":{"@context":"https:\/\/schema.org","@graph":[{"@type":"Organization","@id":"https:\/\/www.mesvendanges.com\/en\/#organization","name":"Mes Vendanges","url":"https:\/\/www.mesvendanges.com\/en\/","sameAs":[],"logo":{"@type":"ImageObject","inLanguage":"fr-FR","@id":"https:\/\/www.mesvendanges.com\/en\/#\/schema\/logo\/image\/","url":"https:\/\/www.mesvendanges.com\/wp-content\/uploads\/2022\/02\/logo-mesvendanges.jpg","contentUrl":"https:\/\/www.mesvendanges.com\/wp-content\/uploads\/2022\/02\/logo-mesvendanges.jpg","width":851,"height":260,"caption":"Mes Vendanges"},"image":{"@id":"https:\/\/www.mesvendanges.com\/en\/#\/schema\/logo\/image\/"}},{"@type":"WebSite","@id":"https:\/\/www.mesvendanges.com\/en\/#website","url":"https:\/\/www.mesvendanges.com\/en\/","name":"Mes Vendanges","description":"Des journ\u00e9es enti\u00e8res dans les vignes","publisher":{"@id":"https:\/\/www.mesvendanges.com\/en\/#organization"},"potentialAction":[{"@type":"SearchAction","target":{"@type":"EntryPoint","urlTemplate":"https:\/\/www.mesvendanges.com\/en\/?s={search_term_string}"},"query-input":"required name=search_term_string"}],"inLanguage":"fr-FR"},{"@type":"ImageObject","inLanguage":"fr-FR","@id":"https:\/\/www.mesvendanges.com\/en\/shop\/wines\/grenaches-de-pierre-giraud-dne-2014-75cl\/#primaryimage","url":"https:\/\/www.mesvendanges.com\/wp-content\/uploads\/2025\/05\/domaine-giraud-chateauneuf-du-pape-grenaches-de-pierre-2014-rouge-png.png","contentUrl":"https:\/\/www.mesvendanges.com\/wp-content\/uploads\/2025\/05\/domaine-giraud-chateauneuf-du-pape-grenaches-de-pierre-2014-rouge-png.png","width":457,"height":1500},{"@type":"WebPage","@id":"https:\/\/www.mesvendanges.com\/en\/shop\/wines\/grenaches-de-pierre-giraud-dne-2014-75cl\/","url":"https:\/\/www.mesvendanges.com\/en\/shop\/wines\/grenaches-de-pierre-giraud-dne-2014-75cl\/","name":"GRENACHES DE PIERRE - Mes Vendanges","isPartOf":{"@id":"https:\/\/www.mesvendanges.com\/en\/#website"},"primaryImageOfPage":{"@id":"https:\/\/www.mesvendanges.com\/en\/shop\/wines\/grenaches-de-pierre-giraud-dne-2014-75cl\/#primaryimage"},"datePublished":"2022-08-02T14:33:34+00:00","dateModified":"2025-05-01T13:57:17+00:00","breadcrumb":{"@id":"https:\/\/www.mesvendanges.com\/en\/shop\/wines\/grenaches-de-pierre-giraud-dne-2014-75cl\/#breadcrumb"},"inLanguage":"fr-FR","potentialAction":[{"@type":"ReadAction","target":["https:\/\/www.mesvendanges.com\/en\/shop\/wines\/grenaches-de-pierre-giraud-dne-2014-75cl\/"]}]},{"@type":"BreadcrumbList","@id":"https:\/\/www.mesvendanges.com\/en\/shop\/wines\/grenaches-de-pierre-giraud-dne-2014-75cl\/#breadcrumb","itemListElement":[{"@type":"ListItem","position":1,"name":"Home","item":"https:\/\/www.mesvendanges.com\/en\/"},{"@type":"ListItem","position":2,"name":"Shop","item":"https:\/\/www.mesvendanges.com\/en\/shop\/"},{"@type":"ListItem","position":3,"name":"GRENACHES DE PIERRE"}]}]}},"_links":{"self":[{"href":"https:\/\/www.mesvendanges.com\/en\/wp-json\/wp\/v2\/product\/44844"}],"collection":[{"href":"https:\/\/www.mesvendanges.com\/en\/wp-json\/wp\/v2\/product"}],"about":[{"href":"https:\/\/www.mesvendanges.com\/en\/wp-json\/wp\/v2\/types\/product"}],"wp:featuredmedia":[{"embeddable":true,"href":"https:\/\/www.mesvendanges.com\/en\/wp-json\/wp\/v2\/media\/87167"}],"wp:attachment":[{"href":"https:\/\/www.mesvendanges.com\/en\/wp-json\/wp\/v2\/media?parent=44844"}],"wp:term":[{"taxonomy":"product_cat","embeddable":true,"href":"https:\/\/www.mesvendanges.com\/en\/wp-json\/wp\/v2\/product_cat?post=44844"},{"taxonomy":"product_tag","embeddable":true,"href":"https:\/\/www.mesvendanges.com\/en\/wp-json\/wp\/v2\/product_tag?post=44844"}],"curies":[{"name":"wp","href":"https:\/\/api.w.org\/{rel}","templated":true}]}}