{"id":44992,"date":"2022-08-02T16:37:55","date_gmt":"2022-08-02T14:37:55","guid":{"rendered":"https:\/\/www.mesvendanges.com\/shop\/uncategorized\/agiorgitiko-nature-3\/"},"modified":"2025-05-01T17:47:47","modified_gmt":"2025-05-01T15:47:47","slug":"agiorgitiko-nature-tetramythos-dne-2019-75cl","status":"publish","type":"product","link":"https:\/\/www.mesvendanges.com\/en\/shop\/wines\/agiorgitiko-nature-tetramythos-dne-2019-75cl\/","title":{"rendered":"AGIORGITIKO NATURE"},"content":{"rendered":"<p>L&#8217;agiorgitiko est un c\u00e9page grec qui donne des vins avec beaucoup de fraicheur et de croquant. En altitude comme ici il d\u00e9veloppe un fruit de cerise \u00e9cras\u00e9e, avec une pointe florale. Le bouche est fluide, proche du fruit, vivante. Un tr\u00e8s joli vin de plaisir<\/p>\n<p>Ce vin est vinifi\u00e9 de mani\u00e8re naturelle puis \u00e9lev\u00e9 12 mois en cuve inox.<\/p>\n","protected":false},"excerpt":{"rendered":"<p>L&#8217;agiorgitiko est un c\u00e9page grec qui donne des vins avec beaucoup de fraicheur et de croquant. En altitude comme ici il d\u00e9veloppe un fruit de cerise \u00e9cras\u00e9e, avec une pointe florale. Le bouche est fluide, proche du fruit, vivante. Un tr\u00e8s joli vin de plaisir Ce vin est vinifi\u00e9 de mani\u00e8re naturelle puis \u00e9lev\u00e9 12 [&hellip;]<\/p>\n","protected":false},"featured_media":87850,"template":"","meta":[],"product_cat":[3740],"product_tag":[],"acf":[],"yoast_head":"<!-- This site is optimized with the Yoast SEO plugin v19.3 - https:\/\/yoast.com\/wordpress\/plugins\/seo\/ -->\n<title>AGIORGITIKO NATURE - Mes Vendanges<\/title>\n<meta name=\"robots\" content=\"index, follow, max-snippet:-1, max-image-preview:large, max-video-preview:-1\" \/>\n<link rel=\"canonical\" href=\"https:\/\/www.mesvendanges.com\/en\/shop\/wines\/agiorgitiko-nature-tetramythos-dne-2019-75cl\/\" \/>\n<meta property=\"og:locale\" content=\"en_US\" \/>\n<meta property=\"og:type\" content=\"article\" \/>\n<meta property=\"og:title\" content=\"AGIORGITIKO NATURE - Mes Vendanges\" \/>\n<meta property=\"og:description\" content=\"L&#8217;agiorgitiko est un c\u00e9page grec qui donne des vins avec beaucoup de fraicheur et de croquant. En altitude comme ici il d\u00e9veloppe un fruit de cerise \u00e9cras\u00e9e, avec une pointe florale. Le bouche est fluide, proche du fruit, vivante. Un tr\u00e8s joli vin de plaisir Ce vin est vinifi\u00e9 de mani\u00e8re naturelle puis \u00e9lev\u00e9 12 [&hellip;]\" \/>\n<meta property=\"og:url\" content=\"https:\/\/www.mesvendanges.com\/en\/shop\/wines\/agiorgitiko-nature-tetramythos-dne-2019-75cl\/\" \/>\n<meta property=\"og:site_name\" content=\"Mes Vendanges\" \/>\n<meta property=\"article:modified_time\" content=\"2025-05-01T15:47:47+00:00\" \/>\n<meta property=\"og:image\" content=\"https:\/\/www.mesvendanges.com\/wp-content\/uploads\/2025\/05\/tetramythos-grece-agiorgitiko-rouge-nature-2019-png.png\" \/>\n\t<meta property=\"og:image:width\" content=\"394\" \/>\n\t<meta property=\"og:image:height\" content=\"1500\" \/>\n\t<meta property=\"og:image:type\" content=\"image\/png\" \/>\n<meta name=\"twitter:card\" content=\"summary_large_image\" \/>\n<script type=\"application\/ld+json\" class=\"yoast-schema-graph\">{\"@context\":\"https:\/\/schema.org\",\"@graph\":[{\"@type\":\"Organization\",\"@id\":\"https:\/\/www.mesvendanges.com\/en\/#organization\",\"name\":\"Mes Vendanges\",\"url\":\"https:\/\/www.mesvendanges.com\/en\/\",\"sameAs\":[],\"logo\":{\"@type\":\"ImageObject\",\"inLanguage\":\"fr-FR\",\"@id\":\"https:\/\/www.mesvendanges.com\/en\/#\/schema\/logo\/image\/\",\"url\":\"https:\/\/www.mesvendanges.com\/wp-content\/uploads\/2022\/02\/logo-mesvendanges.jpg\",\"contentUrl\":\"https:\/\/www.mesvendanges.com\/wp-content\/uploads\/2022\/02\/logo-mesvendanges.jpg\",\"width\":851,\"height\":260,\"caption\":\"Mes Vendanges\"},\"image\":{\"@id\":\"https:\/\/www.mesvendanges.com\/en\/#\/schema\/logo\/image\/\"}},{\"@type\":\"WebSite\",\"@id\":\"https:\/\/www.mesvendanges.com\/en\/#website\",\"url\":\"https:\/\/www.mesvendanges.com\/en\/\",\"name\":\"Mes Vendanges\",\"description\":\"Des journ\u00e9es enti\u00e8res dans les vignes\",\"publisher\":{\"@id\":\"https:\/\/www.mesvendanges.com\/en\/#organization\"},\"potentialAction\":[{\"@type\":\"SearchAction\",\"target\":{\"@type\":\"EntryPoint\",\"urlTemplate\":\"https:\/\/www.mesvendanges.com\/en\/?s={search_term_string}\"},\"query-input\":\"required name=search_term_string\"}],\"inLanguage\":\"fr-FR\"},{\"@type\":\"ImageObject\",\"inLanguage\":\"fr-FR\",\"@id\":\"https:\/\/www.mesvendanges.com\/en\/shop\/wines\/agiorgitiko-nature-tetramythos-dne-2019-75cl\/#primaryimage\",\"url\":\"https:\/\/www.mesvendanges.com\/wp-content\/uploads\/2025\/05\/tetramythos-grece-agiorgitiko-rouge-nature-2019-png.png\",\"contentUrl\":\"https:\/\/www.mesvendanges.com\/wp-content\/uploads\/2025\/05\/tetramythos-grece-agiorgitiko-rouge-nature-2019-png.png\",\"width\":394,\"height\":1500},{\"@type\":\"WebPage\",\"@id\":\"https:\/\/www.mesvendanges.com\/en\/shop\/wines\/agiorgitiko-nature-tetramythos-dne-2019-75cl\/\",\"url\":\"https:\/\/www.mesvendanges.com\/en\/shop\/wines\/agiorgitiko-nature-tetramythos-dne-2019-75cl\/\",\"name\":\"AGIORGITIKO NATURE - Mes Vendanges\",\"isPartOf\":{\"@id\":\"https:\/\/www.mesvendanges.com\/en\/#website\"},\"primaryImageOfPage\":{\"@id\":\"https:\/\/www.mesvendanges.com\/en\/shop\/wines\/agiorgitiko-nature-tetramythos-dne-2019-75cl\/#primaryimage\"},\"datePublished\":\"2022-08-02T14:37:55+00:00\",\"dateModified\":\"2025-05-01T15:47:47+00:00\",\"breadcrumb\":{\"@id\":\"https:\/\/www.mesvendanges.com\/en\/shop\/wines\/agiorgitiko-nature-tetramythos-dne-2019-75cl\/#breadcrumb\"},\"inLanguage\":\"fr-FR\",\"potentialAction\":[{\"@type\":\"ReadAction\",\"target\":[\"https:\/\/www.mesvendanges.com\/en\/shop\/wines\/agiorgitiko-nature-tetramythos-dne-2019-75cl\/\"]}]},{\"@type\":\"BreadcrumbList\",\"@id\":\"https:\/\/www.mesvendanges.com\/en\/shop\/wines\/agiorgitiko-nature-tetramythos-dne-2019-75cl\/#breadcrumb\",\"itemListElement\":[{\"@type\":\"ListItem\",\"position\":1,\"name\":\"Home\",\"item\":\"https:\/\/www.mesvendanges.com\/en\/\"},{\"@type\":\"ListItem\",\"position\":2,\"name\":\"Shop\",\"item\":\"https:\/\/www.mesvendanges.com\/en\/shop\/\"},{\"@type\":\"ListItem\",\"position\":3,\"name\":\"AGIORGITIKO NATURE\"}]}]}<\/script>\n<!-- \/ Yoast SEO plugin. -->","yoast_head_json":{"title":"AGIORGITIKO NATURE - Mes Vendanges","robots":{"index":"index","follow":"follow","max-snippet":"max-snippet:-1","max-image-preview":"max-image-preview:large","max-video-preview":"max-video-preview:-1"},"canonical":"https:\/\/www.mesvendanges.com\/en\/shop\/wines\/agiorgitiko-nature-tetramythos-dne-2019-75cl\/","og_locale":"en_US","og_type":"article","og_title":"AGIORGITIKO NATURE - Mes Vendanges","og_description":"L&#8217;agiorgitiko est un c\u00e9page grec qui donne des vins avec beaucoup de fraicheur et de croquant. En altitude comme ici il d\u00e9veloppe un fruit de cerise \u00e9cras\u00e9e, avec une pointe florale. Le bouche est fluide, proche du fruit, vivante. Un tr\u00e8s joli vin de plaisir Ce vin est vinifi\u00e9 de mani\u00e8re naturelle puis \u00e9lev\u00e9 12 [&hellip;]","og_url":"https:\/\/www.mesvendanges.com\/en\/shop\/wines\/agiorgitiko-nature-tetramythos-dne-2019-75cl\/","og_site_name":"Mes Vendanges","article_modified_time":"2025-05-01T15:47:47+00:00","og_image":[{"width":394,"height":1500,"url":"https:\/\/www.mesvendanges.com\/wp-content\/uploads\/2025\/05\/tetramythos-grece-agiorgitiko-rouge-nature-2019-png.png","type":"image\/png"}],"twitter_card":"summary_large_image","schema":{"@context":"https:\/\/schema.org","@graph":[{"@type":"Organization","@id":"https:\/\/www.mesvendanges.com\/en\/#organization","name":"Mes Vendanges","url":"https:\/\/www.mesvendanges.com\/en\/","sameAs":[],"logo":{"@type":"ImageObject","inLanguage":"fr-FR","@id":"https:\/\/www.mesvendanges.com\/en\/#\/schema\/logo\/image\/","url":"https:\/\/www.mesvendanges.com\/wp-content\/uploads\/2022\/02\/logo-mesvendanges.jpg","contentUrl":"https:\/\/www.mesvendanges.com\/wp-content\/uploads\/2022\/02\/logo-mesvendanges.jpg","width":851,"height":260,"caption":"Mes Vendanges"},"image":{"@id":"https:\/\/www.mesvendanges.com\/en\/#\/schema\/logo\/image\/"}},{"@type":"WebSite","@id":"https:\/\/www.mesvendanges.com\/en\/#website","url":"https:\/\/www.mesvendanges.com\/en\/","name":"Mes Vendanges","description":"Des journ\u00e9es enti\u00e8res dans les vignes","publisher":{"@id":"https:\/\/www.mesvendanges.com\/en\/#organization"},"potentialAction":[{"@type":"SearchAction","target":{"@type":"EntryPoint","urlTemplate":"https:\/\/www.mesvendanges.com\/en\/?s={search_term_string}"},"query-input":"required name=search_term_string"}],"inLanguage":"fr-FR"},{"@type":"ImageObject","inLanguage":"fr-FR","@id":"https:\/\/www.mesvendanges.com\/en\/shop\/wines\/agiorgitiko-nature-tetramythos-dne-2019-75cl\/#primaryimage","url":"https:\/\/www.mesvendanges.com\/wp-content\/uploads\/2025\/05\/tetramythos-grece-agiorgitiko-rouge-nature-2019-png.png","contentUrl":"https:\/\/www.mesvendanges.com\/wp-content\/uploads\/2025\/05\/tetramythos-grece-agiorgitiko-rouge-nature-2019-png.png","width":394,"height":1500},{"@type":"WebPage","@id":"https:\/\/www.mesvendanges.com\/en\/shop\/wines\/agiorgitiko-nature-tetramythos-dne-2019-75cl\/","url":"https:\/\/www.mesvendanges.com\/en\/shop\/wines\/agiorgitiko-nature-tetramythos-dne-2019-75cl\/","name":"AGIORGITIKO NATURE - Mes Vendanges","isPartOf":{"@id":"https:\/\/www.mesvendanges.com\/en\/#website"},"primaryImageOfPage":{"@id":"https:\/\/www.mesvendanges.com\/en\/shop\/wines\/agiorgitiko-nature-tetramythos-dne-2019-75cl\/#primaryimage"},"datePublished":"2022-08-02T14:37:55+00:00","dateModified":"2025-05-01T15:47:47+00:00","breadcrumb":{"@id":"https:\/\/www.mesvendanges.com\/en\/shop\/wines\/agiorgitiko-nature-tetramythos-dne-2019-75cl\/#breadcrumb"},"inLanguage":"fr-FR","potentialAction":[{"@type":"ReadAction","target":["https:\/\/www.mesvendanges.com\/en\/shop\/wines\/agiorgitiko-nature-tetramythos-dne-2019-75cl\/"]}]},{"@type":"BreadcrumbList","@id":"https:\/\/www.mesvendanges.com\/en\/shop\/wines\/agiorgitiko-nature-tetramythos-dne-2019-75cl\/#breadcrumb","itemListElement":[{"@type":"ListItem","position":1,"name":"Home","item":"https:\/\/www.mesvendanges.com\/en\/"},{"@type":"ListItem","position":2,"name":"Shop","item":"https:\/\/www.mesvendanges.com\/en\/shop\/"},{"@type":"ListItem","position":3,"name":"AGIORGITIKO NATURE"}]}]}},"_links":{"self":[{"href":"https:\/\/www.mesvendanges.com\/en\/wp-json\/wp\/v2\/product\/44992"}],"collection":[{"href":"https:\/\/www.mesvendanges.com\/en\/wp-json\/wp\/v2\/product"}],"about":[{"href":"https:\/\/www.mesvendanges.com\/en\/wp-json\/wp\/v2\/types\/product"}],"wp:featuredmedia":[{"embeddable":true,"href":"https:\/\/www.mesvendanges.com\/en\/wp-json\/wp\/v2\/media\/87850"}],"wp:attachment":[{"href":"https:\/\/www.mesvendanges.com\/en\/wp-json\/wp\/v2\/media?parent=44992"}],"wp:term":[{"taxonomy":"product_cat","embeddable":true,"href":"https:\/\/www.mesvendanges.com\/en\/wp-json\/wp\/v2\/product_cat?post=44992"},{"taxonomy":"product_tag","embeddable":true,"href":"https:\/\/www.mesvendanges.com\/en\/wp-json\/wp\/v2\/product_tag?post=44992"}],"curies":[{"name":"wp","href":"https:\/\/api.w.org\/{rel}","templated":true}]}}