{"id":45008,"date":"2022-08-02T16:38:28","date_gmt":"2022-08-02T14:38:28","guid":{"rendered":"https:\/\/www.mesvendanges.com\/shop\/uncategorized\/muscat-vin-doux-du-soleil-5\/"},"modified":"2023-12-06T05:34:44","modified_gmt":"2023-12-06T04:34:44","slug":"muscat-vin-doux-du-soleil-sclavos-dne-2017-50cl","status":"publish","type":"product","link":"https:\/\/www.mesvendanges.com\/en\/shop\/wines\/muscat-vin-doux-du-soleil-sclavos-dne-2017-50cl\/","title":{"rendered":"MUSCAT VIN DOUX DU SOLEIL"},"content":{"rendered":"<p>Domaine en agriculture biologique&nbsp;<\/p>\n<div>C\u00e9page :Muscat blanc \u00e0 petits grains<\/p>\n<div>R\u00e9gion :&nbsp;Ile de C\u00e9phalonie, mer Ionienne<\/div>\n<div>Elevage :Passerill\u00e9 sur pied et sur terrasse, \u00e9levage en barrique<\/div>\n<div>G\u00e9ologie :&nbsp;Sol de cailloux calcaires, roche m\u00e8re craie calcaire<\/div>\n<div><\/div>\n<div>Senteurs florales et a\u00e9riennes, expression de rose et de coing.<\/div>\n<div>Grande finesse en bouche, sucrosit\u00e9 l\u00e9g\u00e8rement confite bien int\u00e9gr\u00e9e par l\u2019acidit\u00e9. L\u00e9ger cot\u00e9 salin et menthol\u00e9. Exceptionnel !<\/div>\n<div>Accompagnement :&nbsp;Accompagne \u00e0 merveille le foie gras d\u2019oie, desserts chocolat\u00e9s, ou \u00e0 base de fruits jaunes (tartes \u00e0 la mirabelle, ou \u00e0 la p\u00eache), fromages frais de ch\u00e8vre et miel<\/div>\n<\/div>\n","protected":false},"excerpt":{"rendered":"<p>Domaine en agriculture biologique&nbsp; C\u00e9page :Muscat blanc \u00e0 petits grains R\u00e9gion :&nbsp;Ile de C\u00e9phalonie, mer Ionienne Elevage :Passerill\u00e9 sur pied et sur terrasse, \u00e9levage en barrique G\u00e9ologie :&nbsp;Sol de cailloux calcaires, roche m\u00e8re craie calcaire Senteurs florales et a\u00e9riennes, expression de rose et de coing. Grande finesse en bouche, sucrosit\u00e9 l\u00e9g\u00e8rement confite bien int\u00e9gr\u00e9e par [&hellip;]<\/p>\n","protected":false},"featured_media":0,"template":"","meta":[],"product_cat":[3740],"product_tag":[],"acf":[],"yoast_head":"<!-- This site is optimized with the Yoast SEO plugin v19.3 - https:\/\/yoast.com\/wordpress\/plugins\/seo\/ -->\n<title>MUSCAT VIN DOUX DU SOLEIL - Mes Vendanges<\/title>\n<meta name=\"robots\" content=\"index, follow, max-snippet:-1, max-image-preview:large, max-video-preview:-1\" \/>\n<link rel=\"canonical\" href=\"https:\/\/www.mesvendanges.com\/en\/shop\/wines\/muscat-vin-doux-du-soleil-sclavos-dne-2017-50cl\/\" \/>\n<meta property=\"og:locale\" content=\"en_US\" \/>\n<meta property=\"og:type\" content=\"article\" \/>\n<meta property=\"og:title\" content=\"MUSCAT VIN DOUX DU SOLEIL - Mes Vendanges\" \/>\n<meta property=\"og:description\" content=\"Domaine en agriculture biologique&nbsp; C\u00e9page :Muscat blanc \u00e0 petits grains R\u00e9gion :&nbsp;Ile de C\u00e9phalonie, mer Ionienne Elevage :Passerill\u00e9 sur pied et sur terrasse, \u00e9levage en barrique G\u00e9ologie :&nbsp;Sol de cailloux calcaires, roche m\u00e8re craie calcaire Senteurs florales et a\u00e9riennes, expression de rose et de coing. Grande finesse en bouche, sucrosit\u00e9 l\u00e9g\u00e8rement confite bien int\u00e9gr\u00e9e par [&hellip;]\" \/>\n<meta property=\"og:url\" content=\"https:\/\/www.mesvendanges.com\/en\/shop\/wines\/muscat-vin-doux-du-soleil-sclavos-dne-2017-50cl\/\" \/>\n<meta property=\"og:site_name\" content=\"Mes Vendanges\" \/>\n<meta property=\"article:modified_time\" content=\"2023-12-06T04:34:44+00:00\" \/>\n<meta name=\"twitter:card\" content=\"summary_large_image\" \/>\n<meta name=\"twitter:label1\" content=\"Est. reading time\" \/>\n\t<meta name=\"twitter:data1\" content=\"1 minute\" \/>\n<script type=\"application\/ld+json\" class=\"yoast-schema-graph\">{\"@context\":\"https:\/\/schema.org\",\"@graph\":[{\"@type\":\"Organization\",\"@id\":\"https:\/\/www.mesvendanges.com\/en\/#organization\",\"name\":\"Mes Vendanges\",\"url\":\"https:\/\/www.mesvendanges.com\/en\/\",\"sameAs\":[],\"logo\":{\"@type\":\"ImageObject\",\"inLanguage\":\"fr-FR\",\"@id\":\"https:\/\/www.mesvendanges.com\/en\/#\/schema\/logo\/image\/\",\"url\":\"https:\/\/www.mesvendanges.com\/wp-content\/uploads\/2022\/02\/logo-mesvendanges.jpg\",\"contentUrl\":\"https:\/\/www.mesvendanges.com\/wp-content\/uploads\/2022\/02\/logo-mesvendanges.jpg\",\"width\":851,\"height\":260,\"caption\":\"Mes Vendanges\"},\"image\":{\"@id\":\"https:\/\/www.mesvendanges.com\/en\/#\/schema\/logo\/image\/\"}},{\"@type\":\"WebSite\",\"@id\":\"https:\/\/www.mesvendanges.com\/en\/#website\",\"url\":\"https:\/\/www.mesvendanges.com\/en\/\",\"name\":\"Mes Vendanges\",\"description\":\"Des journ\u00e9es enti\u00e8res dans les vignes\",\"publisher\":{\"@id\":\"https:\/\/www.mesvendanges.com\/en\/#organization\"},\"potentialAction\":[{\"@type\":\"SearchAction\",\"target\":{\"@type\":\"EntryPoint\",\"urlTemplate\":\"https:\/\/www.mesvendanges.com\/en\/?s={search_term_string}\"},\"query-input\":\"required name=search_term_string\"}],\"inLanguage\":\"fr-FR\"},{\"@type\":\"WebPage\",\"@id\":\"https:\/\/www.mesvendanges.com\/en\/shop\/wines\/muscat-vin-doux-du-soleil-sclavos-dne-2017-50cl\/\",\"url\":\"https:\/\/www.mesvendanges.com\/en\/shop\/wines\/muscat-vin-doux-du-soleil-sclavos-dne-2017-50cl\/\",\"name\":\"MUSCAT VIN DOUX DU SOLEIL - Mes Vendanges\",\"isPartOf\":{\"@id\":\"https:\/\/www.mesvendanges.com\/en\/#website\"},\"datePublished\":\"2022-08-02T14:38:28+00:00\",\"dateModified\":\"2023-12-06T04:34:44+00:00\",\"breadcrumb\":{\"@id\":\"https:\/\/www.mesvendanges.com\/en\/shop\/wines\/muscat-vin-doux-du-soleil-sclavos-dne-2017-50cl\/#breadcrumb\"},\"inLanguage\":\"fr-FR\",\"potentialAction\":[{\"@type\":\"ReadAction\",\"target\":[\"https:\/\/www.mesvendanges.com\/en\/shop\/wines\/muscat-vin-doux-du-soleil-sclavos-dne-2017-50cl\/\"]}]},{\"@type\":\"BreadcrumbList\",\"@id\":\"https:\/\/www.mesvendanges.com\/en\/shop\/wines\/muscat-vin-doux-du-soleil-sclavos-dne-2017-50cl\/#breadcrumb\",\"itemListElement\":[{\"@type\":\"ListItem\",\"position\":1,\"name\":\"Home\",\"item\":\"https:\/\/www.mesvendanges.com\/en\/\"},{\"@type\":\"ListItem\",\"position\":2,\"name\":\"Shop\",\"item\":\"https:\/\/www.mesvendanges.com\/en\/shop\/\"},{\"@type\":\"ListItem\",\"position\":3,\"name\":\"MUSCAT VIN DOUX DU SOLEIL\"}]}]}<\/script>\n<!-- \/ Yoast SEO plugin. -->","yoast_head_json":{"title":"MUSCAT VIN DOUX DU SOLEIL - Mes Vendanges","robots":{"index":"index","follow":"follow","max-snippet":"max-snippet:-1","max-image-preview":"max-image-preview:large","max-video-preview":"max-video-preview:-1"},"canonical":"https:\/\/www.mesvendanges.com\/en\/shop\/wines\/muscat-vin-doux-du-soleil-sclavos-dne-2017-50cl\/","og_locale":"en_US","og_type":"article","og_title":"MUSCAT VIN DOUX DU SOLEIL - Mes Vendanges","og_description":"Domaine en agriculture biologique&nbsp; C\u00e9page :Muscat blanc \u00e0 petits grains R\u00e9gion :&nbsp;Ile de C\u00e9phalonie, mer Ionienne Elevage :Passerill\u00e9 sur pied et sur terrasse, \u00e9levage en barrique G\u00e9ologie :&nbsp;Sol de cailloux calcaires, roche m\u00e8re craie calcaire Senteurs florales et a\u00e9riennes, expression de rose et de coing. Grande finesse en bouche, sucrosit\u00e9 l\u00e9g\u00e8rement confite bien int\u00e9gr\u00e9e par [&hellip;]","og_url":"https:\/\/www.mesvendanges.com\/en\/shop\/wines\/muscat-vin-doux-du-soleil-sclavos-dne-2017-50cl\/","og_site_name":"Mes Vendanges","article_modified_time":"2023-12-06T04:34:44+00:00","twitter_card":"summary_large_image","twitter_misc":{"Est. reading time":"1 minute"},"schema":{"@context":"https:\/\/schema.org","@graph":[{"@type":"Organization","@id":"https:\/\/www.mesvendanges.com\/en\/#organization","name":"Mes Vendanges","url":"https:\/\/www.mesvendanges.com\/en\/","sameAs":[],"logo":{"@type":"ImageObject","inLanguage":"fr-FR","@id":"https:\/\/www.mesvendanges.com\/en\/#\/schema\/logo\/image\/","url":"https:\/\/www.mesvendanges.com\/wp-content\/uploads\/2022\/02\/logo-mesvendanges.jpg","contentUrl":"https:\/\/www.mesvendanges.com\/wp-content\/uploads\/2022\/02\/logo-mesvendanges.jpg","width":851,"height":260,"caption":"Mes Vendanges"},"image":{"@id":"https:\/\/www.mesvendanges.com\/en\/#\/schema\/logo\/image\/"}},{"@type":"WebSite","@id":"https:\/\/www.mesvendanges.com\/en\/#website","url":"https:\/\/www.mesvendanges.com\/en\/","name":"Mes Vendanges","description":"Des journ\u00e9es enti\u00e8res dans les vignes","publisher":{"@id":"https:\/\/www.mesvendanges.com\/en\/#organization"},"potentialAction":[{"@type":"SearchAction","target":{"@type":"EntryPoint","urlTemplate":"https:\/\/www.mesvendanges.com\/en\/?s={search_term_string}"},"query-input":"required name=search_term_string"}],"inLanguage":"fr-FR"},{"@type":"WebPage","@id":"https:\/\/www.mesvendanges.com\/en\/shop\/wines\/muscat-vin-doux-du-soleil-sclavos-dne-2017-50cl\/","url":"https:\/\/www.mesvendanges.com\/en\/shop\/wines\/muscat-vin-doux-du-soleil-sclavos-dne-2017-50cl\/","name":"MUSCAT VIN DOUX DU SOLEIL - Mes Vendanges","isPartOf":{"@id":"https:\/\/www.mesvendanges.com\/en\/#website"},"datePublished":"2022-08-02T14:38:28+00:00","dateModified":"2023-12-06T04:34:44+00:00","breadcrumb":{"@id":"https:\/\/www.mesvendanges.com\/en\/shop\/wines\/muscat-vin-doux-du-soleil-sclavos-dne-2017-50cl\/#breadcrumb"},"inLanguage":"fr-FR","potentialAction":[{"@type":"ReadAction","target":["https:\/\/www.mesvendanges.com\/en\/shop\/wines\/muscat-vin-doux-du-soleil-sclavos-dne-2017-50cl\/"]}]},{"@type":"BreadcrumbList","@id":"https:\/\/www.mesvendanges.com\/en\/shop\/wines\/muscat-vin-doux-du-soleil-sclavos-dne-2017-50cl\/#breadcrumb","itemListElement":[{"@type":"ListItem","position":1,"name":"Home","item":"https:\/\/www.mesvendanges.com\/en\/"},{"@type":"ListItem","position":2,"name":"Shop","item":"https:\/\/www.mesvendanges.com\/en\/shop\/"},{"@type":"ListItem","position":3,"name":"MUSCAT VIN DOUX DU SOLEIL"}]}]}},"_links":{"self":[{"href":"https:\/\/www.mesvendanges.com\/en\/wp-json\/wp\/v2\/product\/45008"}],"collection":[{"href":"https:\/\/www.mesvendanges.com\/en\/wp-json\/wp\/v2\/product"}],"about":[{"href":"https:\/\/www.mesvendanges.com\/en\/wp-json\/wp\/v2\/types\/product"}],"wp:attachment":[{"href":"https:\/\/www.mesvendanges.com\/en\/wp-json\/wp\/v2\/media?parent=45008"}],"wp:term":[{"taxonomy":"product_cat","embeddable":true,"href":"https:\/\/www.mesvendanges.com\/en\/wp-json\/wp\/v2\/product_cat?post=45008"},{"taxonomy":"product_tag","embeddable":true,"href":"https:\/\/www.mesvendanges.com\/en\/wp-json\/wp\/v2\/product_tag?post=45008"}],"curies":[{"name":"wp","href":"https:\/\/api.w.org\/{rel}","templated":true}]}}