{"id":45030,"date":"2022-08-02T16:39:08","date_gmt":"2022-08-02T14:39:08","guid":{"rendered":"https:\/\/www.mesvendanges.com\/shop\/uncategorized\/gevrey-chambertin-11\/"},"modified":"2025-12-15T10:22:15","modified_gmt":"2025-12-15T09:22:15","slug":"gevrey-chambertin-damoy-pierre-2017-75cl","status":"publish","type":"product","link":"https:\/\/www.mesvendanges.com\/en\/shop\/wines\/gevrey-chambertin-damoy-pierre-2017-75cl\/","title":{"rendered":"GEVREY-CHAMBERTIN"},"content":{"rendered":"<p>On est ici dans l&#8217;arch\u00e9type u Gevrey-Chambertin, le seigneur de la C\u00f4te de Nuits. On y trouve toute la densit\u00e9 de cette appellation avec un caract\u00e8re terrien, solide, vineux, qui donnera, avec quelques ann\u00e9es de cave, une mati\u00e8re toute \u00e0 la fois ample et soyeuse.<br \/>\nUne r\u00e9ussite et un tr\u00e8s haut niveau de jeu pour un village.<\/p>\n<p>Cette cuv\u00e9e est issue de 4 parcelles : Aux Etelois, Aux Corv\u00e9es, Champ-Chenys et la Croix des Champs<\/p>\n","protected":false},"excerpt":{"rendered":"<p>On est ici dans l&#8217;arch\u00e9type u Gevrey-Chambertin, le seigneur de la C\u00f4te de Nuits. On y trouve toute la densit\u00e9 de cette appellation avec un caract\u00e8re terrien, solide, vineux, qui donnera, avec quelques ann\u00e9es de cave, une mati\u00e8re toute \u00e0 la fois ample et soyeuse. Une r\u00e9ussite et un tr\u00e8s haut niveau de jeu pour [&hellip;]<\/p>\n","protected":false},"featured_media":25282,"template":"","meta":[],"product_cat":[3740],"product_tag":[],"acf":[],"yoast_head":"<!-- This site is optimized with the Yoast SEO plugin v19.3 - https:\/\/yoast.com\/wordpress\/plugins\/seo\/ -->\n<title>GEVREY-CHAMBERTIN - Mes Vendanges<\/title>\n<meta name=\"robots\" content=\"index, follow, max-snippet:-1, max-image-preview:large, max-video-preview:-1\" \/>\n<link rel=\"canonical\" href=\"https:\/\/www.mesvendanges.com\/en\/shop\/wines\/gevrey-chambertin-damoy-pierre-2017-75cl\/\" \/>\n<meta property=\"og:locale\" content=\"en_US\" \/>\n<meta property=\"og:type\" content=\"article\" \/>\n<meta property=\"og:title\" content=\"GEVREY-CHAMBERTIN - Mes Vendanges\" \/>\n<meta property=\"og:description\" content=\"On est ici dans l&#8217;arch\u00e9type u Gevrey-Chambertin, le seigneur de la C\u00f4te de Nuits. On y trouve toute la densit\u00e9 de cette appellation avec un caract\u00e8re terrien, solide, vineux, qui donnera, avec quelques ann\u00e9es de cave, une mati\u00e8re toute \u00e0 la fois ample et soyeuse. Une r\u00e9ussite et un tr\u00e8s haut niveau de jeu pour [&hellip;]\" \/>\n<meta property=\"og:url\" content=\"https:\/\/www.mesvendanges.com\/en\/shop\/wines\/gevrey-chambertin-damoy-pierre-2017-75cl\/\" \/>\n<meta property=\"og:site_name\" content=\"Mes Vendanges\" \/>\n<meta property=\"article:modified_time\" content=\"2025-12-15T09:22:15+00:00\" \/>\n<meta property=\"og:image\" content=\"https:\/\/www.mesvendanges.com\/wp-content\/uploads\/2022\/07\/pierre-damoy-gevrey-chambertin-rouge-2017-png.png\" \/>\n\t<meta property=\"og:image:width\" content=\"451\" \/>\n\t<meta property=\"og:image:height\" content=\"1500\" \/>\n\t<meta property=\"og:image:type\" content=\"image\/png\" \/>\n<meta name=\"twitter:card\" content=\"summary_large_image\" \/>\n<script type=\"application\/ld+json\" class=\"yoast-schema-graph\">{\"@context\":\"https:\/\/schema.org\",\"@graph\":[{\"@type\":\"Organization\",\"@id\":\"https:\/\/www.mesvendanges.com\/en\/#organization\",\"name\":\"Mes Vendanges\",\"url\":\"https:\/\/www.mesvendanges.com\/en\/\",\"sameAs\":[],\"logo\":{\"@type\":\"ImageObject\",\"inLanguage\":\"fr-FR\",\"@id\":\"https:\/\/www.mesvendanges.com\/en\/#\/schema\/logo\/image\/\",\"url\":\"https:\/\/www.mesvendanges.com\/wp-content\/uploads\/2022\/02\/logo-mesvendanges.jpg\",\"contentUrl\":\"https:\/\/www.mesvendanges.com\/wp-content\/uploads\/2022\/02\/logo-mesvendanges.jpg\",\"width\":851,\"height\":260,\"caption\":\"Mes Vendanges\"},\"image\":{\"@id\":\"https:\/\/www.mesvendanges.com\/en\/#\/schema\/logo\/image\/\"}},{\"@type\":\"WebSite\",\"@id\":\"https:\/\/www.mesvendanges.com\/en\/#website\",\"url\":\"https:\/\/www.mesvendanges.com\/en\/\",\"name\":\"Mes Vendanges\",\"description\":\"Des journ\u00e9es enti\u00e8res dans les vignes\",\"publisher\":{\"@id\":\"https:\/\/www.mesvendanges.com\/en\/#organization\"},\"potentialAction\":[{\"@type\":\"SearchAction\",\"target\":{\"@type\":\"EntryPoint\",\"urlTemplate\":\"https:\/\/www.mesvendanges.com\/en\/?s={search_term_string}\"},\"query-input\":\"required name=search_term_string\"}],\"inLanguage\":\"fr-FR\"},{\"@type\":\"ImageObject\",\"inLanguage\":\"fr-FR\",\"@id\":\"https:\/\/www.mesvendanges.com\/en\/shop\/wines\/gevrey-chambertin-damoy-pierre-2017-75cl\/#primaryimage\",\"url\":\"https:\/\/www.mesvendanges.com\/wp-content\/uploads\/2022\/07\/pierre-damoy-gevrey-chambertin-rouge-2017-png.png\",\"contentUrl\":\"https:\/\/www.mesvendanges.com\/wp-content\/uploads\/2022\/07\/pierre-damoy-gevrey-chambertin-rouge-2017-png.png\",\"width\":451,\"height\":1500},{\"@type\":\"WebPage\",\"@id\":\"https:\/\/www.mesvendanges.com\/en\/shop\/wines\/gevrey-chambertin-damoy-pierre-2017-75cl\/\",\"url\":\"https:\/\/www.mesvendanges.com\/en\/shop\/wines\/gevrey-chambertin-damoy-pierre-2017-75cl\/\",\"name\":\"GEVREY-CHAMBERTIN - Mes Vendanges\",\"isPartOf\":{\"@id\":\"https:\/\/www.mesvendanges.com\/en\/#website\"},\"primaryImageOfPage\":{\"@id\":\"https:\/\/www.mesvendanges.com\/en\/shop\/wines\/gevrey-chambertin-damoy-pierre-2017-75cl\/#primaryimage\"},\"datePublished\":\"2022-08-02T14:39:08+00:00\",\"dateModified\":\"2025-12-15T09:22:15+00:00\",\"breadcrumb\":{\"@id\":\"https:\/\/www.mesvendanges.com\/en\/shop\/wines\/gevrey-chambertin-damoy-pierre-2017-75cl\/#breadcrumb\"},\"inLanguage\":\"fr-FR\",\"potentialAction\":[{\"@type\":\"ReadAction\",\"target\":[\"https:\/\/www.mesvendanges.com\/en\/shop\/wines\/gevrey-chambertin-damoy-pierre-2017-75cl\/\"]}]},{\"@type\":\"BreadcrumbList\",\"@id\":\"https:\/\/www.mesvendanges.com\/en\/shop\/wines\/gevrey-chambertin-damoy-pierre-2017-75cl\/#breadcrumb\",\"itemListElement\":[{\"@type\":\"ListItem\",\"position\":1,\"name\":\"Home\",\"item\":\"https:\/\/www.mesvendanges.com\/en\/\"},{\"@type\":\"ListItem\",\"position\":2,\"name\":\"Shop\",\"item\":\"https:\/\/www.mesvendanges.com\/en\/shop\/\"},{\"@type\":\"ListItem\",\"position\":3,\"name\":\"GEVREY-CHAMBERTIN\"}]}]}<\/script>\n<!-- \/ Yoast SEO plugin. -->","yoast_head_json":{"title":"GEVREY-CHAMBERTIN - Mes Vendanges","robots":{"index":"index","follow":"follow","max-snippet":"max-snippet:-1","max-image-preview":"max-image-preview:large","max-video-preview":"max-video-preview:-1"},"canonical":"https:\/\/www.mesvendanges.com\/en\/shop\/wines\/gevrey-chambertin-damoy-pierre-2017-75cl\/","og_locale":"en_US","og_type":"article","og_title":"GEVREY-CHAMBERTIN - Mes Vendanges","og_description":"On est ici dans l&#8217;arch\u00e9type u Gevrey-Chambertin, le seigneur de la C\u00f4te de Nuits. On y trouve toute la densit\u00e9 de cette appellation avec un caract\u00e8re terrien, solide, vineux, qui donnera, avec quelques ann\u00e9es de cave, une mati\u00e8re toute \u00e0 la fois ample et soyeuse. Une r\u00e9ussite et un tr\u00e8s haut niveau de jeu pour [&hellip;]","og_url":"https:\/\/www.mesvendanges.com\/en\/shop\/wines\/gevrey-chambertin-damoy-pierre-2017-75cl\/","og_site_name":"Mes Vendanges","article_modified_time":"2025-12-15T09:22:15+00:00","og_image":[{"width":451,"height":1500,"url":"https:\/\/www.mesvendanges.com\/wp-content\/uploads\/2022\/07\/pierre-damoy-gevrey-chambertin-rouge-2017-png.png","type":"image\/png"}],"twitter_card":"summary_large_image","schema":{"@context":"https:\/\/schema.org","@graph":[{"@type":"Organization","@id":"https:\/\/www.mesvendanges.com\/en\/#organization","name":"Mes Vendanges","url":"https:\/\/www.mesvendanges.com\/en\/","sameAs":[],"logo":{"@type":"ImageObject","inLanguage":"fr-FR","@id":"https:\/\/www.mesvendanges.com\/en\/#\/schema\/logo\/image\/","url":"https:\/\/www.mesvendanges.com\/wp-content\/uploads\/2022\/02\/logo-mesvendanges.jpg","contentUrl":"https:\/\/www.mesvendanges.com\/wp-content\/uploads\/2022\/02\/logo-mesvendanges.jpg","width":851,"height":260,"caption":"Mes Vendanges"},"image":{"@id":"https:\/\/www.mesvendanges.com\/en\/#\/schema\/logo\/image\/"}},{"@type":"WebSite","@id":"https:\/\/www.mesvendanges.com\/en\/#website","url":"https:\/\/www.mesvendanges.com\/en\/","name":"Mes Vendanges","description":"Des journ\u00e9es enti\u00e8res dans les vignes","publisher":{"@id":"https:\/\/www.mesvendanges.com\/en\/#organization"},"potentialAction":[{"@type":"SearchAction","target":{"@type":"EntryPoint","urlTemplate":"https:\/\/www.mesvendanges.com\/en\/?s={search_term_string}"},"query-input":"required name=search_term_string"}],"inLanguage":"fr-FR"},{"@type":"ImageObject","inLanguage":"fr-FR","@id":"https:\/\/www.mesvendanges.com\/en\/shop\/wines\/gevrey-chambertin-damoy-pierre-2017-75cl\/#primaryimage","url":"https:\/\/www.mesvendanges.com\/wp-content\/uploads\/2022\/07\/pierre-damoy-gevrey-chambertin-rouge-2017-png.png","contentUrl":"https:\/\/www.mesvendanges.com\/wp-content\/uploads\/2022\/07\/pierre-damoy-gevrey-chambertin-rouge-2017-png.png","width":451,"height":1500},{"@type":"WebPage","@id":"https:\/\/www.mesvendanges.com\/en\/shop\/wines\/gevrey-chambertin-damoy-pierre-2017-75cl\/","url":"https:\/\/www.mesvendanges.com\/en\/shop\/wines\/gevrey-chambertin-damoy-pierre-2017-75cl\/","name":"GEVREY-CHAMBERTIN - Mes Vendanges","isPartOf":{"@id":"https:\/\/www.mesvendanges.com\/en\/#website"},"primaryImageOfPage":{"@id":"https:\/\/www.mesvendanges.com\/en\/shop\/wines\/gevrey-chambertin-damoy-pierre-2017-75cl\/#primaryimage"},"datePublished":"2022-08-02T14:39:08+00:00","dateModified":"2025-12-15T09:22:15+00:00","breadcrumb":{"@id":"https:\/\/www.mesvendanges.com\/en\/shop\/wines\/gevrey-chambertin-damoy-pierre-2017-75cl\/#breadcrumb"},"inLanguage":"fr-FR","potentialAction":[{"@type":"ReadAction","target":["https:\/\/www.mesvendanges.com\/en\/shop\/wines\/gevrey-chambertin-damoy-pierre-2017-75cl\/"]}]},{"@type":"BreadcrumbList","@id":"https:\/\/www.mesvendanges.com\/en\/shop\/wines\/gevrey-chambertin-damoy-pierre-2017-75cl\/#breadcrumb","itemListElement":[{"@type":"ListItem","position":1,"name":"Home","item":"https:\/\/www.mesvendanges.com\/en\/"},{"@type":"ListItem","position":2,"name":"Shop","item":"https:\/\/www.mesvendanges.com\/en\/shop\/"},{"@type":"ListItem","position":3,"name":"GEVREY-CHAMBERTIN"}]}]}},"_links":{"self":[{"href":"https:\/\/www.mesvendanges.com\/en\/wp-json\/wp\/v2\/product\/45030"}],"collection":[{"href":"https:\/\/www.mesvendanges.com\/en\/wp-json\/wp\/v2\/product"}],"about":[{"href":"https:\/\/www.mesvendanges.com\/en\/wp-json\/wp\/v2\/types\/product"}],"wp:featuredmedia":[{"embeddable":true,"href":"https:\/\/www.mesvendanges.com\/en\/wp-json\/wp\/v2\/media\/25282"}],"wp:attachment":[{"href":"https:\/\/www.mesvendanges.com\/en\/wp-json\/wp\/v2\/media?parent=45030"}],"wp:term":[{"taxonomy":"product_cat","embeddable":true,"href":"https:\/\/www.mesvendanges.com\/en\/wp-json\/wp\/v2\/product_cat?post=45030"},{"taxonomy":"product_tag","embeddable":true,"href":"https:\/\/www.mesvendanges.com\/en\/wp-json\/wp\/v2\/product_tag?post=45030"}],"curies":[{"name":"wp","href":"https:\/\/api.w.org\/{rel}","templated":true}]}}