{"id":45036,"date":"2022-08-02T16:39:22","date_gmt":"2022-08-02T14:39:22","guid":{"rendered":"https:\/\/www.mesvendanges.com\/shop\/uncategorized\/chambertin\/"},"modified":"2025-12-09T12:50:34","modified_gmt":"2025-12-09T11:50:34","slug":"chambertin-damoy-pierre-2017-75cl","status":"publish","type":"product","link":"https:\/\/www.mesvendanges.com\/en\/shop\/wines\/chambertin-damoy-pierre-2017-75cl\/","title":{"rendered":"CHAMBERTIN"},"content":{"rendered":"<p>Le Chambertin, c&#8217;est sans doute le cru le plus iconique du nord de la C\u00f4te de Nuits, celui qui \u00e9voque le plus la figure du seigneur, et rapelle \u00e0 notre m\u00e9moire les riches heures de la bourgogne m\u00e9di\u00e9vale.<\/p>\n<p>D&#8217;une densit\u00e9 unique, c&#8217;est un bloc, un condens\u00e9 de tout, qui demande patience pour s&#8217;ouvrir. Tr\u00e8s cord\u00e9 et riche, il porte en lui toute un palette sauvage et \u00e9pic\u00e9e, l&#8217;energie de la terre et de l&#8217;air.Sa bouche est port\u00e9 par une pulsation, une intensit\u00e9 tellurique qui signe la v\u00e9ritable dimension d&#8217;un grand cru. Culte !<\/p>\n","protected":false},"excerpt":{"rendered":"<p>Le Chambertin, c&#8217;est sans doute le cru le plus iconique du nord de la C\u00f4te de Nuits, celui qui \u00e9voque le plus la figure du seigneur, et rapelle \u00e0 notre m\u00e9moire les riches heures de la bourgogne m\u00e9di\u00e9vale. D&#8217;une densit\u00e9 unique, c&#8217;est un bloc, un condens\u00e9 de tout, qui demande patience pour s&#8217;ouvrir. Tr\u00e8s cord\u00e9 [&hellip;]<\/p>\n","protected":false},"featured_media":25294,"template":"","meta":[],"product_cat":[3740],"product_tag":[],"acf":[],"yoast_head":"<!-- This site is optimized with the Yoast SEO plugin v19.3 - https:\/\/yoast.com\/wordpress\/plugins\/seo\/ -->\n<title>CHAMBERTIN - Mes Vendanges<\/title>\n<meta name=\"robots\" content=\"index, follow, max-snippet:-1, max-image-preview:large, max-video-preview:-1\" \/>\n<link rel=\"canonical\" href=\"https:\/\/www.mesvendanges.com\/en\/shop\/wines\/chambertin-damoy-pierre-2017-75cl\/\" \/>\n<meta property=\"og:locale\" content=\"en_US\" \/>\n<meta property=\"og:type\" content=\"article\" \/>\n<meta property=\"og:title\" content=\"CHAMBERTIN - Mes Vendanges\" \/>\n<meta property=\"og:description\" content=\"Le Chambertin, c&#8217;est sans doute le cru le plus iconique du nord de la C\u00f4te de Nuits, celui qui \u00e9voque le plus la figure du seigneur, et rapelle \u00e0 notre m\u00e9moire les riches heures de la bourgogne m\u00e9di\u00e9vale. D&#8217;une densit\u00e9 unique, c&#8217;est un bloc, un condens\u00e9 de tout, qui demande patience pour s&#8217;ouvrir. Tr\u00e8s cord\u00e9 [&hellip;]\" \/>\n<meta property=\"og:url\" content=\"https:\/\/www.mesvendanges.com\/en\/shop\/wines\/chambertin-damoy-pierre-2017-75cl\/\" \/>\n<meta property=\"og:site_name\" content=\"Mes Vendanges\" \/>\n<meta property=\"article:modified_time\" content=\"2025-12-09T11:50:34+00:00\" \/>\n<meta property=\"og:image\" content=\"https:\/\/www.mesvendanges.com\/wp-content\/uploads\/2022\/07\/pierre-damoy-chambertin-grand-cru-2017-png.png\" \/>\n\t<meta property=\"og:image:width\" content=\"479\" \/>\n\t<meta property=\"og:image:height\" content=\"1500\" \/>\n\t<meta property=\"og:image:type\" content=\"image\/png\" \/>\n<meta name=\"twitter:card\" content=\"summary_large_image\" \/>\n<script type=\"application\/ld+json\" class=\"yoast-schema-graph\">{\"@context\":\"https:\/\/schema.org\",\"@graph\":[{\"@type\":\"Organization\",\"@id\":\"https:\/\/www.mesvendanges.com\/en\/#organization\",\"name\":\"Mes Vendanges\",\"url\":\"https:\/\/www.mesvendanges.com\/en\/\",\"sameAs\":[],\"logo\":{\"@type\":\"ImageObject\",\"inLanguage\":\"fr-FR\",\"@id\":\"https:\/\/www.mesvendanges.com\/en\/#\/schema\/logo\/image\/\",\"url\":\"https:\/\/www.mesvendanges.com\/wp-content\/uploads\/2022\/02\/logo-mesvendanges.jpg\",\"contentUrl\":\"https:\/\/www.mesvendanges.com\/wp-content\/uploads\/2022\/02\/logo-mesvendanges.jpg\",\"width\":851,\"height\":260,\"caption\":\"Mes Vendanges\"},\"image\":{\"@id\":\"https:\/\/www.mesvendanges.com\/en\/#\/schema\/logo\/image\/\"}},{\"@type\":\"WebSite\",\"@id\":\"https:\/\/www.mesvendanges.com\/en\/#website\",\"url\":\"https:\/\/www.mesvendanges.com\/en\/\",\"name\":\"Mes Vendanges\",\"description\":\"Des journ\u00e9es enti\u00e8res dans les vignes\",\"publisher\":{\"@id\":\"https:\/\/www.mesvendanges.com\/en\/#organization\"},\"potentialAction\":[{\"@type\":\"SearchAction\",\"target\":{\"@type\":\"EntryPoint\",\"urlTemplate\":\"https:\/\/www.mesvendanges.com\/en\/?s={search_term_string}\"},\"query-input\":\"required name=search_term_string\"}],\"inLanguage\":\"fr-FR\"},{\"@type\":\"ImageObject\",\"inLanguage\":\"fr-FR\",\"@id\":\"https:\/\/www.mesvendanges.com\/en\/shop\/wines\/chambertin-damoy-pierre-2017-75cl\/#primaryimage\",\"url\":\"https:\/\/www.mesvendanges.com\/wp-content\/uploads\/2022\/07\/pierre-damoy-chambertin-grand-cru-2017-png.png\",\"contentUrl\":\"https:\/\/www.mesvendanges.com\/wp-content\/uploads\/2022\/07\/pierre-damoy-chambertin-grand-cru-2017-png.png\",\"width\":479,\"height\":1500},{\"@type\":\"WebPage\",\"@id\":\"https:\/\/www.mesvendanges.com\/en\/shop\/wines\/chambertin-damoy-pierre-2017-75cl\/\",\"url\":\"https:\/\/www.mesvendanges.com\/en\/shop\/wines\/chambertin-damoy-pierre-2017-75cl\/\",\"name\":\"CHAMBERTIN - Mes Vendanges\",\"isPartOf\":{\"@id\":\"https:\/\/www.mesvendanges.com\/en\/#website\"},\"primaryImageOfPage\":{\"@id\":\"https:\/\/www.mesvendanges.com\/en\/shop\/wines\/chambertin-damoy-pierre-2017-75cl\/#primaryimage\"},\"datePublished\":\"2022-08-02T14:39:22+00:00\",\"dateModified\":\"2025-12-09T11:50:34+00:00\",\"breadcrumb\":{\"@id\":\"https:\/\/www.mesvendanges.com\/en\/shop\/wines\/chambertin-damoy-pierre-2017-75cl\/#breadcrumb\"},\"inLanguage\":\"fr-FR\",\"potentialAction\":[{\"@type\":\"ReadAction\",\"target\":[\"https:\/\/www.mesvendanges.com\/en\/shop\/wines\/chambertin-damoy-pierre-2017-75cl\/\"]}]},{\"@type\":\"BreadcrumbList\",\"@id\":\"https:\/\/www.mesvendanges.com\/en\/shop\/wines\/chambertin-damoy-pierre-2017-75cl\/#breadcrumb\",\"itemListElement\":[{\"@type\":\"ListItem\",\"position\":1,\"name\":\"Home\",\"item\":\"https:\/\/www.mesvendanges.com\/en\/\"},{\"@type\":\"ListItem\",\"position\":2,\"name\":\"Shop\",\"item\":\"https:\/\/www.mesvendanges.com\/en\/shop\/\"},{\"@type\":\"ListItem\",\"position\":3,\"name\":\"CHAMBERTIN\"}]}]}<\/script>\n<!-- \/ Yoast SEO plugin. -->","yoast_head_json":{"title":"CHAMBERTIN - Mes Vendanges","robots":{"index":"index","follow":"follow","max-snippet":"max-snippet:-1","max-image-preview":"max-image-preview:large","max-video-preview":"max-video-preview:-1"},"canonical":"https:\/\/www.mesvendanges.com\/en\/shop\/wines\/chambertin-damoy-pierre-2017-75cl\/","og_locale":"en_US","og_type":"article","og_title":"CHAMBERTIN - Mes Vendanges","og_description":"Le Chambertin, c&#8217;est sans doute le cru le plus iconique du nord de la C\u00f4te de Nuits, celui qui \u00e9voque le plus la figure du seigneur, et rapelle \u00e0 notre m\u00e9moire les riches heures de la bourgogne m\u00e9di\u00e9vale. D&#8217;une densit\u00e9 unique, c&#8217;est un bloc, un condens\u00e9 de tout, qui demande patience pour s&#8217;ouvrir. Tr\u00e8s cord\u00e9 [&hellip;]","og_url":"https:\/\/www.mesvendanges.com\/en\/shop\/wines\/chambertin-damoy-pierre-2017-75cl\/","og_site_name":"Mes Vendanges","article_modified_time":"2025-12-09T11:50:34+00:00","og_image":[{"width":479,"height":1500,"url":"https:\/\/www.mesvendanges.com\/wp-content\/uploads\/2022\/07\/pierre-damoy-chambertin-grand-cru-2017-png.png","type":"image\/png"}],"twitter_card":"summary_large_image","schema":{"@context":"https:\/\/schema.org","@graph":[{"@type":"Organization","@id":"https:\/\/www.mesvendanges.com\/en\/#organization","name":"Mes Vendanges","url":"https:\/\/www.mesvendanges.com\/en\/","sameAs":[],"logo":{"@type":"ImageObject","inLanguage":"fr-FR","@id":"https:\/\/www.mesvendanges.com\/en\/#\/schema\/logo\/image\/","url":"https:\/\/www.mesvendanges.com\/wp-content\/uploads\/2022\/02\/logo-mesvendanges.jpg","contentUrl":"https:\/\/www.mesvendanges.com\/wp-content\/uploads\/2022\/02\/logo-mesvendanges.jpg","width":851,"height":260,"caption":"Mes Vendanges"},"image":{"@id":"https:\/\/www.mesvendanges.com\/en\/#\/schema\/logo\/image\/"}},{"@type":"WebSite","@id":"https:\/\/www.mesvendanges.com\/en\/#website","url":"https:\/\/www.mesvendanges.com\/en\/","name":"Mes Vendanges","description":"Des journ\u00e9es enti\u00e8res dans les vignes","publisher":{"@id":"https:\/\/www.mesvendanges.com\/en\/#organization"},"potentialAction":[{"@type":"SearchAction","target":{"@type":"EntryPoint","urlTemplate":"https:\/\/www.mesvendanges.com\/en\/?s={search_term_string}"},"query-input":"required name=search_term_string"}],"inLanguage":"fr-FR"},{"@type":"ImageObject","inLanguage":"fr-FR","@id":"https:\/\/www.mesvendanges.com\/en\/shop\/wines\/chambertin-damoy-pierre-2017-75cl\/#primaryimage","url":"https:\/\/www.mesvendanges.com\/wp-content\/uploads\/2022\/07\/pierre-damoy-chambertin-grand-cru-2017-png.png","contentUrl":"https:\/\/www.mesvendanges.com\/wp-content\/uploads\/2022\/07\/pierre-damoy-chambertin-grand-cru-2017-png.png","width":479,"height":1500},{"@type":"WebPage","@id":"https:\/\/www.mesvendanges.com\/en\/shop\/wines\/chambertin-damoy-pierre-2017-75cl\/","url":"https:\/\/www.mesvendanges.com\/en\/shop\/wines\/chambertin-damoy-pierre-2017-75cl\/","name":"CHAMBERTIN - Mes Vendanges","isPartOf":{"@id":"https:\/\/www.mesvendanges.com\/en\/#website"},"primaryImageOfPage":{"@id":"https:\/\/www.mesvendanges.com\/en\/shop\/wines\/chambertin-damoy-pierre-2017-75cl\/#primaryimage"},"datePublished":"2022-08-02T14:39:22+00:00","dateModified":"2025-12-09T11:50:34+00:00","breadcrumb":{"@id":"https:\/\/www.mesvendanges.com\/en\/shop\/wines\/chambertin-damoy-pierre-2017-75cl\/#breadcrumb"},"inLanguage":"fr-FR","potentialAction":[{"@type":"ReadAction","target":["https:\/\/www.mesvendanges.com\/en\/shop\/wines\/chambertin-damoy-pierre-2017-75cl\/"]}]},{"@type":"BreadcrumbList","@id":"https:\/\/www.mesvendanges.com\/en\/shop\/wines\/chambertin-damoy-pierre-2017-75cl\/#breadcrumb","itemListElement":[{"@type":"ListItem","position":1,"name":"Home","item":"https:\/\/www.mesvendanges.com\/en\/"},{"@type":"ListItem","position":2,"name":"Shop","item":"https:\/\/www.mesvendanges.com\/en\/shop\/"},{"@type":"ListItem","position":3,"name":"CHAMBERTIN"}]}]}},"_links":{"self":[{"href":"https:\/\/www.mesvendanges.com\/en\/wp-json\/wp\/v2\/product\/45036"}],"collection":[{"href":"https:\/\/www.mesvendanges.com\/en\/wp-json\/wp\/v2\/product"}],"about":[{"href":"https:\/\/www.mesvendanges.com\/en\/wp-json\/wp\/v2\/types\/product"}],"wp:featuredmedia":[{"embeddable":true,"href":"https:\/\/www.mesvendanges.com\/en\/wp-json\/wp\/v2\/media\/25294"}],"wp:attachment":[{"href":"https:\/\/www.mesvendanges.com\/en\/wp-json\/wp\/v2\/media?parent=45036"}],"wp:term":[{"taxonomy":"product_cat","embeddable":true,"href":"https:\/\/www.mesvendanges.com\/en\/wp-json\/wp\/v2\/product_cat?post=45036"},{"taxonomy":"product_tag","embeddable":true,"href":"https:\/\/www.mesvendanges.com\/en\/wp-json\/wp\/v2\/product_tag?post=45036"}],"curies":[{"name":"wp","href":"https:\/\/api.w.org\/{rel}","templated":true}]}}